{"id":1270,"date":"2023-03-06T13:36:23","date_gmt":"2023-03-06T12:36:23","guid":{"rendered":"https:\/\/agora.xtec.cat\/insvilablareix\/?page_id=1270"},"modified":"2023-06-29T10:01:08","modified_gmt":"2023-06-29T08:01:08","slug":"ampa","status":"publish","type":"page","link":"https:\/\/agora.xtec.cat\/insvilablareix\/ampa\/","title":{"rendered":"AFA"},"content":{"rendered":"<h2 id=\"h.re9asflrtztm_l\" class=\"CDt4Ke zfr3Q JYVBee\" dir=\"ltr\"><strong>QU\u00c8 \u00c9S L\u2019ASSOCIACI\u00d3 DE FAMILIES D&#8217;ALUMNES (AFA)?<\/strong><\/h2>\n<p class=\"CDt4Ke zfr3Q\" dir=\"ltr\">\u00c9s l\u2019associaci\u00f3 de les fam\u00edlies dels alumnes d\u2019un mateix centre educatiu (de prim\u00e0ria o de secund\u00e0ria) i les seves funcions s\u00f3n entre altres:<\/p>\n<ul class=\"n8H08c UVNKR\">\n<li class=\"TYR86d wXCUfe zfr3Q\" dir=\"ltr\">\n<p class=\"CDt4Ke zfr3Q\" dir=\"ltr\">Afavorir la relaci\u00f3 i coordinaci\u00f3 entre les fam\u00edlies i el personal docent.<\/p>\n<\/li>\n<li class=\"TYR86d wXCUfe zfr3Q\" dir=\"ltr\">\n<p class=\"CDt4Ke zfr3Q\" dir=\"ltr\">Ser la veu dels pares i mares davant de les administracions p\u00fabliques.<\/p>\n<\/li>\n<li class=\"TYR86d wXCUfe zfr3Q\" dir=\"ltr\">\n<p class=\"CDt4Ke zfr3Q\" dir=\"ltr\">Treballar per millorar la participaci\u00f3 i el comprom\u00eds dels pares, fills i de la societat en general i de l\u2019educativa en particular.<\/p>\n<\/li>\n<li class=\"TYR86d wXCUfe zfr3Q\" dir=\"ltr\">\n<p class=\"CDt4Ke zfr3Q\" dir=\"ltr\">Informar i orientar al pares sobre el funcionament del centre i de temes relacionats amb el menjador escolar, l\u2019adquisici\u00f3 de llibres de text, les activitats extraescolars\u2026<\/p>\n<\/li>\n<li class=\"TYR86d wXCUfe zfr3Q\" dir=\"ltr\">\n<p class=\"CDt4Ke zfr3Q\" dir=\"ltr\">Socialitzaci\u00f3 de llibres i material escolar.<\/p>\n<\/li>\n<li class=\"TYR86d wXCUfe zfr3Q\" dir=\"ltr\">\n<p class=\"CDt4Ke zfr3Q\" dir=\"ltr\">Organitzar activitats formatives (xerrades, escola de pares i mares, cursos) i activitats socio-culturals (festes, concerts, fons per la biblioteca,..) que afavoreixin l\u2019educaci\u00f3 dels nostres infants i facilitin el coneixement i la relaci\u00f3 entre les fam\u00edlies.<\/p>\n<\/li>\n<\/ul>\n<p class=\"CDt4Ke zfr3Q\" dir=\"ltr\">D\u2019aqu\u00ed la import\u00e0ncia de la nostra participaci\u00f3 com a pares i mares en l&#8217;AFA per l\u2019educaci\u00f3 del nostres infants. No \u00e9s obligatori formar part de l&#8217;AFA, per\u00f2 s\u00ed molt recomanable.<\/p>\n<p class=\"CDt4Ke zfr3Q\" dir=\"ltr\">L\u2019AFA en cap cas \u00e9s una organitzaci\u00f3 de benefic\u00e8ncia. Les fam\u00edlies que en formem part paguem una quota anual o mensual i esdevenim socis. Els socis tenim dret a decidir i formar part dels \u00f2rgans de l\u2019Associaci\u00f3 i els diners que es recapten es destinen en benefici de tots els infants del centre: activitats extraescolars, adquisici\u00f3 de material, excursions, etc.<\/p>\n<p class=\"CDt4Ke zfr3Q\" dir=\"ltr\">Per contactar amb l\u2019AFA, podeu escriure a aquest correu electr\u00f2nic: <strong>ampa@insvilablareix.cat<\/strong><\/p>\n<p dir=\"ltr\">Estatuts:\u00a0<a href=\"https:\/\/drive.google.com\/file\/d\/1OJ7WQ06znsVCu7mlt7W_8pgmpfj0fTDY\/view\">Cliqueu per veure<\/a><\/p>\n","protected":false},"excerpt":{"rendered":"<p>QU\u00c8 \u00c9S L\u2019ASSOCIACI\u00d3 DE FAMILIES D&#8217;ALUMNES (AFA)?<br \/>\n\u00c9s l\u2019associaci\u00f3 de les fam\u00edlies dels alumnes d\u2019un mateix centre educatiu (de prim\u00e0ria o de secund\u00e0ria) i les seves funcions s\u00f3n entre altres:<\/p>\n<ul class=\"n8H08c UVNKR\">\n<li class=\"TYR86d wXCUfe zfr3Q\" dir=\"ltr\">\nAfavorir la relaci\u00f3 i coordinaci\u00f3 entre les fam\u00edlies i el personal&hellip;  <a href=\"https:\/\/agora.xtec.cat\/insvilablareix\/ampa\/\" title=\"Read AFA\">Llegeix m\u00e9s\u00bb<\/a><\/p>\n","protected":false},"author":1,"featured_media":0,"parent":0,"menu_order":0,"comment_status":"closed","ping_status":"closed","template":"page-templates\/side-menu.php","meta":{"_bbp_topic_count":0,"_bbp_reply_count":0,"_bbp_total_topic_count":0,"_bbp_total_reply_count":0,"_bbp_voice_count":0,"_bbp_anonymous_reply_count":0,"_bbp_topic_count_hidden":0,"_bbp_reply_count_hidden":0,"_bbp_forum_subforum_count":0,"footnotes":""},"class_list":["post-1270","page","type-page","status-publish","hentry"],"post_mailing_queue_ids":[],"_links":{"self":[{"href":"https:\/\/agora.xtec.cat\/insvilablareix\/wp-json\/wp\/v2\/pages\/1270","targetHints":{"allow":["GET"]}}],"collection":[{"href":"https:\/\/agora.xtec.cat\/insvilablareix\/wp-json\/wp\/v2\/pages"}],"about":[{"href":"https:\/\/agora.xtec.cat\/insvilablareix\/wp-json\/wp\/v2\/types\/page"}],"author":[{"embeddable":true,"href":"https:\/\/agora.xtec.cat\/insvilablareix\/wp-json\/wp\/v2\/users\/1"}],"replies":[{"embeddable":true,"href":"https:\/\/agora.xtec.cat\/insvilablareix\/wp-json\/wp\/v2\/comments?post=1270"}],"version-history":[{"count":2,"href":"https:\/\/agora.xtec.cat\/insvilablareix\/wp-json\/wp\/v2\/pages\/1270\/revisions"}],"predecessor-version":[{"id":1484,"href":"https:\/\/agora.xtec.cat\/insvilablareix\/wp-json\/wp\/v2\/pages\/1270\/revisions\/1484"}],"wp:attachment":[{"href":"https:\/\/agora.xtec.cat\/insvilablareix\/wp-json\/wp\/v2\/media?parent=1270"}],"curies":[{"name":"wp","href":"https:\/\/api.w.org\/{rel}","templated":true}]}}