{"id":1184,"date":"2023-03-06T11:03:13","date_gmt":"2023-03-06T10:03:13","guid":{"rendered":"https:\/\/agora.xtec.cat\/insvilablareix\/?page_id=1184"},"modified":"2023-03-06T14:14:51","modified_gmt":"2023-03-06T13:14:51","slug":"presentacio","status":"publish","type":"page","link":"https:\/\/agora.xtec.cat\/insvilablareix\/linstitut-2\/presentacio\/","title":{"rendered":"Presentaci\u00f3"},"content":{"rendered":"<p>Benvinguts\/es a l\u2019Institut de Vilablareix, una instituci\u00f3 p\u00fablica d\u2019educaci\u00f3 secund\u00e0ria i batxillerat que va iniciar la seva activitat el curs 2008-2009.<\/p>\n<p>L\u2019objectiu del centre \u00e9s ensenyar, educar i formar a persones a trav\u00e9s de les metodologies dirigides pel nostre professorat per ajudar-los a incorporar-se en aquesta societat canviant.<\/p>\n<p>Podr\u00edem definir aquest institut com a \u00fanic, a l&#8217;estar situat en un poble tenim el privilegi de formar als nostres alumnes a trav\u00e9s d\u2019un esperit cr\u00edtic, human\u00edstic, tolerant i solidari. Com tamb\u00e9 exclusiu, ja que l\u2019oferta educativa \u00e9s nom\u00e9s pels alumnes de proced\u00e8ncia dels pobles propers: Aiguaviva, Fornells de la Selva, Quart i Vilablareix.<\/p>\n<p>L\u2019organitzaci\u00f3 del centre fomenta la participaci\u00f3, el treball en equip, la solidaritat i el desenvolupament tant a nivell personal com acad\u00e8mic. Treballem per crear un ambient estimulador entre els companys, el professorat i el treball, millorant les necessitats individuals de cada alumne i oferint una millora en la comunicaci\u00f3 i els seus resultats acad\u00e8mics.<\/p>\n<p><strong>HORARI SECRETARIA:\u00a0<\/strong>Dilluns a divendres de 9h a 14h.<\/p>\n<p><a href=\"https:\/\/agora.xtec.cat\/insvilablareix\/wp-content\/uploads\/usu2496\/2023\/03\/780_0008_6050269_d4ea0f4cfd9677cd9d17628332d28dd1-1.jpg\"><img loading=\"lazy\" decoding=\"async\" class=\"size-full wp-image-1197\" src=\"https:\/\/agora.xtec.cat\/insvilablareix\/wp-content\/uploads\/usu2496\/2023\/03\/780_0008_6050269_d4ea0f4cfd9677cd9d17628332d28dd1-1.jpg\" alt=\"\" width=\"800\" height=\"580\" srcset=\"https:\/\/agora.xtec.cat\/insvilablareix\/wp-content\/uploads\/usu2496\/2023\/03\/780_0008_6050269_d4ea0f4cfd9677cd9d17628332d28dd1-1.jpg 800w, https:\/\/agora.xtec.cat\/insvilablareix\/wp-content\/uploads\/usu2496\/2023\/03\/780_0008_6050269_d4ea0f4cfd9677cd9d17628332d28dd1-1-300x218.jpg 300w, https:\/\/agora.xtec.cat\/insvilablareix\/wp-content\/uploads\/usu2496\/2023\/03\/780_0008_6050269_d4ea0f4cfd9677cd9d17628332d28dd1-1-768x557.jpg 768w\" sizes=\"auto, (max-width: 800px) 100vw, 800px\" \/><\/a><\/p>\n","protected":false},"excerpt":{"rendered":"<p>Benvinguts\/es a l\u2019Institut de Vilablareix, una instituci\u00f3 p\u00fablica d\u2019educaci\u00f3 secund\u00e0ria i batxillerat que va iniciar la seva activitat el curs 2008-2009.<br \/>\nL\u2019objectiu del centre \u00e9s ensenyar, educar i formar a persones a trav\u00e9s de les metodologies dirigides pel nostre professorat per ajudar-los a incorporar-se en aquesta&hellip;  <a href=\"https:\/\/agora.xtec.cat\/insvilablareix\/linstitut-2\/presentacio\/\" title=\"Read Presentaci\u00f3\">Llegeix m\u00e9s\u00bb<\/a><\/p>\n","protected":false},"author":1,"featured_media":0,"parent":804,"menu_order":0,"comment_status":"closed","ping_status":"closed","template":"page-templates\/side-menu.php","meta":{"_bbp_topic_count":0,"_bbp_reply_count":0,"_bbp_total_topic_count":0,"_bbp_total_reply_count":0,"_bbp_voice_count":0,"_bbp_anonymous_reply_count":0,"_bbp_topic_count_hidden":0,"_bbp_reply_count_hidden":0,"_bbp_forum_subforum_count":0,"footnotes":""},"class_list":["post-1184","page","type-page","status-publish","hentry"],"post_mailing_queue_ids":[],"_links":{"self":[{"href":"https:\/\/agora.xtec.cat\/insvilablareix\/wp-json\/wp\/v2\/pages\/1184","targetHints":{"allow":["GET"]}}],"collection":[{"href":"https:\/\/agora.xtec.cat\/insvilablareix\/wp-json\/wp\/v2\/pages"}],"about":[{"href":"https:\/\/agora.xtec.cat\/insvilablareix\/wp-json\/wp\/v2\/types\/page"}],"author":[{"embeddable":true,"href":"https:\/\/agora.xtec.cat\/insvilablareix\/wp-json\/wp\/v2\/users\/1"}],"replies":[{"embeddable":true,"href":"https:\/\/agora.xtec.cat\/insvilablareix\/wp-json\/wp\/v2\/comments?post=1184"}],"version-history":[{"count":3,"href":"https:\/\/agora.xtec.cat\/insvilablareix\/wp-json\/wp\/v2\/pages\/1184\/revisions"}],"predecessor-version":[{"id":1283,"href":"https:\/\/agora.xtec.cat\/insvilablareix\/wp-json\/wp\/v2\/pages\/1184\/revisions\/1283"}],"up":[{"embeddable":true,"href":"https:\/\/agora.xtec.cat\/insvilablareix\/wp-json\/wp\/v2\/pages\/804"}],"wp:attachment":[{"href":"https:\/\/agora.xtec.cat\/insvilablareix\/wp-json\/wp\/v2\/media?parent=1184"}],"curies":[{"name":"wp","href":"https:\/\/api.w.org\/{rel}","templated":true}]}}