{"id":27,"date":"2014-09-17T16:24:03","date_gmt":"2014-09-17T16:24:03","guid":{"rendered":"http:\/\/agora.xtec.cat\/insvescomtatdecabrera\/?page_id=27"},"modified":"2025-11-28T09:13:49","modified_gmt":"2025-11-28T08:13:49","slug":"historia","status":"publish","type":"page","link":"https:\/\/agora.xtec.cat\/insvescomtatdecabrera\/linstitut\/historia\/","title":{"rendered":"Presentaci\u00f3"},"content":{"rendered":"<p><span style=\"font-size: large;\">L&#8217;Institut Vescomtat de Cabrera \u00e9s un centre d&#8217;ensenyament p\u00fablic que va iniciar la seva tasca el curs 1995-1996. S&#8217;hi imparteix ESO, batxillerat, el CFGM de Forneria i Pastisseria el <a href=\"http:\/\/www.xtec.cat\/centres\/b7006733\/calaix\/cfgm\/index.htm\">CFGM d&#8217;Elaboraci\u00f3 de productes alimentaris<\/a> i el PFI de Forneria i Pastisseria. Hi ha uns 600 <a class=\"special7\" href=\"http:\/\/www.xtec.cat\/centres\/b7006733\/webs\/alumnes.htm\">alumnes<\/a> formant-se al nostre centre.<\/span><\/p>\n<p align=\"justify\"><span style=\"font-size: large;\">L&#8217;objectiu del centre \u00e9s donar un bon servei educatiu als joves de la zona assignada en el mapa escolar de Catalunya, que en el nostre cas \u00e9s l&#8217;\u00e0rea compresa per les poblacions de Breda, Fogars de la Selva, Hostalric, Massanes, Riells i Viabrea i Sant Feliu de Buixalleu. Les escoles adscrites a l&#8217;institut s\u00f3n les seg\u00fcents: <a href=\"https:\/\/sites.google.com\/xtec.cat\/escolamarededeudelssocors\/p%C3%A0gina-principal\">Escola Mare de D\u00e9u dels Socors<\/a> d&#8217;Hostalric, <a href=\"https:\/\/agora.xtec.cat\/escolalesfalgueresfogars\/\">Escola Les Falgueres<\/a> de Fogars de la Selva i <a href=\"https:\/\/sites.google.com\/site\/escolaalzinesballadores\/\">Escola Les Alzines Balladores<\/a> de Sant Feliu de Buixalleu.\u00a0<\/span><\/p>\n<p align=\"justify\"><span style=\"font-size: large;\">En el centre hi treballa tot un equip de professionals que est\u00e0 integrat per <a class=\"special7\" href=\"http:\/\/www.xtec.cat\/centres\/b7006733\/webs\/professorat.htm\">professora<\/a>t, <a class=\"special7\" href=\"http:\/\/www.xtec.cat\/centres\/b7006733\/calaix\/pas\/pas.htm\">personal d&#8217;administraci\u00f3 i serveis<\/a>, neteja i monitoratge amb un total de gaireb\u00e9 una seixantena de persones.<\/span><\/p>\n<p align=\"justify\"><span style=\"font-size: large;\">El curs 2015-16 s&#8217;inicia amb un nou repte, una nova seu a Breda. Si ja fa anys vam ser pioners a Catalunya per la implantaci\u00f3 de la jornada continuada en centres de secund\u00e0ria, ara ho som tamb\u00e9, a les comarques gironines, en esdevenir un institut amb dues seus: Hostalric i Breda. <\/span><\/p>\n<p align=\"justify\"><span style=\"font-size: large;\">Despr\u00e9s de sis anys, aquest curs 2021-22, la seu de Breda es converteix en un <a href=\"https:\/\/agora.xtec.cat\/iemontseny\/\">Institut-Escola<\/a> i, per tant, l&#8217;Institut Vescomtat de Cabrera torna a tenir una \u00fanica seu.<\/span><\/p>\n<p align=\"justify\"><span style=\"font-size: large;\"> A continuaci\u00f3, podreu veure el dia a dia de l&#8217;institut, el CFGM, el PFI i tamb\u00e9 podeu accedir a les hist\u00f2ries de l&#8217;institut de la <a href=\"http:\/\/www.xtec.cat\/centres\/b7006733\/calaix\/historiaies\/historiaies.htm\">p\u00e0gina web antiga<\/a>.<br \/>\n<\/span><\/p>\n<p align=\"justify\"><iframe loading=\"lazy\" src=\"\/\/www.youtube.com\/embed\/p3ASzXFNAaE\" width=\"560\" height=\"314\"><\/iframe><\/p>\n<p align=\"justify\"><iframe loading=\"lazy\" src=\"\/\/www.youtube.com\/embed\/AVUFhL3hkRI\" width=\"560\" height=\"314\"><\/iframe><\/p>\n<p align=\"justify\"><iframe loading=\"lazy\" src=\"\/\/www.youtube.com\/embed\/n67ztfTsnyg\" width=\"560\" height=\"314\"><\/iframe><\/p>\n","protected":false},"excerpt":{"rendered":"<p>L&#8217;Institut Vescomtat de Cabrera \u00e9s un centre d&#8217;ensenyament p\u00fablic que va iniciar la seva tasca el curs 1995-1996. S&#8217;hi imparteix [&hellip;]<\/p>\n","protected":false},"author":1,"featured_media":0,"parent":19,"menu_order":20,"comment_status":"closed","ping_status":"closed","template":"","meta":{"_bbp_topic_count":0,"_bbp_reply_count":0,"_bbp_total_topic_count":0,"_bbp_total_reply_count":0,"_bbp_voice_count":0,"_bbp_anonymous_reply_count":0,"_bbp_topic_count_hidden":0,"_bbp_reply_count_hidden":0,"_bbp_forum_subforum_count":0,"site-sidebar-layout":"default","site-content-layout":"","ast-site-content-layout":"default","site-content-style":"default","site-sidebar-style":"default","ast-global-header-display":"","ast-banner-title-visibility":"","ast-main-header-display":"","ast-hfb-above-header-display":"","ast-hfb-below-header-display":"","ast-hfb-mobile-header-display":"","site-post-title":"","ast-breadcrumbs-content":"","ast-featured-img":"","footer-sml-layout":"","theme-transparent-header-meta":"","adv-header-id-meta":"","stick-header-meta":"","header-above-stick-meta":"","header-main-stick-meta":"","header-below-stick-meta":"","astra-migrate-meta-layouts":"set","ast-page-background-enabled":"default","ast-page-background-meta":{"desktop":{"background-color":"var(--ast-global-color-4)","background-image":"","background-repeat":"repeat","background-position":"center center","background-size":"auto","background-attachment":"scroll","background-type":"","background-media":"","overlay-type":"","overlay-color":"","overlay-opacity":"","overlay-gradient":""},"tablet":{"background-color":"","background-image":"","background-repeat":"repeat","background-position":"center center","background-size":"auto","background-attachment":"scroll","background-type":"","background-media":"","overlay-type":"","overlay-color":"","overlay-opacity":"","overlay-gradient":""},"mobile":{"background-color":"","background-image":"","background-repeat":"repeat","background-position":"center center","background-size":"auto","background-attachment":"scroll","background-type":"","background-media":"","overlay-type":"","overlay-color":"","overlay-opacity":"","overlay-gradient":""}},"ast-content-background-meta":{"desktop":{"background-color":"var(--ast-global-color-5)","background-image":"","background-repeat":"repeat","background-position":"center center","background-size":"auto","background-attachment":"scroll","background-type":"","background-media":"","overlay-type":"","overlay-color":"","overlay-opacity":"","overlay-gradient":""},"tablet":{"background-color":"var(--ast-global-color-5)","background-image":"","background-repeat":"repeat","background-position":"center center","background-size":"auto","background-attachment":"scroll","background-type":"","background-media":"","overlay-type":"","overlay-color":"","overlay-opacity":"","overlay-gradient":""},"mobile":{"background-color":"var(--ast-global-color-5)","background-image":"","background-repeat":"repeat","background-position":"center center","background-size":"auto","background-attachment":"scroll","background-type":"","background-media":"","overlay-type":"","overlay-color":"","overlay-opacity":"","overlay-gradient":""}},"footnotes":""},"class_list":["post-27","page","type-page","status-publish","hentry"],"post_mailing_queue_ids":[],"_links":{"self":[{"href":"https:\/\/agora.xtec.cat\/insvescomtatdecabrera\/wp-json\/wp\/v2\/pages\/27","targetHints":{"allow":["GET"]}}],"collection":[{"href":"https:\/\/agora.xtec.cat\/insvescomtatdecabrera\/wp-json\/wp\/v2\/pages"}],"about":[{"href":"https:\/\/agora.xtec.cat\/insvescomtatdecabrera\/wp-json\/wp\/v2\/types\/page"}],"author":[{"embeddable":true,"href":"https:\/\/agora.xtec.cat\/insvescomtatdecabrera\/wp-json\/wp\/v2\/users\/1"}],"replies":[{"embeddable":true,"href":"https:\/\/agora.xtec.cat\/insvescomtatdecabrera\/wp-json\/wp\/v2\/comments?post=27"}],"version-history":[{"count":4,"href":"https:\/\/agora.xtec.cat\/insvescomtatdecabrera\/wp-json\/wp\/v2\/pages\/27\/revisions"}],"predecessor-version":[{"id":14308,"href":"https:\/\/agora.xtec.cat\/insvescomtatdecabrera\/wp-json\/wp\/v2\/pages\/27\/revisions\/14308"}],"up":[{"embeddable":true,"href":"https:\/\/agora.xtec.cat\/insvescomtatdecabrera\/wp-json\/wp\/v2\/pages\/19"}],"wp:attachment":[{"href":"https:\/\/agora.xtec.cat\/insvescomtatdecabrera\/wp-json\/wp\/v2\/media?parent=27"}],"curies":[{"name":"wp","href":"https:\/\/api.w.org\/{rel}","templated":true}]}}