{"id":195,"date":"2014-09-22T10:39:39","date_gmt":"2014-09-22T10:39:39","guid":{"rendered":"http:\/\/agora.xtec.cat\/insvescomtatdecabrera\/?page_id=195"},"modified":"2021-04-10T20:48:27","modified_gmt":"2021-04-10T18:48:27","slug":"estudis","status":"publish","type":"page","link":"https:\/\/agora.xtec.cat\/insvescomtatdecabrera\/estudis\/","title":{"rendered":"Estudis"},"content":{"rendered":"<p><iframe loading=\"lazy\" src=\"https:\/\/docs.google.com\/presentation\/d\/e\/2PACX-1vRD0iZnFNFTOwYdOTjkDXAkkGVnKAHRBoKj8UA5bXlADFoj0x2I6myUV8cERJ8TAg\/embed?start=false&amp;loop=true&amp;delayms=3000\" width=\"1280\" height=\"749\" frameborder=\"0\"><\/iframe><\/p>\n<hr \/>\n<p><strong>Oferta formativa del centre:<\/strong><\/p>\n<header class=\"entry-header\" style=\"color: #444444;\">\n<h1 class=\"entry-title\" style=\"font-weight: 400; color: #087eb6;\">ESO<\/h1>\n<\/header>\n<div class=\"entry-content\" style=\"color: #444444;\">\n<ul>\n<li>llibres de text i lectures obligat\u00f2ries<\/li>\n<li>cr\u00e8dits<\/li>\n<li>mat\u00e8ries optatives<\/li>\n<li>sol\u00b7licitud afiliaci\u00f3 SS<\/li>\n<li>servei comunitari<\/li>\n<li>cr\u00e8dit de s\u00edntesi<\/li>\n<li>treball de recerca<\/li>\n<li>viatge d\u2019estudis<\/li>\n<li><strong>Orientaci\u00f3<\/strong>:<a href=\"https:\/\/drive.google.com\/open?id=0B_q2Mgq0etz3RkRVQW5EYzhGeWM\"> Presentaci\u00f3 orientaci\u00f3 acad\u00e8mica i laboral despr\u00e9s de l&#8217;ESO.\u00a0<\/a><a href=\"https:\/\/drive.google.com\/open?id=0B_q2Mgq0etz3RkRVQW5EYzhGeWM\"><img loading=\"lazy\" decoding=\"async\" class=\"alignnone wp-image-615 size-full\" src=\"http:\/\/agora.xtec.cat\/insvescomtatdecabrera\/wp-content\/uploads\/usu724\/2014\/09\/pdf.png\" alt=\"pdf\" width=\"31\" height=\"12\" \/><\/a><\/li>\n<\/ul>\n<header class=\"entry-header\">\n<h1 class=\"entry-title\" style=\"font-weight: 400; color: #087eb6;\">Batxillerat<\/h1>\n<\/header>\n<div class=\"entry-content\">\n<ul>\n<li>llibres de text i lectures obligat\u00f2ries<\/li>\n<li>PAU (notes de tall, calendari, ponderacions, exemples ex\u00e0mens, itineraris universitaris,\u2026)<\/li>\n<li><strong>Orientaci\u00f3<\/strong>: <a href=\"https:\/\/drive.google.com\/open?id=0B_q2Mgq0etz3OEg2dXlQdzU3b19nQmhnenFSWGxBRG83eEpZ\">Presentaci\u00f3 orientaci\u00f3 acad\u00e8mica i laboral despr\u00e9s del batxillerat<\/a>.\u00a0<a href=\"https:\/\/drive.google.com\/open?id=0B_q2Mgq0etz3OEg2dXlQdzU3b19nQmhnenFSWGxBRG83eEpZ\"><img loading=\"lazy\" decoding=\"async\" class=\"alignnone wp-image-615 size-full\" src=\"http:\/\/agora.xtec.cat\/insvescomtatdecabrera\/wp-content\/uploads\/usu724\/2014\/09\/pdf.png\" alt=\"pdf\" width=\"31\" height=\"12\" \/><\/a><\/li>\n<\/ul>\n<\/div>\n<\/div>\n<header class=\"entry-header\" style=\"color: #444444;\">\n<h1 class=\"entry-title\" style=\"font-weight: 400; color: #087eb6;\"><a href=\"http:\/\/agora.xtec.cat\/insvescomtatdecabrera\/estudis\/cfgm-elaboracio-de-productes-alimentaris\/\">CFGM &#8220;Elaboraci\u00f3 de productes alimentaris&#8221; (Dual)<\/a><\/h1>\n<\/header>\n<div class=\"entry-content\" style=\"color: #444444;\">\n<ul>\n<li>pr\u00e0ctiques a empreses (FCT)<\/li>\n<li>projectes de mobilitat<\/li>\n<li>mesures flexibilitzadores: servei d\u2019assessorament, servei de reconeixement acad\u00e8mic, formaci\u00f3 dual,\u2026<\/li>\n<\/ul>\n<header class=\"entry-header\">\n<p class=\"entry-title\" style=\"font-weight: 400; color: #087eb6;\">\n<\/header>\n<\/div>\n","protected":false},"excerpt":{"rendered":"<p>Oferta formativa del centre: ESO llibres de text i lectures obligat\u00f2ries cr\u00e8dits mat\u00e8ries optatives sol\u00b7licitud afiliaci\u00f3 SS servei comunitari cr\u00e8dit [&hellip;]<\/p>\n","protected":false},"author":1,"featured_media":0,"parent":0,"menu_order":0,"comment_status":"closed","ping_status":"closed","template":"","meta":{"_bbp_topic_count":0,"_bbp_reply_count":0,"_bbp_total_topic_count":0,"_bbp_total_reply_count":0,"_bbp_voice_count":0,"_bbp_anonymous_reply_count":0,"_bbp_topic_count_hidden":0,"_bbp_reply_count_hidden":0,"_bbp_forum_subforum_count":0,"site-sidebar-layout":"default","site-content-layout":"","ast-site-content-layout":"","site-content-style":"default","site-sidebar-style":"default","ast-global-header-display":"","ast-banner-title-visibility":"","ast-main-header-display":"","ast-hfb-above-header-display":"","ast-hfb-below-header-display":"","ast-hfb-mobile-header-display":"","site-post-title":"","ast-breadcrumbs-content":"","ast-featured-img":"","footer-sml-layout":"","theme-transparent-header-meta":"","adv-header-id-meta":"","stick-header-meta":"","header-above-stick-meta":"","header-main-stick-meta":"","header-below-stick-meta":"","astra-migrate-meta-layouts":"default","ast-page-background-enabled":"default","ast-page-background-meta":{"desktop":{"background-color":"var(--ast-global-color-4)","background-image":"","background-repeat":"repeat","background-position":"center center","background-size":"auto","background-attachment":"scroll","background-type":"","background-media":"","overlay-type":"","overlay-color":"","overlay-opacity":"","overlay-gradient":""},"tablet":{"background-color":"","background-image":"","background-repeat":"repeat","background-position":"center center","background-size":"auto","background-attachment":"scroll","background-type":"","background-media":"","overlay-type":"","overlay-color":"","overlay-opacity":"","overlay-gradient":""},"mobile":{"background-color":"","background-image":"","background-repeat":"repeat","background-position":"center center","background-size":"auto","background-attachment":"scroll","background-type":"","background-media":"","overlay-type":"","overlay-color":"","overlay-opacity":"","overlay-gradient":""}},"ast-content-background-meta":{"desktop":{"background-color":"var(--ast-global-color-5)","background-image":"","background-repeat":"repeat","background-position":"center center","background-size":"auto","background-attachment":"scroll","background-type":"","background-media":"","overlay-type":"","overlay-color":"","overlay-opacity":"","overlay-gradient":""},"tablet":{"background-color":"var(--ast-global-color-5)","background-image":"","background-repeat":"repeat","background-position":"center center","background-size":"auto","background-attachment":"scroll","background-type":"","background-media":"","overlay-type":"","overlay-color":"","overlay-opacity":"","overlay-gradient":""},"mobile":{"background-color":"var(--ast-global-color-5)","background-image":"","background-repeat":"repeat","background-position":"center center","background-size":"auto","background-attachment":"scroll","background-type":"","background-media":"","overlay-type":"","overlay-color":"","overlay-opacity":"","overlay-gradient":""}},"footnotes":""},"class_list":["post-195","page","type-page","status-publish","hentry"],"post_mailing_queue_ids":[],"_links":{"self":[{"href":"https:\/\/agora.xtec.cat\/insvescomtatdecabrera\/wp-json\/wp\/v2\/pages\/195","targetHints":{"allow":["GET"]}}],"collection":[{"href":"https:\/\/agora.xtec.cat\/insvescomtatdecabrera\/wp-json\/wp\/v2\/pages"}],"about":[{"href":"https:\/\/agora.xtec.cat\/insvescomtatdecabrera\/wp-json\/wp\/v2\/types\/page"}],"author":[{"embeddable":true,"href":"https:\/\/agora.xtec.cat\/insvescomtatdecabrera\/wp-json\/wp\/v2\/users\/1"}],"replies":[{"embeddable":true,"href":"https:\/\/agora.xtec.cat\/insvescomtatdecabrera\/wp-json\/wp\/v2\/comments?post=195"}],"version-history":[{"count":4,"href":"https:\/\/agora.xtec.cat\/insvescomtatdecabrera\/wp-json\/wp\/v2\/pages\/195\/revisions"}],"predecessor-version":[{"id":11822,"href":"https:\/\/agora.xtec.cat\/insvescomtatdecabrera\/wp-json\/wp\/v2\/pages\/195\/revisions\/11822"}],"wp:attachment":[{"href":"https:\/\/agora.xtec.cat\/insvescomtatdecabrera\/wp-json\/wp\/v2\/media?parent=195"}],"curies":[{"name":"wp","href":"https:\/\/api.w.org\/{rel}","templated":true}]}}