{"id":13136,"date":"2022-05-24T08:49:04","date_gmt":"2022-05-24T06:49:04","guid":{"rendered":"https:\/\/agora.xtec.cat\/insvescomtatdecabrera\/?page_id=13136"},"modified":"2026-02-04T12:19:33","modified_gmt":"2026-02-04T11:19:33","slug":"punt-lila","status":"publish","type":"page","link":"https:\/\/agora.xtec.cat\/insvescomtatdecabrera\/punt-lila\/","title":{"rendered":"Punt Lila"},"content":{"rendered":"\n<figure class=\"wp-block-image alignleft size-full is-resized\"><a href=\"https:\/\/agora.xtec.cat\/insvescomtatdecabrera\/wp-content\/uploads\/usu724\/2026\/02\/6.png\"><img loading=\"lazy\" decoding=\"async\" width=\"1000\" height=\"1000\" src=\"https:\/\/agora.xtec.cat\/insvescomtatdecabrera\/wp-content\/uploads\/usu724\/2026\/02\/6.png\" alt=\"\" class=\"wp-image-14404\" style=\"width:354px;height:auto\" srcset=\"https:\/\/agora.xtec.cat\/insvescomtatdecabrera\/wp-content\/uploads\/usu724\/2026\/02\/6.png 1000w, https:\/\/agora.xtec.cat\/insvescomtatdecabrera\/wp-content\/uploads\/usu724\/2026\/02\/6-300x300.png 300w, https:\/\/agora.xtec.cat\/insvescomtatdecabrera\/wp-content\/uploads\/usu724\/2026\/02\/6-150x150.png 150w, https:\/\/agora.xtec.cat\/insvescomtatdecabrera\/wp-content\/uploads\/usu724\/2026\/02\/6-768x768.png 768w\" sizes=\"auto, (max-width: 1000px) 100vw, 1000px\" \/><\/a><\/figure>\n\n\n<p>Quan una persona \u00e9s v\u00edctima de la viol\u00e8ncia o quan alg\u00fa de nosaltres \u00e9s testimoni d&#8217;alguna mena de viol\u00e8ncia \u00e9s necessari que a l&#8217;altre costat trobi una altra persona que estigui disposada a escoltar amb credibilitat i sense fer judicis, una altra persona que estigui disposada a actuar per posar l\u00edmits a la impunitat i per aconseguir que no torni a passar.<\/p>\n<p>Per aix\u00f2 esperem que el <a href=\"https:\/\/educacio.gencat.cat\/ca\/departament\/publicacions\/monografies\/violencies\/escoles-lliures-violencies\/\" target=\"_blank\" rel=\"noopener\">Pla<strong> Les escoles lliures de viol\u00e8ncia<\/strong><\/a> sigui molt \u00fatil.<\/p>\n<p>I que tingueu un acc\u00e9s f\u00e0cil i directe de la <strong>UsApps<\/strong>, que trobareu aqu\u00ed mateix:<\/p>\n<p><iframe loading=\"lazy\" src=\"https:\/\/drive.google.com\/file\/u\/2\/d\/194MCTb623nOyubrlrKalRB6eoAzV0DCb\/preview\" width=\"800\" height=\"600\"><span data-mce-type=\"bookmark\" style=\"display: inline-block; width: 0px; overflow: hidden; line-height: 0;\" class=\"mce_SELRES_start\">\ufeff<\/span><span data-mce-type=\"bookmark\" style=\"display: inline-block; width: 0px; overflow: hidden; line-height: 0;\" class=\"mce_SELRES_start\">\ufeff<\/span><span data-mce-type=\"bookmark\" style=\"display: inline-block; width: 0px; overflow: hidden; line-height: 0;\" class=\"mce_SELRES_start\"><span data-mce-type=\"bookmark\" style=\"display: inline-block; width: 0px; overflow: hidden; line-height: 0;\" class=\"mce_SELRES_start\">\ufeff<\/span>\ufeff<\/span><\/iframe><\/p>","protected":false},"excerpt":{"rendered":"<p>Quan una persona \u00e9s v\u00edctima de la viol\u00e8ncia o quan alg\u00fa de nosaltres \u00e9s testimoni d&#8217;alguna mena de viol\u00e8ncia \u00e9s [&hellip;]<\/p>\n","protected":false},"author":16,"featured_media":0,"parent":0,"menu_order":0,"comment_status":"closed","ping_status":"closed","template":"","meta":{"_bbp_topic_count":0,"_bbp_reply_count":0,"_bbp_total_topic_count":0,"_bbp_total_reply_count":0,"_bbp_voice_count":0,"_bbp_anonymous_reply_count":0,"_bbp_topic_count_hidden":0,"_bbp_reply_count_hidden":0,"_bbp_forum_subforum_count":0,"site-sidebar-layout":"default","site-content-layout":"","ast-site-content-layout":"default","site-content-style":"default","site-sidebar-style":"default","ast-global-header-display":"","ast-banner-title-visibility":"","ast-main-header-display":"","ast-hfb-above-header-display":"","ast-hfb-below-header-display":"","ast-hfb-mobile-header-display":"","site-post-title":"","ast-breadcrumbs-content":"","ast-featured-img":"","footer-sml-layout":"","theme-transparent-header-meta":"","adv-header-id-meta":"","stick-header-meta":"","header-above-stick-meta":"","header-main-stick-meta":"","header-below-stick-meta":"","astra-migrate-meta-layouts":"set","ast-page-background-enabled":"default","ast-page-background-meta":{"desktop":{"background-color":"var(--ast-global-color-4)","background-image":"","background-repeat":"repeat","background-position":"center center","background-size":"auto","background-attachment":"scroll","background-type":"","background-media":"","overlay-type":"","overlay-color":"","overlay-opacity":"","overlay-gradient":""},"tablet":{"background-color":"","background-image":"","background-repeat":"repeat","background-position":"center center","background-size":"auto","background-attachment":"scroll","background-type":"","background-media":"","overlay-type":"","overlay-color":"","overlay-opacity":"","overlay-gradient":""},"mobile":{"background-color":"","background-image":"","background-repeat":"repeat","background-position":"center center","background-size":"auto","background-attachment":"scroll","background-type":"","background-media":"","overlay-type":"","overlay-color":"","overlay-opacity":"","overlay-gradient":""}},"ast-content-background-meta":{"desktop":{"background-color":"var(--ast-global-color-5)","background-image":"","background-repeat":"repeat","background-position":"center center","background-size":"auto","background-attachment":"scroll","background-type":"","background-media":"","overlay-type":"","overlay-color":"","overlay-opacity":"","overlay-gradient":""},"tablet":{"background-color":"var(--ast-global-color-5)","background-image":"","background-repeat":"repeat","background-position":"center center","background-size":"auto","background-attachment":"scroll","background-type":"","background-media":"","overlay-type":"","overlay-color":"","overlay-opacity":"","overlay-gradient":""},"mobile":{"background-color":"var(--ast-global-color-5)","background-image":"","background-repeat":"repeat","background-position":"center center","background-size":"auto","background-attachment":"scroll","background-type":"","background-media":"","overlay-type":"","overlay-color":"","overlay-opacity":"","overlay-gradient":""}},"footnotes":""},"class_list":["post-13136","page","type-page","status-publish","hentry"],"post_mailing_queue_ids":[],"_links":{"self":[{"href":"https:\/\/agora.xtec.cat\/insvescomtatdecabrera\/wp-json\/wp\/v2\/pages\/13136","targetHints":{"allow":["GET"]}}],"collection":[{"href":"https:\/\/agora.xtec.cat\/insvescomtatdecabrera\/wp-json\/wp\/v2\/pages"}],"about":[{"href":"https:\/\/agora.xtec.cat\/insvescomtatdecabrera\/wp-json\/wp\/v2\/types\/page"}],"author":[{"embeddable":true,"href":"https:\/\/agora.xtec.cat\/insvescomtatdecabrera\/wp-json\/wp\/v2\/users\/16"}],"replies":[{"embeddable":true,"href":"https:\/\/agora.xtec.cat\/insvescomtatdecabrera\/wp-json\/wp\/v2\/comments?post=13136"}],"version-history":[{"count":6,"href":"https:\/\/agora.xtec.cat\/insvescomtatdecabrera\/wp-json\/wp\/v2\/pages\/13136\/revisions"}],"predecessor-version":[{"id":14409,"href":"https:\/\/agora.xtec.cat\/insvescomtatdecabrera\/wp-json\/wp\/v2\/pages\/13136\/revisions\/14409"}],"wp:attachment":[{"href":"https:\/\/agora.xtec.cat\/insvescomtatdecabrera\/wp-json\/wp\/v2\/media?parent=13136"}],"curies":[{"name":"wp","href":"https:\/\/api.w.org\/{rel}","templated":true}]}}