{"id":12555,"date":"2021-10-03T13:14:40","date_gmt":"2021-10-03T11:14:40","guid":{"rendered":"https:\/\/agora.xtec.cat\/insvescomtatdecabrera\/?page_id=12555"},"modified":"2024-05-07T15:37:23","modified_gmt":"2024-05-07T13:37:23","slug":"epergam","status":"publish","type":"page","link":"https:\/\/agora.xtec.cat\/insvescomtatdecabrera\/epergam\/","title":{"rendered":"eP\u00e8rgam"},"content":{"rendered":"<p>L\u2019<strong>eP\u00e8rgam<\/strong> \u00e9s l\u2019aplicaci\u00f3 de gesti\u00f3 de les biblioteques escolars que ofereix el Departament d&#8217;Educaci\u00f3.<\/p>\n<p>\u00c9s una<strong>\u00a0aplicaci\u00f3 en l\u00ednia<\/strong>\u00a0i es caracteritza per:<\/p>\n<ul>\n<li>Aprofitar els avantatges de la xarxa per fer la catalogaci\u00f3.<\/li>\n<li>Permetre la consulta en l\u00ednia dels cat\u00e0legs de les biblioteques escolars.<\/li>\n<li>Disposar de funcionalitats per incentivar l&#8217;\u00fas de la biblioteca per part de la comunitat escolar.<\/li>\n<li>Facilitar el manteniment t\u00e8cnic de les dades bibliogr\u00e0fiques i d&#8217;usuaris.<\/li>\n<\/ul>\n<p>Clicant sobre el p\u00f2ster que trobareu a continuaci\u00f3, podreu accedir al llistat de centres de Catalunya on trobareu l&#8217;acc\u00e9s a l&#8217;eP\u00e8rgam de l&#8217;Institut Vescomtat de Cabrera.<\/p>\n<p><a href=\"http:\/\/xtec.gencat.cat\/ca\/projectes\/biblioteca\/epergam\/entorn-consulta\/instituts\/\" target=\"_blank\" rel=\"noopener\"><img loading=\"lazy\" decoding=\"async\" class=\"aligncenter wp-image-12477\" src=\"https:\/\/agora.xtec.cat\/insvescomtatdecabrera\/wp-content\/uploads\/usu724\/2021\/09\/Biblioteca-1-1-1024x545.png\" alt=\"\" width=\"669\" height=\"356\" srcset=\"https:\/\/agora.xtec.cat\/insvescomtatdecabrera\/wp-content\/uploads\/usu724\/2021\/09\/Biblioteca-1-1-1024x545.png 1024w, https:\/\/agora.xtec.cat\/insvescomtatdecabrera\/wp-content\/uploads\/usu724\/2021\/09\/Biblioteca-1-1-300x160.png 300w, https:\/\/agora.xtec.cat\/insvescomtatdecabrera\/wp-content\/uploads\/usu724\/2021\/09\/Biblioteca-1-1-768x408.png 768w, https:\/\/agora.xtec.cat\/insvescomtatdecabrera\/wp-content\/uploads\/usu724\/2021\/09\/Biblioteca-1-1-1536x817.png 1536w, https:\/\/agora.xtec.cat\/insvescomtatdecabrera\/wp-content\/uploads\/usu724\/2021\/09\/Biblioteca-1-1.png 1747w\" sizes=\"auto, (max-width: 669px) 100vw, 669px\" \/><\/a><\/p>\n","protected":false},"excerpt":{"rendered":"<p>L\u2019eP\u00e8rgam \u00e9s l\u2019aplicaci\u00f3 de gesti\u00f3 de les biblioteques escolars que ofereix el Departament d&#8217;Educaci\u00f3. \u00c9s una\u00a0aplicaci\u00f3 en l\u00ednia\u00a0i es caracteritza [&hellip;]<\/p>\n","protected":false},"author":16,"featured_media":0,"parent":0,"menu_order":0,"comment_status":"closed","ping_status":"closed","template":"","meta":{"_bbp_topic_count":0,"_bbp_reply_count":0,"_bbp_total_topic_count":0,"_bbp_total_reply_count":0,"_bbp_voice_count":0,"_bbp_anonymous_reply_count":0,"_bbp_topic_count_hidden":0,"_bbp_reply_count_hidden":0,"_bbp_forum_subforum_count":0,"site-sidebar-layout":"default","site-content-layout":"","ast-site-content-layout":"","site-content-style":"default","site-sidebar-style":"default","ast-global-header-display":"","ast-banner-title-visibility":"","ast-main-header-display":"","ast-hfb-above-header-display":"","ast-hfb-below-header-display":"","ast-hfb-mobile-header-display":"","site-post-title":"","ast-breadcrumbs-content":"","ast-featured-img":"","footer-sml-layout":"","theme-transparent-header-meta":"","adv-header-id-meta":"","stick-header-meta":"","header-above-stick-meta":"","header-main-stick-meta":"","header-below-stick-meta":"","astra-migrate-meta-layouts":"default","ast-page-background-enabled":"default","ast-page-background-meta":{"desktop":{"background-color":"var(--ast-global-color-4)","background-image":"","background-repeat":"repeat","background-position":"center center","background-size":"auto","background-attachment":"scroll","background-type":"","background-media":"","overlay-type":"","overlay-color":"","overlay-opacity":"","overlay-gradient":""},"tablet":{"background-color":"","background-image":"","background-repeat":"repeat","background-position":"center center","background-size":"auto","background-attachment":"scroll","background-type":"","background-media":"","overlay-type":"","overlay-color":"","overlay-opacity":"","overlay-gradient":""},"mobile":{"background-color":"","background-image":"","background-repeat":"repeat","background-position":"center center","background-size":"auto","background-attachment":"scroll","background-type":"","background-media":"","overlay-type":"","overlay-color":"","overlay-opacity":"","overlay-gradient":""}},"ast-content-background-meta":{"desktop":{"background-color":"var(--ast-global-color-5)","background-image":"","background-repeat":"repeat","background-position":"center center","background-size":"auto","background-attachment":"scroll","background-type":"","background-media":"","overlay-type":"","overlay-color":"","overlay-opacity":"","overlay-gradient":""},"tablet":{"background-color":"var(--ast-global-color-5)","background-image":"","background-repeat":"repeat","background-position":"center center","background-size":"auto","background-attachment":"scroll","background-type":"","background-media":"","overlay-type":"","overlay-color":"","overlay-opacity":"","overlay-gradient":""},"mobile":{"background-color":"var(--ast-global-color-5)","background-image":"","background-repeat":"repeat","background-position":"center center","background-size":"auto","background-attachment":"scroll","background-type":"","background-media":"","overlay-type":"","overlay-color":"","overlay-opacity":"","overlay-gradient":""}},"footnotes":""},"class_list":["post-12555","page","type-page","status-publish","hentry"],"post_mailing_queue_ids":[],"_links":{"self":[{"href":"https:\/\/agora.xtec.cat\/insvescomtatdecabrera\/wp-json\/wp\/v2\/pages\/12555","targetHints":{"allow":["GET"]}}],"collection":[{"href":"https:\/\/agora.xtec.cat\/insvescomtatdecabrera\/wp-json\/wp\/v2\/pages"}],"about":[{"href":"https:\/\/agora.xtec.cat\/insvescomtatdecabrera\/wp-json\/wp\/v2\/types\/page"}],"author":[{"embeddable":true,"href":"https:\/\/agora.xtec.cat\/insvescomtatdecabrera\/wp-json\/wp\/v2\/users\/16"}],"replies":[{"embeddable":true,"href":"https:\/\/agora.xtec.cat\/insvescomtatdecabrera\/wp-json\/wp\/v2\/comments?post=12555"}],"version-history":[{"count":2,"href":"https:\/\/agora.xtec.cat\/insvescomtatdecabrera\/wp-json\/wp\/v2\/pages\/12555\/revisions"}],"predecessor-version":[{"id":13761,"href":"https:\/\/agora.xtec.cat\/insvescomtatdecabrera\/wp-json\/wp\/v2\/pages\/12555\/revisions\/13761"}],"wp:attachment":[{"href":"https:\/\/agora.xtec.cat\/insvescomtatdecabrera\/wp-json\/wp\/v2\/media?parent=12555"}],"curies":[{"name":"wp","href":"https:\/\/api.w.org\/{rel}","templated":true}]}}