{"id":12554,"date":"2021-10-03T13:16:43","date_gmt":"2021-10-03T11:16:43","guid":{"rendered":"https:\/\/agora.xtec.cat\/insvescomtatdecabrera\/?page_id=12554"},"modified":"2021-10-03T17:04:40","modified_gmt":"2021-10-03T15:04:40","slug":"ebibliocat-la-biblioteca-digital-de-catalunya","status":"publish","type":"page","link":"https:\/\/agora.xtec.cat\/insvescomtatdecabrera\/ebibliocat-la-biblioteca-digital-de-catalunya\/","title":{"rendered":"eBiblioCat, la Biblioteca Digital de Catalunya"},"content":{"rendered":"<p style=\"text-align: justify;\">Des de l&#8217;Institut Vescomtat de Cabrera, volem impulsar l&#8217;\u00fas d&#8217;eBiblioCat, la Biblioteca Digital de Catalunya, englobada dins la xarxa de biblioteques p\u00fabliques de Catalunya. El projecte est\u00e0 impulsat pel Ministeri d&#8217;Educaci\u00f3, Cultura i Esports en col\u00b7laboraci\u00f3 amb el Departament de Cultura de la Generalitat, la Diputaci\u00f3 de Barcelona i l\u2019Ajuntament de Barcelona.<\/p>\n<p style=\"text-align: justify;\">L\u2019<a title=\"eBiblioCat\" href=\"https:\/\/biblioteca.ebiblio.cat\/\" target=\"_blank\" rel=\"noopener\">#eBiblioCat<\/a> \u00e9s la plataforma que dona un servei de pr\u00e9stec de llibres electr\u00f2nics, de revistes, de pel\u00b7l\u00edcules, desc\u00e0rrega d&#8217;audiollibres i acc\u00e9s a documentals, m\u00fasica, a enciclop\u00e8dies, i a idiomes. T\u00e9 m\u00e9s de 100.000 t\u00edtols en diferents formats i tem\u00e0tiques, disponibles en catal\u00e0, castell\u00e0, franc\u00e8s, angl\u00e8s, alemany, etc.<\/p>\n<p style=\"text-align: justify;\">Amb aquest servei es vol garantir la desc\u00e0rrega, l&#8217;acc\u00e9s\u00a0i la\u00a0consulta legal de continguts, que s&#8217;ofereix a trav\u00e9s d&#8217;una plataforma senzilla i oberta als\u00a0<strong>usuaris de les biblioteques p\u00fabliques de Catalunya<\/strong>\u00a0de continguts digitals.<\/p>\n<p>Per poder llegir els pr\u00e9stecs de l\u2019eBiblioCat en un lector electr\u00f2nic s&#8217;ha de de descarregar-te el programari gratu\u00eft ADE (Adobe Digital Editions) a l&#8217;ordinador i assignar &#8220;Odilo&#8221; com a prove\u00efdor. El seg\u00fcent pas ser\u00e0 transferir l\u2019arxiu al lector. Per a m\u00e9s informaci\u00f3 consulteu l\u2019<a href=\"http:\/\/catalunya.ebiblio.es\/ayuda\/E0360\/ca\/instalacio.htm\" target=\"_blank\" rel=\"noopener\">ajuda eBiblioCat<\/a>. Tamb\u00e9 podeu consultar<a href=\"https:\/\/helpx.adobe.com\/digital-editions\/kb\/digital-editions-supported-devices.html\" target=\"_blank\" rel=\"noopener\">\u00a0la llista dels dispositius compatibles.<\/a><\/p>\n<p style=\"text-align: justify;\">A continuaci\u00f3, trobareu els passos a seguir per crear el vostre usuari i, clicant sobre la imatge, tamb\u00e9 accedireu directament a la web d&#8217;eBiblio. Tamb\u00e9 us podeu descarregar l&#8217;aplicaci\u00f3 des dels vostres dispositius m\u00f2bils.<\/p>\n<table class=\" aligncenter\" style=\"width: 56.1804%; border-collapse: collapse; border-color: #fcfcfc;\">\n<tbody>\n<tr>\n<td style=\"width: 23.3417%;\"><a href=\"https:\/\/play.google.com\/store\/apps\/details?id=es.odilo.ebiblio\" target=\"_blank\" rel=\"noopener\"><img loading=\"lazy\" decoding=\"async\" class=\" wp-image-10715 alignleft\" src=\"https:\/\/agora.xtec.cat\/insvescomtatdecabrera\/wp-content\/uploads\/usu724\/2020\/03\/google-play.png\" alt=\"\" width=\"249\" height=\"73\" srcset=\"https:\/\/agora.xtec.cat\/insvescomtatdecabrera\/wp-content\/uploads\/usu724\/2020\/03\/google-play.png 359w, https:\/\/agora.xtec.cat\/insvescomtatdecabrera\/wp-content\/uploads\/usu724\/2020\/03\/google-play-300x89.png 300w\" sizes=\"auto, (max-width: 249px) 100vw, 249px\" \/><\/a><\/td>\n<td style=\"width: 23.475%;\"><a href=\"https:\/\/apps.apple.com\/es\/app\/ebiblio\/id1028387742\" target=\"_blank\" rel=\"noopener\"><img loading=\"lazy\" decoding=\"async\" class=\" wp-image-10714 alignright\" src=\"https:\/\/agora.xtec.cat\/insvescomtatdecabrera\/wp-content\/uploads\/usu724\/2020\/03\/app-store.png\" alt=\"\" width=\"244\" height=\"72\" srcset=\"https:\/\/agora.xtec.cat\/insvescomtatdecabrera\/wp-content\/uploads\/usu724\/2020\/03\/app-store.png 359w, https:\/\/agora.xtec.cat\/insvescomtatdecabrera\/wp-content\/uploads\/usu724\/2020\/03\/app-store-300x89.png 300w\" sizes=\"auto, (max-width: 244px) 100vw, 244px\" \/><\/a><\/td>\n<\/tr>\n<\/tbody>\n<\/table>\n<p>&nbsp;<\/p>\n<p>&nbsp;<\/p>\n<p style=\"text-align: justify;\"><a href=\"https:\/\/biblioteca.ebiblio.cat\/\" target=\"_blank\" rel=\"noopener\"><img loading=\"lazy\" decoding=\"async\" class=\"size-large aligncenter\" src=\"https:\/\/lh3.googleusercontent.com\/pw\/AM-JKLWFMcJ48hkUQWbq5PK6gjha5hdP0Uf1P4riw7QDP9ba7uvw7EvEuvDvt9sZIR64eNU46ACIUFYcfTDiVyv1ty-AuKfrMcC7QXMgUWZYMixkDdhxGx1JrM7NLoQWWR98VRBvrPzc0lRMK2EXfkrz9cdl=w378-h943-no?authuser=0\" width=\"377\" height=\"943\" \/><\/a><\/p>\n","protected":false},"excerpt":{"rendered":"<p>Des de l&#8217;Institut Vescomtat de Cabrera, volem impulsar l&#8217;\u00fas d&#8217;eBiblioCat, la Biblioteca Digital de Catalunya, englobada dins la xarxa de [&hellip;]<\/p>\n","protected":false},"author":16,"featured_media":0,"parent":0,"menu_order":0,"comment_status":"closed","ping_status":"closed","template":"","meta":{"_bbp_topic_count":0,"_bbp_reply_count":0,"_bbp_total_topic_count":0,"_bbp_total_reply_count":0,"_bbp_voice_count":0,"_bbp_anonymous_reply_count":0,"_bbp_topic_count_hidden":0,"_bbp_reply_count_hidden":0,"_bbp_forum_subforum_count":0,"site-sidebar-layout":"default","site-content-layout":"","ast-site-content-layout":"","site-content-style":"default","site-sidebar-style":"default","ast-global-header-display":"","ast-banner-title-visibility":"","ast-main-header-display":"","ast-hfb-above-header-display":"","ast-hfb-below-header-display":"","ast-hfb-mobile-header-display":"","site-post-title":"","ast-breadcrumbs-content":"","ast-featured-img":"","footer-sml-layout":"","theme-transparent-header-meta":"","adv-header-id-meta":"","stick-header-meta":"","header-above-stick-meta":"","header-main-stick-meta":"","header-below-stick-meta":"","astra-migrate-meta-layouts":"default","ast-page-background-enabled":"default","ast-page-background-meta":{"desktop":{"background-color":"var(--ast-global-color-4)","background-image":"","background-repeat":"repeat","background-position":"center center","background-size":"auto","background-attachment":"scroll","background-type":"","background-media":"","overlay-type":"","overlay-color":"","overlay-opacity":"","overlay-gradient":""},"tablet":{"background-color":"","background-image":"","background-repeat":"repeat","background-position":"center center","background-size":"auto","background-attachment":"scroll","background-type":"","background-media":"","overlay-type":"","overlay-color":"","overlay-opacity":"","overlay-gradient":""},"mobile":{"background-color":"","background-image":"","background-repeat":"repeat","background-position":"center center","background-size":"auto","background-attachment":"scroll","background-type":"","background-media":"","overlay-type":"","overlay-color":"","overlay-opacity":"","overlay-gradient":""}},"ast-content-background-meta":{"desktop":{"background-color":"var(--ast-global-color-5)","background-image":"","background-repeat":"repeat","background-position":"center center","background-size":"auto","background-attachment":"scroll","background-type":"","background-media":"","overlay-type":"","overlay-color":"","overlay-opacity":"","overlay-gradient":""},"tablet":{"background-color":"var(--ast-global-color-5)","background-image":"","background-repeat":"repeat","background-position":"center center","background-size":"auto","background-attachment":"scroll","background-type":"","background-media":"","overlay-type":"","overlay-color":"","overlay-opacity":"","overlay-gradient":""},"mobile":{"background-color":"var(--ast-global-color-5)","background-image":"","background-repeat":"repeat","background-position":"center center","background-size":"auto","background-attachment":"scroll","background-type":"","background-media":"","overlay-type":"","overlay-color":"","overlay-opacity":"","overlay-gradient":""}},"footnotes":""},"class_list":["post-12554","page","type-page","status-publish","hentry"],"post_mailing_queue_ids":[],"_links":{"self":[{"href":"https:\/\/agora.xtec.cat\/insvescomtatdecabrera\/wp-json\/wp\/v2\/pages\/12554","targetHints":{"allow":["GET"]}}],"collection":[{"href":"https:\/\/agora.xtec.cat\/insvescomtatdecabrera\/wp-json\/wp\/v2\/pages"}],"about":[{"href":"https:\/\/agora.xtec.cat\/insvescomtatdecabrera\/wp-json\/wp\/v2\/types\/page"}],"author":[{"embeddable":true,"href":"https:\/\/agora.xtec.cat\/insvescomtatdecabrera\/wp-json\/wp\/v2\/users\/16"}],"replies":[{"embeddable":true,"href":"https:\/\/agora.xtec.cat\/insvescomtatdecabrera\/wp-json\/wp\/v2\/comments?post=12554"}],"version-history":[{"count":3,"href":"https:\/\/agora.xtec.cat\/insvescomtatdecabrera\/wp-json\/wp\/v2\/pages\/12554\/revisions"}],"predecessor-version":[{"id":12568,"href":"https:\/\/agora.xtec.cat\/insvescomtatdecabrera\/wp-json\/wp\/v2\/pages\/12554\/revisions\/12568"}],"wp:attachment":[{"href":"https:\/\/agora.xtec.cat\/insvescomtatdecabrera\/wp-json\/wp\/v2\/media?parent=12554"}],"curies":[{"name":"wp","href":"https:\/\/api.w.org\/{rel}","templated":true}]}}