{"id":12234,"date":"2021-07-12T12:28:54","date_gmt":"2021-07-12T10:28:54","guid":{"rendered":"http:\/\/agora.xtec.cat\/insvescomtatdecabrera\/?page_id=12234"},"modified":"2021-10-15T10:34:47","modified_gmt":"2021-10-15T08:34:47","slug":"tpv-escola","status":"publish","type":"page","link":"https:\/\/agora.xtec.cat\/insvescomtatdecabrera\/secretaria\/tpv-escola\/","title":{"rendered":"TPV Escola"},"content":{"rendered":"<p>L&#8217;institut Vescomtat de Cabrera va incorporar l&#8217;\u00fas del <a href=\"https:\/\/tpvescola.com\/Default2.aspx\" target=\"_blank\" rel=\"noopener noreferrer\">TPV Escola<\/a> el curs 19-20 i actualment continua vigent el seu \u00fas.<\/p>\n<p>El <a href=\"https:\/\/tpvescola.com\/Default2.aspx\" target=\"_blank\" rel=\"noopener noreferrer\">TPV Escola<\/a> \u00e9s una plataforma que gestiona de forma \u00e0gil, senzilla i completa els pagaments de les fam\u00edlies i les comunicacions via app m\u00f2bil, web i email. El sistema est\u00e0 pensat per alleugerir molt la tasca relativa al cobrament de qualsevol concepte (AFA, sortides, material, llibres, extraescolars, matr\u00edcules, etc.) i facilitar a les fam\u00edlies els pagaments.<\/p>\n<p style=\"text-align: left;\">El pagament es basa en targeta de cr\u00e8dit o d\u00e8bit. Tamb\u00e9 serveixen les targetes de pre-pagament i s&#8217;ha incorporat als pagaments de <a href=\"https:\/\/tpvescola.com\/Default2.aspx\" target=\"_blank\" rel=\"noopener noreferrer\">TPV Escola<\/a> la possibilitat de pagar amb Bizum. Us adjuntem un <a href=\"https:\/\/drive.google.com\/file\/d\/1EWZk9qqkmvObM0EXIXrE25pNqr0qMVbm\/view?usp=sharing\" target=\"_blank\" rel=\"noopener noreferrer\">document<\/a> on explica l&#8217;operativa de fer els pagaments amb Bizum, ja que funciona diferent de l&#8217;enviament de diners entre particulars.<\/p>\n<table style=\"border-collapse: collapse; width: 100%;\">\n<tbody>\n<tr>\n<td style=\"width: 50%;\"><a href=\"https:\/\/tpvescola.com\/Default2.aspx\" target=\"_blank\" rel=\"noopener noreferrer\"><img loading=\"lazy\" decoding=\"async\" class=\"wp-image-12235 aligncenter\" src=\"https:\/\/agora.xtec.cat\/insvescomtatdecabrera\/wp-content\/uploads\/usu724\/2021\/07\/TPV-Escola.png\" alt=\"\" width=\"309\" height=\"309\" srcset=\"https:\/\/agora.xtec.cat\/insvescomtatdecabrera\/wp-content\/uploads\/usu724\/2021\/07\/TPV-Escola.png 512w, https:\/\/agora.xtec.cat\/insvescomtatdecabrera\/wp-content\/uploads\/usu724\/2021\/07\/TPV-Escola-150x150.png 150w, https:\/\/agora.xtec.cat\/insvescomtatdecabrera\/wp-content\/uploads\/usu724\/2021\/07\/TPV-Escola-300x300.png 300w\" sizes=\"auto, (max-width: 309px) 100vw, 309px\" \/><\/a><\/td>\n<td style=\"width: 50%;\"><a href=\"https:\/\/tpvescola.com\/webiframe\/app.html\" target=\"_blank\" rel=\"noopener noreferrer\"><img loading=\"lazy\" decoding=\"async\" class=\"alignnone wp-image-12236 aligncenter\" src=\"https:\/\/agora.xtec.cat\/insvescomtatdecabrera\/wp-content\/uploads\/usu724\/2021\/07\/app-store-google-play-logo.png\" alt=\"\" width=\"294\" height=\"190\" \/><\/a><\/td>\n<\/tr>\n<\/tbody>\n<\/table>\n<p>&nbsp;<\/p>\n<p>&nbsp;<\/p>\n<p>&nbsp;<\/p>\n<div dir=\"ltr\"><\/div>\n","protected":false},"excerpt":{"rendered":"<p>L&#8217;institut Vescomtat de Cabrera va incorporar l&#8217;\u00fas del TPV Escola el curs 19-20 i actualment continua vigent el seu \u00fas. [&hellip;]<\/p>\n","protected":false},"author":16,"featured_media":0,"parent":81,"menu_order":0,"comment_status":"closed","ping_status":"closed","template":"","meta":{"_bbp_topic_count":0,"_bbp_reply_count":0,"_bbp_total_topic_count":0,"_bbp_total_reply_count":0,"_bbp_voice_count":0,"_bbp_anonymous_reply_count":0,"_bbp_topic_count_hidden":0,"_bbp_reply_count_hidden":0,"_bbp_forum_subforum_count":0,"site-sidebar-layout":"default","site-content-layout":"","ast-site-content-layout":"","site-content-style":"default","site-sidebar-style":"default","ast-global-header-display":"","ast-banner-title-visibility":"","ast-main-header-display":"","ast-hfb-above-header-display":"","ast-hfb-below-header-display":"","ast-hfb-mobile-header-display":"","site-post-title":"","ast-breadcrumbs-content":"","ast-featured-img":"","footer-sml-layout":"","theme-transparent-header-meta":"","adv-header-id-meta":"","stick-header-meta":"","header-above-stick-meta":"","header-main-stick-meta":"","header-below-stick-meta":"","astra-migrate-meta-layouts":"default","ast-page-background-enabled":"default","ast-page-background-meta":{"desktop":{"background-color":"var(--ast-global-color-4)","background-image":"","background-repeat":"repeat","background-position":"center center","background-size":"auto","background-attachment":"scroll","background-type":"","background-media":"","overlay-type":"","overlay-color":"","overlay-opacity":"","overlay-gradient":""},"tablet":{"background-color":"","background-image":"","background-repeat":"repeat","background-position":"center center","background-size":"auto","background-attachment":"scroll","background-type":"","background-media":"","overlay-type":"","overlay-color":"","overlay-opacity":"","overlay-gradient":""},"mobile":{"background-color":"","background-image":"","background-repeat":"repeat","background-position":"center center","background-size":"auto","background-attachment":"scroll","background-type":"","background-media":"","overlay-type":"","overlay-color":"","overlay-opacity":"","overlay-gradient":""}},"ast-content-background-meta":{"desktop":{"background-color":"var(--ast-global-color-5)","background-image":"","background-repeat":"repeat","background-position":"center center","background-size":"auto","background-attachment":"scroll","background-type":"","background-media":"","overlay-type":"","overlay-color":"","overlay-opacity":"","overlay-gradient":""},"tablet":{"background-color":"var(--ast-global-color-5)","background-image":"","background-repeat":"repeat","background-position":"center center","background-size":"auto","background-attachment":"scroll","background-type":"","background-media":"","overlay-type":"","overlay-color":"","overlay-opacity":"","overlay-gradient":""},"mobile":{"background-color":"var(--ast-global-color-5)","background-image":"","background-repeat":"repeat","background-position":"center center","background-size":"auto","background-attachment":"scroll","background-type":"","background-media":"","overlay-type":"","overlay-color":"","overlay-opacity":"","overlay-gradient":""}},"footnotes":""},"class_list":["post-12234","page","type-page","status-publish","hentry"],"post_mailing_queue_ids":[],"_links":{"self":[{"href":"https:\/\/agora.xtec.cat\/insvescomtatdecabrera\/wp-json\/wp\/v2\/pages\/12234","targetHints":{"allow":["GET"]}}],"collection":[{"href":"https:\/\/agora.xtec.cat\/insvescomtatdecabrera\/wp-json\/wp\/v2\/pages"}],"about":[{"href":"https:\/\/agora.xtec.cat\/insvescomtatdecabrera\/wp-json\/wp\/v2\/types\/page"}],"author":[{"embeddable":true,"href":"https:\/\/agora.xtec.cat\/insvescomtatdecabrera\/wp-json\/wp\/v2\/users\/16"}],"replies":[{"embeddable":true,"href":"https:\/\/agora.xtec.cat\/insvescomtatdecabrera\/wp-json\/wp\/v2\/comments?post=12234"}],"version-history":[{"count":4,"href":"https:\/\/agora.xtec.cat\/insvescomtatdecabrera\/wp-json\/wp\/v2\/pages\/12234\/revisions"}],"predecessor-version":[{"id":12680,"href":"https:\/\/agora.xtec.cat\/insvescomtatdecabrera\/wp-json\/wp\/v2\/pages\/12234\/revisions\/12680"}],"up":[{"embeddable":true,"href":"https:\/\/agora.xtec.cat\/insvescomtatdecabrera\/wp-json\/wp\/v2\/pages\/81"}],"wp:attachment":[{"href":"https:\/\/agora.xtec.cat\/insvescomtatdecabrera\/wp-json\/wp\/v2\/media?parent=12234"}],"curies":[{"name":"wp","href":"https:\/\/api.w.org\/{rel}","templated":true}]}}