{"id":11856,"date":"2021-04-24T21:28:53","date_gmt":"2021-04-24T19:28:53","guid":{"rendered":"http:\/\/agora.xtec.cat\/insvescomtatdecabrera\/?page_id=11856"},"modified":"2021-04-24T22:29:27","modified_gmt":"2021-04-24T20:29:27","slug":"sant-jordi-21","status":"publish","type":"page","link":"https:\/\/agora.xtec.cat\/insvescomtatdecabrera\/sant-jordi-21\/","title":{"rendered":"Sant Jordi 21"},"content":{"rendered":"<h2 style=\"text-align: center;\">Activitats SANT JORDI 21<\/h2>\n<p><a href=\"https:\/\/lh3.googleusercontent.com\/pw\/ACtC-3eefHatKcCgYNo7vNRbz9Es7q3BhDTSA9pzz0ypKHcc-vn0xq-kNcA3NymLGrRH2MlS-pKfRx3GgSWeGe72uvQqjF8hBqFL8tJZB40mZ_iBFENuH3tE_kEIJ_fjQifR2eBQsHqkNw8sWzj275Do3vy9Jg=s1142-no?authuser=2\"><img loading=\"lazy\" decoding=\"async\" class=\"aligncenter \" src=\"https:\/\/lh3.googleusercontent.com\/pw\/ACtC-3eefHatKcCgYNo7vNRbz9Es7q3BhDTSA9pzz0ypKHcc-vn0xq-kNcA3NymLGrRH2MlS-pKfRx3GgSWeGe72uvQqjF8hBqFL8tJZB40mZ_iBFENuH3tE_kEIJ_fjQifR2eBQsHqkNw8sWzj275Do3vy9Jg=s1142-no?authuser=2\" width=\"385\" height=\"385\" \/><\/a><\/p>\n<h4><img loading=\"lazy\" decoding=\"async\" class=\"alignnone size-full wp-image-11670\" src=\"https:\/\/agora.xtec.cat\/insvescomtatdecabrera\/wp-content\/uploads\/usu724\/2021\/02\/estrellaroja.png\" alt=\"\" width=\"16\" height=\"16\" \/> Murals de VISUAL I PL\u00c0STICA i decoraci\u00f3.<\/h4>\n<figure style=\"width: 2160px\" class=\"wp-caption aligncenter\"><a href=\"https:\/\/lh3.googleusercontent.com\/pw\/ACtC-3fSNL8gyFFiy4bsPFfY759mQOkbxCSLIbDikTEgPAoXED_SQ51z9gqs6cU_-A25Q8OVvkIeRLrVwJqPKFt4cuQ8NMmvE3uNMAx2t99oPBNhhaWtpl0XUQ45hDlRA6qWI5BQjmDT29lQmF7e-vyhC2BHJg=w2160-h542-no?authuser=2\"><img loading=\"lazy\" decoding=\"async\" class=\"size-large\" src=\"https:\/\/lh3.googleusercontent.com\/pw\/ACtC-3fSNL8gyFFiy4bsPFfY759mQOkbxCSLIbDikTEgPAoXED_SQ51z9gqs6cU_-A25Q8OVvkIeRLrVwJqPKFt4cuQ8NMmvE3uNMAx2t99oPBNhhaWtpl0XUQ45hDlRA6qWI5BQjmDT29lQmF7e-vyhC2BHJg=w2160-h542-no?authuser=2\" width=\"2160\" height=\"540\" \/><\/a><figcaption class=\"wp-caption-text\">Mural creat per l&#8217;alumnat de 4tESO E a Visual i pl\u00e0stica.<\/figcaption><\/figure>\n<figure style=\"width: 2160px\" class=\"wp-caption aligncenter\"><a href=\"https:\/\/lh3.googleusercontent.com\/pw\/ACtC-3fvwMNs8YTXF-DzAVoI7zoq1HkK6eBldo53xnROu-7nffmTohvdWLfI6fmeIHRmtP5J2pebviTcWEyaTewEFVT80ttTipaEaflFoTqL3h3VNLTMaFQnfBwtWwIxYuvL11scAsRmuwHvvbDn44LKtmt7Rg=w2160-h974-no?authuser=2\"><img loading=\"lazy\" decoding=\"async\" class=\"size-large\" src=\"https:\/\/lh3.googleusercontent.com\/pw\/ACtC-3fvwMNs8YTXF-DzAVoI7zoq1HkK6eBldo53xnROu-7nffmTohvdWLfI6fmeIHRmtP5J2pebviTcWEyaTewEFVT80ttTipaEaflFoTqL3h3VNLTMaFQnfBwtWwIxYuvL11scAsRmuwHvvbDn44LKtmt7Rg=w2160-h974-no?authuser=2\" width=\"2160\" height=\"972\" \/><\/a><figcaption class=\"wp-caption-text\">Mural creat amb les rajoles dissenyades per l&#8217;alumnat de 1r ESO a Visual i pl\u00e0stica<\/figcaption><\/figure>\n<figure style=\"width: 939px\" class=\"wp-caption aligncenter\"><a href=\"https:\/\/lh3.googleusercontent.com\/pw\/ACtC-3epFczgzw8faJTyKL525zWHkmLbbfEi8bIClT1EixMPhvAnNBRlX4VTRvERiXkFVVS0MZkUyi6UbVf-WDMgiiRNzo9zZPKVN1HYnnbm5bhgKhXBlYYXLQLncBrYy1UraoCkt2_RNUN8nVUpfzTRKcd11g=w941-h1142-no?authuser=2\"><img loading=\"lazy\" decoding=\"async\" class=\"size-large\" src=\"https:\/\/lh3.googleusercontent.com\/pw\/ACtC-3epFczgzw8faJTyKL525zWHkmLbbfEi8bIClT1EixMPhvAnNBRlX4VTRvERiXkFVVS0MZkUyi6UbVf-WDMgiiRNzo9zZPKVN1HYnnbm5bhgKhXBlYYXLQLncBrYy1UraoCkt2_RNUN8nVUpfzTRKcd11g=w941-h1142-no?authuser=2\" width=\"939\" height=\"1142\" \/><\/a><figcaption class=\"wp-caption-text\">Decoraci\u00f3 del passad\u00eds de primer d&#8217;ESO amb figures geom\u00e8triques<\/figcaption><\/figure>\n<h4><img loading=\"lazy\" decoding=\"async\" class=\"alignnone size-full wp-image-11670\" src=\"https:\/\/agora.xtec.cat\/insvescomtatdecabrera\/wp-content\/uploads\/usu724\/2021\/02\/estrellaroja.png\" alt=\"\" width=\"16\" height=\"16\" \/>Taller de lletres capitals a primer ESO<\/h4>\n<table>\n<tbody>\n<tr>\n<td style=\"height: 85px; width: 224px;\"><a href=\"https:\/\/lh3.googleusercontent.com\/pw\/ACtC-3cjdp9WLhgkVbjABA6HJLuTY7GzTfB1ObtD6x4vS9HeNW7JpcGycGuCCfQqO-paogJLm596gVQ-XlENotLCfYUwKCE1I2ZgzdUYW3FARt84NzbihCOmUA1hlxLYDGvrRFqoiq3QMWTOlkC1FSIzvUfA4Q=w1768-h1142-no?authuser=2\" target=\"_blank\" rel=\"noopener noreferrer\"><img loading=\"lazy\" decoding=\"async\" class=\"aligncenter\" src=\"https:\/\/lh3.googleusercontent.com\/pw\/ACtC-3cjdp9WLhgkVbjABA6HJLuTY7GzTfB1ObtD6x4vS9HeNW7JpcGycGuCCfQqO-paogJLm596gVQ-XlENotLCfYUwKCE1I2ZgzdUYW3FARt84NzbihCOmUA1hlxLYDGvrRFqoiq3QMWTOlkC1FSIzvUfA4Q=w1768-h1142-no?authuser=2\" alt=\"\" width=\"250\" height=\"160\" \/><\/a><\/td>\n<td style=\"height: 85px; width: 236px;\"><a href=\"https:\/\/lh3.googleusercontent.com\/pw\/ACtC-3f-yFFrcTSDeyHW5o2jkuMueMgqNG34uCjGVoejn7IDoQ6aHMTnNXLh97d3Hb8ROVV--94LPmUg7ZxlBEyntfzLRL1BspPzAMU8ETtpPLS79MBEGAC8WKi3jJXenn4XAfvumRwvaXccfJ06856UHc4NOg=w1860-h1142-no?authuser=2\" target=\"_blank\" rel=\"noopener noreferrer\"><img loading=\"lazy\" decoding=\"async\" class=\"aligncenter\" src=\"https:\/\/lh3.googleusercontent.com\/pw\/ACtC-3f-yFFrcTSDeyHW5o2jkuMueMgqNG34uCjGVoejn7IDoQ6aHMTnNXLh97d3Hb8ROVV--94LPmUg7ZxlBEyntfzLRL1BspPzAMU8ETtpPLS79MBEGAC8WKi3jJXenn4XAfvumRwvaXccfJ06856UHc4NOg=w1860-h1142-no?authuser=2\" alt=\"\" width=\"1860\" height=\"1142\" \/><\/a><\/td>\n<td style=\"height: 85px; width: 221.333px;\"><a href=\"https:\/\/lh3.googleusercontent.com\/pw\/ACtC-3d2j2JBNjOF13mmAl7EPam00zETAI2a5sZyzfNEuknHzeJahbL73FpmJ5FKiqNtQzWraQUKsy_HfDb2ted7dLxKqIYwRIpFDtomh1y5WdlOhf_SF8Q4ulyHVT8s7iQcWooFFUadnrK2VU4Sm6ra4dWIpA=w1685-h1142-no?authuser=2\"><br \/>\n<\/a><a href=\"https:\/\/lh3.googleusercontent.com\/pw\/ACtC-3d2j2JBNjOF13mmAl7EPam00zETAI2a5sZyzfNEuknHzeJahbL73FpmJ5FKiqNtQzWraQUKsy_HfDb2ted7dLxKqIYwRIpFDtomh1y5WdlOhf_SF8Q4ulyHVT8s7iQcWooFFUadnrK2VU4Sm6ra4dWIpA=w1685-h1142-no?authuser=2\" target=\"_blank\" rel=\"noopener noreferrer\"><img loading=\"lazy\" decoding=\"async\" class=\"aligncenter\" src=\"https:\/\/lh3.googleusercontent.com\/pw\/ACtC-3d2j2JBNjOF13mmAl7EPam00zETAI2a5sZyzfNEuknHzeJahbL73FpmJ5FKiqNtQzWraQUKsy_HfDb2ted7dLxKqIYwRIpFDtomh1y5WdlOhf_SF8Q4ulyHVT8s7iQcWooFFUadnrK2VU4Sm6ra4dWIpA=w1685-h1142-no?authuser=2\" alt=\"\" width=\"252\" height=\"171\" \/><\/a><\/td>\n<td style=\"height: 85px; width: 201.333px;\"><a href=\"https:\/\/lh3.googleusercontent.com\/pw\/ACtC-3eM8O0BRoNJ_GxFnubL4fcTnCE_fl-Wa799rzuWdLKyFm2vRH7q-veQCSDvtR71wZ2tDe8rgd0_fQqIKCXy-ncKgs4USvm5ZUNSEcqSbZRCPxfhTjGP6-_Cxm7WI3x1ze80GoYADetRfjRO3RHzqLLQuw=w1621-h1142-no?authuser=2\" target=\"_blank\" rel=\"noopener noreferrer\"><img loading=\"lazy\" decoding=\"async\" class=\"aligncenter\" src=\"https:\/\/lh3.googleusercontent.com\/pw\/ACtC-3eM8O0BRoNJ_GxFnubL4fcTnCE_fl-Wa799rzuWdLKyFm2vRH7q-veQCSDvtR71wZ2tDe8rgd0_fQqIKCXy-ncKgs4USvm5ZUNSEcqSbZRCPxfhTjGP6-_Cxm7WI3x1ze80GoYADetRfjRO3RHzqLLQuw=w1621-h1142-no?authuser=2\" alt=\"\" width=\"250\" height=\"176\" \/><\/a><\/td>\n<\/tr>\n<\/tbody>\n<\/table>\n<h4><img loading=\"lazy\" decoding=\"async\" class=\"alignnone size-full wp-image-11670\" src=\"https:\/\/agora.xtec.cat\/insvescomtatdecabrera\/wp-content\/uploads\/usu724\/2021\/02\/estrellaroja.png\" alt=\"\" width=\"16\" height=\"16\" \/> Taller de punts de llibre, 1r i 2n ESO<\/h4>\n<table>\n<tbody>\n<tr>\n<td><img loading=\"lazy\" decoding=\"async\" class=\"aligncenter size-large\" src=\"https:\/\/lh3.googleusercontent.com\/pw\/ACtC-3dbmYwMj-Z-6QYFC8uofYOvnTO2V6qWHxIdryykrycSmkOj8ESwinhIEeerIgyYH8Z7gz-A52R2CfWtRdHrhRcrZbWeACfIDe04_WujSE2zWUo-D3XwJtM4hgjuryoVOxQg2n6KiGwviD9uCrsu8W7CvA=w1203-h1142-no?authuser=2\" width=\"1202\" height=\"1142\" \/><\/td>\n<td><img loading=\"lazy\" decoding=\"async\" class=\"aligncenter size-large\" src=\"https:\/\/lh3.googleusercontent.com\/pw\/ACtC-3fvLcHIXhKZmvByokkiP7miwLlBl1614rX36QsNGfF7kvMeuBEEtifFOj6Z-XMFWrqexWaYC2MdrJGM0zAXCzb_zhzHgYuT7twNJGxe5i-pIoMzxbMTX2OB_Etiy6szeBaBymjI2v_bHeKINAhCxl-exA=w932-h931-no?authuser=2\" width=\"932\" height=\"931\" \/><\/td>\n<td><img loading=\"lazy\" decoding=\"async\" class=\"aligncenter size-large\" src=\"https:\/\/lh3.googleusercontent.com\/pw\/ACtC-3ejue76bzXdJy6fRoqCvnz-L0DRiku-6_jwq8GpfaQKf0c8-xlFcErM6mKYInTFyGxFC4bRRi0Nr0GjlF-0adE0i_Y-hDU5XDUML_t_gIs2_CHvj46ob_XGvdL0sBqvIVBd5MYUDZdyVXEB06XOCt7Imw=s1096-no?authuser=2\" width=\"1096\" height=\"1096\" \/><\/td>\n<\/tr>\n<tr>\n<td><img loading=\"lazy\" decoding=\"async\" class=\"aligncenter size-large\" src=\"https:\/\/lh3.googleusercontent.com\/pw\/ACtC-3cEgvnsXU6mfjzD8O64ndVi2eZUNuTf6qcYcwAqqZtnJgWsltCoZdecpzAafx6UnxjxzNJZ9bZIagU7QPfkQTNDRqPHOyRFJ_3IqpVUUOxVQJifSWL50g74Yb--4xgwR0jM00-WUw0IofoNxhVnxe78vw=s1036-no?authuser=2\" width=\"1036\" height=\"1036\" \/><\/td>\n<td><img loading=\"lazy\" decoding=\"async\" class=\"aligncenter size-large\" src=\"https:\/\/lh3.googleusercontent.com\/pw\/ACtC-3euK56fFz23iRonP-NuCcZ28dbobQouxX8r_xLWuf3GDMc06oRLJqtUnhtOVoSPBXe1lXOalhmA3hVXxlc57gExbl0-Sq0qsnIofTsmGOyjdn-3IpM7qGHZX0I_3POFq9LNTrCPTcjWjMYI5BcyyyyvRg=s1142-no?authuser=2\" width=\"1142\" height=\"1142\" \/><\/td>\n<td><img loading=\"lazy\" decoding=\"async\" class=\"aligncenter size-large\" src=\"https:\/\/lh3.googleusercontent.com\/pw\/ACtC-3eCcLVEdojHnd7mkI8S_2fNWez2CNnb8_YMzPLQsG79d2qzulG30zKfpRF95k_nAfuIJRwIait5MfCse4gUnaAFeSsNVoT81iJOTZGIZwVmSzsKBN3PXYeOOgmNHgCFyggsltXg-slwjrJPNt8OvYQjZQ=w1156-h1142-no?authuser=2\" width=\"1154\" height=\"1142\" \/><\/td>\n<\/tr>\n<\/tbody>\n<\/table>\n<h4><img loading=\"lazy\" decoding=\"async\" class=\"alignnone size-full wp-image-11670\" src=\"https:\/\/agora.xtec.cat\/insvescomtatdecabrera\/wp-content\/uploads\/usu724\/2021\/02\/estrellaroja.png\" alt=\"\" width=\"16\" height=\"16\" \/> Concurs el Gran Dictat<\/h4>\n<table>\n<tbody>\n<tr>\n<td>\n<p><figure style=\"width: 1026px\" class=\"wp-caption aligncenter\"><img loading=\"lazy\" decoding=\"async\" class=\"size-large\" src=\"https:\/\/lh3.googleusercontent.com\/pw\/ACtC-3emzqjZKhQujmzQbjGAy_1dUn8nPnwoCyecNxFT2uXdsKBokYpLvjb8uGW0GMGQgWPW4jOHMGMYtpSbBVyxYeK3SBNv-BxkEUMSJ6hNwwaD32SyS8JVxJ63HXhpdBbQ0zkvLBbGlaK8XzThX1hGP3Xrow=w1027-h1142-no?authuser=2\" width=\"1026\" height=\"1141\" \/><figcaption class=\"wp-caption-text\">Sara, guanyadora de primer B<\/figcaption><\/figure><\/td>\n<td>\n<p><figure style=\"width: 1084px\" class=\"wp-caption aligncenter\"><img loading=\"lazy\" decoding=\"async\" class=\"size-large\" src=\"https:\/\/lh3.googleusercontent.com\/pw\/ACtC-3cIusVZdYCyJRNuGVtN-QHM5gQ3WA0OuGQIqYvMPbzEc5kBih2rV5AygHtIDZBf5FHQc7Avcfuf8q0K3n_GWE9twCHn9pH6ZbhSA8PnLaSztUPdHeLhfoSuPmvsptS48nKxkb6PBkQRfQ1_1ms81ecNTQ=w1086-h1142-no?authuser=2\" width=\"1084\" height=\"1142\" \/><figcaption class=\"wp-caption-text\">Maria, guanyadora de primer A<\/figcaption><\/figure><\/td>\n<\/tr>\n<\/tbody>\n<\/table>\n<h4><img loading=\"lazy\" decoding=\"async\" class=\"alignnone size-full wp-image-11670\" src=\"https:\/\/agora.xtec.cat\/insvescomtatdecabrera\/wp-content\/uploads\/usu724\/2021\/02\/estrellaroja.png\" alt=\"\" width=\"16\" height=\"16\" \/> Recital de poesia cantada, per a primer de Batxillerat<\/h4>\n<p><img loading=\"lazy\" decoding=\"async\" class=\"aligncenter size-large\" src=\"https:\/\/lh3.googleusercontent.com\/pw\/ACtC-3dlldr0bR2SNdvWZmbxwBF_e7elaqOxq6_C6BWwQqcXgwkjwWHJ4GdHlr1w55Npzr_AFrTwTSnH87-z67CLOgVnx443nAn5Tup5CKqJb-zIeTtBzPMbzVbytRbW_0DqpSmPa7PPFrP6e8-z4evXiNz2TQ=w1600-h755-no?authuser=2\" width=\"1598\" height=\"754\" \/><\/p>\n<h4 style=\"text-align: center;\"><iframe loading=\"lazy\" src=\"https:\/\/www.youtube.com\/embed\/ZQUHhhyfqds\" width=\"560\" height=\"315\" frameborder=\"0\"><\/iframe><\/h4>\n<h4><img loading=\"lazy\" decoding=\"async\" class=\"alignnone wp-image-10929\" src=\"https:\/\/agora.xtec.cat\/insvescomtatdecabrera\/wp-content\/uploads\/usu724\/2020\/05\/video1-e1588798187161.png\" alt=\"\" width=\"18\" height=\"18\" \/> V\u00eddeo recital poesia en angl\u00e8s, 4t ESO<\/h4>\n<p style=\"text-align: center;\"><iframe loading=\"lazy\" src=\"https:\/\/www.youtube.com\/embed\/Ar8s32EuzJA\" width=\"560\" height=\"315\" frameborder=\"0\"><\/iframe><\/p>\n<p style=\"text-align: center;\">\n","protected":false},"excerpt":{"rendered":"<p>Activitats SANT JORDI 21 Murals de VISUAL I PL\u00c0STICA i decoraci\u00f3. Taller de lletres capitals a primer ESO Taller de [&hellip;]<\/p>\n","protected":false},"author":3,"featured_media":0,"parent":0,"menu_order":0,"comment_status":"closed","ping_status":"closed","template":"","meta":{"_bbp_topic_count":0,"_bbp_reply_count":0,"_bbp_total_topic_count":0,"_bbp_total_reply_count":0,"_bbp_voice_count":0,"_bbp_anonymous_reply_count":0,"_bbp_topic_count_hidden":0,"_bbp_reply_count_hidden":0,"_bbp_forum_subforum_count":0,"site-sidebar-layout":"default","site-content-layout":"","ast-site-content-layout":"","site-content-style":"default","site-sidebar-style":"default","ast-global-header-display":"","ast-banner-title-visibility":"","ast-main-header-display":"","ast-hfb-above-header-display":"","ast-hfb-below-header-display":"","ast-hfb-mobile-header-display":"","site-post-title":"","ast-breadcrumbs-content":"","ast-featured-img":"","footer-sml-layout":"","theme-transparent-header-meta":"","adv-header-id-meta":"","stick-header-meta":"","header-above-stick-meta":"","header-main-stick-meta":"","header-below-stick-meta":"","astra-migrate-meta-layouts":"default","ast-page-background-enabled":"default","ast-page-background-meta":{"desktop":{"background-color":"var(--ast-global-color-4)","background-image":"","background-repeat":"repeat","background-position":"center center","background-size":"auto","background-attachment":"scroll","background-type":"","background-media":"","overlay-type":"","overlay-color":"","overlay-opacity":"","overlay-gradient":""},"tablet":{"background-color":"","background-image":"","background-repeat":"repeat","background-position":"center center","background-size":"auto","background-attachment":"scroll","background-type":"","background-media":"","overlay-type":"","overlay-color":"","overlay-opacity":"","overlay-gradient":""},"mobile":{"background-color":"","background-image":"","background-repeat":"repeat","background-position":"center center","background-size":"auto","background-attachment":"scroll","background-type":"","background-media":"","overlay-type":"","overlay-color":"","overlay-opacity":"","overlay-gradient":""}},"ast-content-background-meta":{"desktop":{"background-color":"var(--ast-global-color-5)","background-image":"","background-repeat":"repeat","background-position":"center center","background-size":"auto","background-attachment":"scroll","background-type":"","background-media":"","overlay-type":"","overlay-color":"","overlay-opacity":"","overlay-gradient":""},"tablet":{"background-color":"var(--ast-global-color-5)","background-image":"","background-repeat":"repeat","background-position":"center center","background-size":"auto","background-attachment":"scroll","background-type":"","background-media":"","overlay-type":"","overlay-color":"","overlay-opacity":"","overlay-gradient":""},"mobile":{"background-color":"var(--ast-global-color-5)","background-image":"","background-repeat":"repeat","background-position":"center center","background-size":"auto","background-attachment":"scroll","background-type":"","background-media":"","overlay-type":"","overlay-color":"","overlay-opacity":"","overlay-gradient":""}},"footnotes":""},"class_list":["post-11856","page","type-page","status-publish","hentry"],"post_mailing_queue_ids":[],"_links":{"self":[{"href":"https:\/\/agora.xtec.cat\/insvescomtatdecabrera\/wp-json\/wp\/v2\/pages\/11856","targetHints":{"allow":["GET"]}}],"collection":[{"href":"https:\/\/agora.xtec.cat\/insvescomtatdecabrera\/wp-json\/wp\/v2\/pages"}],"about":[{"href":"https:\/\/agora.xtec.cat\/insvescomtatdecabrera\/wp-json\/wp\/v2\/types\/page"}],"author":[{"embeddable":true,"href":"https:\/\/agora.xtec.cat\/insvescomtatdecabrera\/wp-json\/wp\/v2\/users\/3"}],"replies":[{"embeddable":true,"href":"https:\/\/agora.xtec.cat\/insvescomtatdecabrera\/wp-json\/wp\/v2\/comments?post=11856"}],"version-history":[{"count":3,"href":"https:\/\/agora.xtec.cat\/insvescomtatdecabrera\/wp-json\/wp\/v2\/pages\/11856\/revisions"}],"predecessor-version":[{"id":11867,"href":"https:\/\/agora.xtec.cat\/insvescomtatdecabrera\/wp-json\/wp\/v2\/pages\/11856\/revisions\/11867"}],"wp:attachment":[{"href":"https:\/\/agora.xtec.cat\/insvescomtatdecabrera\/wp-json\/wp\/v2\/media?parent=11856"}],"curies":[{"name":"wp","href":"https:\/\/api.w.org\/{rel}","templated":true}]}}