{"id":11582,"date":"2020-12-16T12:53:25","date_gmt":"2020-12-16T11:53:25","guid":{"rendered":"http:\/\/agora.xtec.cat\/insvescomtatdecabrera\/?page_id=11582"},"modified":"2021-02-09T19:00:52","modified_gmt":"2021-02-09T18:00:52","slug":"formacio-dual-i-empreses","status":"publish","type":"page","link":"https:\/\/agora.xtec.cat\/insvescomtatdecabrera\/estudis\/cfgm-elaboracio-de-productes-alimentaris\/formacio-dual-i-empreses\/","title":{"rendered":"Formaci\u00f3 DUAL i EMPRESES"},"content":{"rendered":"<div>\n<table>\n<tbody>\n<tr>\n<td style=\"text-align: center;\"><\/td>\n<td style=\"text-align: center;\"><img loading=\"lazy\" decoding=\"async\" class=\"aligncenter size-full wp-image-11638\" src=\"https:\/\/agora.xtec.cat\/insvescomtatdecabrera\/wp-content\/uploads\/usu724\/2021\/02\/fonseruopeu.jpg\" alt=\"\" width=\"595\" height=\"80\" srcset=\"https:\/\/agora.xtec.cat\/insvescomtatdecabrera\/wp-content\/uploads\/usu724\/2021\/02\/fonseruopeu.jpg 595w, https:\/\/agora.xtec.cat\/insvescomtatdecabrera\/wp-content\/uploads\/usu724\/2021\/02\/fonseruopeu-300x40.jpg 300w\" sizes=\"auto, (max-width: 595px) 100vw, 595px\" \/><\/td>\n<td style=\"text-align: center;\"><\/td>\n<\/tr>\n<\/tbody>\n<\/table>\n<\/div>\n<div>\n<div>\n<p>En el nostre centre oferim formaci\u00f3 Dual en <em><strong>Elaboraci\u00f3 de Productes Alimentaris<\/strong><\/em> des del curs 2014\/2015. \u00c9s un cicle formatiu de grau mig enfocat a formar els alumnes com a t\u00e8cnics per elaborar tot tipus de productes alimentaris. Els nostres alumnes reben una part de la formaci\u00f3 al centre a trav\u00e9s de classes te\u00f2riques, pr\u00e0ctiques a la planta pilot i pr\u00e0ctiques d&#8217;an\u00e0lisis d&#8217;aliments i control de qualitat. L&#8217;altre part de la formaci\u00f3 la reben a les empreses a trav\u00e9s de convenis de col\u00b7laboraci\u00f3. Aquesta col\u00b7laboraci\u00f3 entre el centre i les empreses aporta un valor afegit molt important en la formaci\u00f3 d&#8217;aquests futurs professionals. Aquests alumnes resulten ser un aprenents amb un alt grau de formaci\u00f3 en la cultura i els processos de la pr\u00f2pia empresa. A m\u00e9s a m\u00e9s, el grau d&#8217;inserci\u00f3 varia segons els anys per\u00f2 en el nostre centre es troba per sobre del 60% i els alumnes que no s&#8217;insereixen al m\u00f3n laboral \u00e9s perqu\u00e8 segueixen estudiant.<\/p>\n<\/div>\n<p>A les empreses els hi oferim una atenci\u00f3 personalitzada i un acompanyament proper en tot el proc\u00e9s de formaci\u00f3 dels alumnes. La comunicaci\u00f3 i el treball conjunt amb el centre s\u00f3n fonamentals per aconseguir finalitzar amb \u00e8xit aquest proc\u00e9s de formaci\u00f3.<\/p>\n<\/div>\n<div>Estem a la vostra disposici\u00f3 pel que necessiteu.<\/div>\n<div>Podeu contactar amb nosaltres a trav\u00e9s del seg\u00fcent correu:<\/div>\n<div><a href=\"mailto:gxifra@xtec.cat\" target=\"_blank\" rel=\"noopener noreferrer\">gxifra@xtec.cat<\/a><\/div>\n<div>o trucant al centre 972864987.<\/div>\n<div>\n<hr \/>\n<\/div>\n<p><iframe loading=\"lazy\" src=\"https:\/\/www.youtube.com\/embed\/AVUFhL3hkRI\" width=\"560\" height=\"315\" frameborder=\"0\"><\/iframe><\/p>\n<hr \/>\n<h3>Empreses col\u00b7laboradores:<\/h3>\n<div>\n<table>\n<tbody>\n<tr>\n<td><img loading=\"lazy\" decoding=\"async\" class=\"aligncenter wp-image-11626 size-medium\" src=\"https:\/\/agora.xtec.cat\/insvescomtatdecabrera\/wp-content\/uploads\/usu724\/2021\/02\/LOGO-BOADAS-1880-300x100.png\" alt=\"\" width=\"300\" height=\"100\" srcset=\"https:\/\/agora.xtec.cat\/insvescomtatdecabrera\/wp-content\/uploads\/usu724\/2021\/02\/LOGO-BOADAS-1880-300x100.png 300w, https:\/\/agora.xtec.cat\/insvescomtatdecabrera\/wp-content\/uploads\/usu724\/2021\/02\/LOGO-BOADAS-1880-768x257.png 768w, https:\/\/agora.xtec.cat\/insvescomtatdecabrera\/wp-content\/uploads\/usu724\/2021\/02\/LOGO-BOADAS-1880-1024x342.png 1024w\" sizes=\"auto, (max-width: 300px) 100vw, 300px\" \/><\/td>\n<td><img loading=\"lazy\" decoding=\"async\" class=\"aligncenter wp-image-11627 size-medium\" src=\"https:\/\/agora.xtec.cat\/insvescomtatdecabrera\/wp-content\/uploads\/usu724\/2021\/02\/Logo-Friselva-300x77.png\" alt=\"\" width=\"300\" height=\"77\" srcset=\"https:\/\/agora.xtec.cat\/insvescomtatdecabrera\/wp-content\/uploads\/usu724\/2021\/02\/Logo-Friselva-300x77.png 300w, https:\/\/agora.xtec.cat\/insvescomtatdecabrera\/wp-content\/uploads\/usu724\/2021\/02\/Logo-Friselva-768x197.png 768w, https:\/\/agora.xtec.cat\/insvescomtatdecabrera\/wp-content\/uploads\/usu724\/2021\/02\/Logo-Friselva-1024x263.png 1024w\" sizes=\"auto, (max-width: 300px) 100vw, 300px\" \/><\/td>\n<td><img loading=\"lazy\" decoding=\"async\" class=\"aligncenter wp-image-11625 size-full\" src=\"https:\/\/agora.xtec.cat\/insvescomtatdecabrera\/wp-content\/uploads\/usu724\/2021\/02\/Casademont.png\" alt=\"\" width=\"256\" height=\"197\" \/><\/td>\n<td><img loading=\"lazy\" decoding=\"async\" class=\"aligncenter wp-image-11629 size-medium\" src=\"https:\/\/agora.xtec.cat\/insvescomtatdecabrera\/wp-content\/uploads\/usu724\/2021\/02\/LogoSD-266x300.jpg\" alt=\"\" width=\"266\" height=\"300\" srcset=\"https:\/\/agora.xtec.cat\/insvescomtatdecabrera\/wp-content\/uploads\/usu724\/2021\/02\/LogoSD-266x300.jpg 266w, https:\/\/agora.xtec.cat\/insvescomtatdecabrera\/wp-content\/uploads\/usu724\/2021\/02\/LogoSD-768x866.jpg 768w, https:\/\/agora.xtec.cat\/insvescomtatdecabrera\/wp-content\/uploads\/usu724\/2021\/02\/LogoSD-908x1024.jpg 908w, https:\/\/agora.xtec.cat\/insvescomtatdecabrera\/wp-content\/uploads\/usu724\/2021\/02\/LogoSD.jpg 1413w\" sizes=\"auto, (max-width: 266px) 100vw, 266px\" \/><\/td>\n<\/tr>\n<tr>\n<td><img loading=\"lazy\" decoding=\"async\" class=\"aligncenter wp-image-11628 size-medium\" src=\"https:\/\/agora.xtec.cat\/insvescomtatdecabrera\/wp-content\/uploads\/usu724\/2021\/02\/logo_pastissers_creatius-rodellas-05-300x288.jpg\" alt=\"\" width=\"300\" height=\"288\" srcset=\"https:\/\/agora.xtec.cat\/insvescomtatdecabrera\/wp-content\/uploads\/usu724\/2021\/02\/logo_pastissers_creatius-rodellas-05-300x288.jpg 300w, https:\/\/agora.xtec.cat\/insvescomtatdecabrera\/wp-content\/uploads\/usu724\/2021\/02\/logo_pastissers_creatius-rodellas-05-768x737.jpg 768w, https:\/\/agora.xtec.cat\/insvescomtatdecabrera\/wp-content\/uploads\/usu724\/2021\/02\/logo_pastissers_creatius-rodellas-05-1024x983.jpg 1024w, https:\/\/agora.xtec.cat\/insvescomtatdecabrera\/wp-content\/uploads\/usu724\/2021\/02\/logo_pastissers_creatius-rodellas-05.jpg 1733w\" sizes=\"auto, (max-width: 300px) 100vw, 300px\" \/><\/td>\n<td><img loading=\"lazy\" decoding=\"async\" class=\"aligncenter wp-image-11624 size-medium\" src=\"https:\/\/agora.xtec.cat\/insvescomtatdecabrera\/wp-content\/uploads\/usu724\/2021\/02\/Viladrau_Brandmark_cmyk2-300x212.jpg\" alt=\"\" width=\"300\" height=\"212\" srcset=\"https:\/\/agora.xtec.cat\/insvescomtatdecabrera\/wp-content\/uploads\/usu724\/2021\/02\/Viladrau_Brandmark_cmyk2-300x212.jpg 300w, https:\/\/agora.xtec.cat\/insvescomtatdecabrera\/wp-content\/uploads\/usu724\/2021\/02\/Viladrau_Brandmark_cmyk2-768x543.jpg 768w, https:\/\/agora.xtec.cat\/insvescomtatdecabrera\/wp-content\/uploads\/usu724\/2021\/02\/Viladrau_Brandmark_cmyk2-1024x724.jpg 1024w\" sizes=\"auto, (max-width: 300px) 100vw, 300px\" \/><\/td>\n<td><img loading=\"lazy\" decoding=\"async\" class=\"aligncenter wp-image-11632 size-medium\" src=\"https:\/\/agora.xtec.cat\/insvescomtatdecabrera\/wp-content\/uploads\/usu724\/2021\/02\/9onsempreBR-300x290.jpg\" alt=\"\" width=\"300\" height=\"290\" srcset=\"https:\/\/agora.xtec.cat\/insvescomtatdecabrera\/wp-content\/uploads\/usu724\/2021\/02\/9onsempreBR-300x290.jpg 300w, https:\/\/agora.xtec.cat\/insvescomtatdecabrera\/wp-content\/uploads\/usu724\/2021\/02\/9onsempreBR-768x742.jpg 768w, https:\/\/agora.xtec.cat\/insvescomtatdecabrera\/wp-content\/uploads\/usu724\/2021\/02\/9onsempreBR-1024x989.jpg 1024w, https:\/\/agora.xtec.cat\/insvescomtatdecabrera\/wp-content\/uploads\/usu724\/2021\/02\/9onsempreBR.jpg 1280w\" sizes=\"auto, (max-width: 300px) 100vw, 300px\" \/><\/td>\n<td><img loading=\"lazy\" decoding=\"async\" class=\"aligncenter wp-image-11633 size-medium\" src=\"https:\/\/agora.xtec.cat\/insvescomtatdecabrera\/wp-content\/uploads\/usu724\/2021\/02\/Logo-Croket-Registrat-Tot-1-300x212.jpg\" alt=\"\" width=\"300\" height=\"212\" srcset=\"https:\/\/agora.xtec.cat\/insvescomtatdecabrera\/wp-content\/uploads\/usu724\/2021\/02\/Logo-Croket-Registrat-Tot-1-300x212.jpg 300w, https:\/\/agora.xtec.cat\/insvescomtatdecabrera\/wp-content\/uploads\/usu724\/2021\/02\/Logo-Croket-Registrat-Tot-1-768x543.jpg 768w, https:\/\/agora.xtec.cat\/insvescomtatdecabrera\/wp-content\/uploads\/usu724\/2021\/02\/Logo-Croket-Registrat-Tot-1-1024x724.jpg 1024w\" sizes=\"auto, (max-width: 300px) 100vw, 300px\" \/><\/td>\n<\/tr>\n<tr>\n<td><img loading=\"lazy\" decoding=\"async\" class=\"aligncenter wp-image-11631 size-medium\" src=\"https:\/\/agora.xtec.cat\/insvescomtatdecabrera\/wp-content\/uploads\/usu724\/2021\/02\/logo-Cafes-cornella-decoding-coffee-negre-300x197.png\" alt=\"\" width=\"300\" height=\"197\" srcset=\"https:\/\/agora.xtec.cat\/insvescomtatdecabrera\/wp-content\/uploads\/usu724\/2021\/02\/logo-Cafes-cornella-decoding-coffee-negre-300x197.png 300w, https:\/\/agora.xtec.cat\/insvescomtatdecabrera\/wp-content\/uploads\/usu724\/2021\/02\/logo-Cafes-cornella-decoding-coffee-negre.png 682w\" sizes=\"auto, (max-width: 300px) 100vw, 300px\" \/><\/td>\n<td><img loading=\"lazy\" decoding=\"async\" class=\"aligncenter wp-image-11634 size-medium\" src=\"https:\/\/agora.xtec.cat\/insvescomtatdecabrera\/wp-content\/uploads\/usu724\/2021\/02\/logo-flequers-vectoriat-300x212.jpg\" alt=\"\" width=\"300\" height=\"212\" srcset=\"https:\/\/agora.xtec.cat\/insvescomtatdecabrera\/wp-content\/uploads\/usu724\/2021\/02\/logo-flequers-vectoriat-300x212.jpg 300w, https:\/\/agora.xtec.cat\/insvescomtatdecabrera\/wp-content\/uploads\/usu724\/2021\/02\/logo-flequers-vectoriat-768x543.jpg 768w, https:\/\/agora.xtec.cat\/insvescomtatdecabrera\/wp-content\/uploads\/usu724\/2021\/02\/logo-flequers-vectoriat-1024x724.jpg 1024w\" sizes=\"auto, (max-width: 300px) 100vw, 300px\" \/><\/td>\n<td><img loading=\"lazy\" decoding=\"async\" class=\"aligncenter wp-image-11636 size-medium\" src=\"https:\/\/agora.xtec.cat\/insvescomtatdecabrera\/wp-content\/uploads\/usu724\/2021\/02\/Logo-Trias-300x283.jpg\" alt=\"\" width=\"300\" height=\"283\" srcset=\"https:\/\/agora.xtec.cat\/insvescomtatdecabrera\/wp-content\/uploads\/usu724\/2021\/02\/Logo-Trias-300x283.jpg 300w, https:\/\/agora.xtec.cat\/insvescomtatdecabrera\/wp-content\/uploads\/usu724\/2021\/02\/Logo-Trias-768x725.jpg 768w, https:\/\/agora.xtec.cat\/insvescomtatdecabrera\/wp-content\/uploads\/usu724\/2021\/02\/Logo-Trias.jpg 1024w\" sizes=\"auto, (max-width: 300px) 100vw, 300px\" \/><\/td>\n<td><img loading=\"lazy\" decoding=\"async\" class=\"aligncenter wp-image-11635 size-medium\" style=\"background-color: #f9f9f9;\" src=\"https:\/\/agora.xtec.cat\/insvescomtatdecabrera\/wp-content\/uploads\/usu724\/2021\/02\/logo-gremi-300x212.jpg\" alt=\"\" width=\"300\" height=\"212\" srcset=\"https:\/\/agora.xtec.cat\/insvescomtatdecabrera\/wp-content\/uploads\/usu724\/2021\/02\/logo-gremi-300x212.jpg 300w, https:\/\/agora.xtec.cat\/insvescomtatdecabrera\/wp-content\/uploads\/usu724\/2021\/02\/logo-gremi-768x543.jpg 768w, https:\/\/agora.xtec.cat\/insvescomtatdecabrera\/wp-content\/uploads\/usu724\/2021\/02\/logo-gremi-1024x724.jpg 1024w\" sizes=\"auto, (max-width: 300px) 100vw, 300px\" \/><\/td>\n<\/tr>\n<\/tbody>\n<\/table>\n<div><\/div>\n<\/div>\n","protected":false},"excerpt":{"rendered":"<p>En el nostre centre oferim formaci\u00f3 Dual en Elaboraci\u00f3 de Productes Alimentaris des del curs 2014\/2015. \u00c9s un cicle formatiu [&hellip;]<\/p>\n","protected":false},"author":3,"featured_media":0,"parent":986,"menu_order":0,"comment_status":"closed","ping_status":"closed","template":"","meta":{"_bbp_topic_count":0,"_bbp_reply_count":0,"_bbp_total_topic_count":0,"_bbp_total_reply_count":0,"_bbp_voice_count":0,"_bbp_anonymous_reply_count":0,"_bbp_topic_count_hidden":0,"_bbp_reply_count_hidden":0,"_bbp_forum_subforum_count":0,"site-sidebar-layout":"default","site-content-layout":"","ast-site-content-layout":"","site-content-style":"default","site-sidebar-style":"default","ast-global-header-display":"","ast-banner-title-visibility":"","ast-main-header-display":"","ast-hfb-above-header-display":"","ast-hfb-below-header-display":"","ast-hfb-mobile-header-display":"","site-post-title":"","ast-breadcrumbs-content":"","ast-featured-img":"","footer-sml-layout":"","theme-transparent-header-meta":"","adv-header-id-meta":"","stick-header-meta":"","header-above-stick-meta":"","header-main-stick-meta":"","header-below-stick-meta":"","astra-migrate-meta-layouts":"default","ast-page-background-enabled":"default","ast-page-background-meta":{"desktop":{"background-color":"var(--ast-global-color-4)","background-image":"","background-repeat":"repeat","background-position":"center center","background-size":"auto","background-attachment":"scroll","background-type":"","background-media":"","overlay-type":"","overlay-color":"","overlay-opacity":"","overlay-gradient":""},"tablet":{"background-color":"","background-image":"","background-repeat":"repeat","background-position":"center center","background-size":"auto","background-attachment":"scroll","background-type":"","background-media":"","overlay-type":"","overlay-color":"","overlay-opacity":"","overlay-gradient":""},"mobile":{"background-color":"","background-image":"","background-repeat":"repeat","background-position":"center center","background-size":"auto","background-attachment":"scroll","background-type":"","background-media":"","overlay-type":"","overlay-color":"","overlay-opacity":"","overlay-gradient":""}},"ast-content-background-meta":{"desktop":{"background-color":"var(--ast-global-color-5)","background-image":"","background-repeat":"repeat","background-position":"center center","background-size":"auto","background-attachment":"scroll","background-type":"","background-media":"","overlay-type":"","overlay-color":"","overlay-opacity":"","overlay-gradient":""},"tablet":{"background-color":"var(--ast-global-color-5)","background-image":"","background-repeat":"repeat","background-position":"center center","background-size":"auto","background-attachment":"scroll","background-type":"","background-media":"","overlay-type":"","overlay-color":"","overlay-opacity":"","overlay-gradient":""},"mobile":{"background-color":"var(--ast-global-color-5)","background-image":"","background-repeat":"repeat","background-position":"center center","background-size":"auto","background-attachment":"scroll","background-type":"","background-media":"","overlay-type":"","overlay-color":"","overlay-opacity":"","overlay-gradient":""}},"footnotes":""},"class_list":["post-11582","page","type-page","status-publish","hentry"],"post_mailing_queue_ids":[],"_links":{"self":[{"href":"https:\/\/agora.xtec.cat\/insvescomtatdecabrera\/wp-json\/wp\/v2\/pages\/11582","targetHints":{"allow":["GET"]}}],"collection":[{"href":"https:\/\/agora.xtec.cat\/insvescomtatdecabrera\/wp-json\/wp\/v2\/pages"}],"about":[{"href":"https:\/\/agora.xtec.cat\/insvescomtatdecabrera\/wp-json\/wp\/v2\/types\/page"}],"author":[{"embeddable":true,"href":"https:\/\/agora.xtec.cat\/insvescomtatdecabrera\/wp-json\/wp\/v2\/users\/3"}],"replies":[{"embeddable":true,"href":"https:\/\/agora.xtec.cat\/insvescomtatdecabrera\/wp-json\/wp\/v2\/comments?post=11582"}],"version-history":[{"count":4,"href":"https:\/\/agora.xtec.cat\/insvescomtatdecabrera\/wp-json\/wp\/v2\/pages\/11582\/revisions"}],"predecessor-version":[{"id":11645,"href":"https:\/\/agora.xtec.cat\/insvescomtatdecabrera\/wp-json\/wp\/v2\/pages\/11582\/revisions\/11645"}],"up":[{"embeddable":true,"href":"https:\/\/agora.xtec.cat\/insvescomtatdecabrera\/wp-json\/wp\/v2\/pages\/986"}],"wp:attachment":[{"href":"https:\/\/agora.xtec.cat\/insvescomtatdecabrera\/wp-json\/wp\/v2\/media?parent=11582"}],"curies":[{"name":"wp","href":"https:\/\/api.w.org\/{rel}","templated":true}]}}