{"id":11153,"date":"2020-06-05T22:39:30","date_gmt":"2020-06-05T20:39:30","guid":{"rendered":"http:\/\/agora.xtec.cat\/insvescomtatdecabrera\/?page_id=11153"},"modified":"2020-07-20T10:38:14","modified_gmt":"2020-07-20T08:38:14","slug":"preinscripcio-i-matricula-pfi","status":"publish","type":"page","link":"https:\/\/agora.xtec.cat\/insvescomtatdecabrera\/secretaria\/preinscripcions-i-matricula\/preinscripcio-i-matricula-20-21\/preinscripcio-i-matricula-pfi\/","title":{"rendered":"PREINSCRIPCI\u00d3 I MATR\u00cdCULA PFI"},"content":{"rendered":"<h2>MATR\u00cdCULA CURS 2020-21<\/h2>\n<p><span style=\"font-family: inherit; font-size: 1em;\"><strong><img loading=\"lazy\" decoding=\"async\" class=\"wp-image-11287 alignnone\" src=\"https:\/\/agora.xtec.cat\/insvescomtatdecabrera\/wp-content\/uploads\/usu724\/2020\/06\/FLETXA.gif\" alt=\"\" width=\"17\" height=\"17\" \/>\u00a0<\/strong><a href=\"http:\/\/queestudiar.gencat.cat\/ca\/preinscripcio\/estudis\/pfi\/calendari\/\">Alumnes\u00a0<strong>preinscrits<\/strong>\u00a0amb pla\u00e7a assignada a\u00a0<strong>PFI<\/strong>:<\/a>\u00a0de l&#8217;<strong>1 al 10 de setembre de 2020.<\/strong><\/span><\/p>\n<p><img loading=\"lazy\" decoding=\"async\" class=\"wp-image-10385 alignnone\" src=\"https:\/\/agora.xtec.cat\/insvescomtatdecabrera\/wp-content\/uploads\/usu724\/2019\/09\/ma.png\" alt=\"\" width=\"28\" height=\"28\" srcset=\"https:\/\/agora.xtec.cat\/insvescomtatdecabrera\/wp-content\/uploads\/usu724\/2019\/09\/ma.png 225w, https:\/\/agora.xtec.cat\/insvescomtatdecabrera\/wp-content\/uploads\/usu724\/2019\/09\/ma-150x150.png 150w\" sizes=\"auto, (max-width: 28px) 100vw, 28px\" \/>\u00a0<a href=\"https:\/\/drive.google.com\/file\/d\/1hR28wkr3vk-2MZp_U0OOvOXcqoZK8Ypx\/view?usp=sharing\">Barem definitiu de les preinscripcions de PFI<\/a><a href=\"https:\/\/agora.xtec.cat\/insvescomtatdecabrera\/secretaria\/preinscripcions-i-matricula\/preinscripcio-i-matricula-20-21\/\" data-wp-editing=\"1\">.<\/a><br \/>\n<a href=\"https:\/\/drive.google.com\/file\/d\/1nsfdprofW1qrq0uuoUNr43rNX8JLT6rN\/view?usp=sharing\"><img loading=\"lazy\" decoding=\"async\" class=\"wp-image-10385 alignnone\" src=\"https:\/\/agora.xtec.cat\/insvescomtatdecabrera\/wp-content\/uploads\/usu724\/2019\/09\/ma.png\" alt=\"\" width=\"28\" height=\"28\" srcset=\"https:\/\/agora.xtec.cat\/insvescomtatdecabrera\/wp-content\/uploads\/usu724\/2019\/09\/ma.png 225w, https:\/\/agora.xtec.cat\/insvescomtatdecabrera\/wp-content\/uploads\/usu724\/2019\/09\/ma-150x150.png 150w\" sizes=\"auto, (max-width: 28px) 100vw, 28px\" \/> Llistat d&#8217;alumnes admesos<\/a>. Publicaci\u00f3 20 de juliol.<\/p>\n<table style=\"height: 160px;\">\n<tbody>\n<tr>\n<td style=\"width: 210px; background-color: #f5dada;\">\n<h3 style=\"text-align: center;\">ESO<\/h3>\n<\/td>\n<td style=\"width: 173.333px; background-color: #e9f5f0;\">\n<h3 style=\"text-align: center;\"><span style=\"color: #000000;\">CFGM<\/span><\/h3>\n<\/td>\n<td style=\"width: 172.667px; background-color: #b2e3ed;\">\n<h3 style=\"text-align: center;\"><span style=\"color: #000000;\">PFI<\/span><\/h3>\n<\/td>\n<\/tr>\n<tr>\n<td style=\"width: 141.333px;\">\n<h3 style=\"text-align: center;\"><span style=\"color: #000000;\">13-22 MAIG<\/span><\/h3>\n<p style=\"text-align: center;\">Cita pr\u00e8via des de divendres <em>15 de maig<\/em> de <strong>9 a 13:30<\/strong> de <em>dilluns a divendres<\/em><\/p>\n<h4 style=\"text-align: center;\"><span style=\"color: #ff0000;\">722 31 41 66<\/span><\/h4>\n<p style=\"text-align: center;\"><a href=\"https:\/\/drive.google.com\/file\/d\/1Rl3njESFVFAMPkBftnxx5FHpdcGrXMA1\/view\">PORTES OBERTES VIRTUALS<\/a><\/p>\n<p><a href=\"https:\/\/drive.google.com\/file\/d\/1Rl3njESFVFAMPkBftnxx5FHpdcGrXMA1\/view\" target=\"_blank\" rel=\"noopener noreferrer\"><img loading=\"lazy\" decoding=\"async\" class=\"wp-image-10929 size-full aligncenter\" src=\"https:\/\/agora.xtec.cat\/insvescomtatdecabrera\/wp-content\/uploads\/usu724\/2020\/05\/video1-e1588798187161.png\" alt=\"\" width=\"50\" height=\"50\" \/><\/a><\/td>\n<td style=\"width: 210px;\">\n<h3 style=\"text-align: center;\"><span style=\"color: #000000;\">27 MAIG-3 JUNY<\/span><\/h3>\n<div style=\"text-align: center;\">\n<p><a href=\"http:\/\/queestudiar.gencat.cat\/ca\/preinscripcio\/estudis\/batxillerat\/\"><span style=\"color: #000000;\">Nom\u00e9s telem\u00e0ticament<\/span><\/a><\/p>\n<\/div>\n<div>\n<p style=\"text-align: center;\">PORTES OBERTES VIRTUALS<\/p>\n<p><img loading=\"lazy\" decoding=\"async\" class=\"aligncenter wp-image-10929 size-full\" src=\"https:\/\/agora.xtec.cat\/insvescomtatdecabrera\/wp-content\/uploads\/usu724\/2020\/05\/video1-e1588798187161.png\" alt=\"\" width=\"50\" height=\"50\" \/><\/p>\n<\/div>\n<\/td>\n<td style=\"width: 173.333px;\">\n<h3 style=\"text-align: center;\"><span style=\"color: #000000;\">2-8\u00a0 JUNY<\/span><\/h3>\n<p style=\"text-align: center;\"><a href=\"http:\/\/queestudiar.gencat.cat\/ca\/preinscripcio\/estudis\/fp-gm\/\">Nom\u00e9s telem\u00e0ticament<\/a><\/p>\n<p style=\"text-align: center;\">PORTES OBERTES VIRTUALS<\/p>\n<p><img loading=\"lazy\" decoding=\"async\" class=\"aligncenter wp-image-10929 size-full\" src=\"https:\/\/agora.xtec.cat\/insvescomtatdecabrera\/wp-content\/uploads\/usu724\/2020\/05\/video1-e1588798187161.png\" alt=\"\" width=\"50\" height=\"50\" \/><\/td>\n<td style=\"width: 172.667px;\">\n<h3 style=\"text-align: center;\"><span style=\"color: #000000;\">25 de maig fins 5 de juny<\/span><\/h3>\n<p style=\"text-align: center;\"><a href=\"http:\/\/queestudiar.gencat.cat\/ca\/preinscripcio\/estudis\/pfi\/\">Nom\u00e9s telem\u00e0ticament<\/a><\/p>\n<p style=\"text-align: center;\"><a href=\"https:\/\/drive.google.com\/open?id=1s1bZF-kbCo4UEPLjs-bLuW_swzrH8mF9\">LLIBRET INFORMATIU<\/a><\/p>\n<p>&nbsp;<\/td>\n<\/tr>\n<\/tbody>\n<\/table>\n<h4><span style=\"color: #000000;\"><strong>Documentaci\u00f3 relativa a la preinscripci\u00f3.<\/strong><\/span><\/h4>\n<p><a href=\"http:\/\/queestudiar.gencat.cat\/ca\/preinscripcio\/estudis\/pfi\/\"><strong>PFI\u00b7Preinscripci\u00f3 del 25 de maig al 5 de juny.<\/strong><\/a><\/p>\n<p style=\"padding-left: 40px;\"><img loading=\"lazy\" decoding=\"async\" class=\"alignnone wp-image-863\" src=\"https:\/\/agora.xtec.cat\/insvescomtatdecabrera\/wp-content\/uploads\/usu724\/2014\/09\/fletxa_verda.gif\" alt=\"\" width=\"15\" height=\"15\" \/> <a href=\"https:\/\/drive.google.com\/open?id=1s1bZF-kbCo4UEPLjs-bLuW_swzrH8mF9\">Llibret informatiu.<\/a><br \/>\n<img loading=\"lazy\" decoding=\"async\" class=\"alignnone wp-image-863\" src=\"https:\/\/agora.xtec.cat\/insvescomtatdecabrera\/wp-content\/uploads\/usu724\/2014\/09\/fletxa_verda.gif\" alt=\"\" width=\"15\" height=\"15\" \/> <a href=\"https:\/\/drive.google.com\/open?id=19oDvTTBrgCKDBP_GrhmBD1PbpVKh7Um0\">Oferta inicial de places PFI<\/a><br \/>\n<img loading=\"lazy\" decoding=\"async\" class=\"alignnone wp-image-863\" src=\"https:\/\/agora.xtec.cat\/insvescomtatdecabrera\/wp-content\/uploads\/usu724\/2014\/09\/fletxa_verda.gif\" alt=\"\" width=\"15\" height=\"15\" \/> <a href=\"https:\/\/drive.google.com\/open?id=1myg3k-hk9C34md1I-lI4WuUTH00YI0er\">Infografia Gencat<\/a>.<br \/>\n<img loading=\"lazy\" decoding=\"async\" class=\"alignnone wp-image-863\" src=\"https:\/\/agora.xtec.cat\/insvescomtatdecabrera\/wp-content\/uploads\/usu724\/2014\/09\/fletxa_verda.gif\" alt=\"\" width=\"15\" height=\"15\" \/><a href=\"https:\/\/drive.google.com\/open?id=1Nnu3onPQTn1EDarscn-SUaWPhGL2UijH\"> Programa de Formaci\u00f3 i Inserci\u00f3\u00b7Hoteleria i turisme\u00b7 Auxiliar de forneria i pastisseria.\u00a0<\/a><br \/>\n<img loading=\"lazy\" decoding=\"async\" class=\"alignnone\" src=\"https:\/\/lh3.googleusercontent.com\/pw\/ACtC-3cWPCLigEs8F2x8lActQzQi9i4MuNJmYzg5ecpDB4WJc5t9pYFgkY4ao2UhD7LsdsX0Vn6ASoxDJNwWUJ-ligOXQHJCtmYrQ4c7Y-E83gqtQLlhqzl1CU6KHMuBS3ZwrlCIq8wp03uX1ln_UJOhhm0QSw=w826-h1154-no?authuser=3\" alt=\"\" width=\"310\" height=\"434\" \/><img loading=\"lazy\" decoding=\"async\" class=\"alignnone\" src=\"https:\/\/lh3.googleusercontent.com\/pw\/ACtC-3fmyBvejrb57V88Ry_Vno4wbtr4_dK6BBeKS2gMs3eTIhHApXme8M26ELTzyjuu-IKYVycVoixVqOGjwBTQIYbFsf-Sb6aJgp0VQ0v59_-LyPZOzYc2AY3Xnn4TjqZD80TycrxfMqnOruPvlP91EVWkXg=w586-h827-no?authuser=3\" width=\"309\" height=\"437\" \/><\/p>\n","protected":false},"excerpt":{"rendered":"<p>MATR\u00cdCULA CURS 2020-21 \u00a0Alumnes\u00a0preinscrits\u00a0amb pla\u00e7a assignada a\u00a0PFI:\u00a0de l&#8217;1 al 10 de setembre de 2020. \u00a0Barem definitiu de les preinscripcions de [&hellip;]<\/p>\n","protected":false},"author":3,"featured_media":0,"parent":10949,"menu_order":0,"comment_status":"closed","ping_status":"closed","template":"","meta":{"_bbp_topic_count":0,"_bbp_reply_count":0,"_bbp_total_topic_count":0,"_bbp_total_reply_count":0,"_bbp_voice_count":0,"_bbp_anonymous_reply_count":0,"_bbp_topic_count_hidden":0,"_bbp_reply_count_hidden":0,"_bbp_forum_subforum_count":0,"site-sidebar-layout":"default","site-content-layout":"","ast-site-content-layout":"","site-content-style":"default","site-sidebar-style":"default","ast-global-header-display":"","ast-banner-title-visibility":"","ast-main-header-display":"","ast-hfb-above-header-display":"","ast-hfb-below-header-display":"","ast-hfb-mobile-header-display":"","site-post-title":"","ast-breadcrumbs-content":"","ast-featured-img":"","footer-sml-layout":"","theme-transparent-header-meta":"","adv-header-id-meta":"","stick-header-meta":"","header-above-stick-meta":"","header-main-stick-meta":"","header-below-stick-meta":"","astra-migrate-meta-layouts":"default","ast-page-background-enabled":"default","ast-page-background-meta":{"desktop":{"background-color":"var(--ast-global-color-4)","background-image":"","background-repeat":"repeat","background-position":"center center","background-size":"auto","background-attachment":"scroll","background-type":"","background-media":"","overlay-type":"","overlay-color":"","overlay-opacity":"","overlay-gradient":""},"tablet":{"background-color":"","background-image":"","background-repeat":"repeat","background-position":"center center","background-size":"auto","background-attachment":"scroll","background-type":"","background-media":"","overlay-type":"","overlay-color":"","overlay-opacity":"","overlay-gradient":""},"mobile":{"background-color":"","background-image":"","background-repeat":"repeat","background-position":"center center","background-size":"auto","background-attachment":"scroll","background-type":"","background-media":"","overlay-type":"","overlay-color":"","overlay-opacity":"","overlay-gradient":""}},"ast-content-background-meta":{"desktop":{"background-color":"var(--ast-global-color-5)","background-image":"","background-repeat":"repeat","background-position":"center center","background-size":"auto","background-attachment":"scroll","background-type":"","background-media":"","overlay-type":"","overlay-color":"","overlay-opacity":"","overlay-gradient":""},"tablet":{"background-color":"var(--ast-global-color-5)","background-image":"","background-repeat":"repeat","background-position":"center center","background-size":"auto","background-attachment":"scroll","background-type":"","background-media":"","overlay-type":"","overlay-color":"","overlay-opacity":"","overlay-gradient":""},"mobile":{"background-color":"var(--ast-global-color-5)","background-image":"","background-repeat":"repeat","background-position":"center center","background-size":"auto","background-attachment":"scroll","background-type":"","background-media":"","overlay-type":"","overlay-color":"","overlay-opacity":"","overlay-gradient":""}},"footnotes":""},"class_list":["post-11153","page","type-page","status-publish","hentry"],"post_mailing_queue_ids":[],"_links":{"self":[{"href":"https:\/\/agora.xtec.cat\/insvescomtatdecabrera\/wp-json\/wp\/v2\/pages\/11153","targetHints":{"allow":["GET"]}}],"collection":[{"href":"https:\/\/agora.xtec.cat\/insvescomtatdecabrera\/wp-json\/wp\/v2\/pages"}],"about":[{"href":"https:\/\/agora.xtec.cat\/insvescomtatdecabrera\/wp-json\/wp\/v2\/types\/page"}],"author":[{"embeddable":true,"href":"https:\/\/agora.xtec.cat\/insvescomtatdecabrera\/wp-json\/wp\/v2\/users\/3"}],"replies":[{"embeddable":true,"href":"https:\/\/agora.xtec.cat\/insvescomtatdecabrera\/wp-json\/wp\/v2\/comments?post=11153"}],"version-history":[{"count":3,"href":"https:\/\/agora.xtec.cat\/insvescomtatdecabrera\/wp-json\/wp\/v2\/pages\/11153\/revisions"}],"predecessor-version":[{"id":11326,"href":"https:\/\/agora.xtec.cat\/insvescomtatdecabrera\/wp-json\/wp\/v2\/pages\/11153\/revisions\/11326"}],"up":[{"embeddable":true,"href":"https:\/\/agora.xtec.cat\/insvescomtatdecabrera\/wp-json\/wp\/v2\/pages\/10949"}],"wp:attachment":[{"href":"https:\/\/agora.xtec.cat\/insvescomtatdecabrera\/wp-json\/wp\/v2\/media?parent=11153"}],"curies":[{"name":"wp","href":"https:\/\/api.w.org\/{rel}","templated":true}]}}