{"id":10712,"date":"2020-03-09T08:57:46","date_gmt":"2020-03-09T07:57:46","guid":{"rendered":"http:\/\/agora.xtec.cat\/insvescomtatdecabrera\/?page_id=10712"},"modified":"2026-02-04T12:58:24","modified_gmt":"2026-02-04T11:58:24","slug":"edvoice","status":"publish","type":"page","link":"https:\/\/agora.xtec.cat\/insvescomtatdecabrera\/serveis\/edvoice\/","title":{"rendered":"EdVoice"},"content":{"rendered":"<p>El curs 19-20, l&#8217;Institut Vescomtat de Cabrera va incorporar l&#8217;\u00fas de les plataformes <a href=\"https:\/\/www.additioapp.com\/ca\/\" target=\"_blank\" rel=\"noopener noreferrer\">Additio<\/a> i <a href=\"https:\/\/www.additioapp.com\/ca\/edvoice\/\" target=\"_blank\" rel=\"noopener noreferrer\">EdVoice<\/a> de gesti\u00f3 acad\u00e8mica i comunicaci\u00f3.<\/p>\n<p>L&#8217;aplicaci\u00f3 <a href=\"https:\/\/www.additioapp.com\/ca\/\" target=\"_blank\" rel=\"noopener noreferrer\">Additio<\/a> permet al professorat fer una millor gesti\u00f3 de les classes a nivell organitzatiu, treballar de manera col\u00b7laborativa i fomentar l&#8217;aprenentatge dels estudiants, aix\u00ed com tamb\u00e9 establir una millor comunicaci\u00f3 amb les fam\u00edlies.<\/p>\n<p>Per facilitar la comunicaci\u00f3 amb les fam\u00edlies, l&#8217;aplicaci\u00f3 <a href=\"https:\/\/www.additioapp.com\/ca\/edvoice\/\" target=\"_blank\" rel=\"noopener noreferrer\">EdVoice<\/a> permet rebre informaci\u00f3 sobre l&#8217;assist\u00e8ncia, notes, documents i comunicacions del professorat, entre d&#8217;altres, de manera privada, aix\u00ed com tamb\u00e9 fer un seguiment i tenir un registre del proc\u00e9s d&#8217;ensenyament-aprenentatge de l&#8217;alumnat individualment.<\/p>\n<p>Aix\u00ed doncs, les comunicacions oficials de l&#8217;Institut Vescomtat de Cabrera es reben en temps real a trav\u00e9s de l&#8217;aplicaci\u00f3 de l&#8217;<a href=\"https:\/\/www.additioapp.com\/ca\/edvoice\/\" target=\"_blank\" rel=\"noopener noreferrer\">EdVoice<\/a>. Podeu descarregar-vos l&#8217;aplicaci\u00f3 des del vostre m\u00f2bil a continuaci\u00f3:<\/p>\n<table>\n<tbody>\n<tr>\n<td><a href=\"https:\/\/itunes.apple.com\/es\/app\/additio-teachers-gradebook\/id908748733?l=es&amp;ls=1&amp;mt=8\" target=\"_blank\" rel=\"noopener noreferrer\"><img loading=\"lazy\" decoding=\"async\" class=\"aligncenter size-full wp-image-10714\" src=\"https:\/\/agora.xtec.cat\/insvescomtatdecabrera\/wp-content\/uploads\/usu724\/2020\/03\/app-store.png\" alt=\"\" width=\"359\" height=\"106\" srcset=\"https:\/\/agora.xtec.cat\/insvescomtatdecabrera\/wp-content\/uploads\/usu724\/2020\/03\/app-store.png 359w, https:\/\/agora.xtec.cat\/insvescomtatdecabrera\/wp-content\/uploads\/usu724\/2020\/03\/app-store-300x89.png 300w\" sizes=\"auto, (max-width: 359px) 100vw, 359px\" \/><\/a><\/td>\n<td><a href=\"https:\/\/play.google.com\/store\/apps\/details?id=com.additioapp.edvoice\" target=\"_blank\" rel=\"noopener noreferrer\"><img loading=\"lazy\" decoding=\"async\" class=\"aligncenter size-full wp-image-10715\" src=\"https:\/\/agora.xtec.cat\/insvescomtatdecabrera\/wp-content\/uploads\/usu724\/2020\/03\/google-play.png\" alt=\"\" width=\"359\" height=\"106\" srcset=\"https:\/\/agora.xtec.cat\/insvescomtatdecabrera\/wp-content\/uploads\/usu724\/2020\/03\/google-play.png 359w, https:\/\/agora.xtec.cat\/insvescomtatdecabrera\/wp-content\/uploads\/usu724\/2020\/03\/google-play-300x89.png 300w\" sizes=\"auto, (max-width: 359px) 100vw, 359px\" \/><\/a><\/td>\n<\/tr>\n<\/tbody>\n<\/table>\n<p>Clicant a continuaci\u00f3, trobareu un <a href=\"https:\/\/drive.google.com\/file\/d\/1oMzS8RdCLgmHJaCNafwNlwZg-moXPgwk\/view?usp=sharing\">v\u00eddeo-tutorial<\/a> amb el funcionament b\u00e0sic de l&#8217;aplicaci\u00f3 EdVoice.<\/p>\n<p>\u00a0<\/p>\n\n","protected":false},"excerpt":{"rendered":"<p>El curs 19-20, l&#8217;Institut Vescomtat de Cabrera va incorporar l&#8217;\u00fas de les plataformes Additio i EdVoice de gesti\u00f3 acad\u00e8mica i [&hellip;]<\/p>\n","protected":false},"author":3,"featured_media":0,"parent":63,"menu_order":0,"comment_status":"closed","ping_status":"closed","template":"","meta":{"_bbp_topic_count":0,"_bbp_reply_count":0,"_bbp_total_topic_count":0,"_bbp_total_reply_count":0,"_bbp_voice_count":0,"_bbp_anonymous_reply_count":0,"_bbp_topic_count_hidden":0,"_bbp_reply_count_hidden":0,"_bbp_forum_subforum_count":0,"site-sidebar-layout":"default","site-content-layout":"","ast-site-content-layout":"default","site-content-style":"default","site-sidebar-style":"default","ast-global-header-display":"","ast-banner-title-visibility":"","ast-main-header-display":"","ast-hfb-above-header-display":"","ast-hfb-below-header-display":"","ast-hfb-mobile-header-display":"","site-post-title":"","ast-breadcrumbs-content":"","ast-featured-img":"","footer-sml-layout":"","theme-transparent-header-meta":"","adv-header-id-meta":"","stick-header-meta":"","header-above-stick-meta":"","header-main-stick-meta":"","header-below-stick-meta":"","astra-migrate-meta-layouts":"set","ast-page-background-enabled":"default","ast-page-background-meta":{"desktop":{"background-color":"var(--ast-global-color-4)","background-image":"","background-repeat":"repeat","background-position":"center center","background-size":"auto","background-attachment":"scroll","background-type":"","background-media":"","overlay-type":"","overlay-color":"","overlay-opacity":"","overlay-gradient":""},"tablet":{"background-color":"","background-image":"","background-repeat":"repeat","background-position":"center center","background-size":"auto","background-attachment":"scroll","background-type":"","background-media":"","overlay-type":"","overlay-color":"","overlay-opacity":"","overlay-gradient":""},"mobile":{"background-color":"","background-image":"","background-repeat":"repeat","background-position":"center center","background-size":"auto","background-attachment":"scroll","background-type":"","background-media":"","overlay-type":"","overlay-color":"","overlay-opacity":"","overlay-gradient":""}},"ast-content-background-meta":{"desktop":{"background-color":"var(--ast-global-color-5)","background-image":"","background-repeat":"repeat","background-position":"center center","background-size":"auto","background-attachment":"scroll","background-type":"","background-media":"","overlay-type":"","overlay-color":"","overlay-opacity":"","overlay-gradient":""},"tablet":{"background-color":"var(--ast-global-color-5)","background-image":"","background-repeat":"repeat","background-position":"center center","background-size":"auto","background-attachment":"scroll","background-type":"","background-media":"","overlay-type":"","overlay-color":"","overlay-opacity":"","overlay-gradient":""},"mobile":{"background-color":"var(--ast-global-color-5)","background-image":"","background-repeat":"repeat","background-position":"center center","background-size":"auto","background-attachment":"scroll","background-type":"","background-media":"","overlay-type":"","overlay-color":"","overlay-opacity":"","overlay-gradient":""}},"footnotes":""},"class_list":["post-10712","page","type-page","status-publish","hentry"],"post_mailing_queue_ids":[],"_links":{"self":[{"href":"https:\/\/agora.xtec.cat\/insvescomtatdecabrera\/wp-json\/wp\/v2\/pages\/10712","targetHints":{"allow":["GET"]}}],"collection":[{"href":"https:\/\/agora.xtec.cat\/insvescomtatdecabrera\/wp-json\/wp\/v2\/pages"}],"about":[{"href":"https:\/\/agora.xtec.cat\/insvescomtatdecabrera\/wp-json\/wp\/v2\/types\/page"}],"author":[{"embeddable":true,"href":"https:\/\/agora.xtec.cat\/insvescomtatdecabrera\/wp-json\/wp\/v2\/users\/3"}],"replies":[{"embeddable":true,"href":"https:\/\/agora.xtec.cat\/insvescomtatdecabrera\/wp-json\/wp\/v2\/comments?post=10712"}],"version-history":[{"count":4,"href":"https:\/\/agora.xtec.cat\/insvescomtatdecabrera\/wp-json\/wp\/v2\/pages\/10712\/revisions"}],"predecessor-version":[{"id":14415,"href":"https:\/\/agora.xtec.cat\/insvescomtatdecabrera\/wp-json\/wp\/v2\/pages\/10712\/revisions\/14415"}],"up":[{"embeddable":true,"href":"https:\/\/agora.xtec.cat\/insvescomtatdecabrera\/wp-json\/wp\/v2\/pages\/63"}],"wp:attachment":[{"href":"https:\/\/agora.xtec.cat\/insvescomtatdecabrera\/wp-json\/wp\/v2\/media?parent=10712"}],"curies":[{"name":"wp","href":"https:\/\/api.w.org\/{rel}","templated":true}]}}