{"id":2542,"date":"2022-01-21T13:34:14","date_gmt":"2022-01-21T12:34:14","guid":{"rendered":"https:\/\/agora.xtec.cat\/insvapordelfil\/?page_id=2542"},"modified":"2023-01-16T14:42:39","modified_gmt":"2023-01-16T13:42:39","slug":"radio-fila","status":"publish","type":"page","link":"https:\/\/agora.xtec.cat\/insvapordelfil\/noticies-fresques\/radio-fila\/","title":{"rendered":"R\u00e0dio Fila"},"content":{"rendered":"\n<p>Enguany hem impulsat el taller de r\u00e0dio, un taller amb un grup redu\u00eft que pret\u00e9n refor\u00e7ar l\u2019oralitat, fomentar el treball en equip i el gaudi en l\u2019expressi\u00f3 oral i el domini de les t\u00e8cniques que en formen part. Tamb\u00e9 \u00e9s una meravella comptar amb els espais de la R\u00e0dio Fabra, amb un t\u00e8cnic que ens explica com funciona la r\u00e0dio de veritat i poder enregistrar-ho amb ell, com si f\u00f3ssim professionals.\u00a0 Estem acabant de muntar una pe\u00e7a definitiva que s\u2019emetr\u00e0 des de r\u00e0dio Fabra, de moment us deixem <a href=\"https:\/\/www.barcelona.cat\/fabraicoats\/ca\/radio-fabra\/programes\/radio-fila\" target=\"_blank\" rel=\"noreferrer noopener\"><strong>un tastet<\/strong><\/a> amb el bo i millor dels nostres locutors i locutores de l\u2019institut!\u00a0<\/p>\n\n\n\n<div class=\"wp-block-image\"><figure class=\"alignleft size-medium\"><a href=\"https:\/\/agora.xtec.cat\/insvapordelfil\/wp-content\/uploads\/usu2110\/2022\/02\/5789853324076497413_121.jpg\"><img loading=\"lazy\" decoding=\"async\" width=\"300\" height=\"225\" src=\"https:\/\/agora.xtec.cat\/insvapordelfil\/wp-content\/uploads\/usu2110\/2022\/02\/5789853324076497413_121-300x225.jpg\" alt=\"\" class=\"wp-image-2747\" srcset=\"https:\/\/agora.xtec.cat\/insvapordelfil\/wp-content\/uploads\/usu2110\/2022\/02\/5789853324076497413_121-300x225.jpg 300w, https:\/\/agora.xtec.cat\/insvapordelfil\/wp-content\/uploads\/usu2110\/2022\/02\/5789853324076497413_121-1024x768.jpg 1024w, https:\/\/agora.xtec.cat\/insvapordelfil\/wp-content\/uploads\/usu2110\/2022\/02\/5789853324076497413_121-768x576.jpg 768w, https:\/\/agora.xtec.cat\/insvapordelfil\/wp-content\/uploads\/usu2110\/2022\/02\/5789853324076497413_121-200x150.jpg 200w, https:\/\/agora.xtec.cat\/insvapordelfil\/wp-content\/uploads\/usu2110\/2022\/02\/5789853324076497413_121.jpg 1280w\" sizes=\"auto, (max-width: 300px) 100vw, 300px\" \/><\/a><\/figure><\/div>\n\n\n\n<div class=\"wp-block-image\"><figure class=\"alignleft size-medium\"><a href=\"https:\/\/agora.xtec.cat\/insvapordelfil\/wp-content\/uploads\/usu2110\/2022\/02\/5789853324076497412_121.jpg\"><img loading=\"lazy\" decoding=\"async\" width=\"300\" height=\"225\" src=\"https:\/\/agora.xtec.cat\/insvapordelfil\/wp-content\/uploads\/usu2110\/2022\/02\/5789853324076497412_121-300x225.jpg\" alt=\"\" class=\"wp-image-2748\" srcset=\"https:\/\/agora.xtec.cat\/insvapordelfil\/wp-content\/uploads\/usu2110\/2022\/02\/5789853324076497412_121-300x225.jpg 300w, https:\/\/agora.xtec.cat\/insvapordelfil\/wp-content\/uploads\/usu2110\/2022\/02\/5789853324076497412_121-1024x768.jpg 1024w, https:\/\/agora.xtec.cat\/insvapordelfil\/wp-content\/uploads\/usu2110\/2022\/02\/5789853324076497412_121-768x576.jpg 768w, https:\/\/agora.xtec.cat\/insvapordelfil\/wp-content\/uploads\/usu2110\/2022\/02\/5789853324076497412_121-200x150.jpg 200w, https:\/\/agora.xtec.cat\/insvapordelfil\/wp-content\/uploads\/usu2110\/2022\/02\/5789853324076497412_121.jpg 1280w\" sizes=\"auto, (max-width: 300px) 100vw, 300px\" \/><\/a><\/figure><\/div>\n\n\n\n<figure class=\"wp-block-image size-large\"><a href=\"https:\/\/agora.xtec.cat\/insvapordelfil\/wp-content\/uploads\/usu2110\/2022\/02\/unnamed.jpg\"><img loading=\"lazy\" decoding=\"async\" width=\"814\" height=\"1085\" src=\"https:\/\/agora.xtec.cat\/insvapordelfil\/wp-content\/uploads\/usu2110\/2022\/02\/unnamed-edited.jpg\" alt=\"\" class=\"wp-image-2795\" srcset=\"https:\/\/agora.xtec.cat\/insvapordelfil\/wp-content\/uploads\/usu2110\/2022\/02\/unnamed-edited.jpg 814w, https:\/\/agora.xtec.cat\/insvapordelfil\/wp-content\/uploads\/usu2110\/2022\/02\/unnamed-edited-225x300.jpg 225w, https:\/\/agora.xtec.cat\/insvapordelfil\/wp-content\/uploads\/usu2110\/2022\/02\/unnamed-edited-768x1024.jpg 768w\" sizes=\"auto, (max-width: 814px) 100vw, 814px\" \/><\/a><\/figure>\n","protected":false},"excerpt":{"rendered":"<p>Enguany hem impulsat el taller de r\u00e0dio, un taller amb un grup redu\u00eft que pret\u00e9n refor\u00e7ar l\u2019oralitat, fomentar el treball en equip i el gaudi en l\u2019expressi\u00f3 oral i el domini de les t\u00e8cniques que en formen part. Tamb\u00e9 \u00e9s una meravella comptar amb els&hellip;  <a href=\"https:\/\/agora.xtec.cat\/insvapordelfil\/noticies-fresques\/radio-fila\/\" title=\"Read R\u00e0dio Fila\">Llegeix m\u00e9s\u00bb<\/a><\/p>\n","protected":false},"author":1,"featured_media":0,"parent":2375,"menu_order":0,"comment_status":"closed","ping_status":"close","template":"page-templates\/side-menu.php","meta":{"_bbp_topic_count":0,"_bbp_reply_count":0,"_bbp_total_topic_count":0,"_bbp_total_reply_count":0,"_bbp_voice_count":0,"_bbp_anonymous_reply_count":0,"_bbp_topic_count_hidden":0,"_bbp_reply_count_hidden":0,"_bbp_forum_subforum_count":0,"footnotes":""},"class_list":["post-2542","page","type-page","status-publish","hentry"],"post_mailing_queue_ids":[],"_links":{"self":[{"href":"https:\/\/agora.xtec.cat\/insvapordelfil\/wp-json\/wp\/v2\/pages\/2542","targetHints":{"allow":["GET"]}}],"collection":[{"href":"https:\/\/agora.xtec.cat\/insvapordelfil\/wp-json\/wp\/v2\/pages"}],"about":[{"href":"https:\/\/agora.xtec.cat\/insvapordelfil\/wp-json\/wp\/v2\/types\/page"}],"author":[{"embeddable":true,"href":"https:\/\/agora.xtec.cat\/insvapordelfil\/wp-json\/wp\/v2\/users\/1"}],"replies":[{"embeddable":true,"href":"https:\/\/agora.xtec.cat\/insvapordelfil\/wp-json\/wp\/v2\/comments?post=2542"}],"version-history":[{"count":3,"href":"https:\/\/agora.xtec.cat\/insvapordelfil\/wp-json\/wp\/v2\/pages\/2542\/revisions"}],"predecessor-version":[{"id":3357,"href":"https:\/\/agora.xtec.cat\/insvapordelfil\/wp-json\/wp\/v2\/pages\/2542\/revisions\/3357"}],"up":[{"embeddable":true,"href":"https:\/\/agora.xtec.cat\/insvapordelfil\/wp-json\/wp\/v2\/pages\/2375"}],"wp:attachment":[{"href":"https:\/\/agora.xtec.cat\/insvapordelfil\/wp-json\/wp\/v2\/media?parent=2542"}],"curies":[{"name":"wp","href":"https:\/\/api.w.org\/{rel}","templated":true}]}}