{"id":1658,"date":"2021-01-18T18:59:52","date_gmt":"2021-01-18T17:59:52","guid":{"rendered":"https:\/\/agora.xtec.cat\/insvapordelfil\/?page_id=1658"},"modified":"2021-01-19T01:36:33","modified_gmt":"2021-01-19T00:36:33","slug":"instrumentals","status":"publish","type":"page","link":"https:\/\/agora.xtec.cat\/insvapordelfil\/pagines-dinici\/pagina-dinici-buida\/instrumentals\/","title":{"rendered":"Instrumentals"},"content":{"rendered":"<p><span style=\"font-weight: 400;\">Es treballen les compet\u00e8ncies de l\u2019\u00e0mbit matem\u00e0tic i ling\u00fc\u00edstic. Coneixement aprofundit d\u2019eines del llenguatge <\/span><span style=\"font-weight: 400;\">(gram\u00e0tica, estructura de la llengua, eines per la comprensi\u00f3 i la bona expressi\u00f3) i de les matem\u00e0tiques (raonament, resoluci\u00f3 de problemes, c\u00e0lcul&#8230;).<\/span><\/p>\n<table style=\"width: 982px;\">\n<tbody>\n<tr style=\"height: 294px;\">\n<td style=\"width: 585.6px; height: 294px; text-align: left;\"><iframe loading=\"lazy\" src=\"\/\/www.youtube.com\/embed\/nbDwIyTSInI\" width=\"560\" height=\"314\"><\/iframe><\/td>\n<td style=\"width: 389.6px; height: 294px;\">Les mat\u00e8ries <strong>instrumentals<\/strong> (les matem\u00e0tiques i les lleng\u00fces) tenen la seva pr\u00f2pia franja hor\u00e0ria.<\/p>\n<p>El raonament matem\u00e0tic, la comprensi\u00f3 lectora i l\u2019expressi\u00f3 escrita de totes les lleng\u00fces ajuda a l\u2019alumne a <strong>saber comunicar<\/strong> millor, a pensar i <strong>raonar<\/strong> d\u2019una forma m\u00e9s profunda. Essencial per entendre, desenvolupar-se i canviar el m\u00f3n en el que vivim.<\/p>\n<p>Els coneixements assimilats en la l\u00ednia instrumental<strong> es<\/strong> <strong>consoliden<\/strong> en els espais de &#8216;Pensament i Recerca&#8217;.<\/td>\n<\/tr>\n<\/tbody>\n<\/table>\n","protected":false},"excerpt":{"rendered":"<p>Es treballen les compet\u00e8ncies de l\u2019\u00e0mbit matem\u00e0tic i ling\u00fc\u00edstic. Coneixement aprofundit d\u2019eines del llenguatge (gram\u00e0tica, estructura de la llengua, eines per la comprensi\u00f3 i la bona expressi\u00f3) i de les matem\u00e0tiques (raonament, resoluci\u00f3 de problemes, c\u00e0lcul&#8230;).<\/p>\n<p>Les mat\u00e8ries instrumentals (les matem\u00e0tiques i les lleng\u00fces) tenen la&hellip;  <a href=\"https:\/\/agora.xtec.cat\/insvapordelfil\/pagines-dinici\/pagina-dinici-buida\/instrumentals\/\" title=\"Read Instrumentals\">Llegeix m\u00e9s\u00bb<\/a><\/p>\n","protected":false},"author":1,"featured_media":0,"parent":9,"menu_order":2,"comment_status":"closed","ping_status":"closed","template":"page-templates\/side-menu.php","meta":{"_bbp_topic_count":0,"_bbp_reply_count":0,"_bbp_total_topic_count":0,"_bbp_total_reply_count":0,"_bbp_voice_count":0,"_bbp_anonymous_reply_count":0,"_bbp_topic_count_hidden":0,"_bbp_reply_count_hidden":0,"_bbp_forum_subforum_count":0,"footnotes":""},"class_list":["post-1658","page","type-page","status-publish","hentry"],"post_mailing_queue_ids":[],"_links":{"self":[{"href":"https:\/\/agora.xtec.cat\/insvapordelfil\/wp-json\/wp\/v2\/pages\/1658","targetHints":{"allow":["GET"]}}],"collection":[{"href":"https:\/\/agora.xtec.cat\/insvapordelfil\/wp-json\/wp\/v2\/pages"}],"about":[{"href":"https:\/\/agora.xtec.cat\/insvapordelfil\/wp-json\/wp\/v2\/types\/page"}],"author":[{"embeddable":true,"href":"https:\/\/agora.xtec.cat\/insvapordelfil\/wp-json\/wp\/v2\/users\/1"}],"replies":[{"embeddable":true,"href":"https:\/\/agora.xtec.cat\/insvapordelfil\/wp-json\/wp\/v2\/comments?post=1658"}],"version-history":[{"count":3,"href":"https:\/\/agora.xtec.cat\/insvapordelfil\/wp-json\/wp\/v2\/pages\/1658\/revisions"}],"predecessor-version":[{"id":1719,"href":"https:\/\/agora.xtec.cat\/insvapordelfil\/wp-json\/wp\/v2\/pages\/1658\/revisions\/1719"}],"up":[{"embeddable":true,"href":"https:\/\/agora.xtec.cat\/insvapordelfil\/wp-json\/wp\/v2\/pages\/9"}],"wp:attachment":[{"href":"https:\/\/agora.xtec.cat\/insvapordelfil\/wp-json\/wp\/v2\/media?parent=1658"}],"curies":[{"name":"wp","href":"https:\/\/api.w.org\/{rel}","templated":true}]}}