{"id":900,"date":"2019-05-26T17:46:48","date_gmt":"2019-05-26T15:46:48","guid":{"rendered":"https:\/\/agora.xtec.cat\/insvalltenes\/?page_id=900"},"modified":"2025-08-25T12:14:43","modified_gmt":"2025-08-25T10:14:43","slug":"4t-eso","status":"publish","type":"page","link":"https:\/\/agora.xtec.cat\/insvalltenes\/oferta-educativa\/eso\/4t-eso\/","title":{"rendered":"4t ESO"},"content":{"rendered":"\n<h4 class=\"wp-block-heading\">Disseny curricular<\/h4>\n\n\n\n<h5 class=\"wp-block-heading\">Curr\u00edculum<\/h5>\n\n\n\n<figure class=\"wp-block-table\"><table><tbody><tr><td><h5>Mat\u00e8ries<\/h5><\/td><td><h5>Hores setmanals<\/h5><\/td><\/tr><tr><td>Catal\u00e0<\/td><td>3<\/td><\/tr><tr><td>Castell\u00e0<\/td><td>3<\/td><\/tr><tr><td>Angl\u00e8s<\/td><td>3<\/td><\/tr><tr><td>Geografia i hist\u00f2ria<\/td><td>3<\/td><\/tr><tr><td>Matem\u00e0tiques<\/td><td>4<\/td><\/tr><tr><td>Educaci\u00f3 f\u00edsica<\/td><td>2<\/td><\/tr><tr><td>Valors i cultura de les religions<\/td><td>2 (1Q)<\/td><\/tr><tr><td>Projecte de recerca<\/td><td>2 (2Q)<\/td><\/tr><tr><td>Mat\u00e8ries d&#8217;itinerari<\/td><td>9<\/td><\/tr><tr><td>Lectura<\/td><td>2,5<\/td><\/tr><tr><td>Tutoria<\/td><td>1<\/td><\/tr><tr><td><h6>Total<\/h6><\/td><td><h6>30<\/h6><\/td><\/tr><\/tbody><\/table><\/figure>\n\n\n\n<ul class=\"wp-block-list\">\n<li>Una de les 4 hores de la mat\u00e8ria de matem\u00e0tiques es dedica al treball de problemes.<\/li>\n<\/ul>\n\n\n\n<h5 class=\"wp-block-heading\">Mat\u00e8ries d&#8217;itinerari<\/h5>\n\n\n\n<figure class=\"wp-block-table\"><table><tbody><tr><td>&nbsp;<\/td><td><strong>Franja 1<\/strong><\/td><td><strong>Franja 2<\/strong><\/td><td><strong>Franja 3<\/strong><\/td><\/tr><tr><td><strong>Cient\u00edfic<\/strong><\/td><td>Biologia<\/td><td>F\u00edsica i qu\u00edmica<\/td><td rowspan=\"8\">Franc\u00e8s <br><p>Filosofia<\/p><p>M\u00fasica<\/p><p>Digitalitzaci\u00f3<\/p><\/td><\/tr><tr><td><strong>Tecnol\u00f2gic<\/strong><\/td><td>Tecnologia mecatr\u00f2nica<\/td><td>F\u00edsica i qu\u00edmica<\/td><\/tr><tr><td><strong>Human\u00edstic<\/strong><\/td><td>Llat\u00ed<\/td><td>Filosofia<\/td><\/tr><tr><td><strong>Art\u00edstic<\/strong><\/td><td>Llat\u00ed<\/td><td>Expressi\u00f3 art\u00edstica<\/td><\/tr><tr><td><strong>Social 1<\/strong><\/td><td>Economia<\/td><td>Filosofia<\/td><\/tr><tr><td><strong>Social 2<\/strong><\/td><td>Economia<\/td><td>Formaci\u00f3 i orientaci\u00f3 professional<\/td><\/tr><tr><td><strong>Cicles 1<\/strong><\/td><td>Tecnologia habitatge<\/td><td>Formaci\u00f3 i orientaci\u00f3 professional<\/td><\/tr><tr><td><strong>Cicles 2<\/strong><\/td><td>Economia<\/td><td>Formaci\u00f3 i orientaci\u00f3 professional<\/td><\/tr><\/tbody><\/table><\/figure>\n\n\n\n<ul class=\"wp-block-list\">\n<li>Totes les mat\u00e8ries s\u00f3n de 3 hores setmanals<\/li>\n\n\n\n<li>Els alumnes han de triar una mat\u00e8ria de cada franja, amb el benent\u00e8s que no es poden cursar dues mat\u00e8ries amb el mateix nom.<\/li>\n<\/ul>\n\n\n\n<h4 class=\"wp-block-heading\">Sortides de tutoria<\/h4>\n\n\n\n<ul class=\"wp-block-list\">\n<li>Es realitza una sortida d&#8217;un dia de descoberta i estudi de la ciutat de Barcelona.<\/li>\n<\/ul>\n\n\n\n<h4 class=\"wp-block-heading\">Sortides de mat\u00e8ria<\/h4>\n\n\n\n<ul class=\"wp-block-list\">\n<li>Museu d&#8217;Hist\u00f2ria de Catalunya (Socials)<\/li>\n\n\n\n<li>Museu de la Ci\u00e8ncia a Barcelona (F\u00edsica)<\/li>\n\n\n\n<li>Supercomputador MareNostrum (Inform\u00e0tica i Tecnologia)<\/li>\n<\/ul>\n\n\n\n<h4 class=\"wp-block-heading\">Projecte de Recerca<\/h4>\n\n\n\n<ul class=\"wp-block-list\">\n<li>Cam\u00ed de Santiago<\/li>\n\n\n\n<li>Cam\u00ed de Sant Jaume<\/li>\n<\/ul>\n","protected":false},"excerpt":{"rendered":"<p>Disseny curricular Curr\u00edculum Mat\u00e8ries Hores setmanals Catal\u00e0 3 Castell\u00e0 3 Angl\u00e8s 3 Geografia i hist\u00f2ria 3 Matem\u00e0tiques 4 Educaci\u00f3 f\u00edsica 2 Valors i cultura de les religions 2 (1Q) Projecte de recerca 2 (2Q) Mat\u00e8ries d&#8217;itinerari 9 Lectura 2,5 Tutoria 1 Total 30 Mat\u00e8ries d&#8217;itinerari &nbsp; Franja 1 Franja 2 Franja 3 Cient\u00edfic Biologia F\u00edsica [&hellip;]<\/p>\n","protected":false},"author":1,"featured_media":0,"parent":891,"menu_order":4,"comment_status":"closed","ping_status":"closed","template":"","meta":{"_bbp_topic_count":0,"_bbp_reply_count":0,"_bbp_total_topic_count":0,"_bbp_total_reply_count":0,"_bbp_voice_count":0,"_bbp_anonymous_reply_count":0,"_bbp_topic_count_hidden":0,"_bbp_reply_count_hidden":0,"_bbp_forum_subforum_count":0,"site-sidebar-layout":"default","site-content-layout":"","ast-site-content-layout":"default","site-content-style":"default","site-sidebar-style":"default","ast-global-header-display":"","ast-banner-title-visibility":"","ast-main-header-display":"","ast-hfb-above-header-display":"","ast-hfb-below-header-display":"","ast-hfb-mobile-header-display":"","site-post-title":"","ast-breadcrumbs-content":"","ast-featured-img":"","footer-sml-layout":"","theme-transparent-header-meta":"","adv-header-id-meta":"","stick-header-meta":"","header-above-stick-meta":"","header-main-stick-meta":"","header-below-stick-meta":"","astra-migrate-meta-layouts":"set","ast-page-background-enabled":"default","ast-page-background-meta":{"desktop":{"background-color":"var(--ast-global-color-4)","background-image":"","background-repeat":"repeat","background-position":"center center","background-size":"auto","background-attachment":"scroll","background-type":"","background-media":"","overlay-type":"","overlay-color":"","overlay-opacity":"","overlay-gradient":""},"tablet":{"background-color":"","background-image":"","background-repeat":"repeat","background-position":"center center","background-size":"auto","background-attachment":"scroll","background-type":"","background-media":"","overlay-type":"","overlay-color":"","overlay-opacity":"","overlay-gradient":""},"mobile":{"background-color":"","background-image":"","background-repeat":"repeat","background-position":"center center","background-size":"auto","background-attachment":"scroll","background-type":"","background-media":"","overlay-type":"","overlay-color":"","overlay-opacity":"","overlay-gradient":""}},"ast-content-background-meta":{"desktop":{"background-color":"var(--ast-global-color-5)","background-image":"","background-repeat":"repeat","background-position":"center center","background-size":"auto","background-attachment":"scroll","background-type":"","background-media":"","overlay-type":"","overlay-color":"","overlay-opacity":"","overlay-gradient":""},"tablet":{"background-color":"var(--ast-global-color-5)","background-image":"","background-repeat":"repeat","background-position":"center center","background-size":"auto","background-attachment":"scroll","background-type":"","background-media":"","overlay-type":"","overlay-color":"","overlay-opacity":"","overlay-gradient":""},"mobile":{"background-color":"var(--ast-global-color-5)","background-image":"","background-repeat":"repeat","background-position":"center center","background-size":"auto","background-attachment":"scroll","background-type":"","background-media":"","overlay-type":"","overlay-color":"","overlay-opacity":"","overlay-gradient":""}},"footnotes":""},"class_list":["post-900","page","type-page","status-publish","hentry"],"post_mailing_queue_ids":[],"_links":{"self":[{"href":"https:\/\/agora.xtec.cat\/insvalltenes\/wp-json\/wp\/v2\/pages\/900","targetHints":{"allow":["GET"]}}],"collection":[{"href":"https:\/\/agora.xtec.cat\/insvalltenes\/wp-json\/wp\/v2\/pages"}],"about":[{"href":"https:\/\/agora.xtec.cat\/insvalltenes\/wp-json\/wp\/v2\/types\/page"}],"author":[{"embeddable":true,"href":"https:\/\/agora.xtec.cat\/insvalltenes\/wp-json\/wp\/v2\/users\/1"}],"replies":[{"embeddable":true,"href":"https:\/\/agora.xtec.cat\/insvalltenes\/wp-json\/wp\/v2\/comments?post=900"}],"version-history":[{"count":5,"href":"https:\/\/agora.xtec.cat\/insvalltenes\/wp-json\/wp\/v2\/pages\/900\/revisions"}],"predecessor-version":[{"id":5129,"href":"https:\/\/agora.xtec.cat\/insvalltenes\/wp-json\/wp\/v2\/pages\/900\/revisions\/5129"}],"up":[{"embeddable":true,"href":"https:\/\/agora.xtec.cat\/insvalltenes\/wp-json\/wp\/v2\/pages\/891"}],"wp:attachment":[{"href":"https:\/\/agora.xtec.cat\/insvalltenes\/wp-json\/wp\/v2\/media?parent=900"}],"curies":[{"name":"wp","href":"https:\/\/api.w.org\/{rel}","templated":true}]}}