{"id":898,"date":"2019-05-26T17:46:37","date_gmt":"2019-05-26T15:46:37","guid":{"rendered":"https:\/\/agora.xtec.cat\/insvalltenes\/?page_id=898"},"modified":"2022-09-25T18:31:21","modified_gmt":"2022-09-25T16:31:21","slug":"3r-eso","status":"publish","type":"page","link":"https:\/\/agora.xtec.cat\/insvalltenes\/oferta-educativa\/eso\/3r-eso\/","title":{"rendered":"3r ESO"},"content":{"rendered":"<h4>Curr\u00edculum<\/h4>\n<table style=\"width: 54.9041%; height: 525px;\">\n<tbody>\n<tr style=\"height: 46px;\">\n<td style=\"width: 50.499%; height: 46px;\">\n<h5>Mat\u00e8ries<\/h5>\n<\/td>\n<td style=\"height: 46px; width: 47.9042%;\">\n<h5 style=\"text-align: center;\">Hores setmanals<\/h5>\n<\/td>\n<\/tr>\n<tr style=\"height: 31px;\">\n<td style=\"width: 50.499%; height: 31px;\">Catal\u00e0<\/td>\n<td style=\"width: 47.9042%; text-align: center; height: 31px;\">3<\/td>\n<\/tr>\n<tr style=\"height: 31px;\">\n<td style=\"width: 50.499%; height: 31px;\">Castell\u00e0<\/td>\n<td style=\"width: 47.9042%; text-align: center; height: 31px;\">3<\/td>\n<\/tr>\n<tr style=\"height: 31px;\">\n<td style=\"width: 50.499%; height: 31px;\">Angl\u00e8s<\/td>\n<td style=\"width: 47.9042%; text-align: center; height: 31px;\">3<\/td>\n<\/tr>\n<tr style=\"height: 31px;\">\n<td style=\"width: 50.499%; height: 31px;\">Geografia i hist\u00f2ria<\/td>\n<td style=\"width: 47.9042%; text-align: center; height: 31px;\">2<\/td>\n<\/tr>\n<tr style=\"height: 31px;\">\n<td style=\"width: 50.499%; height: 31px;\">Matem\u00e0tiques<\/td>\n<td style=\"width: 47.9042%; text-align: center; height: 31px;\">3<\/td>\n<\/tr>\n<tr style=\"height: 31px;\">\n<td style=\"width: 50.499%; height: 31px;\">F\u00edsica i qu\u00edmica<\/td>\n<td style=\"width: 47.9042%; text-align: center; height: 31px;\">2 + 2 (laboratori) (Un quadrimestre)<\/td>\n<\/tr>\n<tr style=\"height: 33px;\">\n<td style=\"width: 50.499%; height: 33px;\">Biologia<\/td>\n<td style=\"width: 47.9042%; text-align: center; height: 33px;\">2 + 2 (laboratori) (Un quadrimestre)<\/td>\n<\/tr>\n<tr style=\"height: 31px;\">\n<td style=\"width: 50.499%; height: 31px;\">Tecnologia<\/td>\n<td style=\"width: 47.9042%; text-align: center; height: 31px;\">1 + 1 (laboratori)<\/td>\n<\/tr>\n<tr style=\"height: 31px;\">\n<td style=\"width: 50.499%; height: 31px;\">Educaci\u00f3 f\u00edsica<\/td>\n<td style=\"width: 47.9042%; text-align: center; height: 31px;\">2<\/td>\n<\/tr>\n<tr style=\"height: 31px;\">\n<td style=\"width: 50.499%; height: 31px;\">M\u00fasica<\/td>\n<td style=\"width: 47.9042%; text-align: center; height: 31px;\">2<\/td>\n<\/tr>\n<tr style=\"height: 31px;\">\n<td style=\"width: 50.499%; height: 31px;\">Visual<\/td>\n<td style=\"width: 47.9042%; text-align: center; height: 31px;\">2<\/td>\n<\/tr>\n<tr style=\"height: 31px;\">\n<td style=\"width: 50.499%; height: 31px;\">Mat\u00e8ries optatives<\/td>\n<td style=\"width: 47.9042%; text-align: center; height: 31px;\">2<\/td>\n<\/tr>\n<tr style=\"height: 33px;\">\n<td style=\"width: 50.499%; height: 33px;\">Lectura<\/td>\n<td style=\"width: 47.9042%; text-align: center; height: 33px;\">2,5<\/td>\n<\/tr>\n<tr>\n<td style=\"width: 50.499%;\">Religi\u00f3\/Seguiment tutorial<\/td>\n<td style=\"width: 47.9042%; text-align: center;\">1<\/td>\n<\/tr>\n<tr style=\"height: 31px;\">\n<td style=\"width: 50.499%; height: 31px;\">Tutoria<\/td>\n<td style=\"width: 47.9042%; text-align: center; height: 31px;\">1<\/td>\n<\/tr>\n<tr style=\"height: 41px;\">\n<td style=\"width: 50.499%; height: 41px;\">\n<h6>Total<\/h6>\n<\/td>\n<td style=\"width: 47.9042%; text-align: center; height: 41px;\">\n<h6>30<\/h6>\n<\/td>\n<\/tr>\n<\/tbody>\n<\/table>\n<h4>Sortides de tutoria<\/h4>\n<ul>\n<li>Circuit d&#8217;aventura a Olot<\/li>\n<\/ul>\n<h4>Sortides de mat\u00e8ria<\/h4>\n<ul>\n<li>Sortida art\u00edstica a Madrid: Es tracta d&#8217;una sortida optativa que t\u00e9 com a objectiu con\u00e8ixer, al llarg de tres dies, tot un seguit de museus de la ciutat de Madrid. Les visites es realitzen amb la guia de professorat especialitzat de l&#8217;escola.<\/li>\n<li>Proves cangur a Barcelona (matem\u00e0tiques)<\/li>\n<li>Sortida a la Seat, Martorell (Tecnologia)<\/li>\n<li>Visita al Parlament de Catalunya a Barcelona (Socials)<\/li>\n<li>Sortida a Palam\u00f3s (Socials)<\/li>\n<li>Visita a Canal SET de Santa Eul\u00e0lia (Catal\u00e0)<\/li>\n<li>Intercanvi en Franc\u00e8s:<br \/>\nIntercanvi amb l&#8217;escola <a href=\"http:\/\/etab.ac-poitiers.fr\/coll%2Ddenfert%2Drochereau\/\" target=\"_blank\" rel=\"noopener noreferrer\">Coll\u00e8ge Denfert-Rochereau<\/a>, situada al poble de <a href=\"http:\/\/www.saint-maixent-lecole.fr\/\" target=\"_blank\" rel=\"noopener noreferrer\">Saint-Maixent l&#8217;\u00c9cole<\/a>, a l&#8217;antiga regi\u00f3 de Poitou (actualment Nova Aquit\u00e0nia) a Fran\u00e7a. Est\u00e0 especialment indicat per als alumnes que volen aprofundir en l&#8217;aprenentatge de la llengua francesa, que s&#8217;ha iniciat a 2n d&#8217;ESO.<\/li>\n<\/ul>\n<h4>Treball de s\u00edntesi<\/h4>\n<p>El treball de s\u00edntesi es duu a terme a final de curs i t\u00e9 com a centre d&#8217;inter\u00e8s el m\u00f3n art\u00edstic amb una sortida a la ciutat de Madrid.<\/p>\n","protected":false},"excerpt":{"rendered":"<p>Curr\u00edculum Mat\u00e8ries Hores setmanals Catal\u00e0 3 Castell\u00e0 3 Angl\u00e8s 3 Geografia i hist\u00f2ria 2 Matem\u00e0tiques 3 F\u00edsica i qu\u00edmica 2 + 2 (laboratori) (Un quadrimestre) Biologia 2 + 2 (laboratori) (Un quadrimestre) Tecnologia 1 + 1 (laboratori) Educaci\u00f3 f\u00edsica 2 M\u00fasica 2 Visual 2 Mat\u00e8ries optatives 2 Lectura 2,5 Religi\u00f3\/Seguiment tutorial 1 Tutoria 1 Total [&hellip;]<\/p>\n","protected":false},"author":1,"featured_media":0,"parent":891,"menu_order":3,"comment_status":"closed","ping_status":"closed","template":"page-templates\/side-menu.php","meta":{"_bbp_topic_count":0,"_bbp_reply_count":0,"_bbp_total_topic_count":0,"_bbp_total_reply_count":0,"_bbp_voice_count":0,"_bbp_anonymous_reply_count":0,"_bbp_topic_count_hidden":0,"_bbp_reply_count_hidden":0,"_bbp_forum_subforum_count":0,"site-sidebar-layout":"default","site-content-layout":"","ast-site-content-layout":"","site-content-style":"default","site-sidebar-style":"default","ast-global-header-display":"","ast-banner-title-visibility":"","ast-main-header-display":"","ast-hfb-above-header-display":"","ast-hfb-below-header-display":"","ast-hfb-mobile-header-display":"","site-post-title":"","ast-breadcrumbs-content":"","ast-featured-img":"","footer-sml-layout":"","theme-transparent-header-meta":"","adv-header-id-meta":"","stick-header-meta":"","header-above-stick-meta":"","header-main-stick-meta":"","header-below-stick-meta":"","astra-migrate-meta-layouts":"default","ast-page-background-enabled":"default","ast-page-background-meta":{"desktop":{"background-color":"var(--ast-global-color-4)","background-image":"","background-repeat":"repeat","background-position":"center center","background-size":"auto","background-attachment":"scroll","background-type":"","background-media":"","overlay-type":"","overlay-color":"","overlay-opacity":"","overlay-gradient":""},"tablet":{"background-color":"","background-image":"","background-repeat":"repeat","background-position":"center center","background-size":"auto","background-attachment":"scroll","background-type":"","background-media":"","overlay-type":"","overlay-color":"","overlay-opacity":"","overlay-gradient":""},"mobile":{"background-color":"","background-image":"","background-repeat":"repeat","background-position":"center center","background-size":"auto","background-attachment":"scroll","background-type":"","background-media":"","overlay-type":"","overlay-color":"","overlay-opacity":"","overlay-gradient":""}},"ast-content-background-meta":{"desktop":{"background-color":"var(--ast-global-color-5)","background-image":"","background-repeat":"repeat","background-position":"center center","background-size":"auto","background-attachment":"scroll","background-type":"","background-media":"","overlay-type":"","overlay-color":"","overlay-opacity":"","overlay-gradient":""},"tablet":{"background-color":"var(--ast-global-color-5)","background-image":"","background-repeat":"repeat","background-position":"center center","background-size":"auto","background-attachment":"scroll","background-type":"","background-media":"","overlay-type":"","overlay-color":"","overlay-opacity":"","overlay-gradient":""},"mobile":{"background-color":"var(--ast-global-color-5)","background-image":"","background-repeat":"repeat","background-position":"center center","background-size":"auto","background-attachment":"scroll","background-type":"","background-media":"","overlay-type":"","overlay-color":"","overlay-opacity":"","overlay-gradient":""}},"footnotes":""},"class_list":["post-898","page","type-page","status-publish","hentry"],"post_mailing_queue_ids":[],"_links":{"self":[{"href":"https:\/\/agora.xtec.cat\/insvalltenes\/wp-json\/wp\/v2\/pages\/898","targetHints":{"allow":["GET"]}}],"collection":[{"href":"https:\/\/agora.xtec.cat\/insvalltenes\/wp-json\/wp\/v2\/pages"}],"about":[{"href":"https:\/\/agora.xtec.cat\/insvalltenes\/wp-json\/wp\/v2\/types\/page"}],"author":[{"embeddable":true,"href":"https:\/\/agora.xtec.cat\/insvalltenes\/wp-json\/wp\/v2\/users\/1"}],"replies":[{"embeddable":true,"href":"https:\/\/agora.xtec.cat\/insvalltenes\/wp-json\/wp\/v2\/comments?post=898"}],"version-history":[{"count":3,"href":"https:\/\/agora.xtec.cat\/insvalltenes\/wp-json\/wp\/v2\/pages\/898\/revisions"}],"predecessor-version":[{"id":3497,"href":"https:\/\/agora.xtec.cat\/insvalltenes\/wp-json\/wp\/v2\/pages\/898\/revisions\/3497"}],"up":[{"embeddable":true,"href":"https:\/\/agora.xtec.cat\/insvalltenes\/wp-json\/wp\/v2\/pages\/891"}],"wp:attachment":[{"href":"https:\/\/agora.xtec.cat\/insvalltenes\/wp-json\/wp\/v2\/media?parent=898"}],"curies":[{"name":"wp","href":"https:\/\/api.w.org\/{rel}","templated":true}]}}