{"id":896,"date":"2019-05-26T17:46:24","date_gmt":"2019-05-26T15:46:24","guid":{"rendered":"https:\/\/agora.xtec.cat\/insvalltenes\/?page_id=896"},"modified":"2022-09-25T18:26:18","modified_gmt":"2022-09-25T16:26:18","slug":"2n-eso","status":"publish","type":"page","link":"https:\/\/agora.xtec.cat\/insvalltenes\/oferta-educativa\/eso\/2n-eso\/","title":{"rendered":"2n ESO"},"content":{"rendered":"<h4>Curr\u00edculum<\/h4>\n<table style=\"width: 57.8454%; height: 567px;\">\n<tbody>\n<tr style=\"height: 46px;\">\n<td style=\"width: 50.503%; height: 46px;\">\n<h5>Mat\u00e8ries<\/h5>\n<\/td>\n<td style=\"height: 46px; width: 47.8873%;\">\n<h5 style=\"text-align: center;\">Hores setmanals<\/h5>\n<\/td>\n<\/tr>\n<tr style=\"height: 46px;\">\n<td style=\"width: 50.503%; height: 46px;\">\n<h5><\/h5>\n<\/td>\n<td style=\"width: 47.8873%; text-align: center; height: 46px;\">\n<h5>1 Q<\/h5>\n<\/td>\n<\/tr>\n<tr style=\"height: 31px;\">\n<td style=\"width: 50.503%; height: 31px;\">Catal\u00e0<\/td>\n<td style=\"width: 47.8873%; text-align: center; height: 31px;\">2<\/td>\n<\/tr>\n<tr style=\"height: 31px;\">\n<td style=\"width: 50.503%; height: 31px;\">Castell\u00e0<\/td>\n<td style=\"width: 47.8873%; text-align: center; height: 31px;\">2<\/td>\n<\/tr>\n<tr style=\"height: 31px;\">\n<td style=\"width: 50.503%; height: 31px;\">Angl\u00e8s<\/td>\n<td style=\"width: 47.8873%; text-align: center; height: 31px;\">3 (1 h amb codoc\u00e8ncia)<\/td>\n<\/tr>\n<tr style=\"height: 31px;\">\n<td style=\"width: 50.503%; height: 31px;\">Geografia i hist\u00f2ria<\/td>\n<td style=\"width: 47.8873%; text-align: center; height: 31px;\">3<\/td>\n<\/tr>\n<tr style=\"height: 31px;\">\n<td style=\"width: 50.503%; height: 31px;\">Matem\u00e0tiques<\/td>\n<td style=\"width: 47.8873%; text-align: center; height: 31px;\">4<\/td>\n<\/tr>\n<tr style=\"height: 31px;\">\n<td style=\"width: 50.503%; height: 31px;\">F\u00edsica i qu\u00edmica<\/td>\n<td style=\"width: 47.8873%; text-align: center; height: 31px;\">2 + 1 (laboratori)<\/td>\n<\/tr>\n<tr style=\"height: 31px;\">\n<td style=\"width: 50.503%; height: 31px;\">Tecnologia<\/td>\n<td style=\"width: 47.8873%; text-align: center; height: 31px;\">2 + 1 (laboratori)<\/td>\n<\/tr>\n<tr style=\"height: 31px;\">\n<td style=\"width: 50.503%; height: 31px;\">Educaci\u00f3 f\u00edsica<\/td>\n<td style=\"width: 47.8873%; text-align: center; height: 31px;\">2<\/td>\n<\/tr>\n<tr style=\"height: 31px;\">\n<td style=\"width: 50.503%; height: 31px;\">Visual<\/td>\n<td style=\"width: 47.8873%; text-align: center; height: 31px;\">2<\/td>\n<\/tr>\n<tr style=\"height: 31px;\">\n<td style=\"width: 50.503%; height: 31px;\">Mat\u00e8ries optatives<\/td>\n<td style=\"width: 47.8873%; text-align: center; height: 31px;\">2<\/td>\n<\/tr>\n<tr>\n<td style=\"width: 50.503%;\">Projecte interdisciplinari<\/td>\n<td style=\"width: 47.8873%; text-align: center;\">2<\/td>\n<\/tr>\n<tr>\n<td style=\"width: 50.503%;\">Lectura<\/td>\n<td style=\"width: 47.8873%; text-align: center;\">2,5<\/td>\n<\/tr>\n<tr style=\"height: 31px;\">\n<td style=\"width: 50.503%; height: 31px;\">Religi\u00f3 \/ Seguiment tutorial<\/td>\n<td style=\"width: 47.8873%; text-align: center; height: 31px;\">1<\/td>\n<\/tr>\n<tr style=\"height: 31px;\">\n<td style=\"width: 50.503%; height: 31px;\">Tutoria<\/td>\n<td style=\"width: 47.8873%; text-align: center; height: 31px;\">1<\/td>\n<\/tr>\n<tr style=\"height: 41px;\">\n<td style=\"width: 50.503%; height: 41px;\">\n<h6>Total<\/h6>\n<\/td>\n<td style=\"width: 47.8873%; text-align: center; height: 41px;\">\n<h6>30<\/h6>\n<\/td>\n<\/tr>\n<\/tbody>\n<\/table>\n<h4>Sortides de tutoria<\/h4>\n<ul>\n<li>Sortida de tutoria que es realitza al mes d&#8217;octubre a Montserrat.<\/li>\n<\/ul>\n<h4>Sortides de mat\u00e8ria<\/h4>\n<ul>\n<li>Museu de les matem\u00e0tiques de Cornell\u00e0 (Matem\u00e0tiques)<\/li>\n<li>Els volcans de la Garrotxa (Experimentals)<\/li>\n<li>Fundaci\u00f3 Al\u00edcia de Sant Fruit\u00f3s del Bages. (Tecnologia)<\/li>\n<li>Visita al Museu Dioces\u00e0 de Vic (Socials)<\/li>\n<li>Visita al CaixaF\u00f2rum de Barcelona (Visual)<\/li>\n<li>Visita a la Sagrada Fam\u00edlia (Religi\u00f3)<\/li>\n<\/ul>\n<h4>Treball de s\u00edntesi<\/h4>\n<p>Estada de tres dies a Andorra i la Seu d&#8217;Urgell<\/p>\n<p>Les activitats que s&#8217;hi desenvolupen estan relacionades en aspectes referents a natura, paisatge, economia, monuments, hist\u00f2ria, tradicions, art&#8230;<\/p>\n","protected":false},"excerpt":{"rendered":"<p>Curr\u00edculum Mat\u00e8ries Hores setmanals 1 Q Catal\u00e0 2 Castell\u00e0 2 Angl\u00e8s 3 (1 h amb codoc\u00e8ncia) Geografia i hist\u00f2ria 3 Matem\u00e0tiques 4 F\u00edsica i qu\u00edmica 2 + 1 (laboratori) Tecnologia 2 + 1 (laboratori) Educaci\u00f3 f\u00edsica 2 Visual 2 Mat\u00e8ries optatives 2 Projecte interdisciplinari 2 Lectura 2,5 Religi\u00f3 \/ Seguiment tutorial 1 Tutoria 1 Total [&hellip;]<\/p>\n","protected":false},"author":1,"featured_media":0,"parent":891,"menu_order":2,"comment_status":"closed","ping_status":"closed","template":"page-templates\/side-menu.php","meta":{"_bbp_topic_count":0,"_bbp_reply_count":0,"_bbp_total_topic_count":0,"_bbp_total_reply_count":0,"_bbp_voice_count":0,"_bbp_anonymous_reply_count":0,"_bbp_topic_count_hidden":0,"_bbp_reply_count_hidden":0,"_bbp_forum_subforum_count":0,"site-sidebar-layout":"default","site-content-layout":"","ast-site-content-layout":"","site-content-style":"default","site-sidebar-style":"default","ast-global-header-display":"","ast-banner-title-visibility":"","ast-main-header-display":"","ast-hfb-above-header-display":"","ast-hfb-below-header-display":"","ast-hfb-mobile-header-display":"","site-post-title":"","ast-breadcrumbs-content":"","ast-featured-img":"","footer-sml-layout":"","theme-transparent-header-meta":"","adv-header-id-meta":"","stick-header-meta":"","header-above-stick-meta":"","header-main-stick-meta":"","header-below-stick-meta":"","astra-migrate-meta-layouts":"default","ast-page-background-enabled":"default","ast-page-background-meta":{"desktop":{"background-color":"var(--ast-global-color-4)","background-image":"","background-repeat":"repeat","background-position":"center center","background-size":"auto","background-attachment":"scroll","background-type":"","background-media":"","overlay-type":"","overlay-color":"","overlay-opacity":"","overlay-gradient":""},"tablet":{"background-color":"","background-image":"","background-repeat":"repeat","background-position":"center center","background-size":"auto","background-attachment":"scroll","background-type":"","background-media":"","overlay-type":"","overlay-color":"","overlay-opacity":"","overlay-gradient":""},"mobile":{"background-color":"","background-image":"","background-repeat":"repeat","background-position":"center center","background-size":"auto","background-attachment":"scroll","background-type":"","background-media":"","overlay-type":"","overlay-color":"","overlay-opacity":"","overlay-gradient":""}},"ast-content-background-meta":{"desktop":{"background-color":"var(--ast-global-color-5)","background-image":"","background-repeat":"repeat","background-position":"center center","background-size":"auto","background-attachment":"scroll","background-type":"","background-media":"","overlay-type":"","overlay-color":"","overlay-opacity":"","overlay-gradient":""},"tablet":{"background-color":"var(--ast-global-color-5)","background-image":"","background-repeat":"repeat","background-position":"center center","background-size":"auto","background-attachment":"scroll","background-type":"","background-media":"","overlay-type":"","overlay-color":"","overlay-opacity":"","overlay-gradient":""},"mobile":{"background-color":"var(--ast-global-color-5)","background-image":"","background-repeat":"repeat","background-position":"center center","background-size":"auto","background-attachment":"scroll","background-type":"","background-media":"","overlay-type":"","overlay-color":"","overlay-opacity":"","overlay-gradient":""}},"footnotes":""},"class_list":["post-896","page","type-page","status-publish","hentry"],"post_mailing_queue_ids":[],"_links":{"self":[{"href":"https:\/\/agora.xtec.cat\/insvalltenes\/wp-json\/wp\/v2\/pages\/896","targetHints":{"allow":["GET"]}}],"collection":[{"href":"https:\/\/agora.xtec.cat\/insvalltenes\/wp-json\/wp\/v2\/pages"}],"about":[{"href":"https:\/\/agora.xtec.cat\/insvalltenes\/wp-json\/wp\/v2\/types\/page"}],"author":[{"embeddable":true,"href":"https:\/\/agora.xtec.cat\/insvalltenes\/wp-json\/wp\/v2\/users\/1"}],"replies":[{"embeddable":true,"href":"https:\/\/agora.xtec.cat\/insvalltenes\/wp-json\/wp\/v2\/comments?post=896"}],"version-history":[{"count":3,"href":"https:\/\/agora.xtec.cat\/insvalltenes\/wp-json\/wp\/v2\/pages\/896\/revisions"}],"predecessor-version":[{"id":3495,"href":"https:\/\/agora.xtec.cat\/insvalltenes\/wp-json\/wp\/v2\/pages\/896\/revisions\/3495"}],"up":[{"embeddable":true,"href":"https:\/\/agora.xtec.cat\/insvalltenes\/wp-json\/wp\/v2\/pages\/891"}],"wp:attachment":[{"href":"https:\/\/agora.xtec.cat\/insvalltenes\/wp-json\/wp\/v2\/media?parent=896"}],"curies":[{"name":"wp","href":"https:\/\/api.w.org\/{rel}","templated":true}]}}