{"id":894,"date":"2019-05-26T17:45:47","date_gmt":"2019-05-26T15:45:47","guid":{"rendered":"https:\/\/agora.xtec.cat\/insvalltenes\/?page_id=894"},"modified":"2022-09-25T18:21:21","modified_gmt":"2022-09-25T16:21:21","slug":"1r-eso","status":"publish","type":"page","link":"https:\/\/agora.xtec.cat\/insvalltenes\/oferta-educativa\/eso\/1r-eso\/","title":{"rendered":"1r ESO"},"content":{"rendered":"<h4>Curr\u00edculum<\/h4>\n<table style=\"width: 57.8454%;\">\n<tbody>\n<tr>\n<td style=\"width: 50.503%;\">\n<h5>Mat\u00e8ries<\/h5>\n<\/td>\n<td style=\"width: 47.8873%;\">\n<h5 style=\"text-align: center;\">Hores setmanals<\/h5>\n<\/td>\n<\/tr>\n<tr>\n<td style=\"width: 50.503%;\">Catal\u00e0<\/td>\n<td style=\"width: 47.8873%; text-align: center;\">3<\/td>\n<\/tr>\n<tr>\n<td style=\"width: 50.503%;\">Castell\u00e0<\/td>\n<td style=\"width: 47.8873%; text-align: center;\">3<\/td>\n<\/tr>\n<tr>\n<td style=\"width: 50.503%;\">Angl\u00e8s<\/td>\n<td style=\"width: 47.8873%; text-align: center;\">3<\/td>\n<\/tr>\n<tr>\n<td style=\"width: 50.503%;\">Geografia i hist\u00f2ria (1\u202fh GEP)<\/td>\n<td style=\"width: 47.8873%; text-align: center;\">3<\/td>\n<\/tr>\n<tr>\n<td style=\"width: 50.503%;\">Matem\u00e0tiques<\/td>\n<td style=\"width: 47.8873%; text-align: center;\">3<\/td>\n<\/tr>\n<tr>\n<td style=\"width: 50.503%;\">Biologia (1 h GEP)<\/td>\n<td style=\"width: 47.8873%; text-align: center;\">2 + 1 (laboratori)<\/td>\n<\/tr>\n<tr>\n<td style=\"width: 50.503%;\">Tecnologia<\/td>\n<td style=\"width: 47.8873%; text-align: center;\">1 + 1 (laboratori)<\/td>\n<\/tr>\n<tr>\n<td style=\"width: 50.503%;\">Educaci\u00f3 f\u00edsica<\/td>\n<td style=\"width: 47.8873%; text-align: center;\">2<\/td>\n<\/tr>\n<tr>\n<td style=\"width: 50.503%;\">M\u00fasica<\/td>\n<td style=\"width: 47.8873%; text-align: center;\">2<\/td>\n<\/tr>\n<tr>\n<td style=\"width: 50.503%;\">Religi\u00f3 \/ Seguiment tutorial<\/td>\n<td style=\"width: 47.8873%; text-align: center;\">1<\/td>\n<\/tr>\n<tr>\n<td style=\"width: 50.503%;\">Projecte globalitzat: C\u00e0mera i acci\u00f3<\/td>\n<td style=\"width: 47.8873%; text-align: center;\"><\/td>\n<\/tr>\n<tr>\n<td style=\"width: 50.503%;\">Lectura<\/td>\n<td style=\"width: 47.8873%; text-align: center;\">2,5<\/td>\n<\/tr>\n<tr>\n<td style=\"width: 50.503%;\">Tutoria<\/td>\n<td style=\"width: 47.8873%; text-align: center;\">1<\/td>\n<\/tr>\n<tr>\n<td style=\"width: 50.503%;\">\n<h6>Total<\/h6>\n<\/td>\n<td style=\"width: 47.8873%; text-align: center;\">\n<h6>30<\/h6>\n<\/td>\n<\/tr>\n<\/tbody>\n<\/table>\n<h4>Sortides de tutoria<\/h4>\n<ul>\n<li>Sortida de dos dies a l&#8217;octubre a l&#8217;Espluga de Francol\u00ed.<\/li>\n<li>Sortida de tutoria d&#8217;esqu\u00ed de fons (durant el mes de febrer): durant tres dies (de dilluns a dimecres i de dimecres a divendres), els alumnes s&#8217;estan a l&#8217;estaci\u00f3 d&#8217;esqu\u00ed de fons de Sant Joan de l&#8217;Erm. La seva situaci\u00f3 en plena muntanya ofereix la possibilitat de combinar les classes d&#8217;esqu\u00ed de fons amb activitats di\u00e0ries de tutoria.<\/li>\n<\/ul>\n<h4>Sortides de mat\u00e8ria (segons la planificaci\u00f3 de cada curs escolar)<\/h4>\n<ul>\n<li>Visita al planetari del Cosmocaixa de Barcelona (Biologia)<\/li>\n<li>Visita al MIBA de Barcelona (Tecnologia)<\/li>\n<li>Coves prehist\u00f2riques de Seriny\u00e0 (Socials)<\/li>\n<li>Activitat de teatre a Granollers (Catal\u00e0)<\/li>\n<li>Visita a la Sagrada Fam\u00edlia. (Religi\u00f3)<\/li>\n<\/ul>\n<h4>Treball de s\u00edntesi: La Vall del Tenes<\/h4>\n<p>Treball de s\u00edntesi on s&#8217;estudia el paisatge natural i hum\u00e0 dels nostres pobles. Es visiten alguns indrets singulars: masies, explotacions agropecu\u00e0ries, depuradora, &#8230; i es fa un treball de camp sobre el riu Tenes.<\/p>\n","protected":false},"excerpt":{"rendered":"<p>Curr\u00edculum Mat\u00e8ries Hores setmanals Catal\u00e0 3 Castell\u00e0 3 Angl\u00e8s 3 Geografia i hist\u00f2ria (1\u202fh GEP) 3 Matem\u00e0tiques 3 Biologia (1 h GEP) 2 + 1 (laboratori) Tecnologia 1 + 1 (laboratori) Educaci\u00f3 f\u00edsica 2 M\u00fasica 2 Religi\u00f3 \/ Seguiment tutorial 1 Projecte globalitzat: C\u00e0mera i acci\u00f3 Lectura 2,5 Tutoria 1 Total 30 Sortides de tutoria [&hellip;]<\/p>\n","protected":false},"author":1,"featured_media":0,"parent":891,"menu_order":1,"comment_status":"closed","ping_status":"closed","template":"page-templates\/side-menu.php","meta":{"_bbp_topic_count":0,"_bbp_reply_count":0,"_bbp_total_topic_count":0,"_bbp_total_reply_count":0,"_bbp_voice_count":0,"_bbp_anonymous_reply_count":0,"_bbp_topic_count_hidden":0,"_bbp_reply_count_hidden":0,"_bbp_forum_subforum_count":0,"site-sidebar-layout":"default","site-content-layout":"","ast-site-content-layout":"","site-content-style":"default","site-sidebar-style":"default","ast-global-header-display":"","ast-banner-title-visibility":"","ast-main-header-display":"","ast-hfb-above-header-display":"","ast-hfb-below-header-display":"","ast-hfb-mobile-header-display":"","site-post-title":"","ast-breadcrumbs-content":"","ast-featured-img":"","footer-sml-layout":"","theme-transparent-header-meta":"","adv-header-id-meta":"","stick-header-meta":"","header-above-stick-meta":"","header-main-stick-meta":"","header-below-stick-meta":"","astra-migrate-meta-layouts":"default","ast-page-background-enabled":"default","ast-page-background-meta":{"desktop":{"background-color":"var(--ast-global-color-4)","background-image":"","background-repeat":"repeat","background-position":"center center","background-size":"auto","background-attachment":"scroll","background-type":"","background-media":"","overlay-type":"","overlay-color":"","overlay-opacity":"","overlay-gradient":""},"tablet":{"background-color":"","background-image":"","background-repeat":"repeat","background-position":"center center","background-size":"auto","background-attachment":"scroll","background-type":"","background-media":"","overlay-type":"","overlay-color":"","overlay-opacity":"","overlay-gradient":""},"mobile":{"background-color":"","background-image":"","background-repeat":"repeat","background-position":"center center","background-size":"auto","background-attachment":"scroll","background-type":"","background-media":"","overlay-type":"","overlay-color":"","overlay-opacity":"","overlay-gradient":""}},"ast-content-background-meta":{"desktop":{"background-color":"var(--ast-global-color-5)","background-image":"","background-repeat":"repeat","background-position":"center center","background-size":"auto","background-attachment":"scroll","background-type":"","background-media":"","overlay-type":"","overlay-color":"","overlay-opacity":"","overlay-gradient":""},"tablet":{"background-color":"var(--ast-global-color-5)","background-image":"","background-repeat":"repeat","background-position":"center center","background-size":"auto","background-attachment":"scroll","background-type":"","background-media":"","overlay-type":"","overlay-color":"","overlay-opacity":"","overlay-gradient":""},"mobile":{"background-color":"var(--ast-global-color-5)","background-image":"","background-repeat":"repeat","background-position":"center center","background-size":"auto","background-attachment":"scroll","background-type":"","background-media":"","overlay-type":"","overlay-color":"","overlay-opacity":"","overlay-gradient":""}},"footnotes":""},"class_list":["post-894","page","type-page","status-publish","hentry"],"post_mailing_queue_ids":[],"_links":{"self":[{"href":"https:\/\/agora.xtec.cat\/insvalltenes\/wp-json\/wp\/v2\/pages\/894","targetHints":{"allow":["GET"]}}],"collection":[{"href":"https:\/\/agora.xtec.cat\/insvalltenes\/wp-json\/wp\/v2\/pages"}],"about":[{"href":"https:\/\/agora.xtec.cat\/insvalltenes\/wp-json\/wp\/v2\/types\/page"}],"author":[{"embeddable":true,"href":"https:\/\/agora.xtec.cat\/insvalltenes\/wp-json\/wp\/v2\/users\/1"}],"replies":[{"embeddable":true,"href":"https:\/\/agora.xtec.cat\/insvalltenes\/wp-json\/wp\/v2\/comments?post=894"}],"version-history":[{"count":3,"href":"https:\/\/agora.xtec.cat\/insvalltenes\/wp-json\/wp\/v2\/pages\/894\/revisions"}],"predecessor-version":[{"id":3494,"href":"https:\/\/agora.xtec.cat\/insvalltenes\/wp-json\/wp\/v2\/pages\/894\/revisions\/3494"}],"up":[{"embeddable":true,"href":"https:\/\/agora.xtec.cat\/insvalltenes\/wp-json\/wp\/v2\/pages\/891"}],"wp:attachment":[{"href":"https:\/\/agora.xtec.cat\/insvalltenes\/wp-json\/wp\/v2\/media?parent=894"}],"curies":[{"name":"wp","href":"https:\/\/api.w.org\/{rel}","templated":true}]}}