{"id":869,"date":"2019-05-26T17:17:36","date_gmt":"2019-05-26T15:17:36","guid":{"rendered":"https:\/\/agora.xtec.cat\/insvalltenes\/?page_id=869"},"modified":"2019-07-01T11:08:23","modified_gmt":"2019-07-01T09:08:23","slug":"cfgm-gestio-administrativa","status":"publish","type":"page","link":"https:\/\/agora.xtec.cat\/insvalltenes\/oferta-educativa\/cfgm-gestio-administrativa\/","title":{"rendered":"CFGM Gesti\u00f3 Administrativa"},"content":{"rendered":"<h4>Acc\u00e9s<\/h4>\n<p>Es pot accedir als cicles formatius de grau mig amb el t\u00edtol de graduat en ESO o b\u00e9 amb la superaci\u00f3 d&#8217;una prova d&#8217;acc\u00e9s que convoca anualment el Departament d&#8217;Ensenyament.<br \/>\nEl nombre de places ofertat \u00e9s de 30, i la prioritat d&#8217;acc\u00e9s ve marcada, d&#8217;acord amb la normativa, per la nota mitjana d&#8217;ESO.<br \/>\nUn 20% de les places estan reservades per aquells alumnes procedents de la prova d&#8217;acc\u00e9s, i la prioritat d&#8217;acc\u00e9s ve determinada per la nota obtinguda en aquesta prova.<\/p>\n<p><a href=\"http:\/\/www20.gencat.cat\/portal\/site\/queestudiar\/menuitem.117f67559502935cd56a1c76b0c0e1a0\/?vgnextoid=6e7237a9f4f2b210VgnVCM2000009b0c1e0aRCRD&amp;vgnextchannel=6e7237a9f4f2b210VgnVCM2000009b0c1e0aRCRD&amp;vgnextfmt=detall&amp;p_id=49\" target=\"_blank\" rel=\"noopener noreferrer\">M\u00e9s informaci\u00f3&#8230;<\/a><\/p>\n<h4>Curr\u00edculum<\/h4>\n<table>\n<tbody>\n<tr>\n<td>\n<h5><span style=\"font-size: 16px;\">Primer curs<\/span><\/h5>\n<\/td>\n<td>\n<h5><span style=\"font-size: 16px;\">Hores<\/span><\/h5>\n<\/td>\n<td>\n<h5><span style=\"font-size: 16px;\">Segon curs<\/span><\/h5>\n<\/td>\n<td>\n<h5><span style=\"font-size: 16px;\">Hores<\/span><\/h5>\n<\/td>\n<\/tr>\n<tr>\n<td><span style=\"font-size: 16px;\">Comunicaci\u00f3 empresarial i atenci\u00f3 al client<br \/>\n<\/span><\/td>\n<td><span style=\"font-size: 16px;\">99<\/span><\/td>\n<td><span style=\"font-size: 16px;\">Comunicaci\u00f3 empresarial i atenci\u00f3 al client <\/span><\/td>\n<td><span style=\"font-size: 16px;\">33<\/span><\/td>\n<\/tr>\n<tr>\n<td><span style=\"font-size: 16px;\">Operacions administratives de compravenda <\/span><\/td>\n<td><span style=\"font-size: 16px;\">132<\/span><\/td>\n<td><span style=\"font-size: 16px;\">Operacions administratives de recursos humans <\/span><\/td>\n<td><span style=\"font-size: 16px;\">99<\/span><\/td>\n<\/tr>\n<tr>\n<td><span style=\"font-size: 16px;\">Operacions auxiliars de gesti\u00f3 de tresoreria <\/span><\/td>\n<td><span style=\"font-size: 16px;\">33<\/span><\/td>\n<td><span style=\"font-size: 16px;\">Operacions auxiliars de gesti\u00f3 de tresoreria <\/span><\/td>\n<td><span style=\"font-size: 16px;\">99<\/span><\/td>\n<\/tr>\n<tr>\n<td><span style=\"font-size: 16px;\">T\u00e8cnica comptable <\/span><\/td>\n<td><span style=\"font-size: 16px;\">132<\/span><\/td>\n<td><span style=\"font-size: 16px;\">Tractament de la documentaci\u00f3 comptable <\/span><\/td>\n<td><span style=\"font-size: 16px;\">132<\/span><\/td>\n<\/tr>\n<tr>\n<td><span style=\"font-size: 16px;\">Tractament inform\u00e0tic de la informaci\u00f3 <\/span><\/td>\n<td><span style=\"font-size: 16px;\">165<\/span><\/td>\n<td><span style=\"font-size: 16px;\">Tractament inform\u00e0tic de la informaci\u00f3 <\/span><\/td>\n<td><span style=\"font-size: 16px;\">66<\/span><\/td>\n<\/tr>\n<tr>\n<td><span style=\"font-size: 16px;\">Angl\u00e8s<\/span><\/td>\n<td><span style=\"font-size: 16px;\">99<\/span><\/td>\n<td><span style=\"font-size: 16px;\">Operacions administratives de suport <\/span><\/td>\n<td><span style=\"font-size: 16px;\">66<\/span><\/td>\n<\/tr>\n<tr>\n<td><span style=\"font-size: 16px;\">Empresa i Administraci\u00f3 <\/span><\/td>\n<td><span style=\"font-size: 16px;\">165<\/span><\/td>\n<td><span style=\"font-size: 16px;\">Empresa a l&#8217;aula <\/span><\/td>\n<td><span style=\"font-size: 16px;\">132<\/span><\/td>\n<\/tr>\n<tr>\n<td><span style=\"font-size: 16px;\">Formaci\u00f3 i orientaci\u00f3 laboral <\/span><\/td>\n<td><span style=\"font-size: 16px;\">99<\/span><\/td>\n<td><span style=\"font-size: 16px;\">Angl\u00e8s comercial <\/span><\/td>\n<td><span style=\"font-size: 16px;\">99<\/span><\/td>\n<\/tr>\n<tr>\n<td>\n<h5><span style=\"font-size: 16px;\">Hores lectives primer curs <\/span><\/h5>\n<\/td>\n<td>\n<h5><span style=\"font-size: 16px;\">924<\/span><\/h5>\n<\/td>\n<td>\n<h5><span style=\"font-size: 16px;\">Hores lectives segon curs <\/span><\/h5>\n<\/td>\n<td>\n<h5><span style=\"font-size: 16px;\">726<\/span><\/h5>\n<\/td>\n<\/tr>\n<tr>\n<td><span style=\"font-size: 16px;\">\u00a0<\/span><\/td>\n<td><span style=\"font-size: 16px;\">\u00a0<\/span><\/td>\n<td><span style=\"font-size: 16px;\">Pr\u00e0ctiques en empresa <\/span><\/td>\n<td><span style=\"font-size: 16px;\">350<\/span><\/td>\n<\/tr>\n<tr>\n<td><span style=\"font-size: 16px;\">\u00a0<\/span><\/td>\n<td><span style=\"font-size: 16px;\">\u00a0<\/span><\/td>\n<td>\n<h5><span style=\"font-size: 16px;\">Hores totals de formaci\u00f3 segon curs <\/span><\/h5>\n<\/td>\n<td>\n<h5><span style=\"font-size: 16px;\">1076<\/span><\/h5>\n<\/td>\n<\/tr>\n<\/tbody>\n<\/table>\n<p>En aquest <a href=\"http:\/\/xtec.gencat.cat\/web\/.content\/curriculum\/professionals\/fp\/titolsloe\/admingestio\/documents\/mp_AG11_gestio_adm_ambit_juridic_v010617_v2.doc\" target=\"_blank\" rel=\"noopener noreferrer\">enlla\u00e7<\/a> trobareu els continguts de cadascuna de les mat\u00e8ries.<\/p>\n<h4>Modalitat dual<\/h4>\n<p><a href=\"https:\/\/agora.xtec.cat\/insvalltenes\/wp-content\/uploads\/usu399\/2019\/05\/DUAL_alta.jpg\"><img loading=\"lazy\" decoding=\"async\" class=\"size-medium wp-image-870 alignleft\" src=\"https:\/\/agora.xtec.cat\/insvalltenes\/wp-content\/uploads\/usu399\/2019\/05\/DUAL_alta-300x300.jpg\" alt=\"\" width=\"300\" height=\"300\" srcset=\"https:\/\/agora.xtec.cat\/insvalltenes\/wp-content\/uploads\/usu399\/2019\/05\/DUAL_alta-300x300.jpg 300w, https:\/\/agora.xtec.cat\/insvalltenes\/wp-content\/uploads\/usu399\/2019\/05\/DUAL_alta-150x150.jpg 150w, https:\/\/agora.xtec.cat\/insvalltenes\/wp-content\/uploads\/usu399\/2019\/05\/DUAL_alta.jpg 553w\" sizes=\"auto, (max-width: 300px) 100vw, 300px\" \/><\/a>La modalitat dual ofereix als alumnes la possibilitat d&#8217;augmentar el nombre d&#8217;hores d&#8217;estada a les empreses, mitjan\u00e7ant un contracte o una beca, superant les 850 hores. En cursar part del curr\u00edculum a l&#8217;empresa l&#8217;horari lectiu es redueix, d&#8217;acord amb l&#8217;horari consultable a l&#8217;<a href=\"https:\/\/agora.xtec.cat\/insvalltenes\/linstitut\/horaris\/\" target=\"_blank\" rel=\"noopener noreferrer\">apartat d&#8217;horaris del centre<\/a>.<\/p>\n<p>Les places duals s&#8217;adjudiquen als alumnes seguint els criteris establerts a la <a href=\"https:\/\/agora.xtec.cat\/insvalltenes\/docs\/normes-dorganitzacio-i-funcionament-de-centre-nofc\/\" target=\"_blank\" rel=\"noopener noreferrer\">normativa del centre<\/a> (apartat 4.1.8.5).<\/p>\n<p>Trobareu informaci\u00f3 espec\u00edfica sobre la FP dual en <a href=\"https:\/\/projectes.xtec.cat\/fpdual\/\" target=\"_blank\" rel=\"noopener noreferrer\">aquesta web.<\/a><\/p>\n","protected":false},"excerpt":{"rendered":"<p>Acc\u00e9s Es pot accedir als cicles formatius de grau mig amb el t\u00edtol de graduat en ESO o b\u00e9 amb la superaci\u00f3 d&#8217;una prova d&#8217;acc\u00e9s que convoca anualment el Departament d&#8217;Ensenyament. El nombre de places ofertat \u00e9s de 30, i la prioritat d&#8217;acc\u00e9s ve marcada, d&#8217;acord amb la normativa, per la nota mitjana d&#8217;ESO. Un [&hellip;]<\/p>\n","protected":false},"author":1,"featured_media":0,"parent":642,"menu_order":40,"comment_status":"closed","ping_status":"closed","template":"page-templates\/side-menu.php","meta":{"_bbp_topic_count":0,"_bbp_reply_count":0,"_bbp_total_topic_count":0,"_bbp_total_reply_count":0,"_bbp_voice_count":0,"_bbp_anonymous_reply_count":0,"_bbp_topic_count_hidden":0,"_bbp_reply_count_hidden":0,"_bbp_forum_subforum_count":0,"site-sidebar-layout":"default","site-content-layout":"","ast-site-content-layout":"","site-content-style":"default","site-sidebar-style":"default","ast-global-header-display":"","ast-banner-title-visibility":"","ast-main-header-display":"","ast-hfb-above-header-display":"","ast-hfb-below-header-display":"","ast-hfb-mobile-header-display":"","site-post-title":"","ast-breadcrumbs-content":"","ast-featured-img":"","footer-sml-layout":"","theme-transparent-header-meta":"","adv-header-id-meta":"","stick-header-meta":"","header-above-stick-meta":"","header-main-stick-meta":"","header-below-stick-meta":"","astra-migrate-meta-layouts":"default","ast-page-background-enabled":"default","ast-page-background-meta":{"desktop":{"background-color":"var(--ast-global-color-4)","background-image":"","background-repeat":"repeat","background-position":"center center","background-size":"auto","background-attachment":"scroll","background-type":"","background-media":"","overlay-type":"","overlay-color":"","overlay-opacity":"","overlay-gradient":""},"tablet":{"background-color":"","background-image":"","background-repeat":"repeat","background-position":"center center","background-size":"auto","background-attachment":"scroll","background-type":"","background-media":"","overlay-type":"","overlay-color":"","overlay-opacity":"","overlay-gradient":""},"mobile":{"background-color":"","background-image":"","background-repeat":"repeat","background-position":"center center","background-size":"auto","background-attachment":"scroll","background-type":"","background-media":"","overlay-type":"","overlay-color":"","overlay-opacity":"","overlay-gradient":""}},"ast-content-background-meta":{"desktop":{"background-color":"var(--ast-global-color-5)","background-image":"","background-repeat":"repeat","background-position":"center center","background-size":"auto","background-attachment":"scroll","background-type":"","background-media":"","overlay-type":"","overlay-color":"","overlay-opacity":"","overlay-gradient":""},"tablet":{"background-color":"var(--ast-global-color-5)","background-image":"","background-repeat":"repeat","background-position":"center center","background-size":"auto","background-attachment":"scroll","background-type":"","background-media":"","overlay-type":"","overlay-color":"","overlay-opacity":"","overlay-gradient":""},"mobile":{"background-color":"var(--ast-global-color-5)","background-image":"","background-repeat":"repeat","background-position":"center center","background-size":"auto","background-attachment":"scroll","background-type":"","background-media":"","overlay-type":"","overlay-color":"","overlay-opacity":"","overlay-gradient":""}},"footnotes":""},"class_list":["post-869","page","type-page","status-publish","hentry"],"post_mailing_queue_ids":[],"_links":{"self":[{"href":"https:\/\/agora.xtec.cat\/insvalltenes\/wp-json\/wp\/v2\/pages\/869","targetHints":{"allow":["GET"]}}],"collection":[{"href":"https:\/\/agora.xtec.cat\/insvalltenes\/wp-json\/wp\/v2\/pages"}],"about":[{"href":"https:\/\/agora.xtec.cat\/insvalltenes\/wp-json\/wp\/v2\/types\/page"}],"author":[{"embeddable":true,"href":"https:\/\/agora.xtec.cat\/insvalltenes\/wp-json\/wp\/v2\/users\/1"}],"replies":[{"embeddable":true,"href":"https:\/\/agora.xtec.cat\/insvalltenes\/wp-json\/wp\/v2\/comments?post=869"}],"version-history":[{"count":3,"href":"https:\/\/agora.xtec.cat\/insvalltenes\/wp-json\/wp\/v2\/pages\/869\/revisions"}],"predecessor-version":[{"id":1139,"href":"https:\/\/agora.xtec.cat\/insvalltenes\/wp-json\/wp\/v2\/pages\/869\/revisions\/1139"}],"up":[{"embeddable":true,"href":"https:\/\/agora.xtec.cat\/insvalltenes\/wp-json\/wp\/v2\/pages\/642"}],"wp:attachment":[{"href":"https:\/\/agora.xtec.cat\/insvalltenes\/wp-json\/wp\/v2\/media?parent=869"}],"curies":[{"name":"wp","href":"https:\/\/api.w.org\/{rel}","templated":true}]}}