{"id":75,"date":"2014-09-18T10:21:02","date_gmt":"2014-09-18T08:21:02","guid":{"rendered":"http:\/\/agora.xtec.cat\/insvalltenes\/?page_id=75"},"modified":"2025-10-08T18:48:55","modified_gmt":"2025-10-08T16:48:55","slug":"activitats-extraescolars","status":"publish","type":"page","link":"https:\/\/agora.xtec.cat\/insvalltenes\/serveis\/activitats-extraescolars\/","title":{"rendered":"Activitats extraescolars"},"content":{"rendered":"\n<p>Les activitats extraescolars que ofereix l&#8217;Institut pel curs 2025-26 s\u00f3n les seg\u00fcents:<\/p>\n\n\n\n<h4 class=\"wp-block-heading\">Orquestra<\/h4>\n\n\n\n<ul class=\"wp-block-list\">\n<li>Per a tots els alumnes<\/li>\n\n\n\n<li>Tots els dimarts de 15:00 a 16:00.<\/li>\n\n\n\n<li>L&#8217;activitat d&#8217;<strong><em>Orquestra<\/em><\/strong> est\u00e0 oberta a tots els alumnes del centre, i no cal tenir cap nivell concret de coneixements musicals. L&#8217;orquestra actua habitualment a les festes del centre, i ocasionalment en algun acte extern. A final de curs s&#8217;acostuma a realitzar una sortida de tipus l\u00fadic combinada de vegades amb assajos intensius.<\/li>\n<\/ul>\n\n\n\n<h4 class=\"wp-block-heading\">Teatre en angl\u00e8s<\/h4>\n\n\n\n<ul class=\"wp-block-list\">\n<li>Alumnes de 1r a 4t d&#8217;ESO. Excepcionalment, alumnes de Batxillerat<\/li>\n\n\n\n<li>Donada la necess\u00e0ria limitaci\u00f3 de places i el tipus d&#8217;activitat, es prioritza la inscripci\u00f3 als alumnes del segon cicle (3r i 4t).<\/li>\n\n\n\n<li>Tots els dimarts de 15.00 a 16.00<\/li>\n<\/ul>\n\n\n\n<h4 class=\"wp-block-heading\">Fem Televisi\u00f3<\/h4>\n\n\n\n<ul class=\"wp-block-list\">\n<li>Alumnes de 1r a 4t d&#8217;ESO<\/li>\n\n\n\n<li>Tots els dimecres de 15:00 a 17:00<\/li>\n\n\n\n<li><strong><em>Fem TV <\/em><\/strong>\u00e9s una activitat que s&#8217;organitza amb col\u00b7laboraci\u00f3 amb Canal SET, la televisi\u00f3 local de Santa Eul\u00e0lia. Es fa des de finals de l\u2019any 2000. Inicialment, s\u2019oferia com a mat\u00e8ria optativa a 3r i 4t d\u2019ESO i actualment com a extraescolar. Permet a qui s\u2019hi inscrigui convertir-se en jove periodista durant el curs. Periodistes que aprendran a redactar, gravar, editar, locutar i presentar una not\u00edcia per a televisi\u00f3. Farem dos informatius (un cada quadrimestre) i explicarem l\u2019actualitat de l\u2019Institut La Vall del Tenes. Cada dia tamb\u00e9 farem un Kahoot d\u2019actualitat per acabar la sessi\u00f3.<\/li>\n<\/ul>\n\n\n\n<h4 class=\"wp-block-heading\">Preparaci\u00f3 MUN (Model United Nations)<\/h4>\n\n\n\n<ul class=\"wp-block-list\">\n<li>Alumnes de 2n a 4t d&#8217;ESO<\/li>\n\n\n\n<li>Tots els dimecres de 15:00 a 16:00.<\/li>\n\n\n\n<li>Les activitats <strong><em>MUN (Model United Nations)<\/em><\/strong> s\u00f3n trobades entre alumnes de secund\u00e0ria per dur a terme una simulaci\u00f3 d\u2019alguns comit\u00e8s de les Nacions Unides, representant qualsevol estat del m\u00f3n i usant la llengua anglesa per comunicar-nos. L\u2019activitat que oferim \u00e9s dirigida a alumnes de 2n, 3r i 4t d\u2019ESO.<\/li>\n<\/ul>\n\n\n\n<h4 class=\"wp-block-heading\">Concurs de F\u00edsica<\/h4>\n\n\n\n<ul class=\"wp-block-list\">\n<li>Per a alumnes de 4t d&#8217;ESO que cursin la mat\u00e8ria de F\u00edsica i qu\u00edmica<\/li>\n\n\n\n<li>dimarts de 15:00 a 16:00\u202fh. Nom\u00e9s de gener a mar\u00e7.<\/li>\n\n\n\n<li>Sessions extraescolars dirigides a alumnes que fan F\u00edsica i Qu\u00edmica a 4t d\u2019ESO per preparar la participaci\u00f3 en el concurs PHYSICAT destinat a alumnes de 4t d\u2019ESO de tot Catalunya.<\/li>\n<\/ul>\n\n\n\n<h4 class=\"wp-block-heading\">Lliga del Debat<\/h4>\n\n\n\n<ul class=\"wp-block-list\">\n<li>Per a alumnes de 4t d&#8217;ESO i 1r de Batxillerat<\/li>\n\n\n\n<li>dimarts de 15.00 a 16.00\u202fh<\/li>\n\n\n\n<li>Espai on poder practicar les t\u00e8cniques de l&#8217;argumentaci\u00f3, l&#8217;orat\u00f2ria i el debat. A la vegada ens prepararem per assistir a la Lliga del Debat organitzada per la Xarxa Vives que t\u00e9 lloc en una Universitat de Catalunya. En aquesta Lliga cada any hi participen diversos instituts de Catalunya on a trav\u00e9s d&#8217;un seguit de debats i fases eliminat\u00f2ries s&#8217;escull l&#8217;institut guanyador d&#8217;aquest concurs. Tant l&#8217;extraescolar com la Lliga del Debat est\u00e0 destinada a alumnes de 4t d&#8217;ESO i 1r de Batxillerat.<\/li>\n<\/ul>\n\n\n\n<p>Per tal que els alumnes puguin dinar, el centre posa a la seva disposici\u00f3 un espai amb microones i taules, aix\u00ed com les taules exteriors.<\/p>\n\n\n\n<p>Per les activitats amb places limitades que tinguin una demanda superior a l&#8217;oferta, el centre realitzar\u00e0 l&#8217;adjudicaci\u00f3 segons criteris com l&#8217;edat dels participants, el lliurament de la sol\u00b7licitud dins del termini, l&#8217;abs\u00e8ncia d&#8217;incidents disciplinaris i, en cas necessari, mitjan\u00e7ant sorteig.<\/p>\n","protected":false},"excerpt":{"rendered":"<p>Les activitats extraescolars que ofereix l&#8217;Institut pel curs 2025-26 s\u00f3n les seg\u00fcents: Orquestra Teatre en angl\u00e8s Fem Televisi\u00f3 Preparaci\u00f3 MUN (Model United Nations) Concurs de F\u00edsica Lliga del Debat Per tal que els alumnes puguin dinar, el centre posa a la seva disposici\u00f3 un espai amb microones i taules, aix\u00ed com les taules exteriors. Per [&hellip;]<\/p>\n","protected":false},"author":1,"featured_media":0,"parent":63,"menu_order":40,"comment_status":"closed","ping_status":"closed","template":"","meta":{"_bbp_topic_count":0,"_bbp_reply_count":0,"_bbp_total_topic_count":0,"_bbp_total_reply_count":0,"_bbp_voice_count":0,"_bbp_anonymous_reply_count":0,"_bbp_topic_count_hidden":0,"_bbp_reply_count_hidden":0,"_bbp_forum_subforum_count":0,"site-sidebar-layout":"default","site-content-layout":"","ast-site-content-layout":"default","site-content-style":"default","site-sidebar-style":"default","ast-global-header-display":"","ast-banner-title-visibility":"","ast-main-header-display":"","ast-hfb-above-header-display":"","ast-hfb-below-header-display":"","ast-hfb-mobile-header-display":"","site-post-title":"","ast-breadcrumbs-content":"","ast-featured-img":"","footer-sml-layout":"","theme-transparent-header-meta":"","adv-header-id-meta":"","stick-header-meta":"","header-above-stick-meta":"","header-main-stick-meta":"","header-below-stick-meta":"","astra-migrate-meta-layouts":"set","ast-page-background-enabled":"default","ast-page-background-meta":{"desktop":{"background-color":"var(--ast-global-color-4)","background-image":"","background-repeat":"repeat","background-position":"center center","background-size":"auto","background-attachment":"scroll","background-type":"","background-media":"","overlay-type":"","overlay-color":"","overlay-opacity":"","overlay-gradient":""},"tablet":{"background-color":"","background-image":"","background-repeat":"repeat","background-position":"center center","background-size":"auto","background-attachment":"scroll","background-type":"","background-media":"","overlay-type":"","overlay-color":"","overlay-opacity":"","overlay-gradient":""},"mobile":{"background-color":"","background-image":"","background-repeat":"repeat","background-position":"center center","background-size":"auto","background-attachment":"scroll","background-type":"","background-media":"","overlay-type":"","overlay-color":"","overlay-opacity":"","overlay-gradient":""}},"ast-content-background-meta":{"desktop":{"background-color":"var(--ast-global-color-5)","background-image":"","background-repeat":"repeat","background-position":"center center","background-size":"auto","background-attachment":"scroll","background-type":"","background-media":"","overlay-type":"","overlay-color":"","overlay-opacity":"","overlay-gradient":""},"tablet":{"background-color":"var(--ast-global-color-5)","background-image":"","background-repeat":"repeat","background-position":"center center","background-size":"auto","background-attachment":"scroll","background-type":"","background-media":"","overlay-type":"","overlay-color":"","overlay-opacity":"","overlay-gradient":""},"mobile":{"background-color":"var(--ast-global-color-5)","background-image":"","background-repeat":"repeat","background-position":"center center","background-size":"auto","background-attachment":"scroll","background-type":"","background-media":"","overlay-type":"","overlay-color":"","overlay-opacity":"","overlay-gradient":""}},"footnotes":""},"class_list":["post-75","page","type-page","status-publish","hentry"],"post_mailing_queue_ids":[],"_links":{"self":[{"href":"https:\/\/agora.xtec.cat\/insvalltenes\/wp-json\/wp\/v2\/pages\/75","targetHints":{"allow":["GET"]}}],"collection":[{"href":"https:\/\/agora.xtec.cat\/insvalltenes\/wp-json\/wp\/v2\/pages"}],"about":[{"href":"https:\/\/agora.xtec.cat\/insvalltenes\/wp-json\/wp\/v2\/types\/page"}],"author":[{"embeddable":true,"href":"https:\/\/agora.xtec.cat\/insvalltenes\/wp-json\/wp\/v2\/users\/1"}],"replies":[{"embeddable":true,"href":"https:\/\/agora.xtec.cat\/insvalltenes\/wp-json\/wp\/v2\/comments?post=75"}],"version-history":[{"count":6,"href":"https:\/\/agora.xtec.cat\/insvalltenes\/wp-json\/wp\/v2\/pages\/75\/revisions"}],"predecessor-version":[{"id":5244,"href":"https:\/\/agora.xtec.cat\/insvalltenes\/wp-json\/wp\/v2\/pages\/75\/revisions\/5244"}],"up":[{"embeddable":true,"href":"https:\/\/agora.xtec.cat\/insvalltenes\/wp-json\/wp\/v2\/pages\/63"}],"wp:attachment":[{"href":"https:\/\/agora.xtec.cat\/insvalltenes\/wp-json\/wp\/v2\/media?parent=75"}],"curies":[{"name":"wp","href":"https:\/\/api.w.org\/{rel}","templated":true}]}}