{"id":646,"date":"2019-05-14T09:27:41","date_gmt":"2019-05-14T07:27:41","guid":{"rendered":"https:\/\/agora.xtec.cat\/insvalltenes\/?page_id=646"},"modified":"2026-04-07T15:13:04","modified_gmt":"2026-04-07T13:13:04","slug":"batxibac","status":"publish","type":"page","link":"https:\/\/agora.xtec.cat\/insvalltenes\/oferta-educativa\/batxibac\/","title":{"rendered":"Batxibac"},"content":{"rendered":"\n<h2 class=\"wp-block-heading\">Presentaci\u00f3<\/h2>\n\n\n\n<p>El programa Batxibac t\u00e9 el seu origen en un acord entre els ministeris d&#8217;exteriors dels estats espanyols i franc\u00e8s de l&#8217;any 2005, i que el Departament d&#8217;Ensenyament desenvolupa a partir del curs 2010-2011. L&#8217;Institut La Vall del Tenes ofereix aquest programa des del curs 2014-15.<\/p>\n\n\n\n<h2 class=\"wp-block-heading\">Objectius del programa<\/h2>\n\n\n\n<ul class=\"wp-block-list\">\n<li>Obtenci\u00f3 d&#8217;una doble titulaci\u00f3: Batxillerat i Baccalaur\u00e9at<\/li>\n\n\n\n<li>Assoliment d&#8217;un alt nivell de coneixement de la llengua francesa, aix\u00ed com de la seva literatura i hist\u00f2ria<\/li>\n\n\n\n<li>Acc\u00e9s directe a la universitat francesa<\/li>\n\n\n\n<li>Doble via per entrar a les universitats catalanes<\/li>\n<\/ul>\n\n\n\n<h2 class=\"wp-block-heading\">Curr\u00edculum<\/h2>\n\n\n\n<p>Els alumnes de Batxibac poden triar qualsevol modalitat de les que ofereix el centre (Ci\u00e8ncies i tecnologia o Humanitats i ci\u00e8ncies socials), i cursen les mateixes mat\u00e8ries comunes que els altres alumnes (catal\u00e0, castell\u00e0, angl\u00e8s, filosofia, educaci\u00f3 f\u00edsica).<\/p>\n\n\n\n<p>La proposta de l&#8217;Institut La Vall del Tenes per impartir el curr\u00edculum en franc\u00e8s \u00e9s la seg\u00fcent:<\/p>\n\n\n\n<div class=\"wp-block-getwid-tabs has-layout-horizontal-center\" data-active-tab=\"0\"><ul class=\"wp-block-getwid-tabs__nav-links\"><\/ul>\n<div class=\"wp-block-getwid-tabs__nav-link\"><span class=\"wp-block-getwid-tabs__title-wrapper\"><a href=\"#\"><span class=\"wp-block-getwid-tabs__title\">1r de Batxibac<\/span><\/a><\/span><\/div><div class=\"wp-block-getwid-tabs__tab-content-wrapper\"><div class=\"wp-block-getwid-tabs__tab-content\">\n<figure class=\"wp-block-table is-style-stripes\"><table class=\"has-fixed-layout\"><thead><tr><th><strong>Mat\u00e8ria<\/strong><\/th><th class=\"has-text-align-center\" data-align=\"center\"><strong>Hores<\/strong><\/th><th class=\"has-text-align-center\" data-align=\"center\"><strong>Horari<\/strong><\/th><\/tr><\/thead><tbody><tr><td>Llengua francesa<\/td><td class=\"has-text-align-center\" data-align=\"center\">3<\/td><td class=\"has-text-align-center\" data-align=\"center\">mat\u00ed<\/td><\/tr><tr><td>Literatura francesa<\/td><td class=\"has-text-align-center\" data-align=\"center\">2<\/td><td class=\"has-text-align-center\" data-align=\"center\">tarda<\/td><\/tr><tr><td>Lectura en franc\u00e8s<\/td><td class=\"has-text-align-center\" data-align=\"center\">2,5<\/td><td class=\"has-text-align-center\" data-align=\"center\">mat\u00ed<\/td><\/tr><tr><td>Hist\u00f2ria<\/td><td class=\"has-text-align-center\" data-align=\"center\">1,25<\/td><td class=\"has-text-align-center\" data-align=\"center\">tarda<\/td><\/tr><tr><td>Teatre en franc\u00e8s \/ Franc\u00e8s oral<\/td><td class=\"has-text-align-center\" data-align=\"center\">1<\/td><td class=\"has-text-align-center\" data-align=\"center\">mat\u00ed<\/td><\/tr><tr><td>Tutoria<\/td><td class=\"has-text-align-center\" data-align=\"center\">1<\/td><td class=\"has-text-align-center\" data-align=\"center\">mat\u00ed<\/td><\/tr><\/tbody><tfoot><tr><td><strong>Total<\/strong><\/td><td class=\"has-text-align-center\" data-align=\"center\"><strong>11,25<\/strong><\/td><td class=\"has-text-align-center\" data-align=\"center\"><\/td><\/tr><\/tfoot><\/table><\/figure>\n<\/div><\/div>\n\n\n\n<div class=\"wp-block-getwid-tabs__nav-link\"><span class=\"wp-block-getwid-tabs__title-wrapper\"><a href=\"#\"><span class=\"wp-block-getwid-tabs__title\">2n de Batxibac<\/span><\/a><\/span><\/div><div class=\"wp-block-getwid-tabs__tab-content-wrapper\"><div class=\"wp-block-getwid-tabs__tab-content\">\n<figure class=\"wp-block-table is-style-stripes\"><table class=\"has-fixed-layout\"><thead><tr><th><strong>Mat\u00e8ria<\/strong><\/th><th class=\"has-text-align-center\" data-align=\"center\"><strong>Hores<\/strong><\/th><th class=\"has-text-align-center\" data-align=\"center\"><strong>Horari<\/strong><\/th><\/tr><\/thead><tbody><tr><td>Llengua i literatura  francesa<\/td><td class=\"has-text-align-center\" data-align=\"center\">4<\/td><td class=\"has-text-align-center\" data-align=\"center\">tarda<\/td><\/tr><tr><td>Hist\u00f2ria de Fran\u00e7a i d&#8217;Espanya<\/td><td class=\"has-text-align-center\" data-align=\"center\">5,5<\/td><td class=\"has-text-align-center\" data-align=\"center\">mat\u00ed<\/td><\/tr><tr><td>Tutoria<\/td><td class=\"has-text-align-center\" data-align=\"center\">1<\/td><td class=\"has-text-align-center\" data-align=\"center\">mat\u00ed<\/td><\/tr><tr><td>Treball de recerca<\/td><td class=\"has-text-align-center\" data-align=\"center\">2<\/td><td class=\"has-text-align-center\" data-align=\"center\">no presencial<\/td><\/tr><\/tbody><tfoot><tr><td><strong>Total<\/strong><\/td><td class=\"has-text-align-center\" data-align=\"center\"><strong>12,5<\/strong><\/td><td class=\"has-text-align-center\" data-align=\"center\"><\/td><\/tr><\/tfoot><\/table><\/figure>\n<\/div><\/div>\n<\/div>\n\n\n\n<p>En el cas que es vulgui cursar alguna mat\u00e8ria de modalitat que coincideixi amb la mat\u00e8ria de franc\u00e8s de 1r es pot fer una matr\u00edcula a dist\u00e0ncia a trav\u00e9s de l&#8217;IOC.<\/p>\n\n\n\n<h2 class=\"wp-block-heading\">Requisits d&#8217;acc\u00e9s<\/h2>\n\n\n\n<ul class=\"wp-block-list\">\n<li>Nivell equivalent a la categoria B1 del Marc Europeu de Refer\u00e8ncia per a les Lleng\u00fces<\/li>\n\n\n\n<li>Els alumnes procedents d&#8217;altres centres que no disposin de cap titulaci\u00f3 oficial hauran de superar una prova de nivell de llengua francesa<\/li>\n<\/ul>\n\n\n\n<h2 class=\"wp-block-heading\">Titulaci\u00f3 Baccalaur\u00e9at<\/h2>\n\n\n\n<p>Per obtenir la titulaci\u00f3 cal:<\/p>\n\n\n\n<ul class=\"wp-block-list\">\n<li>Haver superat el 2n curs de Batxillerat<\/li>\n\n\n\n<li>Aprovar la prova externa que convoca el consolat franc\u00e8s de Barcelona<\/li>\n<\/ul>\n\n\n\n<h2 class=\"wp-block-heading\">Acc\u00e9s a la Universitat<\/h2>\n\n\n\n<ul class=\"wp-block-list\">\n<li>Universitat francesa: amb les mateixes condicions que els alumnes francesos<\/li>\n\n\n\n<li>Universitat catalana: acc\u00e9s mitjan\u00e7ant doble via\n<ul class=\"wp-block-list\">\n<li>Nota de Batxillerat i de PAU<\/li>\n\n\n\n<li>Nota de Baccalaur\u00e9at i sense PAU. Es pot apujar la nota presentant-se a alguna mat\u00e8ria de la fase espec\u00edfica<\/li>\n\n\n\n<li>Les dues vies s\u00f3n compatibles de manera que al final es pot triar la via que m\u00e9s convingui<\/li>\n<\/ul>\n<\/li>\n<\/ul>\n\n\n\n<p>Us podeu descarregar el dossier de portes obertes amb m\u00e9s informaci\u00f3 en <a href=\"https:\/\/agora.xtec.cat\/insvalltenes\/docs\/dossier-batxibac-2026-28\/\">aquest enlla\u00e7<\/a>.<\/p>\n\n\n\n<h2 class=\"wp-block-heading\">Presentaci\u00f3 de sol\u00b7licituds<\/h2>\n\n\n\n<p>Cal omplir la sol\u00b7licitud electr\u00f2nica a la p\u00e0gina del Departament d&#8217;Educaci\u00f3 en els terminis indicats.<\/p>\n\n\n\n<p><\/p>\n","protected":false},"excerpt":{"rendered":"<p>Presentaci\u00f3 El programa Batxibac t\u00e9 el seu origen en un acord entre els ministeris d&#8217;exteriors dels estats espanyols i franc\u00e8s de l&#8217;any 2005, i que el Departament d&#8217;Ensenyament desenvolupa a partir del curs 2010-2011. L&#8217;Institut La Vall del Tenes ofereix aquest programa des del curs 2014-15. Objectius del programa Curr\u00edculum Els alumnes de Batxibac poden [&hellip;]<\/p>\n","protected":false},"author":1,"featured_media":0,"parent":642,"menu_order":30,"comment_status":"closed","ping_status":"closed","template":"","meta":{"_bbp_topic_count":0,"_bbp_reply_count":0,"_bbp_total_topic_count":0,"_bbp_total_reply_count":0,"_bbp_voice_count":0,"_bbp_anonymous_reply_count":0,"_bbp_topic_count_hidden":0,"_bbp_reply_count_hidden":0,"_bbp_forum_subforum_count":0,"site-sidebar-layout":"default","site-content-layout":"","ast-site-content-layout":"default","site-content-style":"default","site-sidebar-style":"default","ast-global-header-display":"","ast-banner-title-visibility":"","ast-main-header-display":"","ast-hfb-above-header-display":"","ast-hfb-below-header-display":"","ast-hfb-mobile-header-display":"","site-post-title":"","ast-breadcrumbs-content":"","ast-featured-img":"","footer-sml-layout":"","theme-transparent-header-meta":"","adv-header-id-meta":"","stick-header-meta":"","header-above-stick-meta":"","header-main-stick-meta":"","header-below-stick-meta":"","astra-migrate-meta-layouts":"set","ast-page-background-enabled":"default","ast-page-background-meta":{"desktop":{"background-color":"var(--ast-global-color-4)","background-image":"","background-repeat":"repeat","background-position":"center center","background-size":"auto","background-attachment":"scroll","background-type":"","background-media":"","overlay-type":"","overlay-color":"","overlay-opacity":"","overlay-gradient":""},"tablet":{"background-color":"","background-image":"","background-repeat":"repeat","background-position":"center center","background-size":"auto","background-attachment":"scroll","background-type":"","background-media":"","overlay-type":"","overlay-color":"","overlay-opacity":"","overlay-gradient":""},"mobile":{"background-color":"","background-image":"","background-repeat":"repeat","background-position":"center center","background-size":"auto","background-attachment":"scroll","background-type":"","background-media":"","overlay-type":"","overlay-color":"","overlay-opacity":"","overlay-gradient":""}},"ast-content-background-meta":{"desktop":{"background-color":"var(--ast-global-color-5)","background-image":"","background-repeat":"repeat","background-position":"center center","background-size":"auto","background-attachment":"scroll","background-type":"","background-media":"","overlay-type":"","overlay-color":"","overlay-opacity":"","overlay-gradient":""},"tablet":{"background-color":"var(--ast-global-color-5)","background-image":"","background-repeat":"repeat","background-position":"center center","background-size":"auto","background-attachment":"scroll","background-type":"","background-media":"","overlay-type":"","overlay-color":"","overlay-opacity":"","overlay-gradient":""},"mobile":{"background-color":"var(--ast-global-color-5)","background-image":"","background-repeat":"repeat","background-position":"center center","background-size":"auto","background-attachment":"scroll","background-type":"","background-media":"","overlay-type":"","overlay-color":"","overlay-opacity":"","overlay-gradient":""}},"footnotes":""},"class_list":["post-646","page","type-page","status-publish","hentry"],"post_mailing_queue_ids":[],"_links":{"self":[{"href":"https:\/\/agora.xtec.cat\/insvalltenes\/wp-json\/wp\/v2\/pages\/646","targetHints":{"allow":["GET"]}}],"collection":[{"href":"https:\/\/agora.xtec.cat\/insvalltenes\/wp-json\/wp\/v2\/pages"}],"about":[{"href":"https:\/\/agora.xtec.cat\/insvalltenes\/wp-json\/wp\/v2\/types\/page"}],"author":[{"embeddable":true,"href":"https:\/\/agora.xtec.cat\/insvalltenes\/wp-json\/wp\/v2\/users\/1"}],"replies":[{"embeddable":true,"href":"https:\/\/agora.xtec.cat\/insvalltenes\/wp-json\/wp\/v2\/comments?post=646"}],"version-history":[{"count":6,"href":"https:\/\/agora.xtec.cat\/insvalltenes\/wp-json\/wp\/v2\/pages\/646\/revisions"}],"predecessor-version":[{"id":5983,"href":"https:\/\/agora.xtec.cat\/insvalltenes\/wp-json\/wp\/v2\/pages\/646\/revisions\/5983"}],"up":[{"embeddable":true,"href":"https:\/\/agora.xtec.cat\/insvalltenes\/wp-json\/wp\/v2\/pages\/642"}],"wp:attachment":[{"href":"https:\/\/agora.xtec.cat\/insvalltenes\/wp-json\/wp\/v2\/media?parent=646"}],"curies":[{"name":"wp","href":"https:\/\/api.w.org\/{rel}","templated":true}]}}