{"id":6086,"date":"2026-05-04T11:58:28","date_gmt":"2026-05-04T09:58:28","guid":{"rendered":"https:\/\/agora.xtec.cat\/insvalltenes\/?page_id=6086"},"modified":"2026-05-04T12:12:59","modified_gmt":"2026-05-04T10:12:59","slug":"materies-ioc","status":"publish","type":"page","link":"https:\/\/agora.xtec.cat\/insvalltenes\/secretaria\/materies-ioc\/","title":{"rendered":"Mat\u00e8ries IOC"},"content":{"rendered":"\n<p>Els alumnes de batxillerat que vulguin cursar una mat\u00e8ria a dist\u00e0ncia a trav\u00e9s de l&#8217;Institut Obert de Catalunya (IOC) han de tenir en compte les seg\u00fcents informacions:<\/p>\n\n\n\n<ul class=\"wp-block-list\">\n<li>Es poden cursar a dist\u00e0ncia un m\u00e0xim de dues mat\u00e8ries a cada curs.<\/li>\n\n\n\n<li>Els alumnes no poden cursar en el seu centre les mat\u00e8ries en q\u00fcesti\u00f3 per culpa de causes organitzatives.<\/li>\n\n\n\n<li>Mat\u00e8ries que es poden cursar a l&#8217;IOC:\n<ul class=\"wp-block-list\">\n<li>\u200bLes mat\u00e8ries comunes i la mat\u00e8ria obligat\u00f2ria de modalitat s&#8217;han de cursar en el centre ordinari llevat de les dues excepcions seg\u00fcents:\n<ul class=\"wp-block-list\">\n<li>Si es cursen dues mat\u00e8ries obligat\u00f2ries de modalitat i els horaris s\u00f3n incompatibles al centre. Per exemple, en el cas de la modalitat d&#8217;humanitats i ci\u00e8ncies socials, Matem\u00e0tiques Aplicades a les Ci\u00e8ncies Socials i Llengua i Cultura Llatines es poden cursar indistintament a l&#8217;IOC l&#8217;una o l&#8217;altra.<\/li>\n\n\n\n<li>\u200bSi la Llengua Estrangera (mat\u00e8ria comuna) que imparteix el centre \u00e9s diferent de la que vol cursar l&#8217;alumne o alumna. &nbsp;<\/li>\n<\/ul>\n<\/li>\n\n\n\n<li>La resta de mat\u00e8ries de modalitat es poden cursar a l&#8217;IOC o en el format d&#8217;educaci\u00f3 semipresencial.<\/li>\n\n\n\n<li>La Segona Llengua Estrangera.<\/li>\n\n\n\n<li>De les mat\u00e8ries optatives trimestrals, cap.<\/li>\n\n\n\n<li>Es recomana consultar la informaci\u00f3 actualitzada a la <a href=\"https:\/\/ioc.xtec.cat\/educacio\/estudis\/assignatures-de-batxillerat-per-a-estudiants-de-centres-presencials\/\" target=\"_blank\" rel=\"noreferrer noopener\">p\u00e0gina web de l&#8217;IOC<\/a>.<\/li>\n<\/ul>\n<\/li>\n<\/ul>\n\n\n\n<p class=\"has-medium-font-size\">Per matricular-se d&#8217;alguna assignatura a l&#8217;IOC cal lliurar a la secretaria de l&#8217;institut, presencialment o per correu electr\u00f2nic, la <a href=\"https:\/\/agora.xtec.cat\/insvalltenes\/docs\/sol%c2%b7licitud-de-cursar-materies-de-batxillerat-a-ioc\/\">sol\u00b7licitud corresponent<\/a>. Les dates de matr\u00edcula es publiquen cada any a la web del centre, i s\u00f3n sempre durant els primers dies de setembre.<\/p>\n","protected":false},"excerpt":{"rendered":"<p>Els alumnes de batxillerat que vulguin cursar una mat\u00e8ria a dist\u00e0ncia a trav\u00e9s de l&#8217;Institut Obert de Catalunya (IOC) han de tenir en compte les seg\u00fcents informacions: Per matricular-se d&#8217;alguna assignatura a l&#8217;IOC cal lliurar a la secretaria de l&#8217;institut, presencialment o per correu electr\u00f2nic, la sol\u00b7licitud corresponent. Les dates de matr\u00edcula es publiquen cada [&hellip;]<\/p>\n","protected":false},"author":1,"featured_media":0,"parent":81,"menu_order":0,"comment_status":"closed","ping_status":"close","template":"","meta":{"_bbp_topic_count":0,"_bbp_reply_count":0,"_bbp_total_topic_count":0,"_bbp_total_reply_count":0,"_bbp_voice_count":0,"_bbp_anonymous_reply_count":0,"_bbp_topic_count_hidden":0,"_bbp_reply_count_hidden":0,"_bbp_forum_subforum_count":0,"site-sidebar-layout":"default","site-content-layout":"","ast-site-content-layout":"default","site-content-style":"default","site-sidebar-style":"default","ast-global-header-display":"","ast-banner-title-visibility":"","ast-main-header-display":"","ast-hfb-above-header-display":"","ast-hfb-below-header-display":"","ast-hfb-mobile-header-display":"","site-post-title":"","ast-breadcrumbs-content":"","ast-featured-img":"","footer-sml-layout":"","theme-transparent-header-meta":"","adv-header-id-meta":"","stick-header-meta":"","header-above-stick-meta":"","header-main-stick-meta":"","header-below-stick-meta":"","astra-migrate-meta-layouts":"set","ast-page-background-enabled":"default","ast-page-background-meta":{"desktop":{"background-color":"var(--ast-global-color-4)","background-image":"","background-repeat":"repeat","background-position":"center center","background-size":"auto","background-attachment":"scroll","background-type":"","background-media":"","overlay-type":"","overlay-color":"","overlay-opacity":"","overlay-gradient":""},"tablet":{"background-color":"","background-image":"","background-repeat":"repeat","background-position":"center center","background-size":"auto","background-attachment":"scroll","background-type":"","background-media":"","overlay-type":"","overlay-color":"","overlay-opacity":"","overlay-gradient":""},"mobile":{"background-color":"","background-image":"","background-repeat":"repeat","background-position":"center center","background-size":"auto","background-attachment":"scroll","background-type":"","background-media":"","overlay-type":"","overlay-color":"","overlay-opacity":"","overlay-gradient":""}},"ast-content-background-meta":{"desktop":{"background-color":"var(--ast-global-color-5)","background-image":"","background-repeat":"repeat","background-position":"center center","background-size":"auto","background-attachment":"scroll","background-type":"","background-media":"","overlay-type":"","overlay-color":"","overlay-opacity":"","overlay-gradient":""},"tablet":{"background-color":"var(--ast-global-color-5)","background-image":"","background-repeat":"repeat","background-position":"center center","background-size":"auto","background-attachment":"scroll","background-type":"","background-media":"","overlay-type":"","overlay-color":"","overlay-opacity":"","overlay-gradient":""},"mobile":{"background-color":"var(--ast-global-color-5)","background-image":"","background-repeat":"repeat","background-position":"center center","background-size":"auto","background-attachment":"scroll","background-type":"","background-media":"","overlay-type":"","overlay-color":"","overlay-opacity":"","overlay-gradient":""}},"footnotes":""},"class_list":["post-6086","page","type-page","status-publish","hentry"],"post_mailing_queue_ids":[],"_links":{"self":[{"href":"https:\/\/agora.xtec.cat\/insvalltenes\/wp-json\/wp\/v2\/pages\/6086","targetHints":{"allow":["GET"]}}],"collection":[{"href":"https:\/\/agora.xtec.cat\/insvalltenes\/wp-json\/wp\/v2\/pages"}],"about":[{"href":"https:\/\/agora.xtec.cat\/insvalltenes\/wp-json\/wp\/v2\/types\/page"}],"author":[{"embeddable":true,"href":"https:\/\/agora.xtec.cat\/insvalltenes\/wp-json\/wp\/v2\/users\/1"}],"replies":[{"embeddable":true,"href":"https:\/\/agora.xtec.cat\/insvalltenes\/wp-json\/wp\/v2\/comments?post=6086"}],"version-history":[{"count":2,"href":"https:\/\/agora.xtec.cat\/insvalltenes\/wp-json\/wp\/v2\/pages\/6086\/revisions"}],"predecessor-version":[{"id":6089,"href":"https:\/\/agora.xtec.cat\/insvalltenes\/wp-json\/wp\/v2\/pages\/6086\/revisions\/6089"}],"up":[{"embeddable":true,"href":"https:\/\/agora.xtec.cat\/insvalltenes\/wp-json\/wp\/v2\/pages\/81"}],"wp:attachment":[{"href":"https:\/\/agora.xtec.cat\/insvalltenes\/wp-json\/wp\/v2\/media?parent=6086"}],"curies":[{"name":"wp","href":"https:\/\/api.w.org\/{rel}","templated":true}]}}