{"id":5965,"date":"2026-04-06T22:01:34","date_gmt":"2026-04-06T20:01:34","guid":{"rendered":"https:\/\/agora.xtec.cat\/insvalltenes\/?page_id=5965"},"modified":"2026-04-07T13:27:42","modified_gmt":"2026-04-07T11:27:42","slug":"batxillerat-26-27","status":"publish","type":"page","link":"https:\/\/agora.xtec.cat\/insvalltenes\/oferta-educativa\/batxillerat-26-27\/","title":{"rendered":"Batxillerat"},"content":{"rendered":"\n<h1 class=\"wp-block-heading\">Curr\u00edculum 2026-27<\/h1>\n\n\n\n<h2 class=\"wp-block-heading has-text-align-center\">Mat\u00e8ries comunes<\/h2>\n\n\n\n<figure class=\"wp-block-table is-style-stripes\"><table><thead><tr><th class=\"has-text-align-center\" data-align=\"center\" colspan=\"2\">1r<\/th><th class=\"has-text-align-center\" data-align=\"center\" colspan=\"2\">2n<\/th><\/tr><\/thead><tbody><tr><td class=\"has-text-align-center\" data-align=\"center\">Catal\u00e0<\/td><td class=\"has-text-align-center\" data-align=\"center\">3 h<\/td><td class=\"has-text-align-center\" data-align=\"center\">Catal\u00e0<\/td><td class=\"has-text-align-center\" data-align=\"center\">2 h<\/td><\/tr><tr><td class=\"has-text-align-center\" data-align=\"center\">Castell\u00e0<\/td><td class=\"has-text-align-center\" data-align=\"center\">3 h<\/td><td class=\"has-text-align-center\" data-align=\"center\">Castell\u00e0<\/td><td class=\"has-text-align-center\" data-align=\"center\">2 h<\/td><\/tr><tr><td class=\"has-text-align-center\" data-align=\"center\">Angl\u00e8s<\/td><td class=\"has-text-align-center\" data-align=\"center\">3 h<\/td><td class=\"has-text-align-center\" data-align=\"center\">Angl\u00e8s<\/td><td class=\"has-text-align-center\" data-align=\"center\">3 h<\/td><\/tr><tr><td class=\"has-text-align-center\" data-align=\"center\">Filosofia<\/td><td class=\"has-text-align-center\" data-align=\"center\">2 h<\/td><td class=\"has-text-align-center\" data-align=\"center\">Hist\u00f2ria de la filosofia<\/td><td class=\"has-text-align-center\" data-align=\"center\">3 h<\/td><\/tr><tr><td class=\"has-text-align-center\" data-align=\"center\">Educaci\u00f3 f\u00edsica<\/td><td class=\"has-text-align-center\" data-align=\"center\">2 h<\/td><td class=\"has-text-align-center\" data-align=\"center\">Hist\u00f2ria<\/td><td class=\"has-text-align-center\" data-align=\"center\">3 h<\/td><\/tr><tr><td class=\"has-text-align-center\" data-align=\"center\">Tutoria<\/td><td class=\"has-text-align-center\" data-align=\"center\">1 h<\/td><td class=\"has-text-align-center\" data-align=\"center\">Tutoria<\/td><td class=\"has-text-align-center\" data-align=\"center\"> 1h<\/td><\/tr><tr><td class=\"has-text-align-center\" data-align=\"center\">Lectura<\/td><td class=\"has-text-align-center\" data-align=\"center\">2,5 h<\/td><td class=\"has-text-align-center\" data-align=\"center\">Lectura<\/td><td class=\"has-text-align-center\" data-align=\"center\">2,5 h<\/td><\/tr><\/tbody><\/table><\/figure>\n\n\n\n<div class=\"wp-block-getwid-tabs\" data-active-tab=\"0\"><ul class=\"wp-block-getwid-tabs__nav-links\"><\/ul>\n<div class=\"wp-block-getwid-tabs__nav-link\"><span class=\"wp-block-getwid-tabs__title-wrapper\"><a href=\"#\"><span class=\"wp-block-getwid-tabs__title\">Ci\u00e8ncies i tecnologia<\/span><\/a><\/span><\/div><div class=\"wp-block-getwid-tabs__tab-content-wrapper\"><div class=\"wp-block-getwid-tabs__tab-content\">\n<p>Els alumnes han de triar, a cada curs, una mat\u00e8ria de cada franja. Totes les mat\u00e8ries s\u00f3n de 4 hores.<\/p>\n\n\n\n<figure class=\"wp-block-table is-style-regular\"><table class=\"has-fixed-layout\"><tbody><tr><td class=\"has-text-align-right\" data-align=\"right\">Franja 1<\/td><td class=\"has-text-align-center\" data-align=\"center\" colspan=\"2\"><strong>Matem\u00e0tiques<\/strong><\/td><\/tr><tr><td class=\"has-text-align-right\" data-align=\"right\">Franja 2<\/td><td class=\"has-text-align-center\" data-align=\"center\"><span style=\"color: blue;\">F\u00edsica<\/span><\/td><td class=\"has-text-align-center\" data-align=\"center\"><span style=\"color: blue;\">Geologia<\/span><\/td><\/tr><tr><td class=\"has-text-align-right\" data-align=\"right\">Franja 3<\/td><td class=\"has-text-align-center\" data-align=\"center\"><span style=\"color: blue;\">Qu\u00edmica<\/span><\/td><td class=\"has-text-align-center\" data-align=\"center\"><span style=\"color: blue;\">Dibuix t\u00e8cnic<\/span><\/td><\/tr><tr><td class=\"has-text-align-right\" data-align=\"right\">Franja 4<\/td><td class=\"has-text-align-center\" data-align=\"center\"><span style=\"color: blue;\">Biologia<\/span><\/td><td class=\"has-text-align-center\" data-align=\"center\"><span style=\"color: blue;\">Tecnologia<\/span><\/td><\/tr><\/tbody><\/table><\/figure>\n\n\n\n<p><span style=\"color: black;\">Mat\u00e8ria comuna de modalitat<\/span><br><span style=\"color: blue;\">Mat\u00e8ria de modalitat<\/span><\/p>\n<\/div><\/div>\n\n\n\n<div class=\"wp-block-getwid-tabs__nav-link\"><span class=\"wp-block-getwid-tabs__title-wrapper\"><a href=\"#\"><span class=\"wp-block-getwid-tabs__title\">Socials i Humanitats<\/span><\/a><\/span><\/div><div class=\"wp-block-getwid-tabs__tab-content-wrapper\"><div class=\"wp-block-getwid-tabs__tab-content\">\n<p>Els alumnes han de triar, a cada curs, una mat\u00e8ria de cada franja. A cada curs cal triar una (o dues) mat\u00e8ria comuna de modalitat i un m\u00ednim de dues mat\u00e8ries de modalitat (o una si es trien les dues mat\u00e8ries comunes de modalitat). Totes les mat\u00e8ries s\u00f3n de 4 hores, excepte les indicades altrament.<\/p>\n\n\n\n<figure class=\"wp-block-table is-style-regular\"><table class=\"has-fixed-layout\"><tbody><tr><td class=\"has-text-align-right\" data-align=\"right\"><\/td><td class=\"has-text-align-center\" data-align=\"center\" colspan=\"3\">1r<\/td><td class=\"has-text-align-center\" data-align=\"center\" colspan=\"2\">2n<\/td><\/tr><tr><td class=\"has-text-align-right\" data-align=\"right\">Franja 1<\/td><td class=\"has-text-align-center\" data-align=\"center\" colspan=\"2\"><span style=\"color: black;\"><strong>Matem\u00e0tiques CCSS I<\/strong><\/span><\/td><td><span style=\"color: blue;\">Grec I<\/span><\/td><td><span style=\"color: black;\"><strong>Matem\u00e0tiques CCSS II<\/strong><\/span><\/td><td><span style=\"color: blue;\">Grec II<\/span><\/td><\/tr><tr><td class=\"has-text-align-right\" data-align=\"right\">Franja 2<\/td><td class=\"has-text-align-center\" data-align=\"center\" colspan=\"2\"><span style=\"color: blue;\">Hist\u00f2ria m\u00f3n contemporani<\/span><\/td><td><span style=\"color: green;\">Creaci\u00f3 liter\u00e0ria (2 h)<br>M\u00f3n cl\u00e0ssic (2 h)<\/span><\/td><td><span style=\"color: blue;\">Empresa i negocis<\/span><\/td><td><span style=\"color: blue;\">Literatura catalana<\/span><\/td><\/tr><tr><td class=\"has-text-align-right\" data-align=\"right\">Franja 3<\/td><td class=\"has-text-align-center\" data-align=\"center\" colspan=\"2\"><span style=\"color: blue;\">Economia<\/span><\/td><td><span style=\"color: black;\"><strong>Llat\u00ed I<\/strong><\/span><\/td><td><span style=\"color: blue;\">Hist\u00f2ria de l&#8217;art<\/span><\/td><td><span style=\"color: black;\"><strong>Llat\u00ed II<\/strong><\/span><\/td><\/tr><tr><td class=\"has-text-align-right\" data-align=\"right\">Franja 4<\/td><td class=\"has-text-align-center\" data-align=\"center\"><span style=\"color: green;\">Funcionament empresa<\/span><\/td><td class=\"has-text-align-center\" data-align=\"center\"><span style=\"color: blue;\">Literatura universal<\/span><\/td><td><span style=\"color: green;\">Psicologia (2 h)<br>Ciutadania (2 h)<\/span><\/td><td><span style=\"color: blue;\">Geografia<\/span><\/td><td><span style=\"color: blue;\">Literatura castellana<\/span><\/td><\/tr><\/tbody><\/table><\/figure>\n\n\n\n<p><span style=\"color: black;\">Mat\u00e8ria comuna de modalitat<\/span><br><span style=\"color: blue;\">Mat\u00e8ria de modalitat<\/span><br><span style=\"color: green;\">Mat\u00e8ria optativa<\/span><\/p>\n<\/div><\/div>\n\n\n\n<div class=\"wp-block-getwid-tabs__nav-link\"><span class=\"wp-block-getwid-tabs__title-wrapper\"><a href=\"#\"><span class=\"wp-block-getwid-tabs__title\">Art\u00edstic<\/span><\/a><\/span><\/div><div class=\"wp-block-getwid-tabs__tab-content-wrapper\"><div class=\"wp-block-getwid-tabs__tab-content\">\n<p>Totes les mat\u00e8ries s\u00f3n de 4 hores, excepte les indicades altrament.<\/p>\n\n\n\n<figure class=\"wp-block-table\"><table class=\"has-fixed-layout\"><thead><tr><th class=\"has-text-align-right\" data-align=\"right\"><\/th><th class=\"has-text-align-center\" data-align=\"center\">1r<\/th><th class=\"has-text-align-center\" data-align=\"center\">2n<\/th><\/tr><\/thead><tbody><tr><td class=\"has-text-align-right\" data-align=\"right\">Franja 1<\/td><td class=\"has-text-align-center\" data-align=\"center\"><span style=\"color: black;\">Dibuix art\u00edstic I<\/span><\/td><td class=\"has-text-align-center\" data-align=\"center\"><span style=\"color: black;\">Dibuix art\u00edstic II<\/span><\/td><\/tr><tr><td class=\"has-text-align-right\" data-align=\"right\">Franja 2<\/td><td class=\"has-text-align-center\" data-align=\"center\"><span style=\"color: blue;\">Volum<\/span><\/td><td class=\"has-text-align-center\" data-align=\"center\"><span style=\"color: blue;\">Disseny<\/span><\/td><\/tr><tr><td class=\"has-text-align-right\" data-align=\"right\">Franja 3<\/td><td class=\"has-text-align-center\" data-align=\"center\"><span style=\"color: blue;\">Projectes art\u00edstics<\/span><\/td><td class=\"has-text-align-center\" data-align=\"center\"><span style=\"color: blue;\">T\u00e8cniques d&#8217;expressi\u00f3 graficopl\u00e0stiques<\/span><\/td><\/tr><tr><td class=\"has-text-align-right\" data-align=\"right\">Franja 4<\/td><td class=\"has-text-align-center\" data-align=\"center\"><span style=\"color: green;\">Creaci\u00f3 fotogr\u00e0fica i cinema (2 h)<br>Disseny 2D\/3D (2 h)<\/span><\/td><td class=\"has-text-align-center\" data-align=\"center\"><span style=\"color: blue;\">Fonaments art\u00edstics<\/span><\/td><\/tr><\/tbody><\/table><\/figure>\n\n\n\n<p><span style=\"color: black;\">Mat\u00e8ria comuna de modalitat<\/span><br><span style=\"color: blue;\">Mat\u00e8ria de modalitat<\/span><br><span style=\"color: green;\">Mat\u00e8ria optativa<\/span><\/p>\n<\/div><\/div>\n\n\n\n<div class=\"wp-block-getwid-tabs__nav-link\"><\/div><div class=\"wp-block-getwid-tabs__tab-content-wrapper\"><div class=\"wp-block-getwid-tabs__tab-content\">\n<p><\/p>\n<\/div><\/div>\n\n\n\n<div class=\"wp-block-getwid-tabs__nav-link\"><span class=\"wp-block-getwid-tabs__title-wrapper\"><a href=\"#\"><span class=\"wp-block-getwid-tabs__title\">Intercanvis i projectes internacionals<\/span><\/a><\/span><\/div><div class=\"wp-block-getwid-tabs__tab-content-wrapper\"><div class=\"wp-block-getwid-tabs__tab-content\">\n<h2 class=\"wp-block-heading\"><strong>INTERCANVIS LING\u00dc\u00cdSTICS<\/strong><\/h2>\n\n\n\n<p>Durant el primer any dels estudis de Batxillerat, l&#8217;institut ofereix la possibilitat de participar en un programa d&#8217;intercanvis amb l&#8217;angl\u00e8s com a llengua vehicular. En l&#8217;actualitat es realitzen intercanvis amb les seg\u00fcents escoles:<\/p>\n\n\n\n<ul class=\"wp-block-list\">\n<li><a href=\"https:\/\/cvti.prizma.be\/\" target=\"_blank\" rel=\"noopener noreferrer\">VTI Izegem<\/a>: L&#8217;escola VTI Izegem \u00e9s un centre educatiu d&#8217;ensenyaments professionals de secund\u00e0ria. Se situa al municipi d&#8217;<a href=\"https:\/\/maps.app.goo.gl\/HyTyK9DsVNqK6jRH7\" target=\"_blank\" rel=\"noopener\">Izegem<\/a>, a la prov\u00edncia de Flandes Oriental (B\u00e8lgica), la capital de la qual \u00e9s la ciutat de Bruges.<\/li>\n\n\n\n<li><a href=\"https:\/\/www.olvpbornem.be\/\" target=\"_blank\" rel=\"noreferrer noopener\">OVLP Bornem<\/a>: L\u2019OVLP Bornem \u00e9s un centre educatiu de secund\u00e0ria situat a Bornem, a la prov\u00edncia d&#8217;Anvers (Flandes), ciutat a uns 35 quil\u00f2metres al nord de Brusel\u00b7les.<\/li>\n\n\n\n<li><a href=\"http:\/\/www.svendborg-gym.dk\" target=\"_blank\" rel=\"noopener noreferrer\">Svendborg Gymnasium<\/a>: L&#8217;institut Svendborg \u00e9s un centre de secund\u00e0ria situat a la <a href=\"https:\/\/maps.app.goo.gl\/s5ruLNPKEqQhrGg57\" target=\"_blank\" rel=\"noopener\">poblaci\u00f3<\/a> del mateix nom, a Dinamarca.<\/li>\n\n\n\n<li><a href=\"https:\/\/www.ks-bb.de\/\" target=\"_blank\" rel=\"noopener noreferrer\">Kaufm\u00e4nisches Schulzentrum: <\/a>L&#8217;institut <a href=\"https:\/\/maps.app.goo.gl\/Tjh9vNkagRCtNhMp6\" target=\"_blank\" rel=\"noopener\">Kaufm\u00e4nisches Schulzentrum<\/a> \u00e9s un centre educatiu situat a B\u00f6blingen, ciutat a uns 20 quil\u00f2metres al sud-oest de Stuttgart.<\/li>\n<\/ul>\n\n\n\n<h2 class=\"wp-block-heading\">MODEL UNITED NATIONS (MUN)<\/h2>\n\n\n\n<p>Les simulacions MUN s\u00f3n una oportunitat ideal per posar en pr\u00e0ctica els coneixements ling\u00fc\u00edstics en angl\u00e8s, aix\u00ed com la capacitat de debatre, raonar i arribar a acords. L&#8217;institut participa habitualment en tres trobades internacionals i dues internes.<\/p>\n\n\n\n<ul class=\"wp-block-list\">\n<li><a href=\"http:\/\/munog.de\" target=\"_blank\" rel=\"noopener noreferrer\">MUNOG<\/a> (Model United Nations of Goldberg) \u00e9s, la simulaci\u00f3 MUN de l&#8217;institut Goldberg Gymnasium de Sindelfingen, que es troba a prop de la ciutat d&#8217;Stuttgart, capital de Baden-W\u00fcrttemberg (Alemanya).<\/li>\n\n\n\n<li><a href=\"http:\/\/www.munob.com\/\" target=\"_blank\" rel=\"noopener noreferrer\">MUNOB<\/a> (Model United Nations of Bucarest) l&#8217;organitza l&#8217;<a href=\"https:\/\/cnmv.ro\/\" target=\"_blank\" rel=\"noopener noreferrer\">escola Mihai Viteazul<\/a> de Bucarest, la capital de Romania.<\/li>\n\n\n\n<li><a href=\"https:\/\/munbp.betania-patmos.org\/\" target=\"_blank\" rel=\"noreferrer noopener\">MUNBP<\/a> (Model United Nations of Bet\u00e0nia-Patmos) l&#8217;organitza l&#8217;escola <a href=\"https:\/\/www.betania-patmos.org\/en\/\" target=\"_blank\" rel=\"noreferrer noopener\">Bet\u00e0nia-Patmos<\/a> de Barcelona.<\/li>\n\n\n\n<li>En alguna altra ocasi\u00f3 tamb\u00e9 s&#8217;ha participat a la trobada <a href=\"http:\/\/munish.nl\/\" target=\"_blank\" rel=\"noopener noreferrer\">MUNISH<\/a>, que organitza l&#8217;escola <a href=\"http:\/\/www.ishthehague.nl\/\" target=\"_blank\" rel=\"noopener noreferrer\">The International School of the Hague<\/a> de la Haia, als Pa\u00efsos Baixos.<\/li>\n\n\n\n<li>Anualment se celebren dues simulacions MUN internes, juntament amb l&#8217;<a href=\"https:\/\/nostrasenyora.escolapia.cat\/\" target=\"_blank\" rel=\"noreferrer noopener\">Escola Pia Nostra Senyora<\/a>, de Barcelona, com a preparaci\u00f3 per als alumnes d&#8217;ESO.<\/li>\n<\/ul>\n\n\n\n<p>En aquest projecte hi participen anualment al voltant d&#8217;una quinzena d&#8217;alumnes de Batxillerat, i s&#8217;avalua com a Treball de Recerca. Trobareu m\u00e9s informaci\u00f3 en <a href=\"https:\/\/agora.xtec.cat\/insvalltenes\/projecte-educatiu\/mun-model-united-nations\/\" target=\"_blank\" rel=\"noreferrer noopener\">aquesta p\u00e0gina<\/a>.<\/p>\n\n\n\n<p><\/p>\n<\/div><\/div>\n<\/div>\n\n\n\n<p class=\"has-black-color has-text-color has-link-color wp-elements-9ac00cf961d1ea846fe5a532228b76c6\"><\/p>\n\n\n\n<p><\/p>\n","protected":false},"excerpt":{"rendered":"<p>Curr\u00edculum 2026-27 Mat\u00e8ries comunes 1r 2n Catal\u00e0 3 h Catal\u00e0 2 h Castell\u00e0 3 h Castell\u00e0 2 h Angl\u00e8s 3 h Angl\u00e8s 3 h Filosofia 2 h Hist\u00f2ria de la filosofia 3 h Educaci\u00f3 f\u00edsica 2 h Hist\u00f2ria 3 h Tutoria 1 h Tutoria 1h Lectura 2,5 h Lectura 2,5 h<\/p>\n","protected":false},"author":1,"featured_media":0,"parent":642,"menu_order":0,"comment_status":"closed","ping_status":"close","template":"","meta":{"_bbp_topic_count":0,"_bbp_reply_count":0,"_bbp_total_topic_count":0,"_bbp_total_reply_count":0,"_bbp_voice_count":0,"_bbp_anonymous_reply_count":0,"_bbp_topic_count_hidden":0,"_bbp_reply_count_hidden":0,"_bbp_forum_subforum_count":0,"site-sidebar-layout":"default","site-content-layout":"","ast-site-content-layout":"default","site-content-style":"default","site-sidebar-style":"default","ast-global-header-display":"","ast-banner-title-visibility":"","ast-main-header-display":"","ast-hfb-above-header-display":"","ast-hfb-below-header-display":"","ast-hfb-mobile-header-display":"","site-post-title":"","ast-breadcrumbs-content":"","ast-featured-img":"","footer-sml-layout":"","theme-transparent-header-meta":"","adv-header-id-meta":"","stick-header-meta":"","header-above-stick-meta":"","header-main-stick-meta":"","header-below-stick-meta":"","astra-migrate-meta-layouts":"set","ast-page-background-enabled":"default","ast-page-background-meta":{"desktop":{"background-color":"var(--ast-global-color-4)","background-image":"","background-repeat":"repeat","background-position":"center center","background-size":"auto","background-attachment":"scroll","background-type":"","background-media":"","overlay-type":"","overlay-color":"","overlay-opacity":"","overlay-gradient":""},"tablet":{"background-color":"","background-image":"","background-repeat":"repeat","background-position":"center center","background-size":"auto","background-attachment":"scroll","background-type":"","background-media":"","overlay-type":"","overlay-color":"","overlay-opacity":"","overlay-gradient":""},"mobile":{"background-color":"","background-image":"","background-repeat":"repeat","background-position":"center center","background-size":"auto","background-attachment":"scroll","background-type":"","background-media":"","overlay-type":"","overlay-color":"","overlay-opacity":"","overlay-gradient":""}},"ast-content-background-meta":{"desktop":{"background-color":"var(--ast-global-color-5)","background-image":"","background-repeat":"repeat","background-position":"center center","background-size":"auto","background-attachment":"scroll","background-type":"","background-media":"","overlay-type":"","overlay-color":"","overlay-opacity":"","overlay-gradient":""},"tablet":{"background-color":"var(--ast-global-color-5)","background-image":"","background-repeat":"repeat","background-position":"center center","background-size":"auto","background-attachment":"scroll","background-type":"","background-media":"","overlay-type":"","overlay-color":"","overlay-opacity":"","overlay-gradient":""},"mobile":{"background-color":"var(--ast-global-color-5)","background-image":"","background-repeat":"repeat","background-position":"center center","background-size":"auto","background-attachment":"scroll","background-type":"","background-media":"","overlay-type":"","overlay-color":"","overlay-opacity":"","overlay-gradient":""}},"footnotes":""},"class_list":["post-5965","page","type-page","status-publish","hentry"],"post_mailing_queue_ids":[],"_links":{"self":[{"href":"https:\/\/agora.xtec.cat\/insvalltenes\/wp-json\/wp\/v2\/pages\/5965","targetHints":{"allow":["GET"]}}],"collection":[{"href":"https:\/\/agora.xtec.cat\/insvalltenes\/wp-json\/wp\/v2\/pages"}],"about":[{"href":"https:\/\/agora.xtec.cat\/insvalltenes\/wp-json\/wp\/v2\/types\/page"}],"author":[{"embeddable":true,"href":"https:\/\/agora.xtec.cat\/insvalltenes\/wp-json\/wp\/v2\/users\/1"}],"replies":[{"embeddable":true,"href":"https:\/\/agora.xtec.cat\/insvalltenes\/wp-json\/wp\/v2\/comments?post=5965"}],"version-history":[{"count":6,"href":"https:\/\/agora.xtec.cat\/insvalltenes\/wp-json\/wp\/v2\/pages\/5965\/revisions"}],"predecessor-version":[{"id":5975,"href":"https:\/\/agora.xtec.cat\/insvalltenes\/wp-json\/wp\/v2\/pages\/5965\/revisions\/5975"}],"up":[{"embeddable":true,"href":"https:\/\/agora.xtec.cat\/insvalltenes\/wp-json\/wp\/v2\/pages\/642"}],"wp:attachment":[{"href":"https:\/\/agora.xtec.cat\/insvalltenes\/wp-json\/wp\/v2\/media?parent=5965"}],"curies":[{"name":"wp","href":"https:\/\/api.w.org\/{rel}","templated":true}]}}