{"id":4228,"date":"2024-04-21T21:49:31","date_gmt":"2024-04-21T19:49:31","guid":{"rendered":"https:\/\/agora.xtec.cat\/insvalltenes\/?page_id=4228"},"modified":"2025-07-06T11:46:18","modified_gmt":"2025-07-06T09:46:18","slug":"batxillerat-3","status":"publish","type":"page","link":"https:\/\/agora.xtec.cat\/insvalltenes\/oferta-educativa\/batxillerat-3\/","title":{"rendered":"Batxillerat 24-25"},"content":{"rendered":"\n<h4 class=\"wp-block-heading\">Curr\u00edculum 2024-25<\/h4>\n\n\n\n<figure class=\"wp-block-table has-medium-font-size\"><table><tbody><tr><td class=\"has-text-align-center\" data-align=\"center\" colspan=\"3\"><h3>1r BAT<\/h3><\/td><td class=\"has-text-align-center\" data-align=\"center\" colspan=\"3\"><h3>2n BAT<\/h3><\/td><\/tr><tr><td class=\"has-text-align-center\" data-align=\"center\" colspan=\"6\"><h4 style=\"text-align: center;\">MAT\u00c8RIES COMUNES<\/h4><\/td><\/tr><tr><td class=\"has-text-align-center\" data-align=\"center\">Catal\u00e0<\/td><td class=\"has-text-align-center\" data-align=\"center\" colspan=\"2\">2\u202fh<\/td><td class=\"has-text-align-center\" data-align=\"center\">Catal\u00e0<\/td><td class=\"has-text-align-center\" data-align=\"center\" colspan=\"2\">2\u202fh<\/td><\/tr><tr><td class=\"has-text-align-center\" data-align=\"center\">Castell\u00e0<\/td><td class=\"has-text-align-center\" data-align=\"center\" colspan=\"2\">2\u202fh<\/td><td class=\"has-text-align-center\" data-align=\"center\">Castell\u00e0<\/td><td class=\"has-text-align-center\" data-align=\"center\" colspan=\"2\">2\u202fh<\/td><\/tr><tr><td class=\"has-text-align-center\" data-align=\"center\">Angl\u00e8s<\/td><td class=\"has-text-align-center\" data-align=\"center\" colspan=\"2\">3 h<\/td><td class=\"has-text-align-center\" data-align=\"center\">Angl\u00e8s<\/td><td class=\"has-text-align-center\" data-align=\"center\" colspan=\"2\">3 h<\/td><\/tr><tr><td class=\"has-text-align-center\" data-align=\"center\">Filosofia<\/td><td class=\"has-text-align-center\" data-align=\"center\" colspan=\"2\">2\u202fh<\/td><td class=\"has-text-align-center\" data-align=\"center\">Hist\u00f2ria de la filosofia<\/td><td class=\"has-text-align-center\" data-align=\"center\" colspan=\"2\">3\u202fh<\/td><\/tr><tr><td class=\"has-text-align-center\" data-align=\"center\">Educaci\u00f3 f\u00edsica<\/td><td class=\"has-text-align-center\" data-align=\"center\" colspan=\"2\">2\u202fh<\/td><td class=\"has-text-align-center\" data-align=\"center\">Hist\u00f2ria \/\/ H. de Fran\u00e7a<\/td><td class=\"has-text-align-center\" data-align=\"center\" colspan=\"2\">3\u202fh<\/td><\/tr><tr><td class=\"has-text-align-center\" data-align=\"center\">Tutoria<\/td><td class=\"has-text-align-center\" data-align=\"center\" colspan=\"2\">1\u202fh<\/td><td class=\"has-text-align-center\" data-align=\"center\">Tutoria<\/td><td class=\"has-text-align-center\" data-align=\"center\" colspan=\"2\">1\u202fh<\/td><\/tr><tr><td class=\"has-text-align-center\" data-align=\"center\">Lectura<\/td><td class=\"has-text-align-center\" data-align=\"center\" colspan=\"2\">2,5 h<\/td><td class=\"has-text-align-center\" data-align=\"center\">Lectura<\/td><td class=\"has-text-align-center\" data-align=\"center\" colspan=\"2\">2,5 h<\/td><\/tr><tr><td class=\"has-text-align-center\" data-align=\"center\" colspan=\"6\"><h4 style=\"text-align: center;\">MAT\u00c8RIES DE MODALITAT I OPTATIVES<\/h4><\/td><\/tr><tr><td class=\"has-text-align-center\" data-align=\"center\">Ci\u00e8ncies i tecnologia<\/td><td class=\"has-text-align-center\" data-align=\"center\">Humanitats i ci\u00e8ncies socials<\/td><td class=\"has-text-align-center\" data-align=\"center\">Arts<\/td><td class=\"has-text-align-center\" data-align=\"center\">Ci\u00e8ncies i tecnologia<\/td><td class=\"has-text-align-center\" data-align=\"center\">Humanitats i ci\u00e8ncies socials<\/td><td class=\"has-text-align-center\" data-align=\"center\">Arts<\/td><\/tr><tr><td class=\"has-text-align-center\" data-align=\"center\" colspan=\"3\">(3 h setmanals)<\/td><td class=\"has-text-align-center\" data-align=\"center\" colspan=\"3\">(4 h setmanals)<\/td><\/tr><tr><td class=\"has-text-align-center\" data-align=\"center\"><span style=\"color: #0000ff;\">Matem\u00e0tiques CT I<\/span><\/td><td class=\"has-text-align-center\" data-align=\"center\"><span style=\"color: #0000ff;\">Matem\u00e0tiques CCSS I<\/span><br><span style=\"color: #0000ff;\">Llat\u00ed I<\/span><\/td><td class=\"has-text-align-center\" data-align=\"center\"><span style=\"color: #0000ff;\">Dibuix art\u00edstic I<\/span><\/td><td class=\"has-text-align-center\" data-align=\"center\"><span style=\"color: #0000ff;\">Matem\u00e0tiques CT II<\/span><\/td><td class=\"has-text-align-center\" data-align=\"center\"><span style=\"color: #0000ff;\">Matem\u00e0tiques CCSS II<\/span><br><span style=\"color: #0000ff;\">Llat\u00ed II<\/span><\/td><td class=\"has-text-align-center\" data-align=\"center\"><span style=\"color: rgb(0, 0, 255); font-family: inherit; font-size: inherit; font-weight: inherit;\">Dibuix art\u00edstic II<\/span><\/td><\/tr><tr><td class=\"has-text-align-center\" data-align=\"center\"><span style=\"color: #008000;\">F\u00edsica I<\/span><br><span style=\"color: #008000;\">Geologia i ci\u00e8ncies ambientals I<\/span><\/td><td class=\"has-text-align-center\" data-align=\"center\"><span style=\"color: #008000;\">Hist\u00f2ria del m\u00f3n contemporani<\/span><br><span style=\"color: #008000;\">Grec I<\/span><\/td><td class=\"has-text-align-center\" data-align=\"center\"><span style=\"color: #008000;\">Dibuix t\u00e8cnic aplicat a les arts I<\/span><\/td><td class=\"has-text-align-center\" data-align=\"center\"><span style=\"color: #008000;\">F\u00edsica II<\/span><br><span style=\"color: #008000;\">Geologia i ci\u00e8ncies ambientals II<\/span><\/td><td class=\"has-text-align-center\" data-align=\"center\"><span style=\"color: #008000;\">Literatura catalana<\/span><br><span style=\"color: #008000;\">Funcionament empresa i negocis<\/span><\/td><td class=\"has-text-align-center\" data-align=\"center\"><span style=\"color: #008000;\">Disseny<\/span><\/td><\/tr><tr><td class=\"has-text-align-center\" data-align=\"center\"><span style=\"color: #008000;\">Qu\u00edmica I<\/span><br><span style=\"color: #008000;\">Dibuix t\u00e8cnic I<\/span><\/td><td class=\"has-text-align-center\" data-align=\"center\"><span style=\"color: #008000;\">Economia<\/span><br><span style=\"color: #008000;\">Literatura universal<\/span><\/td><td class=\"has-text-align-center\" data-align=\"center\"><span style=\"color: #008000;\">Volum<\/span><\/td><td class=\"has-text-align-center\" data-align=\"center\"><span style=\"color: #008000;\">Qu\u00edmica II<\/span><br><span style=\"color: #008000;\">Dibuix t\u00e8cnic I<\/span>I<\/td><td class=\"has-text-align-center\" data-align=\"center\"><span style=\"color: #008000;\">Geografia<\/span><br><span style=\"color: #008000;\">Literatura castellana<\/span><\/td><td class=\"has-text-align-center\" data-align=\"center\"><span style=\"color: rgb(0, 128, 0); font-family: inherit; font-size: inherit; font-weight: inherit;\">Dibuix t\u00e8cnic aplicat a les arts II<\/span><\/td><\/tr><tr><td class=\"has-text-align-center\" data-align=\"center\" colspan=\"3\"><span style=\"color: #008000;\">Biologia I<\/span><br><span style=\"color: #008000;\">Tecnologia i Enginyeria I<\/span><br><span style=\"color: #008000;\">Projectes art\u00edstics<\/span><br>Funcionament de l&#8217;empresa<br>M\u00f3n cl\u00e0ssic<\/td><td class=\"has-text-align-center\" data-align=\"center\" colspan=\"3\"><span style=\"color: #008000;\">Biologia II<\/span><br><span style=\"color: #008000;\">Tecnologia i Enginyeria II<\/span><br><span style=\"color: #008000;\">Hist\u00f2ria de l&#8217;Art<\/span><br>ODS<br>Literatura francesa<\/td><\/tr><tr><td class=\"has-text-align-center\" data-align=\"center\" colspan=\"3\">Reptes cient\u00edfics actuals (Biologia i geologia)<br>Matem\u00e0tica aplicada<br>Problem\u00e0tiques socials<br>Creaci\u00f3 liter\u00e0ria<br>Disseny 2D i 3D<\/td><td class=\"has-text-align-center\" data-align=\"center\" colspan=\"3\" rowspan=\"2\">&nbsp;<\/td><\/tr><tr><td class=\"has-text-align-center\" data-align=\"center\" colspan=\"3\">Psicologia<br>Rob\u00f2tica<br>Ciutadania, pol\u00edtica i dret<br>Comunicaci\u00f3 audiovisual<br>Franc\u00e8s<\/td><\/tr><\/tbody><\/table><\/figure>\n\n\n\n<ul class=\"wp-block-list\">\n<li><strong><span style=\"color: #0000ff;\">Blau<\/span><\/strong>: mat\u00e8ries obligat\u00f2ries de modalitat. <span style=\"color: #008000;\"><strong>Verd<\/strong><\/span>: mat\u00e8ries de modalitat. <strong>Negre<\/strong>: Mat\u00e8ries optatives.<\/li>\n\n\n\n<li>Els alumnes han de triar una modalitat i escollir una mat\u00e8ria de cada franja, de forma que cursin un m\u00ednim de tres mat\u00e8ries de la modalitat triada.<\/li>\n\n\n\n<li>El centre es reserva el dret d&#8217;oferir qualsevol mat\u00e8ria en la modalitat a dist\u00e0ncia a trav\u00e9s de l&#8217;<a href=\"http:\/\/ioc.xtec.cat\" target=\"_blank\" rel=\"noopener noreferrer\">IOC<\/a> en funci\u00f3 de la matr\u00edcula i les necessitats organitzatives.<\/li>\n\n\n\n<li>Els alumnes poden cursar un m\u00e0xim de dues mat\u00e8ries a dist\u00e0ncia per curs quan la mat\u00e8ria no s&#8217;ofereixi al centre o b\u00e9 sigui incompatible hor\u00e0riament.<\/li>\n<\/ul>\n\n\n\n<h4 class=\"wp-block-heading\">Oferta d&#8217;intercanvis i projectes internacionals<\/h4>\n\n\n\n<p>Durant el primer any dels estudis de Batxillerat, l&#8217;institut ofereix la possibilitat de participar en un programa d&#8217;intercanvis amb l&#8217;angl\u00e8s com a llengua vehicular. En l&#8217;actualitat es realitzen intercanvis amb les seg\u00fcents escoles:<\/p>\n\n\n\n<ul class=\"wp-block-list\">\n<li><a href=\"https:\/\/cvti.prizma.be\/\" target=\"_blank\" rel=\"noopener noreferrer\">VTI Izegem<\/a>: L&#8217;escola VTI Izegem \u00e9s un centre educatiu d&#8217;ensenyaments professionals de secund\u00e0ria. Se situa al municipi d&#8217;<a href=\"https:\/\/maps.app.goo.gl\/HyTyK9DsVNqK6jRH7\" target=\"_blank\" rel=\"noopener\">Izegem<\/a>, a la prov\u00edncia de Flandes Oriental (B\u00e8lgica), la capital de la qual \u00e9s la ciutat de Bruges.<\/li>\n\n\n\n<li><a href=\"http:\/\/www.svendborg-gym.dk\" target=\"_blank\" rel=\"noopener noreferrer\">Svendborg Gymnasium<\/a>: L&#8217;institut Svendborg \u00e9s un centre de secund\u00e0ria situat a la <a href=\"https:\/\/maps.app.goo.gl\/s5ruLNPKEqQhrGg57\" target=\"_blank\" rel=\"noopener\">poblaci\u00f3<\/a> del mateix nom, a Dinamarca.<\/li>\n\n\n\n<li><a href=\"https:\/\/www.ks-bb.de\/\" target=\"_blank\" rel=\"noopener noreferrer\">Kaufm\u00e4nisches Schulzentrum: <\/a>L&#8217;institut <a href=\"https:\/\/maps.app.goo.gl\/Tjh9vNkagRCtNhMp6\" target=\"_blank\" rel=\"noopener\">Kaufm\u00e4nisches Schulzentrum<\/a> \u00e9s un centre educatiu situat a B\u00f6blingen, ciutat a uns 20 quil\u00f2metres al sud-oest de Stuttgart.<\/li>\n<\/ul>\n\n\n\n<h5 class=\"wp-block-heading\">MUNOG<\/h5>\n\n\n\n<p><a href=\"http:\/\/munog.de\" target=\"_blank\" rel=\"noopener noreferrer\">MUNOG<\/a> (Model United Nations of Goldberg) \u00e9s, com diu el nom, una simulaci\u00f3 d&#8217;una assemblea general de les Nacions Unides a l&#8217;escola Goldberg Gymnasium de Sindelfingen, que es troba a prop de la ciutat d&#8217;Stuttgart, capital de Baden-W\u00fcrttemberg (Alemanya). Aquesta, per\u00f2, \u00e9s tan sols una de les moltes simulacions que es duen a terme arreu del m\u00f3n, totes amb la mateixa finalitat: adoptar durant tres o quatre dies el rol d&#8217;un membre de l&#8217;ONU. Aix\u00ed, per exemple, l&#8217;institut ha participat en alguna altra ocasi\u00f3 a Holanda, a la trobada <a href=\"http:\/\/munish.nl\/\" target=\"_blank\" rel=\"noopener noreferrer\">MUNISH<\/a>, que organitza l&#8217;escola <a href=\"http:\/\/www.ishthehague.nl\/\" target=\"_blank\" rel=\"noopener noreferrer\">The International School of the Hague<\/a> i a la trobada <a href=\"http:\/\/www.munob.com\/\" target=\"_blank\" rel=\"noopener noreferrer\">MUNOB<\/a> que organitza l&#8217;<a href=\"https:\/\/cnmv.ro\/\" target=\"_blank\" rel=\"noopener noreferrer\">escola Mihai Viteazul<\/a> de Bucarest, la capital de Romania.<\/p>\n\n\n\n<p>En aquest projecte hi participen anualment al voltant d&#8217;una quinzena d&#8217;alumnes de 2n de Batxillerat, i s&#8217;avalua com a Treball de Recerca. Trobareu m\u00e9s informaci\u00f3 en <a href=\"https:\/\/agora.xtec.cat\/insvalltenes\/projecte-educatiu\/mun-model-united-nations\/\" target=\"_blank\" rel=\"noreferrer noopener\">aquesta p\u00e0gina<\/a>.<\/p>\n","protected":false},"excerpt":{"rendered":"<p>Curr\u00edculum 2024-25 1r BAT 2n BAT MAT\u00c8RIES COMUNES Catal\u00e0 2\u202fh Catal\u00e0 2\u202fh Castell\u00e0 2\u202fh Castell\u00e0 2\u202fh Angl\u00e8s 3 h Angl\u00e8s 3 h Filosofia 2\u202fh Hist\u00f2ria de la filosofia 3\u202fh Educaci\u00f3 f\u00edsica 2\u202fh Hist\u00f2ria \/\/ H. de Fran\u00e7a 3\u202fh Tutoria 1\u202fh Tutoria 1\u202fh Lectura 2,5 h Lectura 2,5 h MAT\u00c8RIES DE MODALITAT I OPTATIVES Ci\u00e8ncies i [&hellip;]<\/p>\n","protected":false},"author":1,"featured_media":0,"parent":642,"menu_order":20,"comment_status":"closed","ping_status":"closed","template":"","meta":{"_bbp_topic_count":0,"_bbp_reply_count":0,"_bbp_total_topic_count":0,"_bbp_total_reply_count":0,"_bbp_voice_count":0,"_bbp_anonymous_reply_count":0,"_bbp_topic_count_hidden":0,"_bbp_reply_count_hidden":0,"_bbp_forum_subforum_count":0,"site-sidebar-layout":"default","site-content-layout":"","ast-site-content-layout":"default","site-content-style":"default","site-sidebar-style":"default","ast-global-header-display":"","ast-banner-title-visibility":"","ast-main-header-display":"","ast-hfb-above-header-display":"","ast-hfb-below-header-display":"","ast-hfb-mobile-header-display":"","site-post-title":"","ast-breadcrumbs-content":"","ast-featured-img":"","footer-sml-layout":"","theme-transparent-header-meta":"","adv-header-id-meta":"","stick-header-meta":"","header-above-stick-meta":"","header-main-stick-meta":"","header-below-stick-meta":"","astra-migrate-meta-layouts":"set","ast-page-background-enabled":"default","ast-page-background-meta":{"desktop":{"background-color":"var(--ast-global-color-4)","background-image":"","background-repeat":"repeat","background-position":"center center","background-size":"auto","background-attachment":"scroll","background-type":"","background-media":"","overlay-type":"","overlay-color":"","overlay-opacity":"","overlay-gradient":""},"tablet":{"background-color":"","background-image":"","background-repeat":"repeat","background-position":"center center","background-size":"auto","background-attachment":"scroll","background-type":"","background-media":"","overlay-type":"","overlay-color":"","overlay-opacity":"","overlay-gradient":""},"mobile":{"background-color":"","background-image":"","background-repeat":"repeat","background-position":"center center","background-size":"auto","background-attachment":"scroll","background-type":"","background-media":"","overlay-type":"","overlay-color":"","overlay-opacity":"","overlay-gradient":""}},"ast-content-background-meta":{"desktop":{"background-color":"var(--ast-global-color-5)","background-image":"","background-repeat":"repeat","background-position":"center center","background-size":"auto","background-attachment":"scroll","background-type":"","background-media":"","overlay-type":"","overlay-color":"","overlay-opacity":"","overlay-gradient":""},"tablet":{"background-color":"var(--ast-global-color-5)","background-image":"","background-repeat":"repeat","background-position":"center center","background-size":"auto","background-attachment":"scroll","background-type":"","background-media":"","overlay-type":"","overlay-color":"","overlay-opacity":"","overlay-gradient":""},"mobile":{"background-color":"var(--ast-global-color-5)","background-image":"","background-repeat":"repeat","background-position":"center center","background-size":"auto","background-attachment":"scroll","background-type":"","background-media":"","overlay-type":"","overlay-color":"","overlay-opacity":"","overlay-gradient":""}},"footnotes":""},"class_list":["post-4228","page","type-page","status-publish","hentry"],"post_mailing_queue_ids":[],"_links":{"self":[{"href":"https:\/\/agora.xtec.cat\/insvalltenes\/wp-json\/wp\/v2\/pages\/4228","targetHints":{"allow":["GET"]}}],"collection":[{"href":"https:\/\/agora.xtec.cat\/insvalltenes\/wp-json\/wp\/v2\/pages"}],"about":[{"href":"https:\/\/agora.xtec.cat\/insvalltenes\/wp-json\/wp\/v2\/types\/page"}],"author":[{"embeddable":true,"href":"https:\/\/agora.xtec.cat\/insvalltenes\/wp-json\/wp\/v2\/users\/1"}],"replies":[{"embeddable":true,"href":"https:\/\/agora.xtec.cat\/insvalltenes\/wp-json\/wp\/v2\/comments?post=4228"}],"version-history":[{"count":5,"href":"https:\/\/agora.xtec.cat\/insvalltenes\/wp-json\/wp\/v2\/pages\/4228\/revisions"}],"predecessor-version":[{"id":5081,"href":"https:\/\/agora.xtec.cat\/insvalltenes\/wp-json\/wp\/v2\/pages\/4228\/revisions\/5081"}],"up":[{"embeddable":true,"href":"https:\/\/agora.xtec.cat\/insvalltenes\/wp-json\/wp\/v2\/pages\/642"}],"wp:attachment":[{"href":"https:\/\/agora.xtec.cat\/insvalltenes\/wp-json\/wp\/v2\/media?parent=4228"}],"curies":[{"name":"wp","href":"https:\/\/api.w.org\/{rel}","templated":true}]}}