{"id":3739,"date":"2023-01-05T13:06:09","date_gmt":"2023-01-05T12:06:09","guid":{"rendered":"https:\/\/agora.xtec.cat\/insvalltenes\/?page_id=3739"},"modified":"2023-10-16T20:16:56","modified_gmt":"2023-10-16T18:16:56","slug":"protocols","status":"publish","type":"page","link":"https:\/\/agora.xtec.cat\/insvalltenes\/edc-2\/cultura-digital\/protocols\/","title":{"rendered":"Protocols"},"content":{"rendered":"<table style=\"border-collapse: collapse; width: 100%; height: 10px;\">\n<tbody>\n<tr style=\"height: 32px;\">\n<td style=\"width: 183.2%; background-color: #005c99; height: 10px; border-style: none;\" colspan=\"6\">\n<h2 style=\"text-align: left;\"><span style=\"color: #ffffff;\"><a href=\"https:\/\/agora.xtec.cat\/insvalltenes\/wp-content\/uploads\/usu399\/2022\/10\/edc-1.png\"><img loading=\"lazy\" decoding=\"async\" class=\"wp-image-3521 alignleft\" src=\"https:\/\/agora.xtec.cat\/insvalltenes\/wp-content\/uploads\/usu399\/2022\/10\/edc-1.png\" alt=\"\" width=\"210\" height=\"133\" srcset=\"https:\/\/agora.xtec.cat\/insvalltenes\/wp-content\/uploads\/usu399\/2022\/10\/edc-1.png 400w, https:\/\/agora.xtec.cat\/insvalltenes\/wp-content\/uploads\/usu399\/2022\/10\/edc-1-300x191.png 300w\" sizes=\"auto, (max-width: 210px) 100vw, 210px\" \/>\u00a0 <\/a><\/span><\/h2>\n<h2><\/h2>\n<p>&nbsp;<\/p>\n<h4 style=\"text-align: right;\"><\/h4>\n<\/td>\n<\/tr>\n<\/tbody>\n<\/table>\n<h2 id=\"h.2nyybq196xl\" class=\"c27\"><span class=\"c43\">1. Extracte de les NOFC (Normes d\u2019Organitzaci\u00f3 i Funcionament de Centre)<\/span><\/h2>\n<p class=\"c44 c45\"><span class=\"c8\">4.3 \u00das d\u2019aparells electr\u00f2nics personals i objectes de valor personal<\/span><\/p>\n<p class=\"c48\"><span class=\"c34\">No es permet la utilitzaci\u00f3 d\u2019aparells electr\u00f2nics (tel\u00e8fons m\u00f2bils, reproductors de m\u00fasica, etc.) durant els dos espais de descans i ni durant el desenvolupament de les activitats lectives. Durant les activitats lectives aquests aparells hauran d\u2019estar en tot moment guardats i apagats o b\u00e9 en silenci, de forma que no interrompin el desenvolupament normal de la classe.<\/span><\/p>\n<p class=\"c48\"><span class=\"c34\">El professorat pot autoritzar l\u2019\u00fas dels aparells m\u00f2bils si \u00e9s adient per l\u2019activitat lectiva que estigui desenvolupant. En tot cas cal que l\u2019\u00fas de l\u2019aparell se circumscrigui a la finalitat establerta en aquell moment.<\/span><\/p>\n<p class=\"c48\"><span class=\"c34\">En cas d\u2019un \u00fas incorrecte d\u2019un aparell s\u2019aplicaran les mesures previstes a l\u2019apartat de mesures correctores.<\/span><\/p>\n<p class=\"c48\"><span class=\"c34\">Per altra banda, el centre no es fa responsable de la p\u00e8rdua o sostracci\u00f3 d\u2019objectes de valor dels alumnes, tot i que far\u00e0 tot el possible, amb mesures com el tancament de les aules quan no hi ha activitat lectiva, per evitar que es produeixin situacions indesitjades.<\/span><\/p>\n<p class=\"c45 c44\"><span class=\"c8\">4.4 \u00das de dispositius Chromebooks<\/span><\/p>\n<ol class=\"c14 lst-kix_ehoezmexncvw-0 start\" start=\"1\">\n<li class=\"c13 li-bullet-0\"><span class=\"c15\">El centre proporcionar\u00e0 a tot l\u2019alumnat del centre un dispositiu Chromebook propietat del centre per a finalitats educatives. La disponibilitat estar\u00e0 sotmesa a l\u2019exist\u00e8ncia d\u2019estoc per part del Departament d\u2019Educaci\u00f3. Els alumnes disposaran de l\u2019aparell des del moment de la seva matr\u00edcula en el centre fins al final de la seva estada, i el conservaran en el seu poder durant tots els per\u00edodes de vacances i dies no lectius.<\/span><\/li>\n<li class=\"c13 li-bullet-0\"><span class=\"c15\">\u00c9s responsabilitat de l\u2019alumnat assegurar-se que el seu dispositiu es mant\u00e9 en tot moment en bon estat, prestant especial atenci\u00f3 al teclat, el trackpad, la pantalla i la carcassa, que haur\u00e0 de mantenir-se lliure d\u2019adhesius. Caldr\u00e0 conservar qualsevol adhesiu original que identifiqui el dispositiu amb el seu n\u00famero de s\u00e8rie i d\u2019inventari. Es recomana fer servir una funda amb tancament per evitar possibles desperfectes.<\/span><\/li>\n<li class=\"c13 li-bullet-0\"><span class=\"c15\">Es recomana carregar el dispositiu cada dia, al vespre, i deixar el carregador a casa per evitar p\u00e8rdues.<\/span><\/li>\n<li class=\"c13 li-bullet-0\"><span class=\"c15\">Els Chromebooks s\u00f3n d\u2019\u00fas personal i intransferible. El seu \u00fas s\u2019ha de limitar a les activitats acad\u00e8miques.<\/span><\/li>\n<li class=\"c13 li-bullet-0\"><span class=\"c15\">Habitualment caldr\u00e0 tenir el so desconnectat. Els auriculars nom\u00e9s es podran fer servir quan el professorat ho autoritzi.<\/span><\/li>\n<li class=\"c13 li-bullet-0\"><span class=\"c15\">Els dispositius seran utilitzats nom\u00e9s quan el professor aix\u00ed ho disposi. No es poden fer servir als passadissos ni al pati, i tampoc entre classe i classe.<\/span><\/li>\n<li class=\"c13 li-bullet-0\"><span class=\"c15\">\u00c9s recomanable guardar tots els documents de treball a l\u2019espai Google Drive que cada alumne t\u00e9 a la seva disposici\u00f3 per evitar p\u00e8rdues de dades.<\/span><\/li>\n<li class=\"c13 li-bullet-0\"><span class=\"c15\">Els dispositius s\u00f3n una eina de treball, aix\u00ed qualsevol professor pot demanar-lo per fer-ne una revisi\u00f3.<\/span><\/li>\n<li class=\"c13 li-bullet-0\"><span class=\"c15\">Si un alumne fa un mal \u00fas del Chromebook, se li podr\u00e0 retirar d\u2019acord amb la normativa.<\/span><\/li>\n<li class=\"c13 li-bullet-0\"><span class=\"c15\">En cas de trencament d\u2019algun element d\u2019un Chromebook el centre es far\u00e0 c\u00e0rrec de la reparaci\u00f3 mitjan\u00e7ant el suport del Departament d\u2019Educaci\u00f3. Si el trencament s\u2019ha produ\u00eft per neglig\u00e8ncia o intencionadament s\u2019aplicar\u00e0 el seg\u00fcent r\u00e8gim sancionador:<\/span><\/li>\n<\/ol>\n<ul class=\"c14 lst-kix_ehoezmexncvw-1 start\">\n<li class=\"c33 li-bullet-0\"><span class=\"c15\">Pantalla: 50 \u20ac<\/span><\/li>\n<li class=\"c33 li-bullet-0\"><span class=\"c15\">Teclat: 25 \u20ac<\/span><\/li>\n<li class=\"c33 li-bullet-0\"><span class=\"c15\">Carcassa: 50 \u20ac<\/span><\/li>\n<li class=\"c33 li-bullet-0\"><span class=\"c15\">Aparell inutilitzat: 150 \u20ac<\/span><\/li>\n<li class=\"c33 li-bullet-0\"><span class=\"c15\">Carregador: 30 \u20ac<\/span><\/li>\n<\/ul>\n<ol class=\"c14 lst-kix_ehoezmexncvw-0\" start=\"11\">\n<li class=\"c13 li-bullet-0\"><span class=\"c15\">La decisi\u00f3 d\u2019aplicar una sanci\u00f3 econ\u00f2mica ser\u00e0 presa per la comissi\u00f3 de conviv\u00e8ncia del centre un cop valorades totes les circumst\u00e0ncies i havent escoltat l\u2019alumne implicat.<\/span><\/li>\n<\/ol>\n<p class=\"c56 c44\"><span class=\"c54\">4.5\u00a0<\/span><span class=\"c8\">Correu electr\u00f2nic dels alumnes<\/span><\/p>\n<p class=\"c48\"><span class=\"c46\">Quan un alumne es matricula en el centre rep una adre\u00e7a de correu electr\u00f2nic amb el domini\u00a0<\/span><span class=\"c37 c46\">iesvalltenes.cat<\/span><span class=\"c34\">. Aquest usuari i adre\u00e7a de correu permet l\u2019acc\u00e9s als serveis de la plataforma Google Workspace, a la xarxa inform\u00e0tica del centre, i al servei de campus virtual Moodle. Tots aquests serveis s\u2019hauran de fer servir per finalitats exclusivament acad\u00e8miques.<\/span><\/p>\n<p class=\"c48\"><span class=\"c46\">En el moment en qu\u00e8 un alumne cursi baixa del centre rebr\u00e0 un correu informant-lo que disposa d\u2019un per\u00edode d\u2019un any per continuar-lo fent servir. Un mes abans de la data de baixa s\u2019enviar\u00e0 un missatge de recordatori.<\/span><\/p>\n<h2 id=\"h.apfq4mqor7l9\" class=\"c27\">2. Incid\u00e8ncies inform\u00e0tiques<\/h2>\n<p class=\"c19\">Per qualsevol incid\u00e8ncia o consulta inform\u00e0tica el centre posa a disposici\u00f3 de tota la comunitat educativa el correu\u00a0<span class=\"c9\"><a class=\"c12\" href=\"mailto:suport@iesvalltenes.cat\">suport@iesvalltenes.cat<\/a><\/span>,\u00a0gestionat des de la coordinaci\u00f3 inform\u00e0tica. A m\u00e9s, alumnes i professors disposen d\u2019atenci\u00f3 presencial dos cops per setmana durant la primera estona de descans de la jornada lectiva.<\/p>\n<p>&nbsp;<\/p>\n<h2 id=\"h.5lcy7lfdz9wi\" class=\"c27\"><span class=\"c43\">3. Autoritzacions fam\u00edlies<\/span><\/h2>\n<h3 id=\"h.6u3aq4io28sb\" class=\"c29\"><span class=\"c43\">3.1. Document de cessi\u00f3 d\u2019ordinador chromebook:<\/span><\/h3>\n<p class=\"c55\"><span class=\"c21\">\u00a0 <img decoding=\"async\" title=\"\" src=\"https:\/\/lh3.googleusercontent.com\/Ywu5s2U56m0rT9CNAiYhRUnNuGfiU1wdnwbBaHOyYtZnu2K1TT4zeQiBZcMOi_LhxqGQG_82JfZPT-XyUgJTAg8H0BnZhpKbgCp0SQPc66zbbgsO5VRaACs2B_nXW6VFtEe7nkR9KehfAXcx3JcX6dr2-AfUPl6wde0BRxZj38jIw5ivxD-1XWhjPJtuUQ\" alt=\"\" \/>\u00a0\u00a0<\/span><img loading=\"lazy\" decoding=\"async\" class=\"\" title=\"\" src=\"https:\/\/lh3.googleusercontent.com\/BCBLHWi2d6duNotwJ8Tb_s6PqnLCgCrbTx1L50OGj8YsihzQfe9JPqSRQQyTfRAS1etOw19NkjJF_v7gNlEpQdSMuE1_d7PQN4UEfhqI9TGQlPjc70MH7ZnaUTmOwQVWLharaeZLe1JphVLalihXTrL1TFM3RpR0Rzar7ZYP9tn5icrUdgo5smxFw5Seew\" alt=\"https:\/\/documents.espai.educacio.gencat.cat\/IPCrecursos\/Logos\/DE_2l_vermell.jpg\" width=\"280\" height=\"47\" \/><span class=\"c21\">\u00a0 \u00a0 \u00a0 \u00a0 \u00a0 <\/span><img loading=\"lazy\" decoding=\"async\" class=\"\" title=\"\" src=\"https:\/\/lh5.googleusercontent.com\/pJ2oM3QC7UwulhFu4fJH0FcXrlnDBFCrbkbmkby-iAptE_BdiioAMvYpXuMyR29agQ1K7YXXFh5PrzSbqJ7QNE8XfoQYb0Ie4btXt7YvjWPkaJA4k3ZLLtQrgzAPW2s1EvWUB2J5jCArXFPcxwfw5WgtLYydHpgG1LTNqzNxLgP5smz8dGwUpotjamwILw\" alt=\"https:\/\/lh4.googleusercontent.com\/SpPBPkf_owmghr3KoL4Ox_G97fJ_-sU32jE0XDmGkAdTg70F52IEQTJX1bifA5f4SNIyQOEm1tXLIHANOIO2OA3ykOojcXzoIB2FcJ6ER3z0ww6RK5fq3Gga1BQQkhlf1epcDzeFMHI\" width=\"268\" height=\"135\" \/><\/p>\n<p class=\"c55\"><span class=\"c7\">Benvolgudes fam\u00edlies,<\/span><\/p>\n<p class=\"c28\"><span class=\"c37 c21\">El proper dia __________ est\u00e0 previst el desplegament dels ordinadors pels alumnes de _________. En el moment que arribin al centre assignarem un dispositiu al vostre fill\/a. A continuaci\u00f3 us informem sobre els objectius i les condicions de la cessi\u00f3 d&#8217;aquest dispositiu. \u00c9s molt important que llegiu amb atenci\u00f3 i que signeu aquest document de comprom\u00eds.<\/span><span class=\"c7\">\u00a0<\/span><\/p>\n<p class=\"c47\"><span class=\"c7\">El Pla d\u2019educaci\u00f3 digital de Catalunya 2020-2023 t\u00e9 per objectiu contribuir al desenvolupament de les compet\u00e8ncies digitals que els ciutadans i les ciutadanes necessiten per viure i treballar en una societat immersa en constants transformacions i canvis. Per tal d\u2019assolir aquest objectiu, cal assegurar la connectivitat dels centres educatius i proporcionar els equipaments adients a alumnes i docents.<\/span><\/p>\n<p class=\"c22\"><span class=\"c21\">En aquest curs, posem a la vostra disposici\u00f3 un d\u2019aquests ordinadors per tal que el vostre fill\/a faci el bon \u00fas necessari per seguir el seu aprenentatge, en qu\u00e8 heu de tenir en compte aquests\u00a0<\/span><span class=\"c21 c66\">compromisos<\/span><span class=\"c7\">:<\/span><\/p>\n<ul class=\"c14 lst-kix_gne74py4016u-0 start\">\n<li class=\"c0 li-bullet-0\"><span class=\"c7\">Sou responsables de mantenir-lo en bon estat al llarg de tot el curs. El centre pot demanar diversos punts de control durant el curs si ho considera adient.<\/span><\/li>\n<li class=\"c0 li-bullet-0\"><span class=\"c7\">En el moment que l&#8217;alumne marxi del centre, quan se\u2019l requereixi, haureu de retornar l\u2019ordinador en perfecte estat.<\/span><\/li>\n<li class=\"c0 li-bullet-0\"><span class=\"c21\">No es pot modificar l&#8217;equip (canvi de components, substituci\u00f3 o modificaci\u00f3 del sistema operatiu, etc.).<\/span><span class=\"c40 c21 c63\">\u00a0<\/span><span class=\"c21 c40\">En cas de modificaci\u00f3, es prendran les mesures oportunes per corregir cada situaci\u00f3.<\/span><\/li>\n<\/ul>\n<p class=\"c22\"><span class=\"c7\">L\u2019incompliment d\u2019aquests compromisos poden conduir a algun tipus de sanci\u00f3, tal com es recull en les normes d\u2019organitzaci\u00f3 i funcionament del centre.<\/span><\/p>\n<p class=\"c22\"><span class=\"c7\">Recordeu que no teniu l\u2019ordinador en propietat, sin\u00f3 que us el deixa en pr\u00e9stec el centre. Per poder-lo utilitzar cal que l&#8217;alumne\/a introdueixi l\u2019usuari i la contrasenya de l\u2019entorn Google de l\u2019Institut que li vam proporcionar en el seu moment.<\/span><\/p>\n<p class=\"c47\"><span class=\"c7\">Esperem que en pugueu treure el m\u00e0xim profit.<\/span><\/p>\n<p class=\"c26\"><span class=\"c7\">Cordialment,<\/span><\/p>\n<p class=\"c4\"><span class=\"c7\">L\u2019equip directiu<\/span><\/p>\n<p class=\"c19\"><span class=\"c21\">Signatura fam\u00edlies<\/span><\/p>\n<h3 id=\"h.yc9b3wgv5zqd\" class=\"c29\">3.2. Autoritzaci\u00f3 \u00fas Google Workspace<\/h3>\n<p class=\"c19\"><span class=\"c23\">Autoritzo\u00a0<\/span><span class=\"c3\">al centre la creaci\u00f3 de l&#8217;usuari i contrasenya associats als recursos i serveis d&#8217;internet Moodle i Google Apps, estant assabentat que el centre els gestionar\u00e0 amb finalitats exclusivament pedag\u00f2giques. La responsabilitat en l&#8217;\u00e0mbit escolar ser\u00e0 del centre i l&#8217;usuari ser\u00e0 l&#8217;\u00fanic responsable de les infraccions o perjudicis que es puguin causar per un \u00fas inadequat. \u00a0 \u00a0 S\u00ed \u00a0 \u00a0No<\/span><\/p>\n<h3 id=\"h.ve1rrawoe8dv\" class=\"c29\">3.3. Autoritzaci\u00f3 \u00fas d\u2019imatges<\/h3>\n<p class=\"c19\"><span class=\"c23\">Autoritzo\u00a0<\/span><span class=\"c23\">que la fotografia del meu fill\/a pugui apar\u00e8ixer a la p\u00e0gina web del centre i en revistes o publicacions editades pel centre. \u00a0 \u00a0 \u00a0S\u00ed \u00a0 \u00a0No \u00a0<\/span><span class=\"c36\">\u00a0<\/span><\/p>\n","protected":false},"excerpt":{"rendered":"<p>\u00a0 &nbsp; 1. Extracte de les NOFC (Normes d\u2019Organitzaci\u00f3 i Funcionament de Centre) 4.3 \u00das d\u2019aparells electr\u00f2nics personals i objectes de valor personal No es permet la utilitzaci\u00f3 d\u2019aparells electr\u00f2nics (tel\u00e8fons m\u00f2bils, reproductors de m\u00fasica, etc.) durant els dos espais de descans i ni durant el desenvolupament de les activitats lectives. Durant les activitats lectives [&hellip;]<\/p>\n","protected":false},"author":1,"featured_media":0,"parent":3557,"menu_order":0,"comment_status":"closed","ping_status":"closed","template":"page-templates\/side-menu.php","meta":{"_bbp_topic_count":0,"_bbp_reply_count":0,"_bbp_total_topic_count":0,"_bbp_total_reply_count":0,"_bbp_voice_count":0,"_bbp_anonymous_reply_count":0,"_bbp_topic_count_hidden":0,"_bbp_reply_count_hidden":0,"_bbp_forum_subforum_count":0,"site-sidebar-layout":"default","site-content-layout":"","ast-site-content-layout":"","site-content-style":"default","site-sidebar-style":"default","ast-global-header-display":"","ast-banner-title-visibility":"","ast-main-header-display":"","ast-hfb-above-header-display":"","ast-hfb-below-header-display":"","ast-hfb-mobile-header-display":"","site-post-title":"","ast-breadcrumbs-content":"","ast-featured-img":"","footer-sml-layout":"","theme-transparent-header-meta":"","adv-header-id-meta":"","stick-header-meta":"","header-above-stick-meta":"","header-main-stick-meta":"","header-below-stick-meta":"","astra-migrate-meta-layouts":"default","ast-page-background-enabled":"default","ast-page-background-meta":{"desktop":{"background-color":"var(--ast-global-color-4)","background-image":"","background-repeat":"repeat","background-position":"center center","background-size":"auto","background-attachment":"scroll","background-type":"","background-media":"","overlay-type":"","overlay-color":"","overlay-opacity":"","overlay-gradient":""},"tablet":{"background-color":"","background-image":"","background-repeat":"repeat","background-position":"center center","background-size":"auto","background-attachment":"scroll","background-type":"","background-media":"","overlay-type":"","overlay-color":"","overlay-opacity":"","overlay-gradient":""},"mobile":{"background-color":"","background-image":"","background-repeat":"repeat","background-position":"center center","background-size":"auto","background-attachment":"scroll","background-type":"","background-media":"","overlay-type":"","overlay-color":"","overlay-opacity":"","overlay-gradient":""}},"ast-content-background-meta":{"desktop":{"background-color":"var(--ast-global-color-5)","background-image":"","background-repeat":"repeat","background-position":"center center","background-size":"auto","background-attachment":"scroll","background-type":"","background-media":"","overlay-type":"","overlay-color":"","overlay-opacity":"","overlay-gradient":""},"tablet":{"background-color":"var(--ast-global-color-5)","background-image":"","background-repeat":"repeat","background-position":"center center","background-size":"auto","background-attachment":"scroll","background-type":"","background-media":"","overlay-type":"","overlay-color":"","overlay-opacity":"","overlay-gradient":""},"mobile":{"background-color":"var(--ast-global-color-5)","background-image":"","background-repeat":"repeat","background-position":"center center","background-size":"auto","background-attachment":"scroll","background-type":"","background-media":"","overlay-type":"","overlay-color":"","overlay-opacity":"","overlay-gradient":""}},"footnotes":""},"class_list":["post-3739","page","type-page","status-publish","hentry"],"post_mailing_queue_ids":[],"_links":{"self":[{"href":"https:\/\/agora.xtec.cat\/insvalltenes\/wp-json\/wp\/v2\/pages\/3739","targetHints":{"allow":["GET"]}}],"collection":[{"href":"https:\/\/agora.xtec.cat\/insvalltenes\/wp-json\/wp\/v2\/pages"}],"about":[{"href":"https:\/\/agora.xtec.cat\/insvalltenes\/wp-json\/wp\/v2\/types\/page"}],"author":[{"embeddable":true,"href":"https:\/\/agora.xtec.cat\/insvalltenes\/wp-json\/wp\/v2\/users\/1"}],"replies":[{"embeddable":true,"href":"https:\/\/agora.xtec.cat\/insvalltenes\/wp-json\/wp\/v2\/comments?post=3739"}],"version-history":[{"count":5,"href":"https:\/\/agora.xtec.cat\/insvalltenes\/wp-json\/wp\/v2\/pages\/3739\/revisions"}],"predecessor-version":[{"id":4113,"href":"https:\/\/agora.xtec.cat\/insvalltenes\/wp-json\/wp\/v2\/pages\/3739\/revisions\/4113"}],"up":[{"embeddable":true,"href":"https:\/\/agora.xtec.cat\/insvalltenes\/wp-json\/wp\/v2\/pages\/3557"}],"wp:attachment":[{"href":"https:\/\/agora.xtec.cat\/insvalltenes\/wp-json\/wp\/v2\/media?parent=3739"}],"curies":[{"name":"wp","href":"https:\/\/api.w.org\/{rel}","templated":true}]}}