{"id":3736,"date":"2023-01-05T13:04:34","date_gmt":"2023-01-05T12:04:34","guid":{"rendered":"https:\/\/agora.xtec.cat\/insvalltenes\/?page_id=3736"},"modified":"2023-01-07T12:06:21","modified_gmt":"2023-01-07T11:06:21","slug":"portal-web-i-xarxes-socials","status":"publish","type":"page","link":"https:\/\/agora.xtec.cat\/insvalltenes\/edc-2\/cultura-digital\/portal-web-i-xarxes-socials\/","title":{"rendered":"Portal web i xarxes socials"},"content":{"rendered":"<table style=\"border-collapse: collapse; width: 100%; height: 10px;\">\n<tbody>\n<tr style=\"height: 32px;\">\n<td style=\"width: 183.2%; background-color: #005c99; height: 10px; border-style: none;\" colspan=\"6\">\n<h2 style=\"text-align: left;\"><span style=\"color: #ffffff;\"><a href=\"https:\/\/agora.xtec.cat\/insvalltenes\/wp-content\/uploads\/usu399\/2022\/10\/edc-1.png\"><img loading=\"lazy\" decoding=\"async\" class=\"wp-image-3521 alignleft\" src=\"https:\/\/agora.xtec.cat\/insvalltenes\/wp-content\/uploads\/usu399\/2022\/10\/edc-1.png\" alt=\"\" width=\"210\" height=\"133\" srcset=\"https:\/\/agora.xtec.cat\/insvalltenes\/wp-content\/uploads\/usu399\/2022\/10\/edc-1.png 400w, https:\/\/agora.xtec.cat\/insvalltenes\/wp-content\/uploads\/usu399\/2022\/10\/edc-1-300x191.png 300w\" sizes=\"auto, (max-width: 210px) 100vw, 210px\" \/>\u00a0 <\/a><\/span><\/h2>\n<h2><\/h2>\n<p>&nbsp;<\/p>\n<h4 style=\"text-align: right;\"><\/h4>\n<\/td>\n<\/tr>\n<\/tbody>\n<\/table>\n<h2 id=\"h.lisu8hng3fey\" class=\"c3\"><span class=\"c2\">1. Portal web iesvalltenes.cat<\/span><\/h2>\n<p class=\"c10\">El centre disposa d\u2019un portal web (<span class=\"c24\"><a class=\"c4\" href=\"https:\/\/www.google.com\/url?q=http:\/\/iesvalltenes.cat&amp;sa=D&amp;source=editors&amp;ust=1672923258832897&amp;usg=AOvVaw06daPiIAmkaEs4Aik_iHbY\">iesvalltenes.cat<\/a><\/span><span class=\"c0\">) a trav\u00e9s de l\u2019eina Nodes del Departament d\u2019Educaci\u00f3. L\u2019estructura de p\u00e0gines i not\u00edcies \u00e9s la seg\u00fcent:<\/span><\/p>\n<ul class=\"c8 lst-kix_3nhzfxitsw5t-0 start\">\n<li class=\"c6 li-bullet-0\"><span class=\"c0\">L\u2019institut: informaci\u00f3 sobre la hist\u00f2ria i localitzaci\u00f3 del centre, horaris, documents oficials i organigrama.<\/span><\/li>\n<li class=\"c6 li-bullet-0\"><span class=\"c0\">Oferta educativa: informaci\u00f3 sobre l\u2019oferta educativa del centre i els seus curr\u00edcula.<\/span><\/li>\n<li class=\"c6 li-bullet-0\"><span class=\"c0\">Informacions: textos informatius filtrats segons el nivell educatiu seleccionat.<\/span><\/li>\n<li class=\"c6 li-bullet-0\"><span class=\"c0\">Projectes del centre: detall dels projectes en els quals participa l\u2019institut.<\/span><\/li>\n<li class=\"c6 li-bullet-0\"><span class=\"c0\">Secretaria: informacions sobre preinscripcions, matr\u00edcules i tr\u00e0mits.<\/span><\/li>\n<li class=\"c6 li-bullet-0\"><span class=\"c0\">Not\u00edcies: not\u00edcies del centre filtrades segons el nivell educatiu escollit.<\/span><\/li>\n<li class=\"c6 li-bullet-0\"><span class=\"c0\">Serveis: informacions dels serveis del centre (transport, biblioteca, extraescolars, etc.)<\/span><\/li>\n<li class=\"c6 li-bullet-0\"><span class=\"c0\">GEP: apartat dedicat al projecte GEneraci\u00f3 Pluriling\u00fce<\/span><\/li>\n<li class=\"c6 li-bullet-0\"><span class=\"c0\">AMPA: apartat d\u2019\u00fas de l\u2019AMPA del centre.<\/span><\/li>\n<li class=\"c6 li-bullet-0\"><span class=\"c0\">Curs actual: agrupaci\u00f3 d\u2019informacions rellevants del curs actual.<\/span><\/li>\n<\/ul>\n<p class=\"c10\"><span class=\"c0\">A m\u00e9s, la p\u00e0gina web enlla\u00e7a amb les diferents xarxes socials on el centre t\u00e9 pres\u00e8ncia.<\/span><\/p>\n<h2 id=\"h.2lsiyj2pv8j8\" class=\"c3\"><span class=\"c2\">2. Xarxes socials<\/span><\/h2>\n<p class=\"c10\"><span class=\"c0\">L\u2019institut t\u00e9 pres\u00e8ncia a les seg\u00fcents xarxes socials:<\/span><\/p>\n<ul class=\"c8 lst-kix_fe9nx7wfoj8t-0 start\">\n<li class=\"c6 li-bullet-0\"><span class=\"c0\">Twitter: @lavalldeltenes<\/span><\/li>\n<li class=\"c6 li-bullet-0\"><span class=\"c0\">Facebook: inslavalldeltenes<\/span><\/li>\n<li class=\"c6 li-bullet-0\"><span class=\"c0\">Youtube: @institutlavalldeltenes7311<\/span><\/li>\n<li class=\"c6 li-bullet-0\"><span class=\"c0\">Instagram: insvalltenes<\/span><\/li>\n<\/ul>\n","protected":false},"excerpt":{"rendered":"<p>\u00a0 &nbsp; 1. Portal web iesvalltenes.cat El centre disposa d\u2019un portal web (iesvalltenes.cat) a trav\u00e9s de l\u2019eina Nodes del Departament d\u2019Educaci\u00f3. L\u2019estructura de p\u00e0gines i not\u00edcies \u00e9s la seg\u00fcent: L\u2019institut: informaci\u00f3 sobre la hist\u00f2ria i localitzaci\u00f3 del centre, horaris, documents oficials i organigrama. Oferta educativa: informaci\u00f3 sobre l\u2019oferta educativa del centre i els seus curr\u00edcula. [&hellip;]<\/p>\n","protected":false},"author":1,"featured_media":0,"parent":3557,"menu_order":0,"comment_status":"closed","ping_status":"closed","template":"page-templates\/side-menu.php","meta":{"_bbp_topic_count":0,"_bbp_reply_count":0,"_bbp_total_topic_count":0,"_bbp_total_reply_count":0,"_bbp_voice_count":0,"_bbp_anonymous_reply_count":0,"_bbp_topic_count_hidden":0,"_bbp_reply_count_hidden":0,"_bbp_forum_subforum_count":0,"site-sidebar-layout":"default","site-content-layout":"","ast-site-content-layout":"","site-content-style":"default","site-sidebar-style":"default","ast-global-header-display":"","ast-banner-title-visibility":"","ast-main-header-display":"","ast-hfb-above-header-display":"","ast-hfb-below-header-display":"","ast-hfb-mobile-header-display":"","site-post-title":"","ast-breadcrumbs-content":"","ast-featured-img":"","footer-sml-layout":"","theme-transparent-header-meta":"","adv-header-id-meta":"","stick-header-meta":"","header-above-stick-meta":"","header-main-stick-meta":"","header-below-stick-meta":"","astra-migrate-meta-layouts":"default","ast-page-background-enabled":"default","ast-page-background-meta":{"desktop":{"background-color":"var(--ast-global-color-4)","background-image":"","background-repeat":"repeat","background-position":"center center","background-size":"auto","background-attachment":"scroll","background-type":"","background-media":"","overlay-type":"","overlay-color":"","overlay-opacity":"","overlay-gradient":""},"tablet":{"background-color":"","background-image":"","background-repeat":"repeat","background-position":"center center","background-size":"auto","background-attachment":"scroll","background-type":"","background-media":"","overlay-type":"","overlay-color":"","overlay-opacity":"","overlay-gradient":""},"mobile":{"background-color":"","background-image":"","background-repeat":"repeat","background-position":"center center","background-size":"auto","background-attachment":"scroll","background-type":"","background-media":"","overlay-type":"","overlay-color":"","overlay-opacity":"","overlay-gradient":""}},"ast-content-background-meta":{"desktop":{"background-color":"var(--ast-global-color-5)","background-image":"","background-repeat":"repeat","background-position":"center center","background-size":"auto","background-attachment":"scroll","background-type":"","background-media":"","overlay-type":"","overlay-color":"","overlay-opacity":"","overlay-gradient":""},"tablet":{"background-color":"var(--ast-global-color-5)","background-image":"","background-repeat":"repeat","background-position":"center center","background-size":"auto","background-attachment":"scroll","background-type":"","background-media":"","overlay-type":"","overlay-color":"","overlay-opacity":"","overlay-gradient":""},"mobile":{"background-color":"var(--ast-global-color-5)","background-image":"","background-repeat":"repeat","background-position":"center center","background-size":"auto","background-attachment":"scroll","background-type":"","background-media":"","overlay-type":"","overlay-color":"","overlay-opacity":"","overlay-gradient":""}},"footnotes":""},"class_list":["post-3736","page","type-page","status-publish","hentry"],"post_mailing_queue_ids":[],"_links":{"self":[{"href":"https:\/\/agora.xtec.cat\/insvalltenes\/wp-json\/wp\/v2\/pages\/3736","targetHints":{"allow":["GET"]}}],"collection":[{"href":"https:\/\/agora.xtec.cat\/insvalltenes\/wp-json\/wp\/v2\/pages"}],"about":[{"href":"https:\/\/agora.xtec.cat\/insvalltenes\/wp-json\/wp\/v2\/types\/page"}],"author":[{"embeddable":true,"href":"https:\/\/agora.xtec.cat\/insvalltenes\/wp-json\/wp\/v2\/users\/1"}],"replies":[{"embeddable":true,"href":"https:\/\/agora.xtec.cat\/insvalltenes\/wp-json\/wp\/v2\/comments?post=3736"}],"version-history":[{"count":3,"href":"https:\/\/agora.xtec.cat\/insvalltenes\/wp-json\/wp\/v2\/pages\/3736\/revisions"}],"predecessor-version":[{"id":3767,"href":"https:\/\/agora.xtec.cat\/insvalltenes\/wp-json\/wp\/v2\/pages\/3736\/revisions\/3767"}],"up":[{"embeddable":true,"href":"https:\/\/agora.xtec.cat\/insvalltenes\/wp-json\/wp\/v2\/pages\/3557"}],"wp:attachment":[{"href":"https:\/\/agora.xtec.cat\/insvalltenes\/wp-json\/wp\/v2\/media?parent=3736"}],"curies":[{"name":"wp","href":"https:\/\/api.w.org\/{rel}","templated":true}]}}