{"id":3734,"date":"2023-01-05T13:02:17","date_gmt":"2023-01-05T12:02:17","guid":{"rendered":"https:\/\/agora.xtec.cat\/insvalltenes\/?page_id=3734"},"modified":"2023-02-01T20:27:40","modified_gmt":"2023-02-01T19:27:40","slug":"comunicacions","status":"publish","type":"page","link":"https:\/\/agora.xtec.cat\/insvalltenes\/edc-2\/cultura-digital\/comunicacions\/","title":{"rendered":"Comunicacions"},"content":{"rendered":"<table style=\"border-collapse: collapse; width: 100%; height: 10px;\">\n<tbody>\n<tr style=\"height: 32px;\">\n<td style=\"width: 183.2%; background-color: #005c99; height: 10px; border-style: none;\" colspan=\"6\">\n<h2 style=\"text-align: left;\"><span style=\"color: #ffffff;\"><a href=\"https:\/\/agora.xtec.cat\/insvalltenes\/wp-content\/uploads\/usu399\/2022\/10\/edc-1.png\"><img loading=\"lazy\" decoding=\"async\" class=\"wp-image-3521 alignleft\" src=\"https:\/\/agora.xtec.cat\/insvalltenes\/wp-content\/uploads\/usu399\/2022\/10\/edc-1.png\" alt=\"\" width=\"210\" height=\"133\" srcset=\"https:\/\/agora.xtec.cat\/insvalltenes\/wp-content\/uploads\/usu399\/2022\/10\/edc-1.png 400w, https:\/\/agora.xtec.cat\/insvalltenes\/wp-content\/uploads\/usu399\/2022\/10\/edc-1-300x191.png 300w\" sizes=\"auto, (max-width: 210px) 100vw, 210px\" \/>\u00a0 <\/a><\/span><\/h2>\n<h2><\/h2>\n<p>&nbsp;<\/p>\n<h4 style=\"text-align: right;\"><\/h4>\n<\/td>\n<\/tr>\n<\/tbody>\n<\/table>\n<h2 id=\"h.kvn7ym7elubb\" class=\"c27\"><span class=\"c43\">1. Fam\u00edlies<\/span><\/h2>\n<p class=\"c19\"><span class=\"c2\">Les comunicacions amb les fam\u00edlies es realitzen de forma habitual mitjan\u00e7ant correu electr\u00f2nic. Les dades de contacte, disponibles en l\u2019aplicatiu Alexia, s\u00f3n accessibles per part de tutors, secretaria i direcci\u00f3. L\u2019aplicatiu Alexia es fa servir tamb\u00e9 per comunicacions massives seleccionant les fam\u00edlies segons nivell, curs o qualsevol altre criteri. Tamb\u00e9 es fan comunicacions massives relacionades amb pagaments des de la plataforma TPVEscola.<\/span><\/p>\n<h2 id=\"h.hlh30aodisfp\" class=\"c27\"><span class=\"c43\">2. Alumnes<\/span><\/h2>\n<p class=\"c19\"><span class=\"c2\">Les comunicacions amb els alumnes es fan usualment mitjan\u00e7ant correu electr\u00f2nic. En el cas de comunicacions de secretaria o direcci\u00f3 es fa servir l\u2019aplicatiu Alexia. En el cas de comunicacions per part de professors, a m\u00e9s del correu individual, es fa servir l\u2019eina de f\u00f2rums del campus virtual Moodle.<\/span><\/p>\n<h2 id=\"h.8a008xflt6g9\" class=\"c27\">3. Professors<\/h2>\n<p class=\"c19\"><span class=\"c2\">Les comunicacions amb els professors es fan habitualment mitjan\u00e7ant l\u2019eina de correu electr\u00f2nic de grups, fent servir els grups descrits a l\u2019apartat 3.1.2 d\u2019aquest document.<\/span><\/p>\n","protected":false},"excerpt":{"rendered":"<p>\u00a0 &nbsp; 1. Fam\u00edlies Les comunicacions amb les fam\u00edlies es realitzen de forma habitual mitjan\u00e7ant correu electr\u00f2nic. Les dades de contacte, disponibles en l\u2019aplicatiu Alexia, s\u00f3n accessibles per part de tutors, secretaria i direcci\u00f3. L\u2019aplicatiu Alexia es fa servir tamb\u00e9 per comunicacions massives seleccionant les fam\u00edlies segons nivell, curs o qualsevol altre criteri. Tamb\u00e9 es [&hellip;]<\/p>\n","protected":false},"author":1,"featured_media":0,"parent":3557,"menu_order":0,"comment_status":"closed","ping_status":"closed","template":"page-templates\/side-menu.php","meta":{"_bbp_topic_count":0,"_bbp_reply_count":0,"_bbp_total_topic_count":0,"_bbp_total_reply_count":0,"_bbp_voice_count":0,"_bbp_anonymous_reply_count":0,"_bbp_topic_count_hidden":0,"_bbp_reply_count_hidden":0,"_bbp_forum_subforum_count":0,"site-sidebar-layout":"default","site-content-layout":"","ast-site-content-layout":"","site-content-style":"default","site-sidebar-style":"default","ast-global-header-display":"","ast-banner-title-visibility":"","ast-main-header-display":"","ast-hfb-above-header-display":"","ast-hfb-below-header-display":"","ast-hfb-mobile-header-display":"","site-post-title":"","ast-breadcrumbs-content":"","ast-featured-img":"","footer-sml-layout":"","theme-transparent-header-meta":"","adv-header-id-meta":"","stick-header-meta":"","header-above-stick-meta":"","header-main-stick-meta":"","header-below-stick-meta":"","astra-migrate-meta-layouts":"default","ast-page-background-enabled":"default","ast-page-background-meta":{"desktop":{"background-color":"var(--ast-global-color-4)","background-image":"","background-repeat":"repeat","background-position":"center center","background-size":"auto","background-attachment":"scroll","background-type":"","background-media":"","overlay-type":"","overlay-color":"","overlay-opacity":"","overlay-gradient":""},"tablet":{"background-color":"","background-image":"","background-repeat":"repeat","background-position":"center center","background-size":"auto","background-attachment":"scroll","background-type":"","background-media":"","overlay-type":"","overlay-color":"","overlay-opacity":"","overlay-gradient":""},"mobile":{"background-color":"","background-image":"","background-repeat":"repeat","background-position":"center center","background-size":"auto","background-attachment":"scroll","background-type":"","background-media":"","overlay-type":"","overlay-color":"","overlay-opacity":"","overlay-gradient":""}},"ast-content-background-meta":{"desktop":{"background-color":"var(--ast-global-color-5)","background-image":"","background-repeat":"repeat","background-position":"center center","background-size":"auto","background-attachment":"scroll","background-type":"","background-media":"","overlay-type":"","overlay-color":"","overlay-opacity":"","overlay-gradient":""},"tablet":{"background-color":"var(--ast-global-color-5)","background-image":"","background-repeat":"repeat","background-position":"center center","background-size":"auto","background-attachment":"scroll","background-type":"","background-media":"","overlay-type":"","overlay-color":"","overlay-opacity":"","overlay-gradient":""},"mobile":{"background-color":"var(--ast-global-color-5)","background-image":"","background-repeat":"repeat","background-position":"center center","background-size":"auto","background-attachment":"scroll","background-type":"","background-media":"","overlay-type":"","overlay-color":"","overlay-opacity":"","overlay-gradient":""}},"footnotes":""},"class_list":["post-3734","page","type-page","status-publish","hentry"],"post_mailing_queue_ids":[],"_links":{"self":[{"href":"https:\/\/agora.xtec.cat\/insvalltenes\/wp-json\/wp\/v2\/pages\/3734","targetHints":{"allow":["GET"]}}],"collection":[{"href":"https:\/\/agora.xtec.cat\/insvalltenes\/wp-json\/wp\/v2\/pages"}],"about":[{"href":"https:\/\/agora.xtec.cat\/insvalltenes\/wp-json\/wp\/v2\/types\/page"}],"author":[{"embeddable":true,"href":"https:\/\/agora.xtec.cat\/insvalltenes\/wp-json\/wp\/v2\/users\/1"}],"replies":[{"embeddable":true,"href":"https:\/\/agora.xtec.cat\/insvalltenes\/wp-json\/wp\/v2\/comments?post=3734"}],"version-history":[{"count":3,"href":"https:\/\/agora.xtec.cat\/insvalltenes\/wp-json\/wp\/v2\/pages\/3734\/revisions"}],"predecessor-version":[{"id":3791,"href":"https:\/\/agora.xtec.cat\/insvalltenes\/wp-json\/wp\/v2\/pages\/3734\/revisions\/3791"}],"up":[{"embeddable":true,"href":"https:\/\/agora.xtec.cat\/insvalltenes\/wp-json\/wp\/v2\/pages\/3557"}],"wp:attachment":[{"href":"https:\/\/agora.xtec.cat\/insvalltenes\/wp-json\/wp\/v2\/media?parent=3734"}],"curies":[{"name":"wp","href":"https:\/\/api.w.org\/{rel}","templated":true}]}}