{"id":3731,"date":"2023-01-05T13:00:36","date_gmt":"2023-01-05T12:00:36","guid":{"rendered":"https:\/\/agora.xtec.cat\/insvalltenes\/?page_id=3731"},"modified":"2023-01-07T12:05:51","modified_gmt":"2023-01-07T11:05:51","slug":"acolliment-digital","status":"publish","type":"page","link":"https:\/\/agora.xtec.cat\/insvalltenes\/edc-2\/cultura-digital\/acolliment-digital\/","title":{"rendered":"Acolliment digital"},"content":{"rendered":"<table style=\"border-collapse: collapse; width: 100%; height: 10px;\">\n<tbody>\n<tr style=\"height: 32px;\">\n<td style=\"width: 183.2%; background-color: #005c99; height: 10px; border-style: none;\" colspan=\"6\">\n<h2 style=\"text-align: left;\"><span style=\"color: #ffffff;\"><a href=\"https:\/\/agora.xtec.cat\/insvalltenes\/wp-content\/uploads\/usu399\/2022\/10\/edc-1.png\"><img loading=\"lazy\" decoding=\"async\" class=\"wp-image-3521 alignleft\" src=\"https:\/\/agora.xtec.cat\/insvalltenes\/wp-content\/uploads\/usu399\/2022\/10\/edc-1.png\" alt=\"\" width=\"210\" height=\"133\" srcset=\"https:\/\/agora.xtec.cat\/insvalltenes\/wp-content\/uploads\/usu399\/2022\/10\/edc-1.png 400w, https:\/\/agora.xtec.cat\/insvalltenes\/wp-content\/uploads\/usu399\/2022\/10\/edc-1-300x191.png 300w\" sizes=\"auto, (max-width: 210px) 100vw, 210px\" \/>\u00a0 <\/a><\/span><\/h2>\n<h2><\/h2>\n<p>&nbsp;<\/p>\n<h4 style=\"text-align: right;\"><\/h4>\n<\/td>\n<\/tr>\n<\/tbody>\n<\/table>\n<h2 id=\"h.ygn2x9ne9dyo\" class=\"c3\"><span class=\"c2\">1. Alumnes<\/span><\/h2>\n<p class=\"c10\"><span class=\"c0\">Els alumnes nous al centre reben un full amb les seves dades d\u2019acc\u00e9s als serveis digitals del centre, juntament amb un ordinador Chromebook. Durant les primeres sessions de tutoria de 1r d\u2019ESO es comenten els usos b\u00e0sics de l\u2019entorn Google Workspace, campus virtual Moodle i normativa relacionada. La normativa sobre l\u2019\u00fas d\u2019aparells i eines inform\u00e0tiques es troba en els punts 4.3, 4.4 i 4.5 de les Normes d\u2019Organitzaci\u00f3 i Funcionament de Centre.<\/span><\/p>\n<p class=\"c10\">Els alumnes poden adre\u00e7ar-se al correu\u00a0<span class=\"c24\"><a class=\"c4\" href=\"mailto:suport@iesvalltenes.cat\">suport@iesvalltenes.cat<\/a><\/span><span class=\"c0\">\u00a0per qualsevol incid\u00e8ncia. Tamb\u00e9 ho poden fer presencialment les estones del primer descans del mat\u00ed dos dies per setmana.<\/span><\/p>\n<h2 id=\"h.6v1hvmhji8iq\" class=\"c3\"><span class=\"c2\">2. Professors<\/span><\/h2>\n<p class=\"c10\">Els professors nous al centre reben les seves dades d\u2019acc\u00e9s als serveis digitals del centre durant una primera entrevista amb la direcci\u00f3 del centre. Posteriorment, se\u2019ls fa lliurament, si hi tenen dret i hi ha disponibilitat, d\u2019un ordinador port\u00e0til del Departament. Durant els primers mesos disposen de l\u2019assist\u00e8ncia d\u2019un professor del centre designat per ajudar-los en tots els dubtes que se\u2019ls presentin. Pel que fa a l\u2019ajuda espec\u00edficament inform\u00e0tica, poden adre\u00e7ar-se al correu\u00a0<span class=\"c24\"><a class=\"c4\" href=\"mailto:suport@iesvalltenes.cat\">suport@iesvalltenes.cat<\/a><\/span>\u00a0per qualsevol incid\u00e8ncia. Tamb\u00e9 ho poden fer presencialment les estones del primer descans del mat\u00ed dos dies per setmana. Disposen tamb\u00e9 d\u2019un curs de suport inform\u00e0tic en el campus virtual Moodle.<\/p>\n","protected":false},"excerpt":{"rendered":"<p>\u00a0 &nbsp; 1. Alumnes Els alumnes nous al centre reben un full amb les seves dades d\u2019acc\u00e9s als serveis digitals del centre, juntament amb un ordinador Chromebook. Durant les primeres sessions de tutoria de 1r d\u2019ESO es comenten els usos b\u00e0sics de l\u2019entorn Google Workspace, campus virtual Moodle i normativa relacionada. La normativa sobre l\u2019\u00fas [&hellip;]<\/p>\n","protected":false},"author":1,"featured_media":0,"parent":3557,"menu_order":0,"comment_status":"closed","ping_status":"closed","template":"page-templates\/side-menu.php","meta":{"_bbp_topic_count":0,"_bbp_reply_count":0,"_bbp_total_topic_count":0,"_bbp_total_reply_count":0,"_bbp_voice_count":0,"_bbp_anonymous_reply_count":0,"_bbp_topic_count_hidden":0,"_bbp_reply_count_hidden":0,"_bbp_forum_subforum_count":0,"site-sidebar-layout":"default","site-content-layout":"","ast-site-content-layout":"","site-content-style":"default","site-sidebar-style":"default","ast-global-header-display":"","ast-banner-title-visibility":"","ast-main-header-display":"","ast-hfb-above-header-display":"","ast-hfb-below-header-display":"","ast-hfb-mobile-header-display":"","site-post-title":"","ast-breadcrumbs-content":"","ast-featured-img":"","footer-sml-layout":"","theme-transparent-header-meta":"","adv-header-id-meta":"","stick-header-meta":"","header-above-stick-meta":"","header-main-stick-meta":"","header-below-stick-meta":"","astra-migrate-meta-layouts":"default","ast-page-background-enabled":"default","ast-page-background-meta":{"desktop":{"background-color":"var(--ast-global-color-4)","background-image":"","background-repeat":"repeat","background-position":"center center","background-size":"auto","background-attachment":"scroll","background-type":"","background-media":"","overlay-type":"","overlay-color":"","overlay-opacity":"","overlay-gradient":""},"tablet":{"background-color":"","background-image":"","background-repeat":"repeat","background-position":"center center","background-size":"auto","background-attachment":"scroll","background-type":"","background-media":"","overlay-type":"","overlay-color":"","overlay-opacity":"","overlay-gradient":""},"mobile":{"background-color":"","background-image":"","background-repeat":"repeat","background-position":"center center","background-size":"auto","background-attachment":"scroll","background-type":"","background-media":"","overlay-type":"","overlay-color":"","overlay-opacity":"","overlay-gradient":""}},"ast-content-background-meta":{"desktop":{"background-color":"var(--ast-global-color-5)","background-image":"","background-repeat":"repeat","background-position":"center center","background-size":"auto","background-attachment":"scroll","background-type":"","background-media":"","overlay-type":"","overlay-color":"","overlay-opacity":"","overlay-gradient":""},"tablet":{"background-color":"var(--ast-global-color-5)","background-image":"","background-repeat":"repeat","background-position":"center center","background-size":"auto","background-attachment":"scroll","background-type":"","background-media":"","overlay-type":"","overlay-color":"","overlay-opacity":"","overlay-gradient":""},"mobile":{"background-color":"var(--ast-global-color-5)","background-image":"","background-repeat":"repeat","background-position":"center center","background-size":"auto","background-attachment":"scroll","background-type":"","background-media":"","overlay-type":"","overlay-color":"","overlay-opacity":"","overlay-gradient":""}},"footnotes":""},"class_list":["post-3731","page","type-page","status-publish","hentry"],"post_mailing_queue_ids":[],"_links":{"self":[{"href":"https:\/\/agora.xtec.cat\/insvalltenes\/wp-json\/wp\/v2\/pages\/3731","targetHints":{"allow":["GET"]}}],"collection":[{"href":"https:\/\/agora.xtec.cat\/insvalltenes\/wp-json\/wp\/v2\/pages"}],"about":[{"href":"https:\/\/agora.xtec.cat\/insvalltenes\/wp-json\/wp\/v2\/types\/page"}],"author":[{"embeddable":true,"href":"https:\/\/agora.xtec.cat\/insvalltenes\/wp-json\/wp\/v2\/users\/1"}],"replies":[{"embeddable":true,"href":"https:\/\/agora.xtec.cat\/insvalltenes\/wp-json\/wp\/v2\/comments?post=3731"}],"version-history":[{"count":3,"href":"https:\/\/agora.xtec.cat\/insvalltenes\/wp-json\/wp\/v2\/pages\/3731\/revisions"}],"predecessor-version":[{"id":3765,"href":"https:\/\/agora.xtec.cat\/insvalltenes\/wp-json\/wp\/v2\/pages\/3731\/revisions\/3765"}],"up":[{"embeddable":true,"href":"https:\/\/agora.xtec.cat\/insvalltenes\/wp-json\/wp\/v2\/pages\/3557"}],"wp:attachment":[{"href":"https:\/\/agora.xtec.cat\/insvalltenes\/wp-json\/wp\/v2\/media?parent=3731"}],"curies":[{"name":"wp","href":"https:\/\/api.w.org\/{rel}","templated":true}]}}