{"id":3726,"date":"2023-01-05T12:37:46","date_gmt":"2023-01-05T11:37:46","guid":{"rendered":"https:\/\/agora.xtec.cat\/insvalltenes\/?page_id=3726"},"modified":"2023-02-01T20:25:40","modified_gmt":"2023-02-01T19:25:40","slug":"descripcio-de-serveis","status":"publish","type":"page","link":"https:\/\/agora.xtec.cat\/insvalltenes\/edc-2\/cultura-digital\/descripcio-de-serveis\/","title":{"rendered":"Descripci\u00f3 de serveis"},"content":{"rendered":"<table style=\"border-collapse: collapse; width: 100%; height: 10px;\">\n<tbody>\n<tr style=\"height: 32px;\">\n<td style=\"width: 183.2%; background-color: #005c99; height: 10px; border-style: none;\" colspan=\"6\">\n<h2 style=\"text-align: left;\"><span style=\"color: #ffffff;\"><a href=\"https:\/\/agora.xtec.cat\/insvalltenes\/wp-content\/uploads\/usu399\/2022\/10\/edc-1.png\"><img loading=\"lazy\" decoding=\"async\" class=\"wp-image-3521 alignleft\" src=\"https:\/\/agora.xtec.cat\/insvalltenes\/wp-content\/uploads\/usu399\/2022\/10\/edc-1.png\" alt=\"\" width=\"210\" height=\"133\" srcset=\"https:\/\/agora.xtec.cat\/insvalltenes\/wp-content\/uploads\/usu399\/2022\/10\/edc-1.png 400w, https:\/\/agora.xtec.cat\/insvalltenes\/wp-content\/uploads\/usu399\/2022\/10\/edc-1-300x191.png 300w\" sizes=\"auto, (max-width: 210px) 100vw, 210px\" \/>\u00a0 <\/a><\/span><\/h2>\n<h2><\/h2>\n<p>&nbsp;<\/p>\n<h4 style=\"text-align: right;\"><\/h4>\n<\/td>\n<\/tr>\n<\/tbody>\n<\/table>\n<p>&nbsp;<\/p>\n<h2 id=\"h.htfq6zs5jqxt\" class=\"c3\"><span class=\"c2\">1. Gesti\u00f3 d\u2019usuaris<\/span><\/h2>\n<p class=\"c10\"><span class=\"c0\">L\u2019institut fa servir Google Workspace Education Fundamentals. \u00c9s la versi\u00f3 gratu\u00efta d\u2019aquest entorn que ofereix serveis de correu electr\u00f2nic, gesti\u00f3 documental i calendari.<\/span><\/p>\n<p class=\"c10\">Tots alumnes, docents i personal d&#8217;administraci\u00f3 disposen d\u2019un usuari amb el domini <span class=\"c25\">iesvalltenes.cat<\/span><span class=\"c0\">, que es mant\u00e9 actiu durant la seva estada al centre i fins un any despr\u00e9s del seu final. L\u2019usuari es forma seguint l\u2019estructura &lt;inicial del nom&gt;&lt;1r cognom&gt;&lt;n\u00famero correlatiu&gt;@iesvalltenes.cat.<\/span><\/p>\n<h3 id=\"h.9smjxo5z96i6\" class=\"c17\">1.1. Gesti\u00f3 d\u2019alumnes<\/h3>\n<p class=\"c10\"><span class=\"c0\">Cada principi de curs es fa una extracci\u00f3 de dades dels alumnes nous des de l\u2019aplicaci\u00f3 Alexia amb la informaci\u00f3 seg\u00fcent:<\/span><\/p>\n<ul>\n<li style=\"list-style-type: none;\">\n<ul class=\"c8 lst-kix_1a4v27pzcyib-0 start\">\n<li class=\"c6 li-bullet-0\"><span class=\"c0\">Nom<\/span><\/li>\n<li class=\"c6 li-bullet-0\"><span class=\"c0\">Cognoms<\/span><\/li>\n<li class=\"c6 li-bullet-0\"><span class=\"c0\">Idalu<\/span><\/li>\n<li class=\"c6 li-bullet-0\"><span class=\"c0\">Nivell<\/span><\/li>\n<\/ul>\n<\/li>\n<\/ul>\n<p class=\"c10\"><span class=\"c0\">Amb aquestes dades es calcula el nom d\u2019usuari i es genera una contrasenya provisional. El fitxer resultant es fa servir per crear els usuaris de forma massiva en l\u2019entorn Google Workspace. S\u2019adjudica cada alumne a una Unitat Organitzativa segons el nivell que cursa. Aix\u00f2 permet ajustar els permisos de Google Workspace per cada nivell.<\/span><\/p>\n<p class=\"c10\">A final de curs es fa una extracci\u00f3 de dades d\u2019Alexia amb els alumnes que s\u00f3n baixa del centre, i se\u2019ls comunica amb un correu electr\u00f2nic automatitzat la desactivaci\u00f3 del seu usuari en el termini d\u2019un any. En el mateix moment s\u2019executa la baixa massiva dels alumnes que van ser baixa fa un any, i que un mes abans han rebut un recordatori.<\/p>\n<h3 id=\"h.k2pharrwg7bm\" class=\"c17\"><span class=\"c2\">1.2. Gesti\u00f3 de professors i PAS<\/span><\/h3>\n<p class=\"c10\"><span class=\"c0\">Tots els professors i personal d\u2019administraci\u00f3 i serveis disposen d\u2019un usuari @iesvalltenes.cat similar al que es crea pels alumnes. Tots els professors formen part d\u2019una \u00fanica Unitat Organitzativa amb els permisos corresponents.<\/span><\/p>\n<p class=\"c10\"><span class=\"c0\">Es fa servir l\u2019eina de grups de Google per organitzar els usuaris de la manera seg\u00fcent:<\/span><\/p>\n<p><a href=\"https:\/\/agora.xtec.cat\/insvalltenes\/wp-content\/uploads\/usu399\/2023\/01\/image3.png\"><img loading=\"lazy\" decoding=\"async\" class=\"aligncenter size-full wp-image-3729\" src=\"https:\/\/agora.xtec.cat\/insvalltenes\/wp-content\/uploads\/usu399\/2023\/01\/image3.png\" alt=\"\" width=\"1154\" height=\"1561\" srcset=\"https:\/\/agora.xtec.cat\/insvalltenes\/wp-content\/uploads\/usu399\/2023\/01\/image3.png 1154w, https:\/\/agora.xtec.cat\/insvalltenes\/wp-content\/uploads\/usu399\/2023\/01\/image3-222x300.png 222w, https:\/\/agora.xtec.cat\/insvalltenes\/wp-content\/uploads\/usu399\/2023\/01\/image3-757x1024.png 757w, https:\/\/agora.xtec.cat\/insvalltenes\/wp-content\/uploads\/usu399\/2023\/01\/image3-768x1039.png 768w, https:\/\/agora.xtec.cat\/insvalltenes\/wp-content\/uploads\/usu399\/2023\/01\/image3-1136x1536.png 1136w\" sizes=\"auto, (max-width: 1154px) 100vw, 1154px\" \/><\/a><\/p>\n<p class=\"c10\"><img decoding=\"async\" title=\"\" src=\"images\/image3.png\" alt=\"\" \/><\/p>\n<h2 id=\"h.pc8p71ccvfa2\" class=\"c3\"><span class=\"c2\">2. Serveis propis<\/span><\/h2>\n<h3 id=\"h.wkrbld5hxhl1\" class=\"c17\"><span class=\"c2\">2.1. Instal\u00b7lacions<\/span><\/h3>\n<p class=\"c10\"><span class=\"c0\">L\u2019institut disposa del seg\u00fcent equipament per oferir tots els seus serveis:<\/span><\/p>\n<ul>\n<li><span class=\"c0\">Servidor Proxmox (16 CPU, 47 GB RAM): Permet la gesti\u00f3 de servidors virtuals. Actualment gestiona 4 servidors virtuals:<\/span>\n<ul class=\"c8 lst-kix_htafxh5u1jjl-1 start\">\n<li class=\"c12 c23 li-bullet-0\"><span class=\"c25\">moodle<\/span><span class=\"c0\">: Campus virtual Moodle de producci\u00f3.<\/span><\/li>\n<li class=\"c23 c12 li-bullet-0\"><span class=\"c25\">moodleproves<\/span><span class=\"c0\">: Moodle de proves.<\/span><\/li>\n<li class=\"c23 c12 li-bullet-0\"><span class=\"c25\">mc<\/span><span class=\"c0\">: Plex (servei de videoteca i audioteca).<\/span><\/li>\n<li class=\"c10 c12 li-bullet-0\"><span class=\"c25\">mercuri<\/span><span class=\"c0\">: gesti\u00f3 d\u2019antenes amb l\u2019aplicaci\u00f3 Nuclias Connect, que permet configurar de forma massiva les antenes i gestionar l\u2019horari d\u2019obertura i tancament.<\/span><\/li>\n<\/ul>\n<\/li>\n<\/ul>\n<ul class=\"c8 lst-kix_htafxh5u1jjl-0\">\n<li class=\"c6 li-bullet-0\"><span class=\"c0\">Servidor Synology RS2418+: Servidor de discos amb una capacitat de 19 TB. Allotja les dades dels servidors virtuals.<\/span><\/li>\n<li class=\"c6 li-bullet-0\"><span class=\"c0\">Servidor Synology DS418: Servidor de discos amb una capacitat de 10,5 TB. Allotja les c\u00f2pies de seguretat de tots els sistemes. Sincronitza amb les c\u00f2pies de seguretat en el n\u00favol allotjades en un compte de Google Drive.<\/span><\/li>\n<li class=\"c6 li-bullet-0\"><span class=\"c0\">Servidor pfSense: servei de tallafoc, DNS, DHCP, NTP i balanceig i failover de les dues connexions de fibra \u00f2ptica. Ofereix tamb\u00e9 un servei VPN per permetre l\u2019acc\u00e9s extern per a l\u2019administraci\u00f3 de la xarxa.<\/span><\/li>\n<li class=\"c6 li-bullet-0\"><span class=\"c0\">Dues connexions externes de fibra \u00f2ptica de 500 Gb\/s, una de l\u2019empresa Telefonica (Departament d\u2019Educaci\u00f3) i una altra de l\u2019empresa Emagina.<\/span><\/li>\n<li class=\"c6 li-bullet-0\"><span class=\"c0\">Una connexi\u00f3 de 50 Gb\/s de l\u2019empresa Emagina que dona servei de telefonia i acc\u00e9s a internet si fos necessari per a l\u2019administraci\u00f3 del centre. La telefonia es gestiona mitjan\u00e7ant una centraleta virtual.<\/span><\/li>\n<li class=\"c6 li-bullet-0\"><span class=\"c0\">Xarxa de cablejat Ethernet amb els punts cr\u00edtics connectats mitjan\u00e7ant connexions Ethernet d\u20191 Gbps o fibra \u00f2ptica a 10 Gbps.<\/span><\/li>\n<li class=\"c6 li-bullet-0\">Xarxa de 22 Acces Point (antenes WiFi) de diversos models D-Link que cobreixen tot el centre. Totes les antenes s\u00f3n models d\u2019\u00faltima generaci\u00f3, que permeten una gran capacitat de servei amb consum energ\u00e8tic redu\u00eft. S\u2019accedeix a la xarxa WiFi mitjan\u00e7ant SSID\u00a0<span class=\"c25\">educat1x1<\/span><span class=\"c0\">\u00a0i contrasenya \u00fanica.<\/span><\/li>\n<li class=\"c6 li-bullet-0\"><span class=\"c0\">644 port\u00e0tils chromebook del programa PEDC del Departament d\u2019Educaci\u00f3 i 15 de l\u2019institut per \u00fas individual dels alumnes.<\/span><\/li>\n<li class=\"c6 li-bullet-0\"><span class=\"c0\">59 port\u00e0tils amb SO Windows 10 per \u00fas individual de professors.<\/span><\/li>\n<li class=\"c6 li-bullet-0\"><span class=\"c0\">84 ordinadors port\u00e0tils de 15\u2019\u2019 amb SO Linux Mint o Cloud ready per \u00fas sota demanda dels professors pels alumnes.<\/span><\/li>\n<li class=\"c6 li-bullet-0\"><span class=\"c0\">8 panells interactius Promethean de 65\u2019\u2019 i 75\u2019\u2019.<\/span><\/li>\n<li class=\"c6 li-bullet-0\">3 ordinadors port\u00e0tils i 7 ordinadors de sobretaula per l\u2019administraci\u00f3 del centre.<\/li>\n<\/ul>\n<h3 id=\"h.2dqmyaumxwap\" class=\"c17\"><span class=\"c2\">2.2. Campus virtual<\/span><\/h3>\n<p class=\"c10\">L\u2019EVA (Entorn Virtual d\u2019Aprenentatge) de l\u2019institut est\u00e0 basat en Moodle 3.11. Hi tenen acc\u00e9s tots els alumnes i professors mitjan\u00e7ant el seu usuari del domini iesvalltenes.cat gestionat per Google Workspace. Els cursos estan organitzats per nivells acad\u00e8mics. L\u2019alta i baixa de cursos aix\u00ed com l\u2019adjudicaci\u00f3 de professors a cada curs \u00e9s responsabilitat de la coordinaci\u00f3 inform\u00e0tica. La gesti\u00f3 de cada curs \u00e9s responsabilitat dels professors de l\u2019\u00e0rea corresponent, tant pel que fa als continguts com a la gesti\u00f3 anual (alta i baixa d\u2019alumnes).<\/p>\n<h3 id=\"h.6zwl4t6pfga\" class=\"c17\"><span class=\"c2\">2.3. Servei multim\u00e8dia<\/span><\/h3>\n<p class=\"c10\"><span class=\"c0\">Un dels servidors virtuals del centre disposa d\u2019una instal\u00b7laci\u00f3 de l\u2019aplicatiu Plex, que permet la reproducci\u00f3 en l\u00ednia de v\u00eddeos i \u00e0udios. Hi tenen acc\u00e9s tots els docents des de qualsevol dispositiu del centre i tamb\u00e9 des de fora de l\u2019institut.<\/span><\/p>\n<p class=\"c10\"><span class=\"c0\">La videoteca centralitza totes les pel\u00b7l\u00edcules i v\u00eddeos sol\u00b7licitats pels professors de qualsevol \u00e0rea. En tots els casos es tracta de c\u00f2pies de DVD propietats del centre i digitalitzats habitualment en versi\u00f3 original.<\/span><\/p>\n<p class=\"c10\"><span class=\"c0\">L\u2019audioteca recull tamb\u00e9 tots els fitxers d\u2019\u00e0udio que fan servir les \u00e0rees d\u2019angl\u00e8s i franc\u00e8s.<\/span><\/p>\n<h3 id=\"h.bil8luwljpb5\" class=\"c17\"><span class=\"c2\">2.4. Armaris port\u00e0tils<\/span><\/h3>\n<p class=\"c10\">Repartits pel centre hi ha quatre armaris amb ordinadors port\u00e0tils de 15 polzades amb sistema operatiu Linux Mint o Cloudready. Aquests ordinadors permeten la instal\u00b7laci\u00f3 d\u2019aplicatius que no tenen versi\u00f3 pels port\u00e0tils Chromebook. Es configuren a cada moment segons les peticions de professors.<\/p>\n<h3 id=\"h.d7vm4vj7yg8q\" class=\"c17\"><span class=\"c2\">2.5. Aula multim\u00e8dia<\/span><\/h3>\n<p class=\"c10\"><span class=\"c0\">Una de les aules del centre est\u00e0 configurada com a aula multim\u00e8dia, amb un ordinador destinat a l\u2019edici\u00f3 de v\u00eddeo i 4 impressores 3D.<\/span><\/p>\n<h2 id=\"h.fstw8qkgzjlb\" class=\"c3\"><span class=\"c2\">3. Serveis externs<\/span><\/h2>\n<h3 id=\"h.bbtz931kk7tv\" class=\"c17\"><span class=\"c2\">3.1. Google Workspace<\/span><\/h3>\n<p class=\"c10\">Entorn\u00a0<span class=\"c25\">Google Workspace for education Fundamentals<\/span>: (versi\u00f3 gratu\u00efta per centres educatius). Proporciona serveis de repositori de fitxers (Drive), documents, calendari, gesti\u00f3 d\u2019usuaris i MDM (<span class=\"c25\">Mobile Device Management<\/span><span class=\"c0\">) per gestionar tots els port\u00e0tils Chromebook d\u2019alumnes.<\/span><\/p>\n<h4 id=\"h.588d4kfot64q\" class=\"c28\"><span class=\"c2\">3.1.1. Unitats organitzatives<\/span><\/h4>\n<p class=\"c10 c36\"><span class=\"c0\">Les unitats organitzatives s\u00f3n agrupacions d\u2019usuaris i dispositius disposades jer\u00e0rquicament que permeten aplicar pol\u00edtiques de configuraci\u00f3 de forma massiva. Les unitats organitzatives que es fan servir s\u00f3n les seg\u00fcents:<\/span><\/p>\n<ul>\n<li><span class=\"c0\">Alumnes<\/span>\n<ul>\n<li><span class=\"c0\">BAT<\/span>\n<ul>\n<li><span class=\"c0\">1r BAT<\/span><\/li>\n<li><span class=\"c0\">2n BAT<\/span><\/li>\n<\/ul>\n<\/li>\n<li><span class=\"c0\">CFGM-GA<\/span>\n<ul>\n<li><span class=\"c0\">1r CFGM-GA<\/span><\/li>\n<li><span class=\"c0\">2n CFGM-GA<\/span><\/li>\n<\/ul>\n<\/li>\n<li><span class=\"c0\">ESO<\/span>\n<ul>\n<li><span class=\"c0\">1r ESO<\/span><\/li>\n<li><span class=\"c0\">2n ESO<\/span><\/li>\n<li><span class=\"c0\">3r ESO<\/span><\/li>\n<li><span class=\"c0\">4t ESO<\/span>\n<ul>\n<li><span class=\"c0\">Digitalitzaci\u00f3<\/span><\/li>\n<\/ul>\n<\/li>\n<li><span class=\"c0\">PSP<\/span><\/li>\n<\/ul>\n<\/li>\n<li><span class=\"c0\">Exalumne recents<\/span><\/li>\n<li><span class=\"c0\">Exalumnes recents suspesos<\/span><\/li>\n<li><span class=\"c0\">Exalumnes suspesos<\/span><\/li>\n<\/ul>\n<\/li>\n<li><span class=\"c0\">Chromebooks<\/span>\n<ul>\n<li><span class=\"c0\">Chromebooks entrevistes<\/span><\/li>\n<li><span class=\"c0\">Chromebooks INDIC<\/span><\/li>\n<li><span class=\"c0\">Chromebooks multiidioma<\/span><\/li>\n<li><span class=\"c0\">Chromebooks propis<\/span><\/li>\n<\/ul>\n<\/li>\n<li>Institucionals<\/li>\n<li><span class=\"c0\">M\u00f2bils<\/span><\/li>\n<li><span class=\"c0\">NoGestionats<\/span><\/li>\n<li><span class=\"c0\">PAS<\/span>\n<ul>\n<li><span class=\"c0\">ExPAS actius<\/span><\/li>\n<li><span class=\"c0\">ExPAS suspesos<\/span><\/li>\n<li><span class=\"c0\">PAS actius<\/span><\/li>\n<\/ul>\n<\/li>\n<li><span class=\"c0\">PEDC<\/span><\/li>\n<li><span class=\"c0\">Practicum<\/span><\/li>\n<li><span class=\"c0\">Professors<\/span>\n<ul>\n<li><span class=\"c0\">Exprofessors actius<\/span><\/li>\n<li><span class=\"c0\">Exprofessors suspesos<\/span><\/li>\n<li><span class=\"c0\">Professors actius<\/span><\/li>\n<\/ul>\n<\/li>\n<li><span class=\"c0\">Servidors<\/span><\/li>\n<\/ul>\n<ul>\n<li style=\"list-style-type: none;\">\n<ul>\n<li style=\"list-style-type: none;\"><\/li>\n<\/ul>\n<\/li>\n<\/ul>\n<ul>\n<li style=\"list-style-type: none;\">\n<ul>\n<li style=\"list-style-type: none;\">\n<ul>\n<li style=\"list-style-type: none;\"><\/li>\n<\/ul>\n<\/li>\n<\/ul>\n<\/li>\n<\/ul>\n<ul>\n<li style=\"list-style-type: none;\">\n<ul>\n<li style=\"list-style-type: none;\"><\/li>\n<\/ul>\n<\/li>\n<\/ul>\n<ul>\n<li style=\"list-style-type: none;\">\n<ul>\n<li style=\"list-style-type: none;\">\n<ul>\n<li style=\"list-style-type: none;\"><\/li>\n<\/ul>\n<\/li>\n<\/ul>\n<\/li>\n<\/ul>\n<ul>\n<li style=\"list-style-type: none;\">\n<ul>\n<li style=\"list-style-type: none;\"><\/li>\n<\/ul>\n<\/li>\n<\/ul>\n<h4 id=\"h.h87n9e6ktj51\" class=\"c28\"><span class=\"c2\">3.1.2. Gesti\u00f3 documental (Drive) i servei de correu (Gmail)<\/span><\/h4>\n<p class=\"c10 c36\"><span class=\"c0\">Tots els usuaris disposen d\u2019un espai personal per emmagatzematge de fitxers i edici\u00f3 en l\u00ednia, aix\u00ed com el servei de correu gmail. L\u2019espai dels alumnes est\u00e0 limitat a 500 GB, mentre que els de professors i administraci\u00f3 \u00e9s, pr\u00e0cticament, il\u00b7limitat.<\/span><\/p>\n<p class=\"c10 c36\"><span class=\"c0\">En el servei Drive tots els usuaris poden crear unitats compartides pel treball col\u00b7laboratiu. Les creades per alumnes tenen un l\u00edmit d\u2019emmagatzematge de 300 GB, mentre que les de professors i institucionals (departaments, equips docents, direcci\u00f3 i administraci\u00f3) no tenen l\u00edmit fixat.<\/span><\/p>\n<h4 id=\"h.7lfqiwuo95m5\" class=\"c28\"><span class=\"c2\">3.1.3. Servei de calendari<\/span><\/h4>\n<p class=\"c10 c36\">El servei de calendari est\u00e0 disponible sense limitacions per a tots els usuaris. Existeixen, a m\u00e9s calendaris per cada nivell educatiu amb la informaci\u00f3 per als professors que hi intervenen.<\/p>\n<h3 id=\"h.smkp91z5mofu\" class=\"c17\"><span class=\"c2\">3.2. Alexia \/ iEduca<\/span><\/h3>\n<p class=\"c10\"><span class=\"c0\">La gesti\u00f3 acad\u00e8mica durant el curs es realitza amb l\u2019aplicatiu Alexia de l\u2019empresa Educaria. Amb les dades importades des de l\u2019aplicaci\u00f3 Esfera del Departament d\u2019Educaci\u00f3 es duen a terme les taques seg\u00fcents:<\/span><\/p>\n<ul class=\"c8 lst-kix_38tr5fee4pz6-0 start\">\n<li class=\"c6 li-bullet-0\"><span class=\"c0\">Fitxa informativa d\u2019alumnes i fam\u00edlies<\/span><\/li>\n<li class=\"c6 li-bullet-0\"><span class=\"c0\">Curr\u00edculums<\/span><\/li>\n<li class=\"c6 li-bullet-0\"><span class=\"c0\">Butlletins trimestrals<\/span><\/li>\n<li class=\"c6 li-bullet-0\"><span class=\"c0\">Control d\u2019assist\u00e8ncia i puntualitat<\/span><\/li>\n<li class=\"c6 li-bullet-0\"><span class=\"c0\">Missatgeria a fam\u00edlies i alumnes<\/span><\/li>\n<li class=\"c6 li-bullet-0\"><span class=\"c0\">Control d\u2019incid\u00e8ncies<\/span><\/li>\n<\/ul>\n<p class=\"c10\"><span class=\"c0\">Est\u00e0 previst canviar a partir del curs 2023-24 a l\u2019aplicatiu iEduca, mantenint les prestacions actuals i afegint-ne les seg\u00fcents de forma progressiva:<\/span><\/p>\n<ul class=\"c8 lst-kix_hv72ozmzv5w9-0 start\">\n<li class=\"c6 li-bullet-0\"><span class=\"c0\">Gesti\u00f3 de gu\u00e0rdies<\/span><\/li>\n<li class=\"c6 li-bullet-0\"><span class=\"c0\">Gesti\u00f3 de sortides<\/span><\/li>\n<li class=\"c6 li-bullet-0\"><span class=\"c0\">Llibreta de notes<\/span><\/li>\n<li class=\"c6 li-bullet-0\"><span class=\"c0\">Gesti\u00f3 de calendaris<\/span><\/li>\n<li class=\"c6 li-bullet-0\"><span class=\"c0\">Automatitzaci\u00f3 de comunicacions<\/span><\/li>\n<li class=\"c6 li-bullet-0\"><span class=\"c0\">Connexi\u00f3 automatitzada amb el programa generador d\u2019horaris<\/span><\/li>\n<li class=\"c6 li-bullet-0\"><span class=\"c0\">Acc\u00e9s per a fam\u00edlies a trav\u00e9s de web i aplicaci\u00f3 per a m\u00f2bils<\/span><\/li>\n<\/ul>\n<h3 id=\"h.7fd6u4slvb4f\" class=\"c17\"><span class=\"c2\">3.3. TPVEscola<\/span><\/h3>\n<p class=\"c10\"><span class=\"c0\">L\u2019aplicatiu TPVEscola es fa servir com a plataforma de pagament de les fam\u00edlies pels serveis no gratu\u00efts (sortides, quotes de material i sancions econ\u00f2miques). En un futur s\u2019estudiar\u00e0 la possibilitat de traspassar aquesta tasca a l\u2019entorn iEduca.<\/span><\/p>\n<h3 id=\"h.iospy52j44rp\" class=\"c17\">3.4. Bitwarden<\/h3>\n<p class=\"c10\">L\u2019aplicatiu Bitwarden \u00e9s un gestor i generador de contrasenyes, on s&#8217;emmagatzemen tots els accessos a llocs web associats a gestions del centre (aplicatius del Departament, prove\u00efdors, etc.). S\u2019hi t\u00e9 acc\u00e9s des de direcci\u00f3, secretaria i coordinaci\u00f3 inform\u00e0tica.<\/p>\n","protected":false},"excerpt":{"rendered":"<p>\u00a0 &nbsp; &nbsp; 1. Gesti\u00f3 d\u2019usuaris L\u2019institut fa servir Google Workspace Education Fundamentals. \u00c9s la versi\u00f3 gratu\u00efta d\u2019aquest entorn que ofereix serveis de correu electr\u00f2nic, gesti\u00f3 documental i calendari. Tots alumnes, docents i personal d&#8217;administraci\u00f3 disposen d\u2019un usuari amb el domini iesvalltenes.cat, que es mant\u00e9 actiu durant la seva estada al centre i fins un [&hellip;]<\/p>\n","protected":false},"author":1,"featured_media":0,"parent":3557,"menu_order":0,"comment_status":"closed","ping_status":"closed","template":"page-templates\/side-menu.php","meta":{"_bbp_topic_count":0,"_bbp_reply_count":0,"_bbp_total_topic_count":0,"_bbp_total_reply_count":0,"_bbp_voice_count":0,"_bbp_anonymous_reply_count":0,"_bbp_topic_count_hidden":0,"_bbp_reply_count_hidden":0,"_bbp_forum_subforum_count":0,"site-sidebar-layout":"default","site-content-layout":"","ast-site-content-layout":"","site-content-style":"default","site-sidebar-style":"default","ast-global-header-display":"","ast-banner-title-visibility":"","ast-main-header-display":"","ast-hfb-above-header-display":"","ast-hfb-below-header-display":"","ast-hfb-mobile-header-display":"","site-post-title":"","ast-breadcrumbs-content":"","ast-featured-img":"","footer-sml-layout":"","theme-transparent-header-meta":"","adv-header-id-meta":"","stick-header-meta":"","header-above-stick-meta":"","header-main-stick-meta":"","header-below-stick-meta":"","astra-migrate-meta-layouts":"default","ast-page-background-enabled":"default","ast-page-background-meta":{"desktop":{"background-color":"var(--ast-global-color-4)","background-image":"","background-repeat":"repeat","background-position":"center center","background-size":"auto","background-attachment":"scroll","background-type":"","background-media":"","overlay-type":"","overlay-color":"","overlay-opacity":"","overlay-gradient":""},"tablet":{"background-color":"","background-image":"","background-repeat":"repeat","background-position":"center center","background-size":"auto","background-attachment":"scroll","background-type":"","background-media":"","overlay-type":"","overlay-color":"","overlay-opacity":"","overlay-gradient":""},"mobile":{"background-color":"","background-image":"","background-repeat":"repeat","background-position":"center center","background-size":"auto","background-attachment":"scroll","background-type":"","background-media":"","overlay-type":"","overlay-color":"","overlay-opacity":"","overlay-gradient":""}},"ast-content-background-meta":{"desktop":{"background-color":"var(--ast-global-color-5)","background-image":"","background-repeat":"repeat","background-position":"center center","background-size":"auto","background-attachment":"scroll","background-type":"","background-media":"","overlay-type":"","overlay-color":"","overlay-opacity":"","overlay-gradient":""},"tablet":{"background-color":"var(--ast-global-color-5)","background-image":"","background-repeat":"repeat","background-position":"center center","background-size":"auto","background-attachment":"scroll","background-type":"","background-media":"","overlay-type":"","overlay-color":"","overlay-opacity":"","overlay-gradient":""},"mobile":{"background-color":"var(--ast-global-color-5)","background-image":"","background-repeat":"repeat","background-position":"center center","background-size":"auto","background-attachment":"scroll","background-type":"","background-media":"","overlay-type":"","overlay-color":"","overlay-opacity":"","overlay-gradient":""}},"footnotes":""},"class_list":["post-3726","page","type-page","status-publish","hentry"],"post_mailing_queue_ids":[],"_links":{"self":[{"href":"https:\/\/agora.xtec.cat\/insvalltenes\/wp-json\/wp\/v2\/pages\/3726","targetHints":{"allow":["GET"]}}],"collection":[{"href":"https:\/\/agora.xtec.cat\/insvalltenes\/wp-json\/wp\/v2\/pages"}],"about":[{"href":"https:\/\/agora.xtec.cat\/insvalltenes\/wp-json\/wp\/v2\/types\/page"}],"author":[{"embeddable":true,"href":"https:\/\/agora.xtec.cat\/insvalltenes\/wp-json\/wp\/v2\/users\/1"}],"replies":[{"embeddable":true,"href":"https:\/\/agora.xtec.cat\/insvalltenes\/wp-json\/wp\/v2\/comments?post=3726"}],"version-history":[{"count":4,"href":"https:\/\/agora.xtec.cat\/insvalltenes\/wp-json\/wp\/v2\/pages\/3726\/revisions"}],"predecessor-version":[{"id":3790,"href":"https:\/\/agora.xtec.cat\/insvalltenes\/wp-json\/wp\/v2\/pages\/3726\/revisions\/3790"}],"up":[{"embeddable":true,"href":"https:\/\/agora.xtec.cat\/insvalltenes\/wp-json\/wp\/v2\/pages\/3557"}],"wp:attachment":[{"href":"https:\/\/agora.xtec.cat\/insvalltenes\/wp-json\/wp\/v2\/media?parent=3726"}],"curies":[{"name":"wp","href":"https:\/\/api.w.org\/{rel}","templated":true}]}}