{"id":3557,"date":"2022-10-25T17:35:56","date_gmt":"2022-10-25T15:35:56","guid":{"rendered":"https:\/\/agora.xtec.cat\/insvalltenes\/?page_id=3557"},"modified":"2023-01-07T12:03:25","modified_gmt":"2023-01-07T11:03:25","slug":"cultura-digital","status":"publish","type":"page","link":"https:\/\/agora.xtec.cat\/insvalltenes\/edc-2\/cultura-digital\/","title":{"rendered":"Cultura digital"},"content":{"rendered":"<table style=\"border-collapse: collapse; width: 100%; height: 10px;\">\n<tbody>\n<tr style=\"height: 32px;\">\n<td style=\"width: 183.2%; background-color: #005c99; height: 10px; border-style: none;\" colspan=\"6\">\n<h2 style=\"text-align: left;\"><span style=\"color: #ffffff;\"><a href=\"https:\/\/agora.xtec.cat\/insvalltenes\/wp-content\/uploads\/usu399\/2022\/10\/edc-1.png\"><img loading=\"lazy\" decoding=\"async\" class=\"wp-image-3521 alignleft\" src=\"https:\/\/agora.xtec.cat\/insvalltenes\/wp-content\/uploads\/usu399\/2022\/10\/edc-1.png\" alt=\"\" width=\"210\" height=\"133\" srcset=\"https:\/\/agora.xtec.cat\/insvalltenes\/wp-content\/uploads\/usu399\/2022\/10\/edc-1.png 400w, https:\/\/agora.xtec.cat\/insvalltenes\/wp-content\/uploads\/usu399\/2022\/10\/edc-1-300x191.png 300w\" sizes=\"auto, (max-width: 210px) 100vw, 210px\" \/>\u00a0 <\/a><\/span><\/h2>\n<h2><\/h2>\n<p>&nbsp;<\/p>\n<h4 style=\"text-align: right;\"><\/h4>\n<\/td>\n<\/tr>\n<\/tbody>\n<\/table>\n<p>Aquest document presenta de manera resumida tots els serveis, protocols i actuacions de l\u2019Institut La Vall del Tenes relacionats amb l\u2019estrat\u00e8gia digital del centre. Un altre document, d\u2019\u00fas exclusiu de la direcci\u00f3 i del servei inform\u00e0tic del centre, detalla exhaustivament tots els aspectes t\u00e8cnics necessaris per al bon funcionament de tot l\u2019entorn digital.<\/p>\n<table style=\"border-collapse: collapse; width: 100%; height: 582px;\">\n<tbody>\n<tr style=\"height: 97px;\">\n<td style=\"text-align: center; border-style: double; border-color: #005c99; background-color: #ffffff; height: 97px;\" colspan=\"6\">\n<h1><a href=\"https:\/\/agora.xtec.cat\/insvalltenes\/edc-2\/cultura-digital\/desplegament-curricular-de-la-competencia-digital-de-lalumnat\/\"><span style=\"color: #005c99;\"><b>Desplegament curricular de la CDA<\/b><\/span><\/a><\/h1>\n<\/td>\n<\/tr>\n<tr style=\"height: 97px;\">\n<td style=\"text-align: center; border-style: double; border-color: #005c99; background-color: #ffffff; height: 97px;\" colspan=\"6\">\n<h1><a href=\"https:\/\/agora.xtec.cat\/insvalltenes\/edc-2\/cultura-digital\/descripcio-de-serveis\/\"><span style=\"color: #005c99;\"><b>Descripci\u00f3 de serveis<\/b><\/span><\/a><\/h1>\n<\/td>\n<\/tr>\n<tr style=\"height: 97px;\">\n<td style=\"text-align: center; border-style: double; border-color: #005c99; background-color: #ffffff; height: 97px;\" colspan=\"6\">\n<h1><a href=\"https:\/\/agora.xtec.cat\/insvalltenes\/edc-2\/cultura-digital\/acolliment-digital\/\"><span style=\"color: #005c99;\"><b>Acolliment digital<\/b><\/span><\/a><\/h1>\n<\/td>\n<\/tr>\n<tr style=\"height: 97px;\">\n<td style=\"text-align: center; border-style: double; border-color: #005c99; background-color: #ffffff; height: 97px;\" colspan=\"6\">\n<h1><a href=\"https:\/\/agora.xtec.cat\/insvalltenes\/edc-2\/cultura-digital\/comunicacions\/\"><span style=\"color: #005c99;\"><b>Comunicacions<\/b><\/span><\/a><\/h1>\n<\/td>\n<\/tr>\n<tr style=\"height: 97px;\">\n<td style=\"text-align: center; border-style: double; border-color: #005c99; background-color: #ffffff; height: 97px;\" colspan=\"6\">\n<h1><a href=\"https:\/\/agora.xtec.cat\/insvalltenes\/edc-2\/cultura-digital\/portal-web-i-xarxes-socials\/\"><span style=\"color: #005c99;\"><b>Portal web i xarxes socials<\/b><\/span><\/a><\/h1>\n<\/td>\n<\/tr>\n<tr style=\"height: 97px;\">\n<td style=\"width: 183.2%; text-align: center; border-style: double; border-color: #005c99; background-color: #ffffff; height: 97px;\" colspan=\"6\">\n<h1><a href=\"https:\/\/agora.xtec.cat\/insvalltenes\/edc-2\/cultura-digital\/protocols\/\"><span style=\"color: #005c99;\"><b>Protocols<\/b><\/span><\/a><\/h1>\n<\/td>\n<\/tr>\n<\/tbody>\n<\/table>\n","protected":false},"excerpt":{"rendered":"<p>\u00a0 &nbsp; Aquest document presenta de manera resumida tots els serveis, protocols i actuacions de l\u2019Institut La Vall del Tenes relacionats amb l\u2019estrat\u00e8gia digital del centre. Un altre document, d\u2019\u00fas exclusiu de la direcci\u00f3 i del servei inform\u00e0tic del centre, detalla exhaustivament tots els aspectes t\u00e8cnics necessaris per al bon funcionament de tot l\u2019entorn digital. [&hellip;]<\/p>\n","protected":false},"author":1,"featured_media":0,"parent":3551,"menu_order":2,"comment_status":"closed","ping_status":"closed","template":"page-templates\/side-menu.php","meta":{"_bbp_topic_count":0,"_bbp_reply_count":0,"_bbp_total_topic_count":0,"_bbp_total_reply_count":0,"_bbp_voice_count":0,"_bbp_anonymous_reply_count":0,"_bbp_topic_count_hidden":0,"_bbp_reply_count_hidden":0,"_bbp_forum_subforum_count":0,"site-sidebar-layout":"default","site-content-layout":"","ast-site-content-layout":"","site-content-style":"default","site-sidebar-style":"default","ast-global-header-display":"","ast-banner-title-visibility":"","ast-main-header-display":"","ast-hfb-above-header-display":"","ast-hfb-below-header-display":"","ast-hfb-mobile-header-display":"","site-post-title":"","ast-breadcrumbs-content":"","ast-featured-img":"","footer-sml-layout":"","theme-transparent-header-meta":"","adv-header-id-meta":"","stick-header-meta":"","header-above-stick-meta":"","header-main-stick-meta":"","header-below-stick-meta":"","astra-migrate-meta-layouts":"default","ast-page-background-enabled":"default","ast-page-background-meta":{"desktop":{"background-color":"var(--ast-global-color-4)","background-image":"","background-repeat":"repeat","background-position":"center center","background-size":"auto","background-attachment":"scroll","background-type":"","background-media":"","overlay-type":"","overlay-color":"","overlay-opacity":"","overlay-gradient":""},"tablet":{"background-color":"","background-image":"","background-repeat":"repeat","background-position":"center center","background-size":"auto","background-attachment":"scroll","background-type":"","background-media":"","overlay-type":"","overlay-color":"","overlay-opacity":"","overlay-gradient":""},"mobile":{"background-color":"","background-image":"","background-repeat":"repeat","background-position":"center center","background-size":"auto","background-attachment":"scroll","background-type":"","background-media":"","overlay-type":"","overlay-color":"","overlay-opacity":"","overlay-gradient":""}},"ast-content-background-meta":{"desktop":{"background-color":"var(--ast-global-color-5)","background-image":"","background-repeat":"repeat","background-position":"center center","background-size":"auto","background-attachment":"scroll","background-type":"","background-media":"","overlay-type":"","overlay-color":"","overlay-opacity":"","overlay-gradient":""},"tablet":{"background-color":"var(--ast-global-color-5)","background-image":"","background-repeat":"repeat","background-position":"center center","background-size":"auto","background-attachment":"scroll","background-type":"","background-media":"","overlay-type":"","overlay-color":"","overlay-opacity":"","overlay-gradient":""},"mobile":{"background-color":"var(--ast-global-color-5)","background-image":"","background-repeat":"repeat","background-position":"center center","background-size":"auto","background-attachment":"scroll","background-type":"","background-media":"","overlay-type":"","overlay-color":"","overlay-opacity":"","overlay-gradient":""}},"footnotes":""},"class_list":["post-3557","page","type-page","status-publish","hentry"],"post_mailing_queue_ids":[],"_links":{"self":[{"href":"https:\/\/agora.xtec.cat\/insvalltenes\/wp-json\/wp\/v2\/pages\/3557","targetHints":{"allow":["GET"]}}],"collection":[{"href":"https:\/\/agora.xtec.cat\/insvalltenes\/wp-json\/wp\/v2\/pages"}],"about":[{"href":"https:\/\/agora.xtec.cat\/insvalltenes\/wp-json\/wp\/v2\/types\/page"}],"author":[{"embeddable":true,"href":"https:\/\/agora.xtec.cat\/insvalltenes\/wp-json\/wp\/v2\/users\/1"}],"replies":[{"embeddable":true,"href":"https:\/\/agora.xtec.cat\/insvalltenes\/wp-json\/wp\/v2\/comments?post=3557"}],"version-history":[{"count":4,"href":"https:\/\/agora.xtec.cat\/insvalltenes\/wp-json\/wp\/v2\/pages\/3557\/revisions"}],"predecessor-version":[{"id":3762,"href":"https:\/\/agora.xtec.cat\/insvalltenes\/wp-json\/wp\/v2\/pages\/3557\/revisions\/3762"}],"up":[{"embeddable":true,"href":"https:\/\/agora.xtec.cat\/insvalltenes\/wp-json\/wp\/v2\/pages\/3551"}],"wp:attachment":[{"href":"https:\/\/agora.xtec.cat\/insvalltenes\/wp-json\/wp\/v2\/media?parent=3557"}],"curies":[{"name":"wp","href":"https:\/\/api.w.org\/{rel}","templated":true}]}}