{"id":3551,"date":"2022-10-25T17:31:05","date_gmt":"2022-10-25T15:31:05","guid":{"rendered":"https:\/\/agora.xtec.cat\/insvalltenes\/?page_id=3551"},"modified":"2022-12-27T11:31:34","modified_gmt":"2022-12-27T10:31:34","slug":"edc-2","status":"publish","type":"page","link":"https:\/\/agora.xtec.cat\/insvalltenes\/edc-2\/","title":{"rendered":"EDC"},"content":{"rendered":"<table style=\"border-collapse: collapse; width: 100%; height: 309px;\">\n<tbody>\n<tr style=\"height: 32px;\">\n<td style=\"width: 183.2%; background-color: #005c99; height: 110px; border-style: none;\" colspan=\"6\">\n<h2 style=\"text-align: left;\"><span style=\"color: #ffffff;\"><a href=\"https:\/\/agora.xtec.cat\/insvalltenes\/wp-content\/uploads\/usu399\/2022\/10\/edc-1.png\"><img loading=\"lazy\" decoding=\"async\" class=\"wp-image-3521 alignleft\" src=\"https:\/\/agora.xtec.cat\/insvalltenes\/wp-content\/uploads\/usu399\/2022\/10\/edc-1.png\" alt=\"\" width=\"290\" height=\"184\" srcset=\"https:\/\/agora.xtec.cat\/insvalltenes\/wp-content\/uploads\/usu399\/2022\/10\/edc-1.png 400w, https:\/\/agora.xtec.cat\/insvalltenes\/wp-content\/uploads\/usu399\/2022\/10\/edc-1-300x191.png 300w\" sizes=\"auto, (max-width: 290px) 100vw, 290px\" \/>\u00a0 <\/a><\/span><\/h2>\n<h2><\/h2>\n<p>&nbsp;<\/p>\n<h4 style=\"text-align: right;\"><\/h4>\n<\/td>\n<\/tr>\n<tr style=\"height: 32px;\">\n<td style=\"height: 32px; border-style: none;\" colspan=\"6\">&nbsp;<\/p>\n<p>Les Tecnologies de la Informaci\u00f3 i la Comunicaci\u00f3 (TIC) s\u00f3n eines que han tingut un gran impacte en la societat, l&#8217;economia i l&#8217;educaci\u00f3, i han obligat a l&#8217;escola a adaptar els seus processos d&#8217;ensenyament i aprenentatge a aquest m\u00f3n canviant. Per aix\u00f2, \u00e9s important que l&#8217;escola incorpori les eines digitals de forma habitual en les activitats d&#8217;ensenyament i aprenentatge, aix\u00ed com en l&#8217;organitzaci\u00f3 i gesti\u00f3 del centre. Aix\u00f2 permetr\u00e0 que l&#8217;alumnat i la comunitat educativa puguin utilitzar aquestes eines per aprendre i comunicar-se, i aix\u00ed puguin desenvolupar la seva compet\u00e8ncia digital de forma integral.<\/p>\n<p>A m\u00e9s, l&#8217;institut ha de ser un agent democratitzador i ha de promoure la reducci\u00f3 de la fractura digital que encara existeix en la societat. Aix\u00f2 es pot fer a trav\u00e9s de metodologies transversals i globals que permet integrar la digitalitzaci\u00f3 a l&#8217;aula en un context m\u00e9s ampli i centrat en l&#8217;alumnat. En definitiva, \u00e9s important que l&#8217;escola es converteixi en un espai on es fomenti l&#8217;aprenentatge en l&#8217;era digital i es promogui la Societat del Coneixement.<\/p>\n<p>&nbsp;<\/p>\n<p><strong>La estrat\u00e8gia digital de centre<\/strong> \u00e9s un document que defineix les l\u00ednies d&#8217;actuaci\u00f3 de l&#8217;escola per fomentar l&#8217;\u00fas de les TIC en l&#8217;ensenyament i l&#8217;aprenentatge, aix\u00ed com per millorar la compet\u00e8ncia digital de l&#8217;alumnat i del professorat. Aquesta estrat\u00e8gia est\u00e0 dividida en dues parts: la part estrat\u00e8gica i la de cultura de digital de centre.<\/p>\n<p><strong>La part estrat\u00e8gica<\/strong> inclou la definici\u00f3 dels objectius i les l\u00ednies d&#8217;actuaci\u00f3 de l&#8217;escola en relaci\u00f3 a l&#8217;\u00fas de les TIC. Aix\u00f2 pot incloure la inversi\u00f3 en recursos tecnol\u00f2gics, la formaci\u00f3 del professorat en l&#8217;\u00fas de les TIC, la implementaci\u00f3 de plataformes digitals per a l&#8217;aprenentatge, entre altres.<\/p>\n<p><strong>La part de cultura de digital<\/strong> de centre es centra en la promoci\u00f3 d&#8217;un \u00fas responsable i cr\u00edtic de les TIC per part de l&#8217;alumnat i el professorat. Aix\u00f2 pot incloure l&#8217;establiment de normes d&#8217;\u00fas de les TIC, la promoci\u00f3 de la seguretat en l\u00ednia, l&#8217;educaci\u00f3 en valors digitals, entre altres.<\/p>\n<p>La combinaci\u00f3 d&#8217;ambdues parts de la estrat\u00e8gia digital de centre permetr\u00e0 a l&#8217;escola millorar l&#8217;\u00fas de les TIC en l&#8217;ensenyament i l&#8217;aprenentatge, aix\u00ed com fomentar una cultura de digital de centre responsable i cr\u00edtica.<\/td>\n<\/tr>\n<tr style=\"height: 83px;\">\n<td style=\"border-style: double; background-color: #ffffff; height: 83px; border-color: #005c99;\" colspan=\"6\">\n<h1 style=\"text-align: center;\"><span style=\"color: #005c99;\"><a style=\"color: #005c99;\" href=\"https:\/\/agora.xtec.cat\/insvalltenes\/edc-2\/edc\/\"><strong>Estrat\u00e8gia Digital<\/strong><\/a><\/span><\/h1>\n<\/td>\n<\/tr>\n<tr style=\"height: 84px;\">\n<td style=\"width: 183.2%; border-style: double; background-color: #ffffff; height: 84px; border-color: #005c99;\" colspan=\"6\">\n<h1 style=\"text-align: center;\"><span style=\"color: #005c99;\"><a style=\"color: #005c99;\" href=\"https:\/\/agora.xtec.cat\/insvalltenes\/edc-2\/cultura-digital\/\"><strong>Cultura Digital<\/strong><\/a><\/span><\/h1>\n<\/td>\n<\/tr>\n<\/tbody>\n<\/table>\n<p>&nbsp;<\/p>\n<p>&nbsp;<\/p>\n","protected":false},"excerpt":{"rendered":"<p>\u00a0 &nbsp; &nbsp; Les Tecnologies de la Informaci\u00f3 i la Comunicaci\u00f3 (TIC) s\u00f3n eines que han tingut un gran impacte en la societat, l&#8217;economia i l&#8217;educaci\u00f3, i han obligat a l&#8217;escola a adaptar els seus processos d&#8217;ensenyament i aprenentatge a aquest m\u00f3n canviant. Per aix\u00f2, \u00e9s important que l&#8217;escola incorpori les eines digitals de forma [&hellip;]<\/p>\n","protected":false},"author":1,"featured_media":0,"parent":0,"menu_order":0,"comment_status":"closed","ping_status":"closed","template":"page-templates\/side-menu.php","meta":{"_bbp_topic_count":0,"_bbp_reply_count":0,"_bbp_total_topic_count":0,"_bbp_total_reply_count":0,"_bbp_voice_count":0,"_bbp_anonymous_reply_count":0,"_bbp_topic_count_hidden":0,"_bbp_reply_count_hidden":0,"_bbp_forum_subforum_count":0,"site-sidebar-layout":"default","site-content-layout":"","ast-site-content-layout":"","site-content-style":"default","site-sidebar-style":"default","ast-global-header-display":"","ast-banner-title-visibility":"","ast-main-header-display":"","ast-hfb-above-header-display":"","ast-hfb-below-header-display":"","ast-hfb-mobile-header-display":"","site-post-title":"","ast-breadcrumbs-content":"","ast-featured-img":"","footer-sml-layout":"","theme-transparent-header-meta":"","adv-header-id-meta":"","stick-header-meta":"","header-above-stick-meta":"","header-main-stick-meta":"","header-below-stick-meta":"","astra-migrate-meta-layouts":"default","ast-page-background-enabled":"default","ast-page-background-meta":{"desktop":{"background-color":"var(--ast-global-color-4)","background-image":"","background-repeat":"repeat","background-position":"center center","background-size":"auto","background-attachment":"scroll","background-type":"","background-media":"","overlay-type":"","overlay-color":"","overlay-opacity":"","overlay-gradient":""},"tablet":{"background-color":"","background-image":"","background-repeat":"repeat","background-position":"center center","background-size":"auto","background-attachment":"scroll","background-type":"","background-media":"","overlay-type":"","overlay-color":"","overlay-opacity":"","overlay-gradient":""},"mobile":{"background-color":"","background-image":"","background-repeat":"repeat","background-position":"center center","background-size":"auto","background-attachment":"scroll","background-type":"","background-media":"","overlay-type":"","overlay-color":"","overlay-opacity":"","overlay-gradient":""}},"ast-content-background-meta":{"desktop":{"background-color":"var(--ast-global-color-5)","background-image":"","background-repeat":"repeat","background-position":"center center","background-size":"auto","background-attachment":"scroll","background-type":"","background-media":"","overlay-type":"","overlay-color":"","overlay-opacity":"","overlay-gradient":""},"tablet":{"background-color":"var(--ast-global-color-5)","background-image":"","background-repeat":"repeat","background-position":"center center","background-size":"auto","background-attachment":"scroll","background-type":"","background-media":"","overlay-type":"","overlay-color":"","overlay-opacity":"","overlay-gradient":""},"mobile":{"background-color":"var(--ast-global-color-5)","background-image":"","background-repeat":"repeat","background-position":"center center","background-size":"auto","background-attachment":"scroll","background-type":"","background-media":"","overlay-type":"","overlay-color":"","overlay-opacity":"","overlay-gradient":""}},"footnotes":""},"class_list":["post-3551","page","type-page","status-publish","hentry"],"post_mailing_queue_ids":[],"_links":{"self":[{"href":"https:\/\/agora.xtec.cat\/insvalltenes\/wp-json\/wp\/v2\/pages\/3551","targetHints":{"allow":["GET"]}}],"collection":[{"href":"https:\/\/agora.xtec.cat\/insvalltenes\/wp-json\/wp\/v2\/pages"}],"about":[{"href":"https:\/\/agora.xtec.cat\/insvalltenes\/wp-json\/wp\/v2\/types\/page"}],"author":[{"embeddable":true,"href":"https:\/\/agora.xtec.cat\/insvalltenes\/wp-json\/wp\/v2\/users\/1"}],"replies":[{"embeddable":true,"href":"https:\/\/agora.xtec.cat\/insvalltenes\/wp-json\/wp\/v2\/comments?post=3551"}],"version-history":[{"count":3,"href":"https:\/\/agora.xtec.cat\/insvalltenes\/wp-json\/wp\/v2\/pages\/3551\/revisions"}],"predecessor-version":[{"id":3694,"href":"https:\/\/agora.xtec.cat\/insvalltenes\/wp-json\/wp\/v2\/pages\/3551\/revisions\/3694"}],"wp:attachment":[{"href":"https:\/\/agora.xtec.cat\/insvalltenes\/wp-json\/wp\/v2\/media?parent=3551"}],"curies":[{"name":"wp","href":"https:\/\/api.w.org\/{rel}","templated":true}]}}