{"id":3538,"date":"2022-10-25T17:20:59","date_gmt":"2022-10-25T15:20:59","guid":{"rendered":"https:\/\/agora.xtec.cat\/insvalltenes\/?page_id=3538"},"modified":"2023-03-21T08:58:34","modified_gmt":"2023-03-21T07:58:34","slug":"diagnosi","status":"publish","type":"page","link":"https:\/\/agora.xtec.cat\/insvalltenes\/edc-2\/edc\/diagnosi\/","title":{"rendered":"Diagnosi"},"content":{"rendered":"<table style=\"border-collapse: collapse; width: 100%; height: 10px;\">\n<tbody>\n<tr style=\"height: 32px;\">\n<td style=\"width: 183.2%; background-color: #005c99; height: 10px; border-style: none;\" colspan=\"6\">\n<h2 style=\"text-align: left;\"><span style=\"color: #ffffff;\"><a href=\"https:\/\/agora.xtec.cat\/insvalltenes\/wp-content\/uploads\/usu399\/2022\/10\/edc-1.png\"><img loading=\"lazy\" decoding=\"async\" class=\"wp-image-3521 alignleft\" src=\"https:\/\/agora.xtec.cat\/insvalltenes\/wp-content\/uploads\/usu399\/2022\/10\/edc-1.png\" alt=\"\" width=\"210\" height=\"133\" srcset=\"https:\/\/agora.xtec.cat\/insvalltenes\/wp-content\/uploads\/usu399\/2022\/10\/edc-1.png 400w, https:\/\/agora.xtec.cat\/insvalltenes\/wp-content\/uploads\/usu399\/2022\/10\/edc-1-300x191.png 300w\" sizes=\"auto, (max-width: 210px) 100vw, 210px\" \/>\u00a0 <\/a><\/span><\/h2>\n<h2><\/h2>\n<p>&nbsp;<\/p>\n<h4 style=\"text-align: right;\"><\/h4>\n<\/td>\n<\/tr>\n<\/tbody>\n<\/table>\n<h3><strong><span style=\"color: #005c99;\">Metodologia utilitzada<\/span><\/strong><\/h3>\n<h5><strong><span style=\"color: #005c99;\">Enquesta SELFIE<\/span><\/strong><\/h5>\n<p>SELFIE (Self-reflection on Effective Learning by Fostering the use of Innovative Educational Technologies) \u00e9s una eina de reflexi\u00f3 sobre l&#8217;\u00fas efectiu de les tecnologies educatives innovadores, que permet a l&#8217;escola fer una diagnosi de la seva maduresa digital. Es tracta d&#8217;una eina en l\u00ednia gratu\u00efta que es pot utilitzar per fer una autoavaluaci\u00f3 del nivell d&#8217;\u00fas de les TIC a l&#8217;escola i identificar les oportunitats de millora.<\/p>\n<h5><strong><span style=\"color: #005c99;\">L&#8217;an\u00e0lisi DAFO<\/span><\/strong><\/h5>\n<p>L&#8217;an\u00e0lisi DAFO (tamb\u00e9 conegut com a an\u00e0lisi FODA, o SWOT en angl\u00e8s) \u00e9s una t\u00e8cnica que es fa servir per analitzar els punts forts, oportunitats, debilitats i amenaces d&#8217;una organitzaci\u00f3 o projecte. Aquesta an\u00e0lisi pot ser \u00fatil per avaluar l&#8217;estrat\u00e8gia digital de centre d&#8217;una escola i identificar les fortaleses i oportunitats que t\u00e9, aix\u00ed com les debilitats i amenaces que ha de tenir en compte.<\/p>\n<p>Per fer una an\u00e0lisi DAFO de l&#8217;estrat\u00e8gia digital de centre, es pot comen\u00e7ar identificant els punts forts i oportunitats de l&#8217;institut en relaci\u00f3 amb l&#8217;\u00fas de les TIC. Aix\u00f2 podria incloure aspectes com la disponibilitat de recursos tecnol\u00f2gics, la formaci\u00f3 del professorat en l&#8217;\u00fas de les TIC, l&#8217;adaptaci\u00f3 dels materials d&#8217;aprenentatge a les noves tecnologies, entre altres.<\/p>\n<table style=\"border-collapse: collapse; width: 100%; height: 194px;\">\n<tbody>\n<tr style=\"height: 97px;\">\n<td style=\"width: 100%; text-align: center; border-color: #005c99; border-style: double; background-color: #ffffff; height: 97px;\">\n<h1><a href=\"https:\/\/agora.xtec.cat\/insvalltenes\/edc-2\/edc\/diagnosi\/resultats-selfie\/\"><span style=\"color: #005c99;\">Resultats SELFIE<\/span><\/a><\/h1>\n<\/td>\n<\/tr>\n<tr style=\"height: 97px;\">\n<td style=\"width: 100%; text-align: center; border-color: #005c99; border-style: double; background-color: #ffffff; height: 97px;\">\n<h1><a href=\"https:\/\/agora.xtec.cat\/insvalltenes\/edc-2\/edc\/diagnosi\/analisi-dafo\/\"><span style=\"color: #005c99;\">An\u00e0lisi DAFO<\/span><\/a><\/h1>\n<\/td>\n<\/tr>\n<\/tbody>\n<\/table>\n<p>&nbsp;<\/p>\n","protected":false},"excerpt":{"rendered":"<p>\u00a0 &nbsp; Metodologia utilitzada Enquesta SELFIE SELFIE (Self-reflection on Effective Learning by Fostering the use of Innovative Educational Technologies) \u00e9s una eina de reflexi\u00f3 sobre l&#8217;\u00fas efectiu de les tecnologies educatives innovadores, que permet a l&#8217;escola fer una diagnosi de la seva maduresa digital. Es tracta d&#8217;una eina en l\u00ednia gratu\u00efta que es pot utilitzar [&hellip;]<\/p>\n","protected":false},"author":1,"featured_media":0,"parent":3519,"menu_order":1,"comment_status":"closed","ping_status":"closed","template":"page-templates\/side-menu.php","meta":{"_bbp_topic_count":0,"_bbp_reply_count":0,"_bbp_total_topic_count":0,"_bbp_total_reply_count":0,"_bbp_voice_count":0,"_bbp_anonymous_reply_count":0,"_bbp_topic_count_hidden":0,"_bbp_reply_count_hidden":0,"_bbp_forum_subforum_count":0,"site-sidebar-layout":"default","site-content-layout":"","ast-site-content-layout":"","site-content-style":"default","site-sidebar-style":"default","ast-global-header-display":"","ast-banner-title-visibility":"","ast-main-header-display":"","ast-hfb-above-header-display":"","ast-hfb-below-header-display":"","ast-hfb-mobile-header-display":"","site-post-title":"","ast-breadcrumbs-content":"","ast-featured-img":"","footer-sml-layout":"","theme-transparent-header-meta":"","adv-header-id-meta":"","stick-header-meta":"","header-above-stick-meta":"","header-main-stick-meta":"","header-below-stick-meta":"","astra-migrate-meta-layouts":"default","ast-page-background-enabled":"default","ast-page-background-meta":{"desktop":{"background-color":"var(--ast-global-color-4)","background-image":"","background-repeat":"repeat","background-position":"center center","background-size":"auto","background-attachment":"scroll","background-type":"","background-media":"","overlay-type":"","overlay-color":"","overlay-opacity":"","overlay-gradient":""},"tablet":{"background-color":"","background-image":"","background-repeat":"repeat","background-position":"center center","background-size":"auto","background-attachment":"scroll","background-type":"","background-media":"","overlay-type":"","overlay-color":"","overlay-opacity":"","overlay-gradient":""},"mobile":{"background-color":"","background-image":"","background-repeat":"repeat","background-position":"center center","background-size":"auto","background-attachment":"scroll","background-type":"","background-media":"","overlay-type":"","overlay-color":"","overlay-opacity":"","overlay-gradient":""}},"ast-content-background-meta":{"desktop":{"background-color":"var(--ast-global-color-5)","background-image":"","background-repeat":"repeat","background-position":"center center","background-size":"auto","background-attachment":"scroll","background-type":"","background-media":"","overlay-type":"","overlay-color":"","overlay-opacity":"","overlay-gradient":""},"tablet":{"background-color":"var(--ast-global-color-5)","background-image":"","background-repeat":"repeat","background-position":"center center","background-size":"auto","background-attachment":"scroll","background-type":"","background-media":"","overlay-type":"","overlay-color":"","overlay-opacity":"","overlay-gradient":""},"mobile":{"background-color":"var(--ast-global-color-5)","background-image":"","background-repeat":"repeat","background-position":"center center","background-size":"auto","background-attachment":"scroll","background-type":"","background-media":"","overlay-type":"","overlay-color":"","overlay-opacity":"","overlay-gradient":""}},"footnotes":""},"class_list":["post-3538","page","type-page","status-publish","hentry"],"post_mailing_queue_ids":[],"_links":{"self":[{"href":"https:\/\/agora.xtec.cat\/insvalltenes\/wp-json\/wp\/v2\/pages\/3538","targetHints":{"allow":["GET"]}}],"collection":[{"href":"https:\/\/agora.xtec.cat\/insvalltenes\/wp-json\/wp\/v2\/pages"}],"about":[{"href":"https:\/\/agora.xtec.cat\/insvalltenes\/wp-json\/wp\/v2\/types\/page"}],"author":[{"embeddable":true,"href":"https:\/\/agora.xtec.cat\/insvalltenes\/wp-json\/wp\/v2\/users\/1"}],"replies":[{"embeddable":true,"href":"https:\/\/agora.xtec.cat\/insvalltenes\/wp-json\/wp\/v2\/comments?post=3538"}],"version-history":[{"count":4,"href":"https:\/\/agora.xtec.cat\/insvalltenes\/wp-json\/wp\/v2\/pages\/3538\/revisions"}],"predecessor-version":[{"id":3831,"href":"https:\/\/agora.xtec.cat\/insvalltenes\/wp-json\/wp\/v2\/pages\/3538\/revisions\/3831"}],"up":[{"embeddable":true,"href":"https:\/\/agora.xtec.cat\/insvalltenes\/wp-json\/wp\/v2\/pages\/3519"}],"wp:attachment":[{"href":"https:\/\/agora.xtec.cat\/insvalltenes\/wp-json\/wp\/v2\/media?parent=3538"}],"curies":[{"name":"wp","href":"https:\/\/api.w.org\/{rel}","templated":true}]}}