{"id":3519,"date":"2022-10-25T16:01:13","date_gmt":"2022-10-25T14:01:13","guid":{"rendered":"https:\/\/agora.xtec.cat\/insvalltenes\/?page_id=3519"},"modified":"2023-03-21T08:54:59","modified_gmt":"2023-03-21T07:54:59","slug":"edc","status":"publish","type":"page","link":"https:\/\/agora.xtec.cat\/insvalltenes\/edc-2\/edc\/","title":{"rendered":"Part estrat\u00e8gica"},"content":{"rendered":"<table style=\"border-collapse: collapse; width: 100%; height: 395px;\">\n<tbody>\n<tr style=\"height: 32px;\">\n<td style=\"width: 183.2%; background-color: #005c99; height: 235px; border-style: none;\" colspan=\"6\">\n<h2 style=\"text-align: left;\"><span style=\"color: #ffffff;\"><a href=\"https:\/\/agora.xtec.cat\/insvalltenes\/wp-content\/uploads\/usu399\/2022\/10\/edc-1.png\"><img loading=\"lazy\" decoding=\"async\" class=\"wp-image-3521 alignleft\" src=\"https:\/\/agora.xtec.cat\/insvalltenes\/wp-content\/uploads\/usu399\/2022\/10\/edc-1.png\" alt=\"\" width=\"290\" height=\"184\" srcset=\"https:\/\/agora.xtec.cat\/insvalltenes\/wp-content\/uploads\/usu399\/2022\/10\/edc-1.png 400w, https:\/\/agora.xtec.cat\/insvalltenes\/wp-content\/uploads\/usu399\/2022\/10\/edc-1-300x191.png 300w\" sizes=\"auto, (max-width: 290px) 100vw, 290px\" \/>\u00a0 <\/a><\/span><\/h2>\n<h2><\/h2>\n<p>&nbsp;<\/p>\n<h4 style=\"text-align: right;\"><\/h4>\n<\/td>\n<\/tr>\n<tr style=\"height: 32px;\">\n<td style=\"height: 32px; border-style: none;\" colspan=\"6\"><strong>L&#8217;Estrat\u00e8gia Digital de Centre<\/strong> (EDC) \u00e9s un document clau per a qualsevol centre educatiu que vol fomentar l&#8217;\u00fas de les tecnologies de la informaci\u00f3 i la comunicaci\u00f3 (TIC) en l&#8217;ensenyament i l&#8217;aprenentatge. Aquest document recull totes les accions que es realitzen o es preveuen realitzar a mitj\u00e0 termini per millorar la compet\u00e8ncia digital de l&#8217;alumnat, del professorat i del centre educatiu.<\/p>\n<p>L&#8217;EDC ha de tenir com a referent el Pla d&#8217;Educaci\u00f3 Digital de Catalunya (PEDC), que estableix la necessitat d&#8217;assolir la fita d&#8217;una societat digitalment competent, amb l&#8217;objectiu de garantir l&#8217;equitat i tenint en compte l&#8217;evoluci\u00f3 del context social i tecnol\u00f2gic. Aix\u00f2 vol dir que l&#8217;EDC ha de tenir en compte les l\u00ednies d&#8217;actuaci\u00f3 establertes pel PEDC i adaptar-les a les necessitats del centre.<\/p>\n<p>En definitiva, l&#8217;EDC \u00e9s un document que recull les l\u00ednies d&#8217;actuaci\u00f3 de l&#8217;escola per millorar l&#8217;\u00fas de les TIC en l&#8217;ensenyament i l&#8217;aprenentatge, i per promoure la compet\u00e8ncia digital de l&#8217;alumnat i del professorat. Aix\u00f2 permet a l&#8217;escola adaptar-se al m\u00f3n canviant de les TIC i fomentar l&#8217;aprenentatge en l&#8217;era digital.<\/p>\n<p><center><iframe loading=\"lazy\" title=\"YouTube video player\" src=\"https:\/\/www.youtube.com\/embed\/uS5UUZIYLPQ\" width=\"560\" height=\"315\" frameborder=\"0\" allowfullscreen=\"allowfullscreen\"><\/iframe><\/center>&nbsp;<\/p>\n<p>El document de l&#8217;estrat\u00e8gia digital de centre est\u00e0 estructurat en les seg\u00fcents parts:<\/p>\n<ul>\n<li style=\"list-style-type: none;\">\n<ul>\n<li style=\"list-style-type: none;\">\n<ul>\n<li style=\"list-style-type: none;\">\n<ul>\n<li style=\"list-style-type: none;\">\n<ul>\n<li style=\"list-style-type: none;\"><\/li>\n<\/ul>\n<\/li>\n<\/ul>\n<\/li>\n<\/ul>\n<\/li>\n<\/ul>\n<\/li>\n<\/ul>\n<\/td>\n<\/tr>\n<tr>\n<td style=\"text-align: center; border-style: double; border-color: #005c99; background-color: #ffffff;\" colspan=\"6\">\n<h1><a href=\"https:\/\/agora.xtec.cat\/insvalltenes\/edc-2\/edc\/diagnosi\/\"><span style=\"color: #005c99;\"><strong>Diagnosi<\/strong><\/span><\/a><\/h1>\n<\/td>\n<\/tr>\n<tr>\n<td style=\"text-align: center; border-style: double; border-color: #005c99; background-color: #ffffff;\" colspan=\"6\">\n<h1><a href=\"https:\/\/agora.xtec.cat\/insvalltenes\/edc-2\/edc\/objectius\/\"><span style=\"color: #005c99;\"><strong>Objectius<\/strong><\/span><\/a><\/h1>\n<\/td>\n<\/tr>\n<tr>\n<td style=\"text-align: center; border-style: double; border-color: #005c99; background-color: #ffffff;\" colspan=\"6\">\n<h1><a href=\"https:\/\/agora.xtec.cat\/insvalltenes\/edc-2\/edc\/planificacio\/\"><span style=\"color: #005c99;\"><strong>Planificaci\u00f3<\/strong><\/span><\/a><\/h1>\n<\/td>\n<\/tr>\n<tr>\n<td style=\"width: 183.2%; text-align: center; border-style: double; border-color: #005c99; background-color: #ffffff;\" colspan=\"6\">\n<h1><a href=\"https:\/\/agora.xtec.cat\/insvalltenes\/edc-2\/edc\/avaluacio\/\"><span style=\"color: #005c99;\"><strong>Avaluaci\u00f3<\/strong><\/span><\/a><\/h1>\n<\/td>\n<\/tr>\n<\/tbody>\n<\/table>\n","protected":false},"excerpt":{"rendered":"<p>\u00a0 &nbsp; L&#8217;Estrat\u00e8gia Digital de Centre (EDC) \u00e9s un document clau per a qualsevol centre educatiu que vol fomentar l&#8217;\u00fas de les tecnologies de la informaci\u00f3 i la comunicaci\u00f3 (TIC) en l&#8217;ensenyament i l&#8217;aprenentatge. Aquest document recull totes les accions que es realitzen o es preveuen realitzar a mitj\u00e0 termini per millorar la compet\u00e8ncia digital [&hellip;]<\/p>\n","protected":false},"author":1,"featured_media":0,"parent":3551,"menu_order":1,"comment_status":"closed","ping_status":"closed","template":"page-templates\/side-menu.php","meta":{"_bbp_topic_count":0,"_bbp_reply_count":0,"_bbp_total_topic_count":0,"_bbp_total_reply_count":0,"_bbp_voice_count":0,"_bbp_anonymous_reply_count":0,"_bbp_topic_count_hidden":0,"_bbp_reply_count_hidden":0,"_bbp_forum_subforum_count":0,"site-sidebar-layout":"default","site-content-layout":"","ast-site-content-layout":"","site-content-style":"default","site-sidebar-style":"default","ast-global-header-display":"","ast-banner-title-visibility":"","ast-main-header-display":"","ast-hfb-above-header-display":"","ast-hfb-below-header-display":"","ast-hfb-mobile-header-display":"","site-post-title":"","ast-breadcrumbs-content":"","ast-featured-img":"","footer-sml-layout":"","theme-transparent-header-meta":"","adv-header-id-meta":"","stick-header-meta":"","header-above-stick-meta":"","header-main-stick-meta":"","header-below-stick-meta":"","astra-migrate-meta-layouts":"default","ast-page-background-enabled":"default","ast-page-background-meta":{"desktop":{"background-color":"var(--ast-global-color-4)","background-image":"","background-repeat":"repeat","background-position":"center center","background-size":"auto","background-attachment":"scroll","background-type":"","background-media":"","overlay-type":"","overlay-color":"","overlay-opacity":"","overlay-gradient":""},"tablet":{"background-color":"","background-image":"","background-repeat":"repeat","background-position":"center center","background-size":"auto","background-attachment":"scroll","background-type":"","background-media":"","overlay-type":"","overlay-color":"","overlay-opacity":"","overlay-gradient":""},"mobile":{"background-color":"","background-image":"","background-repeat":"repeat","background-position":"center center","background-size":"auto","background-attachment":"scroll","background-type":"","background-media":"","overlay-type":"","overlay-color":"","overlay-opacity":"","overlay-gradient":""}},"ast-content-background-meta":{"desktop":{"background-color":"var(--ast-global-color-5)","background-image":"","background-repeat":"repeat","background-position":"center center","background-size":"auto","background-attachment":"scroll","background-type":"","background-media":"","overlay-type":"","overlay-color":"","overlay-opacity":"","overlay-gradient":""},"tablet":{"background-color":"var(--ast-global-color-5)","background-image":"","background-repeat":"repeat","background-position":"center center","background-size":"auto","background-attachment":"scroll","background-type":"","background-media":"","overlay-type":"","overlay-color":"","overlay-opacity":"","overlay-gradient":""},"mobile":{"background-color":"var(--ast-global-color-5)","background-image":"","background-repeat":"repeat","background-position":"center center","background-size":"auto","background-attachment":"scroll","background-type":"","background-media":"","overlay-type":"","overlay-color":"","overlay-opacity":"","overlay-gradient":""}},"footnotes":""},"class_list":["post-3519","page","type-page","status-publish","hentry"],"post_mailing_queue_ids":[],"_links":{"self":[{"href":"https:\/\/agora.xtec.cat\/insvalltenes\/wp-json\/wp\/v2\/pages\/3519","targetHints":{"allow":["GET"]}}],"collection":[{"href":"https:\/\/agora.xtec.cat\/insvalltenes\/wp-json\/wp\/v2\/pages"}],"about":[{"href":"https:\/\/agora.xtec.cat\/insvalltenes\/wp-json\/wp\/v2\/types\/page"}],"author":[{"embeddable":true,"href":"https:\/\/agora.xtec.cat\/insvalltenes\/wp-json\/wp\/v2\/users\/1"}],"replies":[{"embeddable":true,"href":"https:\/\/agora.xtec.cat\/insvalltenes\/wp-json\/wp\/v2\/comments?post=3519"}],"version-history":[{"count":4,"href":"https:\/\/agora.xtec.cat\/insvalltenes\/wp-json\/wp\/v2\/pages\/3519\/revisions"}],"predecessor-version":[{"id":3830,"href":"https:\/\/agora.xtec.cat\/insvalltenes\/wp-json\/wp\/v2\/pages\/3519\/revisions\/3830"}],"up":[{"embeddable":true,"href":"https:\/\/agora.xtec.cat\/insvalltenes\/wp-json\/wp\/v2\/pages\/3551"}],"wp:attachment":[{"href":"https:\/\/agora.xtec.cat\/insvalltenes\/wp-json\/wp\/v2\/media?parent=3519"}],"curies":[{"name":"wp","href":"https:\/\/api.w.org\/{rel}","templated":true}]}}