{"id":3381,"date":"2022-06-20T14:23:43","date_gmt":"2022-06-20T12:23:43","guid":{"rendered":"https:\/\/agora.xtec.cat\/insvalltenes\/?page_id=3381"},"modified":"2024-06-21T11:40:33","modified_gmt":"2024-06-21T09:40:33","slug":"normativa-dus-dequipaments-informatics","status":"publish","type":"page","link":"https:\/\/agora.xtec.cat\/insvalltenes\/linstitut\/normativa-dus-dequipaments-informatics\/","title":{"rendered":"Normativa d&#8217;\u00fas d&#8217;equipaments inform\u00e0tics"},"content":{"rendered":"<h2><span style=\"font-weight: 400;\">\u00das d&#8217;aparells electr\u00f2nics personals i objectes de valor personal<\/span><\/h2>\n<p><span style=\"font-weight: 400;\">No es permet la utilitzaci\u00f3 d&#8217;aparells electr\u00f2nics (tel\u00e8fons m\u00f2bils, reproductors de m\u00fasica, etc.) durant els dos espais de descans i ni durant el desenvolupament de les activitats lectives. Durant les activitats lectives aquests aparells hauran d&#8217;estar en tot moment guardats i apagats o b\u00e9 en silenci, de forma que no interrompin el desenvolupament normal de la classe. E<\/span>n el sup\u00f2sit que un alumne es trobi malament i porti m\u00f2bil, en cap cas en far\u00e0 \u00fas per posar-se en contacte amb familiars perqu\u00e8 el vinguin a buscar al centre. S\u2019haur\u00e0 de procedir amb el protocol establert: anar a secretaria, o b\u00e9 a consergeria si \u00e9s en horari que secretaria est\u00e0 tancat, perqu\u00e8, des d\u2019aqu\u00ed, puguin posar-se en contacte amb els seus familiars i el puguin venir a recollir.<\/p>\n<p><span style=\"font-weight: 400;\">El professorat pot autoritzar l&#8217;\u00fas dels aparells m\u00f2bils si \u00e9s adient per l&#8217;activitat lectiva que estigui desenvolupant. En tot cas cal que l&#8217;\u00fas de l&#8217;aparell se circumscrigui a la finalitat establerta en aquell moment.<\/span><\/p>\n<p><span style=\"font-weight: 400;\">En cas d&#8217;un \u00fas incorrecte d&#8217;un aparell s&#8217;aplicaran les mesures previstes a l&#8217;apartat de mesures correctores.<\/span><\/p>\n<p><span style=\"font-weight: 400;\">Per altra banda, el centre no es fa responsable de la p\u00e8rdua o sostracci\u00f3 d\u2019objectes de valor dels alumnes, tot i que far\u00e0 tot el possible, amb mesures com el tancament de les aules quan no hi ha activitat lectiva, per evitar que es produeixin situacions indesitjades.<\/span><\/p>\n<h2><span style=\"font-weight: 400;\">\u00das de dispositius Chromebooks<\/span><\/h2>\n<ol>\n<li style=\"font-weight: 400;\" aria-level=\"1\"><span style=\"font-weight: 400;\">El c<\/span>entre proporcionar\u00e0 a tot l\u2019alumnat del centre un dispositiu Chromebook propietat del Departament d\u2019Educaci\u00f3 per a finalitats educatives. La disponibilitat estar\u00e0 sotmesa a l\u2019exist\u00e8ncia d\u2019estoc per part del Departament d\u2019Educaci\u00f3. Els alumnes disposaran de l\u2019aparell des del moment de la seva matr\u00edcula en el centre fins al final de la seva estada, i el conservaran en el seu poder durant tots els per\u00edodes de vacances i dies no lectius.<\/li>\n<li style=\"font-weight: 400;\" aria-level=\"1\"><span style=\"font-weight: 400;\">\u00c9s responsabilitat de l\u2019alumnat assegurar-se que el seu dispositiu es mant\u00e9 en tot moment en bon estat, prestant especial atenci\u00f3 al teclat, el trackpad, la pantalla i la carcassa, que haur\u00e0 de mantenir-se lliure d\u2019adhesius. Caldr\u00e0 conservar qualsevol adhesiu original que identifiqui el dispositiu amb el seu n\u00famero de s\u00e8rie i d\u2019inventari. Es recomana fer servir una funda amb tancament per evitar possibles desperfectes.<\/span><\/li>\n<li style=\"font-weight: 400;\" aria-level=\"1\"><span style=\"font-weight: 400;\">Es recomana carregar el dispositiu cada dia, al vespre, i deixar el carregador a casa per evitar p\u00e8rdues.<\/span><\/li>\n<li style=\"font-weight: 400;\" aria-level=\"1\"><span style=\"font-weight: 400;\">Els Chromebooks s\u00f3n d&#8217;\u00fas personal i intransferible. El seu \u00fas s\u2019ha de limitar a les activitats acad\u00e8miques.<\/span><\/li>\n<li style=\"font-weight: 400;\" aria-level=\"1\"><span style=\"font-weight: 400;\">Habitualment caldr\u00e0 tenir el so desconnectat. Els auriculars nom\u00e9s es podran fer servir quan el professorat ho autoritzi.<\/span><\/li>\n<li style=\"font-weight: 400;\" aria-level=\"1\"><span style=\"font-weight: 400;\">Els dispositius seran utilitzats nom\u00e9s quan el professor aix\u00ed ho disposi. No es poden fer servir als passadissos ni al pati, i tampoc entre classe i classe.<\/span><\/li>\n<li style=\"font-weight: 400;\" aria-level=\"1\"><span style=\"font-weight: 400;\">\u00c9s recomanable guardar tots els documents de treball a l&#8217;espai Google Drive que cada alumne t\u00e9 a la seva disposici\u00f3 per evitar p\u00e8rdues de dades.<\/span><\/li>\n<li style=\"font-weight: 400;\" aria-level=\"1\"><span style=\"font-weight: 400;\">Els dispositius s\u00f3n una eina de treball, aix\u00ed qualsevol professor pot demanar-lo per fer-ne una revisi\u00f3.<\/span><\/li>\n<li style=\"font-weight: 400;\" aria-level=\"1\"><span style=\"font-weight: 400;\">Si un alumne fa un mal \u00fas del Chromebook, se li podr\u00e0 retirar d&#8217;acord amb la normativa.<\/span><\/li>\n<li style=\"font-weight: 400;\" aria-level=\"1\"><span style=\"font-weight: 400;\">En cas de trencament d\u2019algun element d\u2019un Chromebook el centre es far\u00e0 c\u00e0rrec de la reparaci\u00f3 mitjan\u00e7ant el suport del Departament d\u2019Educaci\u00f3. Si el trencament s\u2019ha produ\u00eft per neglig\u00e8ncia o intencionadament s\u2019aplicar\u00e0 el seg\u00fcent r\u00e8gim sancionador:<\/span>\n<ul>\n<li aria-level=\"4\">Pantalla: 50 \u20ac<\/li>\n<li aria-level=\"4\">Teclat: 25 \u20ac<\/li>\n<li aria-level=\"4\">Carcassa: 50 \u20ac<\/li>\n<li aria-level=\"4\">Aparell inutilitzat: 150 \u20ac<\/li>\n<li aria-level=\"4\">Carregador: 20 \u20ac<\/li>\n<li aria-level=\"4\">Aparell extraviat: 150 \u20ac<\/li>\n<\/ul>\n<\/li>\n<li style=\"font-weight: 400;\" aria-level=\"1\"><span style=\"font-weight: 400;\">La decisi\u00f3 d\u2019aplicar una sanci\u00f3 econ\u00f2mica ser\u00e0 presa per la comissi\u00f3 de conviv\u00e8ncia del centre un cop valorades totes les circumst\u00e0ncies i havent escoltat l\u2019alumne implicat.<\/span><\/li>\n<\/ol>\n<h2><span style=\"font-weight: 400;\">Correu electr\u00f2nic dels alumnes<\/span><\/h2>\n<p><span style=\"font-weight: 400;\">Quan un alumne es matricula en el centre rep una adre\u00e7a de correu electr\u00f2nic amb el domini <em>iesvalltenes.cat<\/em>. Aquest usuari i adre\u00e7a de correu permet l&#8217;acc\u00e9s als serveis de la plataforma Google Workspace, a la xarxa inform\u00e0tica del centre, i al servei de campus virtual Moodle. Tots aquests serveis s&#8217;hauran de fer servir per finalitats exclusivament acad\u00e8miques.<\/span><\/p>\n<p><span style=\"font-weight: 400;\">En el moment en qu\u00e8 un alumne cursi baixa del centre rebr\u00e0 un correu informant-lo que disposa d&#8217;un per\u00edode d\u2019un any per continuar-lo fent servir. Un mes abans de la data de baixa s&#8217;enviar\u00e0 un missatge de recordatori.<\/span><\/p>\n","protected":false},"excerpt":{"rendered":"<p>\u00das d&#8217;aparells electr\u00f2nics personals i objectes de valor personal No es permet la utilitzaci\u00f3 d&#8217;aparells electr\u00f2nics (tel\u00e8fons m\u00f2bils, reproductors de m\u00fasica, etc.) durant els dos espais de descans i ni durant el desenvolupament de les activitats lectives. Durant les activitats lectives aquests aparells hauran d&#8217;estar en tot moment guardats i apagats o b\u00e9 en silenci, [&hellip;]<\/p>\n","protected":false},"author":1,"featured_media":0,"parent":19,"menu_order":85,"comment_status":"closed","ping_status":"closed","template":"page-templates\/side-menu.php","meta":{"_bbp_topic_count":0,"_bbp_reply_count":0,"_bbp_total_topic_count":0,"_bbp_total_reply_count":0,"_bbp_voice_count":0,"_bbp_anonymous_reply_count":0,"_bbp_topic_count_hidden":0,"_bbp_reply_count_hidden":0,"_bbp_forum_subforum_count":0,"site-sidebar-layout":"default","site-content-layout":"","ast-site-content-layout":"","site-content-style":"default","site-sidebar-style":"default","ast-global-header-display":"","ast-banner-title-visibility":"","ast-main-header-display":"","ast-hfb-above-header-display":"","ast-hfb-below-header-display":"","ast-hfb-mobile-header-display":"","site-post-title":"","ast-breadcrumbs-content":"","ast-featured-img":"","footer-sml-layout":"","theme-transparent-header-meta":"","adv-header-id-meta":"","stick-header-meta":"","header-above-stick-meta":"","header-main-stick-meta":"","header-below-stick-meta":"","astra-migrate-meta-layouts":"default","ast-page-background-enabled":"default","ast-page-background-meta":{"desktop":{"background-color":"var(--ast-global-color-4)","background-image":"","background-repeat":"repeat","background-position":"center center","background-size":"auto","background-attachment":"scroll","background-type":"","background-media":"","overlay-type":"","overlay-color":"","overlay-opacity":"","overlay-gradient":""},"tablet":{"background-color":"","background-image":"","background-repeat":"repeat","background-position":"center center","background-size":"auto","background-attachment":"scroll","background-type":"","background-media":"","overlay-type":"","overlay-color":"","overlay-opacity":"","overlay-gradient":""},"mobile":{"background-color":"","background-image":"","background-repeat":"repeat","background-position":"center center","background-size":"auto","background-attachment":"scroll","background-type":"","background-media":"","overlay-type":"","overlay-color":"","overlay-opacity":"","overlay-gradient":""}},"ast-content-background-meta":{"desktop":{"background-color":"var(--ast-global-color-5)","background-image":"","background-repeat":"repeat","background-position":"center center","background-size":"auto","background-attachment":"scroll","background-type":"","background-media":"","overlay-type":"","overlay-color":"","overlay-opacity":"","overlay-gradient":""},"tablet":{"background-color":"var(--ast-global-color-5)","background-image":"","background-repeat":"repeat","background-position":"center center","background-size":"auto","background-attachment":"scroll","background-type":"","background-media":"","overlay-type":"","overlay-color":"","overlay-opacity":"","overlay-gradient":""},"mobile":{"background-color":"var(--ast-global-color-5)","background-image":"","background-repeat":"repeat","background-position":"center center","background-size":"auto","background-attachment":"scroll","background-type":"","background-media":"","overlay-type":"","overlay-color":"","overlay-opacity":"","overlay-gradient":""}},"footnotes":""},"class_list":["post-3381","page","type-page","status-publish","hentry"],"post_mailing_queue_ids":[],"_links":{"self":[{"href":"https:\/\/agora.xtec.cat\/insvalltenes\/wp-json\/wp\/v2\/pages\/3381","targetHints":{"allow":["GET"]}}],"collection":[{"href":"https:\/\/agora.xtec.cat\/insvalltenes\/wp-json\/wp\/v2\/pages"}],"about":[{"href":"https:\/\/agora.xtec.cat\/insvalltenes\/wp-json\/wp\/v2\/types\/page"}],"author":[{"embeddable":true,"href":"https:\/\/agora.xtec.cat\/insvalltenes\/wp-json\/wp\/v2\/users\/1"}],"replies":[{"embeddable":true,"href":"https:\/\/agora.xtec.cat\/insvalltenes\/wp-json\/wp\/v2\/comments?post=3381"}],"version-history":[{"count":4,"href":"https:\/\/agora.xtec.cat\/insvalltenes\/wp-json\/wp\/v2\/pages\/3381\/revisions"}],"predecessor-version":[{"id":4307,"href":"https:\/\/agora.xtec.cat\/insvalltenes\/wp-json\/wp\/v2\/pages\/3381\/revisions\/4307"}],"up":[{"embeddable":true,"href":"https:\/\/agora.xtec.cat\/insvalltenes\/wp-json\/wp\/v2\/pages\/19"}],"wp:attachment":[{"href":"https:\/\/agora.xtec.cat\/insvalltenes\/wp-json\/wp\/v2\/media?parent=3381"}],"curies":[{"name":"wp","href":"https:\/\/api.w.org\/{rel}","templated":true}]}}