{"id":3015,"date":"2021-09-13T10:21:05","date_gmt":"2021-09-13T08:21:05","guid":{"rendered":"https:\/\/agora.xtec.cat\/insvalltenes\/?page_id=3015"},"modified":"2021-09-13T13:09:06","modified_gmt":"2021-09-13T11:09:06","slug":"gep-generacio-plurilingue","status":"publish","type":"page","link":"https:\/\/agora.xtec.cat\/insvalltenes\/gep-generacio-plurilingue\/","title":{"rendered":"GEP. Generaci\u00f3 Pluriling\u00fce"},"content":{"rendered":"<p><a href=\"https:\/\/agora.xtec.cat\/insvalltenes\/wp-content\/uploads\/usu399\/2021\/09\/gep_fons.jpg\"><img loading=\"lazy\" decoding=\"async\" class=\"aligncenter wp-image-3014 size-large\" src=\"https:\/\/agora.xtec.cat\/insvalltenes\/wp-content\/uploads\/usu399\/2021\/09\/gep_fons-1024x590.jpg\" alt=\"\" width=\"1024\" height=\"590\" srcset=\"https:\/\/agora.xtec.cat\/insvalltenes\/wp-content\/uploads\/usu399\/2021\/09\/gep_fons-1024x590.jpg 1024w, https:\/\/agora.xtec.cat\/insvalltenes\/wp-content\/uploads\/usu399\/2021\/09\/gep_fons-300x173.jpg 300w, https:\/\/agora.xtec.cat\/insvalltenes\/wp-content\/uploads\/usu399\/2021\/09\/gep_fons-768x442.jpg 768w, https:\/\/agora.xtec.cat\/insvalltenes\/wp-content\/uploads\/usu399\/2021\/09\/gep_fons-1536x884.jpg 1536w, https:\/\/agora.xtec.cat\/insvalltenes\/wp-content\/uploads\/usu399\/2021\/09\/gep_fons.jpg 1980w\" sizes=\"auto, (max-width: 1024px) 100vw, 1024px\" \/><\/a>Els\u00a0<strong>objectius generals<\/strong>\u00a0del programa s\u00f3n promoure l\u2019aplicaci\u00f3 a l\u2019aula de metodologies per a l\u2019aprenentatge integrat de continguts i llengua estrangera (AICLE); fomentar el desenvolupament de projectes interdisciplinars en llengua estrangera, i oferir pautes per a l\u2019organitzaci\u00f3 educativa i el disseny curricular. A trav\u00e9s del GEP tamb\u00e9 es vol refor\u00e7ar el treball cooperatiu entre el professorat, fomentar la innovaci\u00f3 educativa i promoure l\u2019intercanvi de bones pr\u00e0ctiques entre els centres educatius participants.<\/p>\n<p>Els objectius espec\u00edfics del GEP s\u00f3n, d\u2019acord amb els diferents col\u00b7lectius a qui s\u2019adre\u00e7a, els seg\u00fcents:<\/p>\n<p><strong>Alumnat:<\/strong><\/p>\n<p>\u2013 Millorar la compet\u00e8ncia comunicativa en llengua estrangera<\/p>\n<p>\u2013 Desenvolupar compet\u00e8ncies clau per al s. XXI (b\u00e0siques, del pensament i actitudinals o personals)<\/p>\n<p>\u2013 Fomentar el treball cooperatiu i per projectes<\/p>\n<p>\u2013 Adquirir estrat\u00e8gies per a l\u2019aprenentatge aut\u00f2nom (aprendre a aprendre)<\/p>\n<p><strong>Professorat:<\/strong><\/p>\n<p>\u2013 Incorporar en la doc\u00e8ncia estrat\u00e8gies AICLE i d\u2019aprenentatge basat en projectes<\/p>\n<p>\u2013 Refor\u00e7ar el treball cooperatiu<\/p>\n<p>\u2013 Adquirir coneixement i estrat\u00e8gies d\u2019intercomprensi\u00f3<\/p>\n<p>\u2013 Desenvolupar projectes globals de car\u00e0cter transversal<\/p>\n<p>\u2013 Augmentar la compet\u00e8ncia en llengua estrangera<\/p>\n<p><strong>Equips directius:<\/strong><\/p>\n<p>\u2013 Oferir, de manera progressiva, mat\u00e8ries no ling\u00fc\u00edstiques en llengua estrangera.<\/p>\n<p>\u2013 Facilitar la cooperaci\u00f3 docent, especialment entre el professorat de mat\u00e8ria i l\u2019especialista de llengua estrangera.<\/p>\n<p>\u2013 Intercanviar experi\u00e8ncies i bones pr\u00e0ctiques amb altres centres.<\/p>\n<p>\u2013 Afavorir la implicaci\u00f3 de la comunitat educativa en el projecte ling\u00fc\u00edstic pluriling\u00fce del centre.<\/p>\n","protected":false},"excerpt":{"rendered":"<p>Els\u00a0objectius generals\u00a0del programa s\u00f3n promoure l\u2019aplicaci\u00f3 a l\u2019aula de metodologies per a l\u2019aprenentatge integrat de continguts i llengua estrangera (AICLE); fomentar el desenvolupament de projectes interdisciplinars en llengua estrangera, i oferir pautes per a l\u2019organitzaci\u00f3 educativa i el disseny curricular. A trav\u00e9s del GEP tamb\u00e9 es vol refor\u00e7ar el treball cooperatiu entre el professorat, fomentar [&hellip;]<\/p>\n","protected":false},"author":1,"featured_media":0,"parent":0,"menu_order":0,"comment_status":"closed","ping_status":"closed","template":"","meta":{"_bbp_topic_count":0,"_bbp_reply_count":0,"_bbp_total_topic_count":0,"_bbp_total_reply_count":0,"_bbp_voice_count":0,"_bbp_anonymous_reply_count":0,"_bbp_topic_count_hidden":0,"_bbp_reply_count_hidden":0,"_bbp_forum_subforum_count":0,"site-sidebar-layout":"default","site-content-layout":"","ast-site-content-layout":"","site-content-style":"default","site-sidebar-style":"default","ast-global-header-display":"","ast-banner-title-visibility":"","ast-main-header-display":"","ast-hfb-above-header-display":"","ast-hfb-below-header-display":"","ast-hfb-mobile-header-display":"","site-post-title":"","ast-breadcrumbs-content":"","ast-featured-img":"","footer-sml-layout":"","theme-transparent-header-meta":"","adv-header-id-meta":"","stick-header-meta":"","header-above-stick-meta":"","header-main-stick-meta":"","header-below-stick-meta":"","astra-migrate-meta-layouts":"default","ast-page-background-enabled":"default","ast-page-background-meta":{"desktop":{"background-color":"var(--ast-global-color-4)","background-image":"","background-repeat":"repeat","background-position":"center center","background-size":"auto","background-attachment":"scroll","background-type":"","background-media":"","overlay-type":"","overlay-color":"","overlay-opacity":"","overlay-gradient":""},"tablet":{"background-color":"","background-image":"","background-repeat":"repeat","background-position":"center center","background-size":"auto","background-attachment":"scroll","background-type":"","background-media":"","overlay-type":"","overlay-color":"","overlay-opacity":"","overlay-gradient":""},"mobile":{"background-color":"","background-image":"","background-repeat":"repeat","background-position":"center center","background-size":"auto","background-attachment":"scroll","background-type":"","background-media":"","overlay-type":"","overlay-color":"","overlay-opacity":"","overlay-gradient":""}},"ast-content-background-meta":{"desktop":{"background-color":"var(--ast-global-color-5)","background-image":"","background-repeat":"repeat","background-position":"center center","background-size":"auto","background-attachment":"scroll","background-type":"","background-media":"","overlay-type":"","overlay-color":"","overlay-opacity":"","overlay-gradient":""},"tablet":{"background-color":"var(--ast-global-color-5)","background-image":"","background-repeat":"repeat","background-position":"center center","background-size":"auto","background-attachment":"scroll","background-type":"","background-media":"","overlay-type":"","overlay-color":"","overlay-opacity":"","overlay-gradient":""},"mobile":{"background-color":"var(--ast-global-color-5)","background-image":"","background-repeat":"repeat","background-position":"center center","background-size":"auto","background-attachment":"scroll","background-type":"","background-media":"","overlay-type":"","overlay-color":"","overlay-opacity":"","overlay-gradient":""}},"footnotes":""},"class_list":["post-3015","page","type-page","status-publish","hentry"],"post_mailing_queue_ids":[],"_links":{"self":[{"href":"https:\/\/agora.xtec.cat\/insvalltenes\/wp-json\/wp\/v2\/pages\/3015","targetHints":{"allow":["GET"]}}],"collection":[{"href":"https:\/\/agora.xtec.cat\/insvalltenes\/wp-json\/wp\/v2\/pages"}],"about":[{"href":"https:\/\/agora.xtec.cat\/insvalltenes\/wp-json\/wp\/v2\/types\/page"}],"author":[{"embeddable":true,"href":"https:\/\/agora.xtec.cat\/insvalltenes\/wp-json\/wp\/v2\/users\/1"}],"replies":[{"embeddable":true,"href":"https:\/\/agora.xtec.cat\/insvalltenes\/wp-json\/wp\/v2\/comments?post=3015"}],"version-history":[{"count":1,"href":"https:\/\/agora.xtec.cat\/insvalltenes\/wp-json\/wp\/v2\/pages\/3015\/revisions"}],"predecessor-version":[{"id":3016,"href":"https:\/\/agora.xtec.cat\/insvalltenes\/wp-json\/wp\/v2\/pages\/3015\/revisions\/3016"}],"wp:attachment":[{"href":"https:\/\/agora.xtec.cat\/insvalltenes\/wp-json\/wp\/v2\/media?parent=3015"}],"curies":[{"name":"wp","href":"https:\/\/api.w.org\/{rel}","templated":true}]}}