{"id":27,"date":"2014-09-17T16:24:03","date_gmt":"2014-09-17T16:24:03","guid":{"rendered":"http:\/\/agora.xtec.cat\/insvalltenes\/?page_id=27"},"modified":"2020-11-02T11:51:13","modified_gmt":"2020-11-02T10:51:13","slug":"historia","status":"publish","type":"page","link":"https:\/\/agora.xtec.cat\/insvalltenes\/linstitut\/historia\/","title":{"rendered":"Hist\u00f2ria"},"content":{"rendered":"<p><strong>Volem que l&#8217;Escola La Vall del Tenes reprengui, en la modesta mesura de les seves possibilitats, la rica tradici\u00f3 pedag\u00f2gica de l&#8217;escola catalana, basada en el respecte, la responsabilitat, l&#8217;esperit de treball, el gust per la feina ben feta, la creativitat i l&#8217;obertura a la recerca pedag\u00f2gica realista, sense afanys d&#8217;esnobisme ni de llu\u00efment.<\/strong><\/p>\n<p style=\"text-align: right;\"><em>Del document Criteris pedag\u00f2gics, elaborat en ocasi\u00f3 de la fundaci\u00f3 del centre.<\/em><\/p>\n<p style=\"text-align: center;\"><img loading=\"lazy\" decoding=\"async\" class=\"aligncenter wp-image-494 size-full\" src=\"https:\/\/agora.xtec.cat\/insvalltenes\/wp-content\/uploads\/usu399\/2019\/05\/historia1b.jpg\" alt=\"\" width=\"500\" height=\"199\" srcset=\"https:\/\/agora.xtec.cat\/insvalltenes\/wp-content\/uploads\/usu399\/2019\/05\/historia1b.jpg 500w, https:\/\/agora.xtec.cat\/insvalltenes\/wp-content\/uploads\/usu399\/2019\/05\/historia1b-300x119.jpg 300w\" sizes=\"auto, (max-width: 500px) 100vw, 500px\" \/><\/p>\n<p>L&#8217;INS La Vall del Tenes va n\u00e9ixer el curs 1980\/81 com a &#8220;Escola de Segon Ensenyament La Vall del Tenes&#8221;. Fou fruit d&#8217;una iniciativa dels ajuntaments de <a href=\"http:\/\/www.biguesiriells.cat\/public\/\" target=\"_blank\" rel=\"noopener noreferrer\">Bigues i Riells<\/a>, <a href=\"http:\/\/www.santaeulaliaroncana.cat\/default.php\" target=\"_blank\" rel=\"noopener noreferrer\">Santa Eul\u00e0lia de Ron\u00e7ana<\/a>, <a href=\"http:\/\/www.llicamunt.cat\/\" target=\"_blank\" rel=\"noopener noreferrer\">Lli\u00e7\u00e0 d&#8217;Amunt<\/a>, <a href=\"http:\/\/www.llissadevall.cat\/\" target=\"_blank\" rel=\"noopener noreferrer\">Lli\u00e7\u00e0 de Vall<\/a>, com a resposta a una demanda social per tal que els joves de la Vall del Tenes poguessin cursar els estudis secundaris. Fins al curs 2019-20 l&#8217;Institut La Vall del Tenes fou, doncs, un centre p\u00fablic de titularitat municipal (<a href=\"http:\/\/www.mancomunitatvalltenes.cat\/\" target=\"_blank\" rel=\"noopener noreferrer\">Mancomunitat Intermunicipal de La Vall del Tenes<\/a>), fet singular en la xarxa d&#8217;instituts del nostre pa\u00eds. A partir del curs 2020-21 l&#8217;Institut \u00e9s de titularitat del Departament d&#8217;Educaci\u00f3 de la Generalitat de Catalunya, tot mantenint els mateixos objectius amb els quals va ser fundat.<\/p>\n<p>Des dels seus inicis es van plantejar dos objectius fonamentals en la seva tasca pedag\u00f2gica: la <strong>formaci\u00f3 humana<\/strong> i la <strong>instrucci\u00f3<\/strong>. Una formaci\u00f3 humana per tal d&#8217;ajudar els nois i noies en el seu proc\u00e9s de maduraci\u00f3 com a persones conscients, responsables i solid\u00e0ries. I una instrucci\u00f3 correcta que possibiliti l&#8217;adquisici\u00f3 d&#8217;unes habilitats i procediments que els permetin l&#8217;acc\u00e9s al m\u00f3n del treball o a uns estudis superiors.<\/p>\n<p>La Vall del Tenes \u00e9s un institut que, des dels seus or\u00edgens, s&#8217;ha definit com a catal\u00e0 i t\u00e9 presents les caracter\u00edstiques espec\u00edfiques que fan del nostre pa\u00eds una de les realitats europees amb m\u00e9s tradici\u00f3. La catalanitat \u00e9s, doncs, un important objectiu tant en els continguts acad\u00e8mics com en els educatius: la llengua catalana \u00e9s el mitj\u00e0 habitual de comunicaci\u00f3 i la naci\u00f3 catalana (Pa\u00efsos Catalans) \u00e9s un referent important.<\/p>\n<p>L&#8217;Institut va n\u00e9ixer i es mant\u00e9 amb una clara voluntat d&#8217;arrelament a l&#8217;entorn m\u00e9s proper: els pobles de la Vall del Tenes. Per aix\u00f2 l&#8217;acci\u00f3 educativa t\u00e9 present la realitat local i comarcal, l&#8217;entorn m\u00e9s immediat, com a punt de partida per a l&#8217;estudi de totes les realitats humanes del nostre m\u00f3n.<\/p>\n<p>Per\u00f2 tamb\u00e9 \u00e9s un centre obert a la integraci\u00f3 de les idees provinents d&#8217;Europa, per la qual cosa es dona una import\u00e0ncia remarcable a l&#8217;aprenentatge de la llengua castellana i de les lleng\u00fces estrangeres, es fomenten els intercanvis amb escoles d&#8217;altres pa\u00efsos i es participa en projectes i programes en l&#8217;\u00e0mbit europeu.<img loading=\"lazy\" decoding=\"async\" class=\"aligncenter wp-image-497 size-full\" src=\"https:\/\/agora.xtec.cat\/insvalltenes\/wp-content\/uploads\/usu399\/2019\/05\/recull-historia2.jpg\" alt=\"\" width=\"697\" height=\"199\" srcset=\"https:\/\/agora.xtec.cat\/insvalltenes\/wp-content\/uploads\/usu399\/2019\/05\/recull-historia2.jpg 697w, https:\/\/agora.xtec.cat\/insvalltenes\/wp-content\/uploads\/usu399\/2019\/05\/recull-historia2-300x86.jpg 300w\" sizes=\"auto, (max-width: 697px) 100vw, 697px\" \/><\/p>\n<p><a href=\"https:\/\/agora.xtec.cat\/insvalltenes\/wp-content\/uploads\/usu399\/2020\/01\/25anys.jpg\"><img loading=\"lazy\" decoding=\"async\" class=\"alignleft size-thumbnail wp-image-1538\" src=\"https:\/\/agora.xtec.cat\/insvalltenes\/wp-content\/uploads\/usu399\/2020\/01\/25anys-150x150.jpg\" alt=\"\" width=\"150\" height=\"150\" srcset=\"https:\/\/agora.xtec.cat\/insvalltenes\/wp-content\/uploads\/usu399\/2020\/01\/25anys-150x150.jpg 150w, https:\/\/agora.xtec.cat\/insvalltenes\/wp-content\/uploads\/usu399\/2020\/01\/25anys-300x300.jpg 300w, https:\/\/agora.xtec.cat\/insvalltenes\/wp-content\/uploads\/usu399\/2020\/01\/25anys-768x764.jpg 768w, https:\/\/agora.xtec.cat\/insvalltenes\/wp-content\/uploads\/usu399\/2020\/01\/25anys-1024x1019.jpg 1024w\" sizes=\"auto, (max-width: 150px) 100vw, 150px\" \/><\/a>En ocasi\u00f3 dels vint-i-cinc anys del centre es va editar el llibre <em>La Vall del Tenes, 25 anys fent escola (1980-2005)<\/em>, i que podeu demanar, si us interessa, mitjan\u00e7ant contra reembors de 15 \u20ac a l&#8217;adre\u00e7a <a href=\"mailto:secretaria@iesvalltenes.cat\">secretaria@iesvalltenes.cat<\/a>.<\/p>\n<p><em>El 1980 els quatre ajuntaments de la Vall del Tenes (Vall\u00e8s Oriental) es van ajuntar per fer realitat una il\u00b7lusi\u00f3. En un acte de valentia i comprom\u00eds p\u00fablic, van fundar una escola de segon ensenyament per a tots els nois i noies de Bigues i Riells, Santa Eul\u00e0lia de Ron\u00e7ana, Lli\u00e7\u00e0 d&#8217;Amunt i Lli\u00e7\u00e0 de Vall. Els pilars d&#8217;aquell projecte, encara ara vigents, eren l&#8217;educaci\u00f3 integral i l&#8217;arrelament als pobles i al pa\u00eds.<\/em><\/p>\n<p><em>Escola primer de batxillerat, COU i formaci\u00f3 professional, i despr\u00e9s d&#8217;ESO i batxillerat, per La Vall del Tenes hi han passat m\u00e9s de 4.000 alumnes i dos centenars llargs de professors. Aquest llibre repassa els vint-i-cinc anys d&#8217;hist\u00f2ria de l&#8217;Escola, avui institut, i recull el testimoni de moltes de les persones que l&#8217;han fet i la fan possible.<\/em><\/p>\n<p style=\"text-align: right;\"><em>De la presentaci\u00f3 del llibre.<\/em><\/p>\n<p>&nbsp;<\/p>\n","protected":false},"excerpt":{"rendered":"<p>Volem que l&#8217;Escola La Vall del Tenes reprengui, en la modesta mesura de les seves possibilitats, la rica tradici\u00f3 pedag\u00f2gica de l&#8217;escola catalana, basada en el respecte, la responsabilitat, l&#8217;esperit de treball, el gust per la feina ben feta, la creativitat i l&#8217;obertura a la recerca pedag\u00f2gica realista, sense afanys d&#8217;esnobisme ni de llu\u00efment. Del [&hellip;]<\/p>\n","protected":false},"author":1,"featured_media":0,"parent":19,"menu_order":20,"comment_status":"closed","ping_status":"closed","template":"page-templates\/side-menu.php","meta":{"_bbp_topic_count":0,"_bbp_reply_count":0,"_bbp_total_topic_count":0,"_bbp_total_reply_count":0,"_bbp_voice_count":0,"_bbp_anonymous_reply_count":0,"_bbp_topic_count_hidden":0,"_bbp_reply_count_hidden":0,"_bbp_forum_subforum_count":0,"site-sidebar-layout":"default","site-content-layout":"","ast-site-content-layout":"","site-content-style":"default","site-sidebar-style":"default","ast-global-header-display":"","ast-banner-title-visibility":"","ast-main-header-display":"","ast-hfb-above-header-display":"","ast-hfb-below-header-display":"","ast-hfb-mobile-header-display":"","site-post-title":"","ast-breadcrumbs-content":"","ast-featured-img":"","footer-sml-layout":"","theme-transparent-header-meta":"","adv-header-id-meta":"","stick-header-meta":"","header-above-stick-meta":"","header-main-stick-meta":"","header-below-stick-meta":"","astra-migrate-meta-layouts":"default","ast-page-background-enabled":"default","ast-page-background-meta":{"desktop":{"background-color":"var(--ast-global-color-4)","background-image":"","background-repeat":"repeat","background-position":"center center","background-size":"auto","background-attachment":"scroll","background-type":"","background-media":"","overlay-type":"","overlay-color":"","overlay-opacity":"","overlay-gradient":""},"tablet":{"background-color":"","background-image":"","background-repeat":"repeat","background-position":"center center","background-size":"auto","background-attachment":"scroll","background-type":"","background-media":"","overlay-type":"","overlay-color":"","overlay-opacity":"","overlay-gradient":""},"mobile":{"background-color":"","background-image":"","background-repeat":"repeat","background-position":"center center","background-size":"auto","background-attachment":"scroll","background-type":"","background-media":"","overlay-type":"","overlay-color":"","overlay-opacity":"","overlay-gradient":""}},"ast-content-background-meta":{"desktop":{"background-color":"var(--ast-global-color-5)","background-image":"","background-repeat":"repeat","background-position":"center center","background-size":"auto","background-attachment":"scroll","background-type":"","background-media":"","overlay-type":"","overlay-color":"","overlay-opacity":"","overlay-gradient":""},"tablet":{"background-color":"var(--ast-global-color-5)","background-image":"","background-repeat":"repeat","background-position":"center center","background-size":"auto","background-attachment":"scroll","background-type":"","background-media":"","overlay-type":"","overlay-color":"","overlay-opacity":"","overlay-gradient":""},"mobile":{"background-color":"var(--ast-global-color-5)","background-image":"","background-repeat":"repeat","background-position":"center center","background-size":"auto","background-attachment":"scroll","background-type":"","background-media":"","overlay-type":"","overlay-color":"","overlay-opacity":"","overlay-gradient":""}},"footnotes":""},"class_list":["post-27","page","type-page","status-publish","hentry"],"post_mailing_queue_ids":[],"_links":{"self":[{"href":"https:\/\/agora.xtec.cat\/insvalltenes\/wp-json\/wp\/v2\/pages\/27","targetHints":{"allow":["GET"]}}],"collection":[{"href":"https:\/\/agora.xtec.cat\/insvalltenes\/wp-json\/wp\/v2\/pages"}],"about":[{"href":"https:\/\/agora.xtec.cat\/insvalltenes\/wp-json\/wp\/v2\/types\/page"}],"author":[{"embeddable":true,"href":"https:\/\/agora.xtec.cat\/insvalltenes\/wp-json\/wp\/v2\/users\/1"}],"replies":[{"embeddable":true,"href":"https:\/\/agora.xtec.cat\/insvalltenes\/wp-json\/wp\/v2\/comments?post=27"}],"version-history":[{"count":4,"href":"https:\/\/agora.xtec.cat\/insvalltenes\/wp-json\/wp\/v2\/pages\/27\/revisions"}],"predecessor-version":[{"id":2499,"href":"https:\/\/agora.xtec.cat\/insvalltenes\/wp-json\/wp\/v2\/pages\/27\/revisions\/2499"}],"up":[{"embeddable":true,"href":"https:\/\/agora.xtec.cat\/insvalltenes\/wp-json\/wp\/v2\/pages\/19"}],"wp:attachment":[{"href":"https:\/\/agora.xtec.cat\/insvalltenes\/wp-json\/wp\/v2\/media?parent=27"}],"curies":[{"name":"wp","href":"https:\/\/api.w.org\/{rel}","templated":true}]}}