{"id":2133,"date":"2020-06-27T22:07:08","date_gmt":"2020-06-27T20:07:08","guid":{"rendered":"https:\/\/agora.xtec.cat\/insvalltenes\/?page_id=2133"},"modified":"2026-01-14T20:02:26","modified_gmt":"2026-01-14T19:02:26","slug":"organigrama-2020-21","status":"publish","type":"page","link":"https:\/\/agora.xtec.cat\/insvalltenes\/linstitut\/organigrama-2020-21\/","title":{"rendered":"Organigrama"},"content":{"rendered":"\n<h3 class=\"wp-block-heading\"><strong>Curs 2025-26<\/strong><\/h3>\n\n\n\n<figure class=\"wp-block-table is-style-stripes\"><table><tbody><tr><td colspan=\"2\"><h4>EQUIP DIRECTIU<\/h4><\/td><td colspan=\"2\"><h4>COORDINACIONS DE NIVELL<\/h4><\/td><\/tr><tr><td>Director<\/td><td>Francesc Mart\u00ed<\/td><td>1r d&#8217;ESO<\/td><td>Marc Klein<\/td><\/tr><tr><td>Cap d&#8217;Estudis<\/td><td>Aleix Buch<\/td><td>2n d&#8217;ESO<\/td><td>Eric Cuenca<\/td><\/tr><tr><td>Secretari<\/td><td>Eudald Ribas<\/td><td>3r d&#8217;ESO<\/td><td>Carol Nadal<\/td><\/tr><tr><td>Coordinadora pedag\u00f2gica<\/td><td>Elisenda Barb\u00e9<\/td><td>4t d&#8217;ESO<\/td><td>Laia Pastrana<\/td><\/tr><tr><td colspan=\"2\" rowspan=\"3\">&nbsp;<\/td><td>1r Batxillerat<\/td><td>Rosa Presas<\/td><\/tr><tr><td>2n Batxillerat<\/td><td>S\u00f2nia Mars<\/td><\/tr><tr><td>Cicle Formatiu<\/td><td>Max Mansanet<\/td><\/tr><\/tbody><\/table><\/figure>\n\n\n\n<figure class=\"wp-block-table is-style-stripes\"><table><tbody><tr><td colspan=\"2\"><h4>COORDINACIONS<\/h4><\/td><td colspan=\"2\"><h4>CAPS DE DEPARTAMENT<\/h4><\/td><\/tr><tr><td>Inform\u00e0tica<\/td><td>Montse Cruz<\/td><td>Departament de Ci\u00e8ncies<\/td><td>\u00c0lex Pem\u00e1n<\/td><\/tr><tr><td>Projectes singulars<\/td><td>Merc\u00e8 Mateo<\/td><td>Departament de Lleng\u00fces<\/td><td>Pilar Justo<\/td><\/tr><tr><td>Intercanvis i projectes en angl\u00e8s<\/td><td>Joana Boada<\/td><td>Departament d&#8217;Humanitats<\/td><td>Ariadna Ribas<\/td><\/tr><tr><td>Batxibac i intercanvis en franc\u00e8s<\/td><td>Montse Xufr\u00e9<\/td><td>&nbsp;<\/td><td>&nbsp;<\/td><\/tr><\/tbody><\/table><\/figure>\n\n\n\n<figure class=\"wp-block-table is-style-stripes\"><table><tbody><tr><td colspan=\"6\"><h4>EQUIPS DOCENTS<\/h4><\/td><\/tr><tr><td>1r ESO<\/td><td>Montserrat Batlles<br>Roger Jofr\u00e9<br><strong>Marc Klein (Coord.)<\/strong><br>Gemma Mart\u00ednez<br>Imma Mart\u00ednez<br>Cl\u00e0udia Mur<br>J\u00falia Murcia<br>Antoni Puigdueta<br>Sandra Sol\u00e9<\/td><td>2n ESO<\/td><td>Carles Arranz<br>Pep Cardona<br><strong>\u00c8ric Cuenca (Coord.)<br><\/strong>Ferran Gras<br>Pilar Justo<br>Mireia Pedragosa<br>Sergi Pros<br>Ariadna Ribas<\/td><td>3r ESO<\/td><td>Pere Arisa<br>S\u00edlvia Bonilla<br>Olga Gonz\u00e1lez<br>Iris Jurado<br><strong>Carol Nadal (Coord.)<\/strong><br>Aaron Ortiz<br>Fina Plans<br>Merc\u00e8 Purt\u00ed<\/td><\/tr><tr><td rowspan=\"2\">4t ESO<\/td><td rowspan=\"2\">Berta Busquets<br>Juan D\u00edaz<br>Orland Mena<br><strong>Laia Pastrana (Coord.)<br><\/strong>Ruth Pom\u00e9s<\/td><td>1BAT<\/td><td>Joana Boada<br>Alba Colom\u00e9<br>Elvira Compte<br>Ester Prats<br><strong>Rosa Presas (Coord.)<\/strong><br>Xavi S\u00e1ez<br>Montse Xufr\u00e9<\/td><td rowspan=\"2\">CF<\/td><td rowspan=\"2\">Montse Cruz<br>\u00c0lex Escribano<br>Lola Estor<br><strong>Max Mansanet (Coord.)<\/strong><\/td><\/tr><tr><td>2BAT<\/td><td><strong>S\u00f2nia Mars (Coord.)<br><\/strong>\u00c0lex Pem\u00e1n<br>N\u00faria Ramon<br>Marta Samarini<br>Vict\u00f2ria S\u00e1nchez<br>Berta Sobrevias<br>Marta T\u00e9llez<br>Dolors Torras<br>Montse Xufr\u00e9<\/td><\/tr><\/tbody><\/table><\/figure>\n\n\n\n<figure class=\"wp-block-table is-style-stripes\"><table><tbody><tr><td colspan=\"4\"><h4>\u00c0REES<\/h4><\/td><\/tr><tr><td><h4>CATAL\u00c0<\/h4><\/td><td><h4>CASTELL\u00c0<\/h4><\/td><td><h4>ANGL\u00c8S<\/h4><\/td><td><h4>FRANC\u00c8S<\/h4><\/td><\/tr><tr><td>Elvira Compte<br>Laura Corominas<br>Marta Jan\u00e9<br>Toni L\u00f3pez<br>Imma Mart\u00ednez<br>Ruth Pom\u00e9s<br>Merc\u00e8 Purt\u00ed<\/td><td>Juan D\u00edaz<br>M\u00f3nica Garc\u00eda<br>Alberto Hern\u00e1ndez<br>Pilar Justo<br>Gemma Mart\u00ednez<\/td><td><br>Joana Boada<br>S\u00edlvia Bonilla<br>Eric Cuenca<br>Roger Jofr\u00e9<br>Merc\u00e8 Mateo<br>Carol Nadal<br>Mireia Pedragosa<br>J\u00falia Sol\u00e0<br>Dolors Torras<\/td><td>Francesc Mart\u00ed<br>Mireia Vilanova<br>Montse Xufr\u00e9<\/td><\/tr><tr><td><h4>LLAT\u00cd I GREC<\/h4><\/td><td><h4>MATEM\u00c0TIQUES<\/h4><\/td><td><h4>BIOLOGIA<\/h4><\/td><td><h4>TECNOLOGIA<\/h4><\/td><\/tr><tr><td>Alba Colom\u00e9<\/td><td>Carles Arranz<br>Montserrat Batlles<br>Berta Busquets<br>Montse Cruz<br>S\u00f2nia Mars<br>Cl\u00e0udia Mur<br>Aaron Ortiz<br>Rosa Presas<\/td><td>Pere Arisa<br>Lourdes Batlles<br>Olga Gonz\u00e1lez<br>Laia Pastrana<br>Antoni Puigdueta<\/td><td>Clara Calvo<br>\u00c0lex Escribano<br>Jordi Galvan<br>Fina Plans<br>Marta Samarini<br>Sandra Sol\u00e9<\/td><\/tr><tr><td><h4>F\u00cdSICA I QU\u00cdMICA<\/h4><\/td><td><h4>GEOGRAFIA I HIST\u00d2RIA<\/h4><\/td><td><h4>FILOSOFIA<\/h4><\/td><td><h4>ECONOMIA<\/h4><\/td><\/tr><tr><td>Aleix Buch<br>\u00c0lex Pem\u00e1n<br>Ester Prats<br>Sergi Pros<\/td><td>Elisenda Barb\u00e9<br>Xavi Giner<br>Orland Mena<br>J\u00falia Murcia<br>Francesc Real<br><span style=\"font-family: inherit; font-size: 1em;\">Ariadna Ribas<\/span><br>Manel Ruiz<span style=\"font-family: inherit; font-size: 1em;\"><br><\/span>Marta T\u00e9llez<\/td><td>Esther Quevedo<br>Berta Sobrevias<br>Eva Til<\/td><td>Susana Caldentey<br>Lola Estor<br>Max Mansanet<br>Eudald Ribas<\/td><\/tr><tr><td><h4>EDUCACI\u00d3 F\u00cdSICA<\/h4><\/td><td><h4>PSICOPEDAGOGIA<\/h4><\/td><td><h4>M\u00daSICA<\/h4><\/td><td><h4>DIBUIX<\/h4><\/td><\/tr><tr><td>Pep Cardona<br>Santiago Guardiola<br>Iris Jurado<br>Pau Sol\u00e0<\/td><td>Rosa Armengol<br>Mireya Gallego<br>Em\u00edlia S\u00e1nchez<\/td><td>David Herranz<br>Marc Klein<\/td><td>Ferran Gras<br>N\u00faria Ramon<br>Xavi S\u00e1ez<br>Vict\u00f2ria S\u00e1nchez<\/td><\/tr><\/tbody><\/table><\/figure>\n\n\n\n<figure class=\"wp-block-table is-style-stripes\"><table><tbody><tr><td colspan=\"2\"><h4>PAS<\/h4><\/td><\/tr><tr><td><h4>SECRETARIA<\/h4><\/td><td><h4>CONSERGERIA I MANTENIMENT<\/h4><\/td><\/tr><tr><td>Maria Banegas<br>Miriam L\u00f3pez<br>Gl\u00f2ria Mart\u00ed<\/td><td>David Gonz\u00e1lez<br>Carles Moncl\u00fas<\/td><\/tr><\/tbody><\/table><\/figure>\n\n\n\n<p><\/p>\n","protected":false},"excerpt":{"rendered":"<p>Curs 2025-26 EQUIP DIRECTIU COORDINACIONS DE NIVELL Director Francesc Mart\u00ed 1r d&#8217;ESO Marc Klein Cap d&#8217;Estudis Aleix Buch 2n d&#8217;ESO Eric Cuenca Secretari Eudald Ribas 3r d&#8217;ESO Carol Nadal Coordinadora pedag\u00f2gica Elisenda Barb\u00e9 4t d&#8217;ESO Laia Pastrana &nbsp; 1r Batxillerat Rosa Presas 2n Batxillerat S\u00f2nia Mars Cicle Formatiu Max Mansanet COORDINACIONS CAPS DE DEPARTAMENT Inform\u00e0tica [&hellip;]<\/p>\n","protected":false},"author":1,"featured_media":0,"parent":19,"menu_order":30,"comment_status":"closed","ping_status":"closed","template":"","meta":{"_bbp_topic_count":0,"_bbp_reply_count":0,"_bbp_total_topic_count":0,"_bbp_total_reply_count":0,"_bbp_voice_count":0,"_bbp_anonymous_reply_count":0,"_bbp_topic_count_hidden":0,"_bbp_reply_count_hidden":0,"_bbp_forum_subforum_count":0,"site-sidebar-layout":"default","site-content-layout":"","ast-site-content-layout":"default","site-content-style":"default","site-sidebar-style":"default","ast-global-header-display":"","ast-banner-title-visibility":"","ast-main-header-display":"","ast-hfb-above-header-display":"","ast-hfb-below-header-display":"","ast-hfb-mobile-header-display":"","site-post-title":"","ast-breadcrumbs-content":"","ast-featured-img":"","footer-sml-layout":"","theme-transparent-header-meta":"","adv-header-id-meta":"","stick-header-meta":"","header-above-stick-meta":"","header-main-stick-meta":"","header-below-stick-meta":"","astra-migrate-meta-layouts":"set","ast-page-background-enabled":"default","ast-page-background-meta":{"desktop":{"background-color":"var(--ast-global-color-4)","background-image":"","background-repeat":"repeat","background-position":"center center","background-size":"auto","background-attachment":"scroll","background-type":"","background-media":"","overlay-type":"","overlay-color":"","overlay-opacity":"","overlay-gradient":""},"tablet":{"background-color":"","background-image":"","background-repeat":"repeat","background-position":"center center","background-size":"auto","background-attachment":"scroll","background-type":"","background-media":"","overlay-type":"","overlay-color":"","overlay-opacity":"","overlay-gradient":""},"mobile":{"background-color":"","background-image":"","background-repeat":"repeat","background-position":"center center","background-size":"auto","background-attachment":"scroll","background-type":"","background-media":"","overlay-type":"","overlay-color":"","overlay-opacity":"","overlay-gradient":""}},"ast-content-background-meta":{"desktop":{"background-color":"var(--ast-global-color-5)","background-image":"","background-repeat":"repeat","background-position":"center center","background-size":"auto","background-attachment":"scroll","background-type":"","background-media":"","overlay-type":"","overlay-color":"","overlay-opacity":"","overlay-gradient":""},"tablet":{"background-color":"var(--ast-global-color-5)","background-image":"","background-repeat":"repeat","background-position":"center center","background-size":"auto","background-attachment":"scroll","background-type":"","background-media":"","overlay-type":"","overlay-color":"","overlay-opacity":"","overlay-gradient":""},"mobile":{"background-color":"var(--ast-global-color-5)","background-image":"","background-repeat":"repeat","background-position":"center center","background-size":"auto","background-attachment":"scroll","background-type":"","background-media":"","overlay-type":"","overlay-color":"","overlay-opacity":"","overlay-gradient":""}},"footnotes":""},"class_list":["post-2133","page","type-page","status-publish","hentry"],"post_mailing_queue_ids":[],"_links":{"self":[{"href":"https:\/\/agora.xtec.cat\/insvalltenes\/wp-json\/wp\/v2\/pages\/2133","targetHints":{"allow":["GET"]}}],"collection":[{"href":"https:\/\/agora.xtec.cat\/insvalltenes\/wp-json\/wp\/v2\/pages"}],"about":[{"href":"https:\/\/agora.xtec.cat\/insvalltenes\/wp-json\/wp\/v2\/types\/page"}],"author":[{"embeddable":true,"href":"https:\/\/agora.xtec.cat\/insvalltenes\/wp-json\/wp\/v2\/users\/1"}],"replies":[{"embeddable":true,"href":"https:\/\/agora.xtec.cat\/insvalltenes\/wp-json\/wp\/v2\/comments?post=2133"}],"version-history":[{"count":6,"href":"https:\/\/agora.xtec.cat\/insvalltenes\/wp-json\/wp\/v2\/pages\/2133\/revisions"}],"predecessor-version":[{"id":5618,"href":"https:\/\/agora.xtec.cat\/insvalltenes\/wp-json\/wp\/v2\/pages\/2133\/revisions\/5618"}],"up":[{"embeddable":true,"href":"https:\/\/agora.xtec.cat\/insvalltenes\/wp-json\/wp\/v2\/pages\/19"}],"wp:attachment":[{"href":"https:\/\/agora.xtec.cat\/insvalltenes\/wp-json\/wp\/v2\/media?parent=2133"}],"curies":[{"name":"wp","href":"https:\/\/api.w.org\/{rel}","templated":true}]}}