{"id":2127,"date":"2020-06-27T21:28:19","date_gmt":"2020-06-27T19:28:19","guid":{"rendered":"https:\/\/agora.xtec.cat\/insvalltenes\/?page_id=2127"},"modified":"2025-07-01T10:52:42","modified_gmt":"2025-07-01T08:52:42","slug":"reutilitzacio-de-llibres","status":"publish","type":"page","link":"https:\/\/agora.xtec.cat\/insvalltenes\/serveis\/reutilitzacio-de-llibres\/","title":{"rendered":"Reutilitzaci\u00f3 de llibres"},"content":{"rendered":"<p>L&#8217;Institut, l&#8217;AMPA i el Consell Escolar van acordar treballar amb l&#8217;empresa <a href=\"http:\/\/www.iddink.cat\" target=\"_blank\" rel=\"noopener noreferrer\">Iddink<\/a> per disposar d&#8217;un servei de reutilitzaci\u00f3 de llibres. D&#8217;aquesta manera les fam\u00edlies que vulguin poden comprar tot el material lectiu (llibres de text, llibres de lectura, llic\u00e8ncies digitals) a trav\u00e9s d&#8217;un \u00fanic lloc, i optar en els casos en qu\u00e8 sigui possible per l&#8217;opci\u00f3 de reutilitzaci\u00f3. Posteriorment, es va acordar treballar tamb\u00e9 amb <a href=\"https:\/\/www.comercialgironallibres.com\/\" target=\"_blank\" rel=\"noopener\">Comercial Girona<\/a>, de forma que les fam\u00edlies poden optar per qualsevol dels dos models de reutilitzaci\u00f3.<\/p>\n<p>\u00a0<\/p>\n\n\n<p><\/p>\n","protected":false},"excerpt":{"rendered":"<p>L&#8217;Institut, l&#8217;AMPA i el Consell Escolar van acordar treballar amb l&#8217;empresa Iddink per disposar d&#8217;un servei de reutilitzaci\u00f3 de llibres. D&#8217;aquesta manera les fam\u00edlies que vulguin poden comprar tot el material lectiu (llibres de text, llibres de lectura, llic\u00e8ncies digitals) a trav\u00e9s d&#8217;un \u00fanic lloc, i optar en els casos en qu\u00e8 sigui possible per [&hellip;]<\/p>\n","protected":false},"author":1,"featured_media":0,"parent":63,"menu_order":20,"comment_status":"closed","ping_status":"closed","template":"page-templates\/side-menu.php","meta":{"_bbp_topic_count":0,"_bbp_reply_count":0,"_bbp_total_topic_count":0,"_bbp_total_reply_count":0,"_bbp_voice_count":0,"_bbp_anonymous_reply_count":0,"_bbp_topic_count_hidden":0,"_bbp_reply_count_hidden":0,"_bbp_forum_subforum_count":0,"site-sidebar-layout":"default","site-content-layout":"","ast-site-content-layout":"","site-content-style":"default","site-sidebar-style":"default","ast-global-header-display":"","ast-banner-title-visibility":"","ast-main-header-display":"","ast-hfb-above-header-display":"","ast-hfb-below-header-display":"","ast-hfb-mobile-header-display":"","site-post-title":"","ast-breadcrumbs-content":"","ast-featured-img":"","footer-sml-layout":"","theme-transparent-header-meta":"","adv-header-id-meta":"","stick-header-meta":"","header-above-stick-meta":"","header-main-stick-meta":"","header-below-stick-meta":"","astra-migrate-meta-layouts":"default","ast-page-background-enabled":"default","ast-page-background-meta":{"desktop":{"background-color":"var(--ast-global-color-4)","background-image":"","background-repeat":"repeat","background-position":"center center","background-size":"auto","background-attachment":"scroll","background-type":"","background-media":"","overlay-type":"","overlay-color":"","overlay-opacity":"","overlay-gradient":""},"tablet":{"background-color":"","background-image":"","background-repeat":"repeat","background-position":"center center","background-size":"auto","background-attachment":"scroll","background-type":"","background-media":"","overlay-type":"","overlay-color":"","overlay-opacity":"","overlay-gradient":""},"mobile":{"background-color":"","background-image":"","background-repeat":"repeat","background-position":"center center","background-size":"auto","background-attachment":"scroll","background-type":"","background-media":"","overlay-type":"","overlay-color":"","overlay-opacity":"","overlay-gradient":""}},"ast-content-background-meta":{"desktop":{"background-color":"var(--ast-global-color-5)","background-image":"","background-repeat":"repeat","background-position":"center center","background-size":"auto","background-attachment":"scroll","background-type":"","background-media":"","overlay-type":"","overlay-color":"","overlay-opacity":"","overlay-gradient":""},"tablet":{"background-color":"var(--ast-global-color-5)","background-image":"","background-repeat":"repeat","background-position":"center center","background-size":"auto","background-attachment":"scroll","background-type":"","background-media":"","overlay-type":"","overlay-color":"","overlay-opacity":"","overlay-gradient":""},"mobile":{"background-color":"var(--ast-global-color-5)","background-image":"","background-repeat":"repeat","background-position":"center center","background-size":"auto","background-attachment":"scroll","background-type":"","background-media":"","overlay-type":"","overlay-color":"","overlay-opacity":"","overlay-gradient":""}},"footnotes":""},"class_list":["post-2127","page","type-page","status-publish","hentry"],"post_mailing_queue_ids":[],"_links":{"self":[{"href":"https:\/\/agora.xtec.cat\/insvalltenes\/wp-json\/wp\/v2\/pages\/2127","targetHints":{"allow":["GET"]}}],"collection":[{"href":"https:\/\/agora.xtec.cat\/insvalltenes\/wp-json\/wp\/v2\/pages"}],"about":[{"href":"https:\/\/agora.xtec.cat\/insvalltenes\/wp-json\/wp\/v2\/types\/page"}],"author":[{"embeddable":true,"href":"https:\/\/agora.xtec.cat\/insvalltenes\/wp-json\/wp\/v2\/users\/1"}],"replies":[{"embeddable":true,"href":"https:\/\/agora.xtec.cat\/insvalltenes\/wp-json\/wp\/v2\/comments?post=2127"}],"version-history":[{"count":4,"href":"https:\/\/agora.xtec.cat\/insvalltenes\/wp-json\/wp\/v2\/pages\/2127\/revisions"}],"predecessor-version":[{"id":4957,"href":"https:\/\/agora.xtec.cat\/insvalltenes\/wp-json\/wp\/v2\/pages\/2127\/revisions\/4957"}],"up":[{"embeddable":true,"href":"https:\/\/agora.xtec.cat\/insvalltenes\/wp-json\/wp\/v2\/pages\/63"}],"wp:attachment":[{"href":"https:\/\/agora.xtec.cat\/insvalltenes\/wp-json\/wp\/v2\/media?parent=2127"}],"curies":[{"name":"wp","href":"https:\/\/api.w.org\/{rel}","templated":true}]}}