{"id":21,"date":"2014-09-17T16:14:14","date_gmt":"2014-09-17T14:14:14","guid":{"rendered":"http:\/\/agora.xtec.cat\/insvalltenes\/?page_id=21"},"modified":"2026-01-14T20:00:02","modified_gmt":"2026-01-14T19:00:02","slug":"on-som","status":"publish","type":"page","link":"https:\/\/agora.xtec.cat\/insvalltenes\/linstitut\/on-som\/","title":{"rendered":"On som"},"content":{"rendered":"\n<p><strong>Institut&nbsp;La Vall del Tenes<\/strong><br>Cam\u00ed de la Rovira, s\/n<br>08187 Santa Eul\u00e0lia de Ron\u00e7ana (el Vall\u00e8s Oriental)<\/p>\n\n\n\n<iframe src=\"https:\/\/www.google.com\/maps\/embed?pb=!1m18!1m12!1m3!1d2981.2999133550675!2d2.218114676185785!3d41.64926167126783!2m3!1f0!2f0!3f0!3m2!1i1024!2i768!4f13.1!3m3!1m2!1s0x12a4c14d9e8e1453%3A0x10bd9241863a5179!2sInstitut%20La%20Vall%20del%20Tenes!5e0!3m2!1sca!2ses!4v1768417164547!5m2!1sca!2ses\" width=\"600\" height=\"450\" style=\"border:0;\" allowfullscreen=\"\" loading=\"lazy\" referrerpolicy=\"no-referrer-when-downgrade\"><\/iframe>\n\n\n\n<p><br><strong>Com arribar-hi:<\/strong><\/p>\n\n\n\n<ul class=\"wp-block-list\">\n<li>Bus e7 (Barcelona &#8211; La Vall del Tenes) parada <a href=\"https:\/\/goo.gl\/maps\/CvXH2DWZBVHd4KZS9\" target=\"_blank\" rel=\"noopener noreferrer\">Ctra. Parets a Bigues-La Sagrera<\/a> (Ajuntament) (<a href=\"https:\/\/www.sagales.com\/uploads\/imagenes\/572b6b64cf83c804452229bac81476c1f13f6753.pdf\" target=\"_blank\" rel=\"noopener noreferrer\">recorregut i horaris<\/a>)<\/li>\n\n\n\n<li>Bus Sagal\u00e9s 260-420-722 (L\u00ednia Granollers-Moi\u00e0, <a href=\"https:\/\/www.google.com\/maps\/place\/Cam%C3%AD+de+Caldes+-+Pavell\u00f3\/@41.6503276,2.2172253,17z\/data=!4m5!3m4!1s0x12a4c15210111141:0xbc1df7e245442a60!8m2!3d41.6503276!4d2.219414\" target=\"_blank\" rel=\"noopener noreferrer\">parada Cam\u00ed de Caldes-Pavell\u00f3<\/a>, al costat de l&#8217;institut) (<a href=\"https:\/\/www.sagales.com\/uploads\/imagenes\/35d0a4dbc8d3500e8ea251d2a63d31753d822324.pdf\" target=\"_blank\" rel=\"noopener noreferrer\">recorregut i horaris<\/a>)<\/li>\n\n\n\n<li>Bus Sagal\u00e9s 364-377-382-383 (Servei urb\u00e0 Bigues-Granollers, parades a la <a href=\"https:\/\/goo.gl\/maps\/GyVdThhGPxGPUdT66\" target=\"_blank\" rel=\"noopener noreferrer\">Ctra. Barcelona-Cam\u00ed de Can Brustenga<\/a> o <a href=\"https:\/\/goo.gl\/maps\/CvXH2DWZBVHd4KZS9\" target=\"_blank\" rel=\"noopener noreferrer\">Ctra. Parets a Bigues-La Sagrera<\/a> (<a href=\"https:\/\/www.sagales.com\/uploads\/imagenes\/7009e6e02cd568a9f4f7933f9f5acb8349335077.pdf\" target=\"_blank\" rel=\"noopener noreferrer\">recorregut i horaris<\/a>)<\/li>\n\n\n\n<li>Bus Sagal\u00e9s 366 (UAB Bellaterra &#8211; La Vall del Tenes) parada <a href=\"https:\/\/goo.gl\/maps\/CvXH2DWZBVHd4KZS9\" target=\"_blank\" rel=\"noopener noreferrer\">Ctra. Parets a Bigues-La Sagrera<\/a> (Ajuntament) (<a href=\"https:\/\/www.sagales.com\/uploads\/imagenes\/7117be8eaf30dbb9011060ac370201ed084b605f.pdf\" target=\"_blank\" rel=\"noopener\">recorregut i horaris<\/a>)<\/li>\n<\/ul>\n\n\n\n<p><strong>Escoles adscrites a l&#8217;institut:<br><\/strong><a href=\"https:\/\/agora.xtec.cat\/escolaroncana\/\" target=\"_blank\" rel=\"noopener noreferrer\">Escola Ron\u00e7ana<\/a>, <a href=\"https:\/\/agora.xtec.cat\/esc-lasagrera\/\" target=\"_blank\" rel=\"noopener noreferrer\">Escola La Sagrera<\/a><\/p>\n\n\n\n<p><strong>Correu electr\u00f2nic de contacte:<\/strong><\/p>\n\n\n\n<ul class=\"wp-block-list\">\n<li>\n<ul class=\"wp-block-list\">\n<li><span style=\"font-size: medium;\">B\u00fastia General:\u00a0<a href=\"mailto:secretaria@iesvalltenes.cat\">secretaria<span class=\"\"><span class=\"\">@<\/span>iesvalltenes.cat<\/span><\/a><\/span><\/li>\n\n\n\n<li><span style=\"font-size: medium;\">B\u00fastia Oficial:\u00a0<a href=\"mailto:a8077174@xtec.cat\">a8077174<span class=\"\"><span class=\"\">@<\/span>xtec.cat<\/span><\/a><\/span><\/li>\n<\/ul>\n<\/li>\n<\/ul>\n\n\n\n<p><strong>Codi de centre:<br><\/strong>08077174<\/p>\n","protected":false},"excerpt":{"rendered":"<p>Institut&nbsp;La Vall del TenesCam\u00ed de la Rovira, s\/n08187 Santa Eul\u00e0lia de Ron\u00e7ana (el Vall\u00e8s Oriental) Com arribar-hi: Escoles adscrites a l&#8217;institut:Escola Ron\u00e7ana, Escola La Sagrera Correu electr\u00f2nic de contacte: Codi de centre:08077174<\/p>\n","protected":false},"author":1,"featured_media":0,"parent":19,"menu_order":10,"comment_status":"closed","ping_status":"closed","template":"","meta":{"_bbp_topic_count":0,"_bbp_reply_count":0,"_bbp_total_topic_count":0,"_bbp_total_reply_count":0,"_bbp_voice_count":0,"_bbp_anonymous_reply_count":0,"_bbp_topic_count_hidden":0,"_bbp_reply_count_hidden":0,"_bbp_forum_subforum_count":0,"site-sidebar-layout":"default","site-content-layout":"","ast-site-content-layout":"default","site-content-style":"default","site-sidebar-style":"default","ast-global-header-display":"","ast-banner-title-visibility":"","ast-main-header-display":"","ast-hfb-above-header-display":"","ast-hfb-below-header-display":"","ast-hfb-mobile-header-display":"","site-post-title":"","ast-breadcrumbs-content":"","ast-featured-img":"","footer-sml-layout":"","theme-transparent-header-meta":"","adv-header-id-meta":"","stick-header-meta":"","header-above-stick-meta":"","header-main-stick-meta":"","header-below-stick-meta":"","astra-migrate-meta-layouts":"set","ast-page-background-enabled":"default","ast-page-background-meta":{"desktop":{"background-color":"var(--ast-global-color-4)","background-image":"","background-repeat":"repeat","background-position":"center center","background-size":"auto","background-attachment":"scroll","background-type":"","background-media":"","overlay-type":"","overlay-color":"","overlay-opacity":"","overlay-gradient":""},"tablet":{"background-color":"","background-image":"","background-repeat":"repeat","background-position":"center center","background-size":"auto","background-attachment":"scroll","background-type":"","background-media":"","overlay-type":"","overlay-color":"","overlay-opacity":"","overlay-gradient":""},"mobile":{"background-color":"","background-image":"","background-repeat":"repeat","background-position":"center center","background-size":"auto","background-attachment":"scroll","background-type":"","background-media":"","overlay-type":"","overlay-color":"","overlay-opacity":"","overlay-gradient":""}},"ast-content-background-meta":{"desktop":{"background-color":"var(--ast-global-color-5)","background-image":"","background-repeat":"repeat","background-position":"center center","background-size":"auto","background-attachment":"scroll","background-type":"","background-media":"","overlay-type":"","overlay-color":"","overlay-opacity":"","overlay-gradient":""},"tablet":{"background-color":"var(--ast-global-color-5)","background-image":"","background-repeat":"repeat","background-position":"center center","background-size":"auto","background-attachment":"scroll","background-type":"","background-media":"","overlay-type":"","overlay-color":"","overlay-opacity":"","overlay-gradient":""},"mobile":{"background-color":"var(--ast-global-color-5)","background-image":"","background-repeat":"repeat","background-position":"center center","background-size":"auto","background-attachment":"scroll","background-type":"","background-media":"","overlay-type":"","overlay-color":"","overlay-opacity":"","overlay-gradient":""}},"footnotes":""},"class_list":["post-21","page","type-page","status-publish","hentry"],"post_mailing_queue_ids":[],"_links":{"self":[{"href":"https:\/\/agora.xtec.cat\/insvalltenes\/wp-json\/wp\/v2\/pages\/21","targetHints":{"allow":["GET"]}}],"collection":[{"href":"https:\/\/agora.xtec.cat\/insvalltenes\/wp-json\/wp\/v2\/pages"}],"about":[{"href":"https:\/\/agora.xtec.cat\/insvalltenes\/wp-json\/wp\/v2\/types\/page"}],"author":[{"embeddable":true,"href":"https:\/\/agora.xtec.cat\/insvalltenes\/wp-json\/wp\/v2\/users\/1"}],"replies":[{"embeddable":true,"href":"https:\/\/agora.xtec.cat\/insvalltenes\/wp-json\/wp\/v2\/comments?post=21"}],"version-history":[{"count":6,"href":"https:\/\/agora.xtec.cat\/insvalltenes\/wp-json\/wp\/v2\/pages\/21\/revisions"}],"predecessor-version":[{"id":5637,"href":"https:\/\/agora.xtec.cat\/insvalltenes\/wp-json\/wp\/v2\/pages\/21\/revisions\/5637"}],"up":[{"embeddable":true,"href":"https:\/\/agora.xtec.cat\/insvalltenes\/wp-json\/wp\/v2\/pages\/19"}],"wp:attachment":[{"href":"https:\/\/agora.xtec.cat\/insvalltenes\/wp-json\/wp\/v2\/media?parent=21"}],"curies":[{"name":"wp","href":"https:\/\/api.w.org\/{rel}","templated":true}]}}