{"id":2067,"date":"2020-05-31T22:04:36","date_gmt":"2020-05-31T20:04:36","guid":{"rendered":"https:\/\/agora.xtec.cat\/insvalltenes\/?page_id=2067"},"modified":"2025-09-21T19:52:11","modified_gmt":"2025-09-21T17:52:11","slug":"convalidacio-de-materies-de-batxillerat","status":"publish","type":"page","link":"https:\/\/agora.xtec.cat\/insvalltenes\/secretaria\/convalidacio-de-materies-de-batxillerat\/","title":{"rendered":"Convalidaci\u00f3 de mat\u00e8ries de Batxillerat"},"content":{"rendered":"\n<ul class=\"wp-block-list\">\n<li><strong>Estudis de dansa en un conservatori o centre professional<\/strong>\n<ul class=\"wp-block-list\">\n<li>Permeten convalidar Educaci\u00f3 f\u00edsica (1r de Batxillerat) i fins a 4 hores de mat\u00e8ries espec\u00edfiques<\/li>\n\n\n\n<li><a href=\"https:\/\/agora.xtec.cat\/insvalltenes\/docs\/convalidacio-materies-batxillerat-per-estudis-de-dansa-en-conservatori-o-centre-professional\/\" target=\"_blank\" rel=\"noopener noreferrer\">Documentaci\u00f3<\/a> (sol\u00b7licitud i certificat em\u00e8s pel conservatori o centre professional)<\/li>\n\n\n\n<li>Termini: 2 primers mesos del curs<\/li>\n<\/ul>\n<\/li>\n\n\n\n<li><strong>Estudis de dansa en una escola autoritzada<\/strong>\n<ul class=\"wp-block-list\">\n<li>Convalidacions segons c\u00e0rrega hor\u00e0ria:\n<ul class=\"wp-block-list\">\n<li>Entre 7 i 10 hores setmanals: Educaci\u00f3 f\u00edsica (1r de Batxillerat)<\/li>\n\n\n\n<li>11 o m\u00e9s hores setmanals: Educaci\u00f3 f\u00edsica (1r de Batxillerat) i fins a 4 hores de mat\u00e8ries espec\u00edfiques. Cal tamb\u00e9 haver superat la prova d&#8217;acc\u00e9s als ensenyaments de grau professional de dansa.<\/li>\n<\/ul>\n<\/li>\n\n\n\n<li><a href=\"https:\/\/agora.xtec.cat\/insvalltenes\/docs\/convalidacio-materies-batxillerat-per-estudis-de-dansa-en-escola-autoritzada\/\" target=\"_blank\" rel=\"noopener noreferrer\">Documentaci\u00f3<\/a> (sol\u00b7licitud i certificat de l&#8217;escola de dansa)<\/li>\n\n\n\n<li>Termini: 2 primers mesos del curs<\/li>\n<\/ul>\n<\/li>\n\n\n\n<li><strong>Estudis de m\u00fasica en un conservatori o centre professional<\/strong>\n<ul class=\"wp-block-list\">\n<li>Permeten convalidar fins a 6 hores (1r de batxillerat) o 4 hores (2n de batxillerat) de mat\u00e8ries espec\u00edfiques<\/li>\n\n\n\n<li><a href=\"https:\/\/agora.xtec.cat\/insvalltenes\/docs\/convalidacio-materies-batxillerat-per-estudis-de-musica-en-conservatori-o-centre-professional\/\" target=\"_blank\" rel=\"noopener noreferrer\">Documentaci\u00f3<\/a> (sol\u00b7licitud i certificat del conservatori)<\/li>\n\n\n\n<li>Termini: 2 primers mesos del curs<\/li>\n<\/ul>\n<\/li>\n\n\n\n<li><strong>Estudis de m\u00fasica en una escola de m\u00fasica autoritzada<\/strong>\n<ul class=\"wp-block-list\">\n<li>Permeten convalidar fins a 6 hores (1r de batxillerat) o 4 hores (2n de batxillerat) de mat\u00e8ries espec\u00edfiques<\/li>\n\n\n\n<li>Cal haver superat la prova d&#8217;acc\u00e9s al grau professional i cursar, com a m\u00ednim, Llenguatge musical o Harmonia, Instruments i Pr\u00e0ctica instrumental en grup<\/li>\n\n\n\n<li><a href=\"https:\/\/agora.xtec.cat\/insvalltenes\/docs\/convalidacio-materies-batxillerat-per-estudis-de-musica-en-escola-de-musica-autoritzada\/\" target=\"_blank\" rel=\"noopener noreferrer\">Documentaci\u00f3<\/a> (sol\u00b7licitud i certificat del conservatori)<\/li>\n\n\n\n<li>Termini: 2 primers mesos del curs<\/li>\n<\/ul>\n<\/li>\n\n\n\n<li><strong>Dedicaci\u00f3 significativa a l&#8217;esport<\/strong>\n<ul class=\"wp-block-list\">\n<li>Permet convalidar la mat\u00e8ria d&#8217;Educaci\u00f3 f\u00edsica de 1r de Batxillerat i dues franges de mat\u00e8ries optatives o de modalitat.<\/li>\n\n\n\n<li>Requisits: Certificat del Consell Catal\u00e0 de l&#8217;Esport si es forma part del programa de tecnificaci\u00f3 (ARC) de la federaci\u00f3 esportiva corresponent<\/li>\n\n\n\n<li><a href=\"https:\/\/agora.xtec.cat\/insvalltenes\/docs\/convalidacio-materies-batxillerat-per-practica-intensiva-de-lesport\/\" target=\"_blank\" rel=\"noopener\">Documentaci\u00f3<\/a>: sol\u00b7licitud i certificat<\/li>\n\n\n\n<li>Termini: 1r trimestre del curs<\/li>\n<\/ul>\n<\/li>\n<\/ul>\n","protected":false},"excerpt":{"rendered":"","protected":false},"author":1,"featured_media":0,"parent":81,"menu_order":90,"comment_status":"closed","ping_status":"closed","template":"","meta":{"_bbp_topic_count":0,"_bbp_reply_count":0,"_bbp_total_topic_count":0,"_bbp_total_reply_count":0,"_bbp_voice_count":0,"_bbp_anonymous_reply_count":0,"_bbp_topic_count_hidden":0,"_bbp_reply_count_hidden":0,"_bbp_forum_subforum_count":0,"site-sidebar-layout":"default","site-content-layout":"","ast-site-content-layout":"default","site-content-style":"default","site-sidebar-style":"default","ast-global-header-display":"","ast-banner-title-visibility":"","ast-main-header-display":"","ast-hfb-above-header-display":"","ast-hfb-below-header-display":"","ast-hfb-mobile-header-display":"","site-post-title":"","ast-breadcrumbs-content":"","ast-featured-img":"","footer-sml-layout":"","theme-transparent-header-meta":"","adv-header-id-meta":"","stick-header-meta":"","header-above-stick-meta":"","header-main-stick-meta":"","header-below-stick-meta":"","astra-migrate-meta-layouts":"set","ast-page-background-enabled":"default","ast-page-background-meta":{"desktop":{"background-color":"var(--ast-global-color-4)","background-image":"","background-repeat":"repeat","background-position":"center center","background-size":"auto","background-attachment":"scroll","background-type":"","background-media":"","overlay-type":"","overlay-color":"","overlay-opacity":"","overlay-gradient":""},"tablet":{"background-color":"","background-image":"","background-repeat":"repeat","background-position":"center center","background-size":"auto","background-attachment":"scroll","background-type":"","background-media":"","overlay-type":"","overlay-color":"","overlay-opacity":"","overlay-gradient":""},"mobile":{"background-color":"","background-image":"","background-repeat":"repeat","background-position":"center center","background-size":"auto","background-attachment":"scroll","background-type":"","background-media":"","overlay-type":"","overlay-color":"","overlay-opacity":"","overlay-gradient":""}},"ast-content-background-meta":{"desktop":{"background-color":"var(--ast-global-color-5)","background-image":"","background-repeat":"repeat","background-position":"center center","background-size":"auto","background-attachment":"scroll","background-type":"","background-media":"","overlay-type":"","overlay-color":"","overlay-opacity":"","overlay-gradient":""},"tablet":{"background-color":"var(--ast-global-color-5)","background-image":"","background-repeat":"repeat","background-position":"center center","background-size":"auto","background-attachment":"scroll","background-type":"","background-media":"","overlay-type":"","overlay-color":"","overlay-opacity":"","overlay-gradient":""},"mobile":{"background-color":"var(--ast-global-color-5)","background-image":"","background-repeat":"repeat","background-position":"center center","background-size":"auto","background-attachment":"scroll","background-type":"","background-media":"","overlay-type":"","overlay-color":"","overlay-opacity":"","overlay-gradient":""}},"footnotes":""},"class_list":["post-2067","page","type-page","status-publish","hentry"],"post_mailing_queue_ids":[],"_links":{"self":[{"href":"https:\/\/agora.xtec.cat\/insvalltenes\/wp-json\/wp\/v2\/pages\/2067","targetHints":{"allow":["GET"]}}],"collection":[{"href":"https:\/\/agora.xtec.cat\/insvalltenes\/wp-json\/wp\/v2\/pages"}],"about":[{"href":"https:\/\/agora.xtec.cat\/insvalltenes\/wp-json\/wp\/v2\/types\/page"}],"author":[{"embeddable":true,"href":"https:\/\/agora.xtec.cat\/insvalltenes\/wp-json\/wp\/v2\/users\/1"}],"replies":[{"embeddable":true,"href":"https:\/\/agora.xtec.cat\/insvalltenes\/wp-json\/wp\/v2\/comments?post=2067"}],"version-history":[{"count":6,"href":"https:\/\/agora.xtec.cat\/insvalltenes\/wp-json\/wp\/v2\/pages\/2067\/revisions"}],"predecessor-version":[{"id":5182,"href":"https:\/\/agora.xtec.cat\/insvalltenes\/wp-json\/wp\/v2\/pages\/2067\/revisions\/5182"}],"up":[{"embeddable":true,"href":"https:\/\/agora.xtec.cat\/insvalltenes\/wp-json\/wp\/v2\/pages\/81"}],"wp:attachment":[{"href":"https:\/\/agora.xtec.cat\/insvalltenes\/wp-json\/wp\/v2\/media?parent=2067"}],"curies":[{"name":"wp","href":"https:\/\/api.w.org\/{rel}","templated":true}]}}