{"id":2029,"date":"2020-05-31T20:25:46","date_gmt":"2020-05-31T18:25:46","guid":{"rendered":"https:\/\/agora.xtec.cat\/insvalltenes\/?page_id=2029"},"modified":"2025-09-17T11:48:45","modified_gmt":"2025-09-17T09:48:45","slug":"convalidacio-materies-eso","status":"publish","type":"page","link":"https:\/\/agora.xtec.cat\/insvalltenes\/secretaria\/convalidacio-materies-eso\/","title":{"rendered":"Convalidaci\u00f3 de mat\u00e8ries d&#8217;ESO"},"content":{"rendered":"\n<ul class=\"wp-block-list\">\n<li><strong>Estudis de dansa en un conservatori o en un centre professional<\/strong>\n<ul class=\"wp-block-list\">\n<li>Permeten la convalidaci\u00f3 de les mat\u00e8ries d&#8217;Educaci\u00f3 f\u00edsica, M\u00fasica (de 1r a 3r d&#8217;ESO), optatives de 1r a 3r d&#8217;ESO (2 hores setmanals) i una mat\u00e8ria optativa de 4t d&#8217;ESO (3 hores setmanals com a m\u00e0xim).<\/li>\n\n\n\n<li><a href=\"https:\/\/agora.xtec.cat\/insvalltenes\/docs\/convalidacio-per-estudis-de-dansa-en-conservatori-o-centre-professional\/\" target=\"_blank\" rel=\"noopener noreferrer\">Documentaci\u00f3<\/a> (sol\u00b7licitud i certificat em\u00e8s pel conservatori o centre professional)<\/li>\n\n\n\n<li>Termini: 2 primers mesos del curs<\/li>\n<\/ul>\n<\/li>\n\n\n\n<li><strong>Estudis de dansa en una escola autoritzada<\/strong>\n<ul class=\"wp-block-list\">\n<li>Permeten la convalidaci\u00f3 segons c\u00e0rrega hor\u00e0ria:\n<ul class=\"wp-block-list\">\n<li>Entre 5 i 7 hores setmanals: Educaci\u00f3 f\u00edsica<\/li>\n\n\n\n<li>7 o m\u00e9s hores setmanals: Educaci\u00f3 f\u00edsica, optatives de 1r a 3r (2 hores setmanals), una optativa de 4t (3 hores setmanals m\u00e0xim)<\/li>\n<\/ul>\n<\/li>\n\n\n\n<li><a href=\"https:\/\/agora.xtec.cat\/insvalltenes\/docs\/convalidacio-per-estudis-de-dansa-en-una-escola-autoritzada\/\" target=\"_blank\" rel=\"noopener noreferrer\">Documentaci\u00f3<\/a> (sol\u00b7licitud i certificat de l&#8217;escola de dansa)<\/li>\n\n\n\n<li>Termini: 2 primers mesos del curs<\/li>\n<\/ul>\n<\/li>\n\n\n\n<li><strong>Estudis de m\u00fasica en un conservatori o centre professional<\/strong>\n<ul class=\"wp-block-list\">\n<li>Permeten la convalidaci\u00f3 de les mat\u00e8ria de M\u00fasica (de 1r a 3r d&#8217;ESO), optatives de 1r a 3r d&#8217;ESO (2 hores setmanals) i una mat\u00e8ria optativa de 4t d&#8217;ESO (3 hores setmanals com a m\u00e0xim)<\/li>\n\n\n\n<li><a href=\"https:\/\/agora.xtec.cat\/insvalltenes\/docs\/convalidacio-materies-eso-per-estudis-de-musica-en-conservatori-o-centre-professional\/\" target=\"_blank\" rel=\"noopener noreferrer\">Documentaci\u00f3<\/a> (sol\u00b7licitud i certificat del conservatori)<\/li>\n\n\n\n<li>Termini: 2 primers mesos del curs<\/li>\n<\/ul>\n<\/li>\n\n\n\n<li><strong>Estudis de m\u00fasica en una escola de m\u00fasica autoritzada<\/strong>\n<ul class=\"wp-block-list\">\n<li>Permeten la convalidaci\u00f3 segons c\u00e0rrega hor\u00e0ria:\n<ul class=\"wp-block-list\">\n<li>Entre 3 i 4 hores setmanals: mat\u00e8ries optatives de 1r a 3r d&#8217;ESO (2 hores setmanals) i una mat\u00e8ria optativa de 4t d&#8217;ESO (3 hores setmanals com a m\u00e0xim)<\/li>\n\n\n\n<li>4 o m\u00e9s hores setmanals: mat\u00e8ria de M\u00fasica (de 1r a 3r d&#8217;ESO), optatives de 1r a 3r d&#8217;ESO (2 hores setmanals) i una mat\u00e8ria optativa de 4t d&#8217;ESO (3 hores setmanals com a m\u00e0xim)<\/li>\n<\/ul>\n<\/li>\n\n\n\n<li><a href=\"https:\/\/agora.xtec.cat\/insvalltenes\/docs\/convalidacio-materies-eso-per-estudis-de-musica-en-una-escola-de-musica-autoritzada\/\" target=\"_blank\" rel=\"noopener noreferrer\">Documentaci\u00f3<\/a> (sol\u00b7licitud i certificat de l&#8217;escola de m\u00fasica)<\/li>\n\n\n\n<li>Termini: 2 primers mesos del curs<\/li>\n<\/ul>\n<\/li>\n\n\n\n<li><strong>Dedicaci\u00f3 significativa a l&#8217;esport<\/strong> (esportistes en programes d&#8217;alt rendiment)\n<ul class=\"wp-block-list\">\n<li>Permet convalidar la mat\u00e8ria d&#8217;Educaci\u00f3 f\u00edsica<\/li>\n\n\n\n<li>Requisits:\n<ul class=\"wp-block-list\">\n<li>Els alumnes amb dedicaci\u00f3 significativa a l&#8217;esport avalada pel Consell Catal\u00e0 de l&#8217;Esport\u00a0poden sol\u00b7licitar al director o directora del centre educatiu, en el primer trimestre del curs, que els reconeguin la mat\u00e8ria Educaci\u00f3 F\u00edsica. Per sol\u00b7licitar-ho, cal adjuntar a la sol\u00b7licitud, que ha d&#8217;estar signada pel pare, mare o tutors legals de l&#8217;alumne o alumna, el certificat del Consell Catal\u00e0 de l&#8217;Esport . Els alumnes poden obtenir aquest certificat quan siguin esportistes que figuren en el programa de tecnificaci\u00f3 (ARC) de la federaci\u00f3 catalana corresponent.<\/li>\n\n\n\n<li><a href=\"https:\/\/agora.xtec.cat\/insvalltenes\/docs\/sol3licitud-reconeixement-educacio-fisica\/\" target=\"_blank\" rel=\"noopener noreferrer\">Documentaci\u00f3<\/a> (sol\u00b7licitud)<\/li>\n<\/ul>\n<\/li>\n\n\n\n<li>Termini: 1r trimestre del curs<\/li>\n<\/ul>\n<\/li>\n\n\n\n<li><strong>Dedicaci\u00f3 significativa a l&#8217;esport<\/strong> (altres esportistes)\n<ul class=\"wp-block-list\">\n<li>Permet elaborar un PI adaptant adaptant els continguts que haur\u00e0 de fer l&#8217;alumne en la mat\u00e8ria d&#8217;Educaci\u00f3 F\u00edsica.<\/li>\n\n\n\n<li>Requisits:\n<ul class=\"wp-block-list\">\n<li>Certificat acreditatiu del pla d&#8217;entrenament i competicions, em\u00e8s pel club esportiu o pel centre de tecnificaci\u00f3 en qu\u00e8 s&#8217;entrena i competeix. Hi ha de constar el nivell i\/o categoria competitiva, el calendari i l&#8217;horari del pla d&#8217;entrenament i de competicions, el temps de despla\u00e7aments i la previsi\u00f3 anual de concentracions o d&#8217;altres circumst\u00e0ncies que es considerin rellevants.<\/li>\n\n\n\n<li>Declaraci\u00f3 responsable dels pares, mares o tutors o tutores legals amb el comprom\u00eds de col\u00b7laborar en el seguiment acad\u00e8mic i comunicar al centre de secund\u00e0ria els canvis que es puguin produir en els horaris de la pr\u00e0ctica esportiva de l&#8217;alumne o alumna (situacions d&#8217;abandonament de l&#8217;activitat esportiva, lesions o altres circumst\u00e0ncies).<\/li>\n<\/ul>\n<\/li>\n\n\n\n<li><a href=\"https:\/\/agora.xtec.cat\/insvalltenes\/docs\/adaptacio-educacio-fisica-alumnes-eso-amb-dedicacio-significativa-a-lesport\/\" target=\"_blank\" rel=\"noreferrer noopener\">Documentaci\u00f3<\/a> (sol\u00b7licitud)<\/li>\n<\/ul>\n<\/li>\n<\/ul>\n","protected":false},"excerpt":{"rendered":"","protected":false},"author":1,"featured_media":0,"parent":81,"menu_order":80,"comment_status":"closed","ping_status":"closed","template":"","meta":{"_bbp_topic_count":0,"_bbp_reply_count":0,"_bbp_total_topic_count":0,"_bbp_total_reply_count":0,"_bbp_voice_count":0,"_bbp_anonymous_reply_count":0,"_bbp_topic_count_hidden":0,"_bbp_reply_count_hidden":0,"_bbp_forum_subforum_count":0,"site-sidebar-layout":"default","site-content-layout":"","ast-site-content-layout":"default","site-content-style":"default","site-sidebar-style":"default","ast-global-header-display":"","ast-banner-title-visibility":"","ast-main-header-display":"","ast-hfb-above-header-display":"","ast-hfb-below-header-display":"","ast-hfb-mobile-header-display":"","site-post-title":"","ast-breadcrumbs-content":"","ast-featured-img":"","footer-sml-layout":"","theme-transparent-header-meta":"","adv-header-id-meta":"","stick-header-meta":"","header-above-stick-meta":"","header-main-stick-meta":"","header-below-stick-meta":"","astra-migrate-meta-layouts":"set","ast-page-background-enabled":"default","ast-page-background-meta":{"desktop":{"background-color":"var(--ast-global-color-4)","background-image":"","background-repeat":"repeat","background-position":"center center","background-size":"auto","background-attachment":"scroll","background-type":"","background-media":"","overlay-type":"","overlay-color":"","overlay-opacity":"","overlay-gradient":""},"tablet":{"background-color":"","background-image":"","background-repeat":"repeat","background-position":"center center","background-size":"auto","background-attachment":"scroll","background-type":"","background-media":"","overlay-type":"","overlay-color":"","overlay-opacity":"","overlay-gradient":""},"mobile":{"background-color":"","background-image":"","background-repeat":"repeat","background-position":"center center","background-size":"auto","background-attachment":"scroll","background-type":"","background-media":"","overlay-type":"","overlay-color":"","overlay-opacity":"","overlay-gradient":""}},"ast-content-background-meta":{"desktop":{"background-color":"var(--ast-global-color-5)","background-image":"","background-repeat":"repeat","background-position":"center center","background-size":"auto","background-attachment":"scroll","background-type":"","background-media":"","overlay-type":"","overlay-color":"","overlay-opacity":"","overlay-gradient":""},"tablet":{"background-color":"var(--ast-global-color-5)","background-image":"","background-repeat":"repeat","background-position":"center center","background-size":"auto","background-attachment":"scroll","background-type":"","background-media":"","overlay-type":"","overlay-color":"","overlay-opacity":"","overlay-gradient":""},"mobile":{"background-color":"var(--ast-global-color-5)","background-image":"","background-repeat":"repeat","background-position":"center center","background-size":"auto","background-attachment":"scroll","background-type":"","background-media":"","overlay-type":"","overlay-color":"","overlay-opacity":"","overlay-gradient":""}},"footnotes":""},"class_list":["post-2029","page","type-page","status-publish","hentry"],"post_mailing_queue_ids":[],"_links":{"self":[{"href":"https:\/\/agora.xtec.cat\/insvalltenes\/wp-json\/wp\/v2\/pages\/2029","targetHints":{"allow":["GET"]}}],"collection":[{"href":"https:\/\/agora.xtec.cat\/insvalltenes\/wp-json\/wp\/v2\/pages"}],"about":[{"href":"https:\/\/agora.xtec.cat\/insvalltenes\/wp-json\/wp\/v2\/types\/page"}],"author":[{"embeddable":true,"href":"https:\/\/agora.xtec.cat\/insvalltenes\/wp-json\/wp\/v2\/users\/1"}],"replies":[{"embeddable":true,"href":"https:\/\/agora.xtec.cat\/insvalltenes\/wp-json\/wp\/v2\/comments?post=2029"}],"version-history":[{"count":4,"href":"https:\/\/agora.xtec.cat\/insvalltenes\/wp-json\/wp\/v2\/pages\/2029\/revisions"}],"predecessor-version":[{"id":5164,"href":"https:\/\/agora.xtec.cat\/insvalltenes\/wp-json\/wp\/v2\/pages\/2029\/revisions\/5164"}],"up":[{"embeddable":true,"href":"https:\/\/agora.xtec.cat\/insvalltenes\/wp-json\/wp\/v2\/pages\/81"}],"wp:attachment":[{"href":"https:\/\/agora.xtec.cat\/insvalltenes\/wp-json\/wp\/v2\/media?parent=2029"}],"curies":[{"name":"wp","href":"https:\/\/api.w.org\/{rel}","templated":true}]}}