{"id":1973,"date":"2020-05-14T09:32:12","date_gmt":"2020-05-14T07:32:12","guid":{"rendered":"https:\/\/agora.xtec.cat\/insvalltenes\/?page_id=1973"},"modified":"2026-03-25T09:44:03","modified_gmt":"2026-03-25T08:44:03","slug":"preinscripcio-cicle-formatiu-grau-mitja","status":"publish","type":"page","link":"https:\/\/agora.xtec.cat\/insvalltenes\/secretaria\/preinscripcio-cicle-formatiu-grau-mitja\/","title":{"rendered":"Preinscripci\u00f3 Cicle Formatiu Grau Mitj\u00e0 2026-27"},"content":{"rendered":"<table class=\"ms-rteTable-7\" style=\"width: 100%; height: 921px;\" width=\"100%\" cellspacing=\"0\">\n<tbody>\n<tr style=\"height: 149px;\">\n<td style=\"width: 138.957%; background-color: #1c7e87; border-style: solid; border-color: #000000; height: 20px;\" colspan=\"3\">\n<h2><span class=\"ms-rteThemeForeColor-1-0\" style=\"color: #ffffff;\"><strong>Preinscripci\u00f3 de cicles formatius de grau mitj\u00e0<\/strong><\/span><\/h2>\n<\/td>\n<\/tr>\n<tr class=\"ms-rteTableHeaderRow-7\" style=\"height: 79px;\">\n<td class=\"ms-rteTableHeaderFirstCol-7\" style=\"width: 68.8802%; height: 47px; background-color: #a8a8a8; border-style: solid; border-color: #000000;\"><span class=\"ms-rteThemeForeColor-1-0\"><strong>Fases de la pr\u200bein\u200bscripci\u200b\u200b\u00f3\u200b\u200b<\/strong><\/span><\/td>\n<td class=\"ms-rteTableHeaderEvenCol-7\" style=\"width: 70.0772%; height: 47px; background-color: #a8a8a8; border-style: solid; border-color: #000000;\" colspan=\"2\"><strong>Dates<\/strong><\/td>\n<\/tr>\n<tr class=\"ms-rteTableEvenRow-7\" style=\"height: 57px;\">\n<td class=\"ms-rteTableFirstCol-7\" style=\"width: 68.8802%; height: 57px; border-style: solid; border-color: #000000;\">Difusi\u00f3 de l&#8217;oferta<\/td>\n<td class=\"ms-rteTableEvenCol-7\" style=\"width: 70.0772%; height: 57px; border-style: solid; border-color: #000000;\" colspan=\"2\"><strong>22 de maig \u200b<\/strong><\/td>\n<\/tr>\n<tr class=\"ms-rteTableOddRow-7\" style=\"height: 79px;\">\n<td class=\"ms-rteTableFirstCol-7\" style=\"width: 68.8802%; height: 79px; border-style: solid; border-color: #000000;\"><strong>Presentaci\u00f3 de sol\u00b7licituds\u00a0(electr\u00f2nica o de suport inform\u00e0tic)<\/strong><\/td>\n<td class=\"ms-rteTableEvenCol-7\" style=\"width: 70.0772%; height: 79px; border-style: solid; border-color: #000000;\" colspan=\"2\"><strong>Del 26 de maig a l&#8217;1 de juny<\/strong><\/td>\n<\/tr>\n<tr class=\"ms-rteTableEvenRow-7\" style=\"height: 57px;\">\n<td class=\"ms-rteTableFirstCol-7\" style=\"width: 68.8802%; height: 57px; border-style: solid; border-color: #000000;\"><strong>Presentaci\u00f3 de documentaci\u00f3<\/strong><\/td>\n<td class=\"ms-rteTableEvenCol-7\" style=\"width: 70.0772%; height: 57px; border-style: solid; border-color: #000000;\" colspan=\"2\">Fins al 2 de juny<\/td>\n<\/tr>\n<tr class=\"ms-rteTableEvenRow-7\" style=\"height: 57px;\">\n<td class=\"ms-rteTableFirstCol-7\" style=\"width: 68.8802%; height: 57px; border-style: solid; border-color: #000000;\">Publicaci\u00f3 de la llista de sol\u00b7licituds amb la puntuaci\u00f3 provisional<\/td>\n<td class=\"ms-rteTableEvenCol-7\" style=\"width: 70.0772%; height: 57px; border-style: solid; border-color: #000000;\" colspan=\"2\">29 de juny<\/td>\n<\/tr>\n<tr class=\"ms-rteTableOddRow-7\" style=\"height: 79px;\">\n<td class=\"ms-rteTableFirstCol-7\" style=\"width: 68.8802%; height: 79px; border-style: solid; border-color: #000000;\">Per\u00edode de reclamacions a la llista d&#8217;admesos i exclosos<\/td>\n<td class=\"ms-rteTableEvenCol-7\" style=\"width: 70.0772%; height: 79px; border-style: solid; border-color: #000000;\" colspan=\"2\">Del 29 de juny al 2 de juliol<\/td>\n<\/tr>\n<tr class=\"ms-rteTableOddRow-7\" style=\"height: 57px;\">\n<td class=\"ms-rteTableFirstCol-7\" style=\"width: 68.8802%; height: 38px; border-style: solid; border-color: #000000;\">Publicaci\u00f3 de sol\u00b7licituds amb la puntuaci\u00f3 un cop resoltes les reclamacions<\/td>\n<td class=\"ms-rteTableEvenCol-7\" style=\"height: 38px; border-style: solid; border-color: #000000; width: 70.0772%;\" colspan=\"2\">7 de juliol<\/td>\n<\/tr>\n<tr class=\"ms-rteTableOddRow-7\" style=\"height: 79px;\">\n<td class=\"ms-rteTableFirstCol-7\" style=\"width: 68.8802%; height: 79px; border-style: solid; border-color: #000000;\">Oferta final de places: publicaci\u00f3 del nombre de places per centre i curs<\/td>\n<td style=\"border-style: solid; border-color: #000000; width: 70.0772%; height: 79px;\" colspan=\"2\"><strong><br \/>\u200b10 de juliol<\/strong><br \/><strong><br \/><\/strong><\/td>\n<\/tr>\n<tr class=\"ms-rteTableEvenRow-7\" style=\"height: 57px;\">\n<td class=\"ms-rteTableFirstCol-7\" style=\"width: 68.8802%; height: 57px; border-style: solid; border-color: #000000;\">Llista de places assignades de la <strong>primera tanda<\/strong>, amb indicaci\u00f3 de la petici\u00f3 de l&#8217;alumne\/a atesa: d&#8217;aquesta primera tanda d&#8217;assignacions s&#8217;obre un per\u00edode de matr\u00edcula per als alumnes que han obtingut la seva primera petici\u00f3.<\/td>\n<td class=\"ms-rteTableEvenCol-7\" style=\"width: 70.0772%; height: 57px; border-style: solid; border-color: #000000;\" colspan=\"2\">10 de juliol<\/td>\n<\/tr>\n<tr class=\"ms-rteTableOddRow-7\" style=\"height: 57px;\">\n<td class=\"ms-rteTableFirstCol-7\" style=\"width: 68.8802%; height: 57px; border-style: solid; border-color: #000000;\"><strong>Per\u00edode de matriculaci\u00f3<\/strong> per als alumnes als quals se&#8217;ls ha assignat la seva <strong>primera opci\u00f3<\/strong> en la <strong>primera tanda<\/strong> d&#8217;assignaci\u00f3.<\/td>\n<td class=\"ms-rteTableEvenCol-7\" style=\"width: 70.0772%; height: 57px; border-style: solid; border-color: #000000;\" colspan=\"2\">Del 10 al 14 de juliol<\/td>\n<\/tr>\n<tr class=\"ms-rteTableEvenRow-7\" style=\"height: 79px;\">\n<td class=\"ms-rteTableFirstCol-7\" style=\"width: 68.8802%; height: 79px; border-style: solid; border-color: #000000;\">Llista de places assignades de la <strong>segona tanda<\/strong> d&#8217;assignaci\u00f3<\/td>\n<td class=\"ms-rteTableEvenCol-7\" style=\"width: 70.0772%; height: 79px; border-style: solid; border-color: #000000;\" colspan=\"2\">\u200b24 de juliol<\/td>\n<\/tr>\n<tr class=\"ms-rteTableOddRow-7\" style=\"height: 57px;\">\n<td class=\"ms-rteTableFirstCol-7\" style=\"width: 68.8802%; height: 57px; border-style: solid; border-color: #000000;\"><strong>Per\u00edode de matriculaci\u00f3<\/strong> per als alumnes que han obtingut pla\u00e7a en la <strong>segona tanda<\/strong> d&#8217;assignaci\u00f3<\/td>\n<td class=\"ms-rteTableEvenCol-7\" style=\"width: 70.0772%; height: 57px; border-style: solid; border-color: #000000;\" colspan=\"2\">Del 24 al 28 de juliol<\/td>\n<\/tr>\n<\/tbody>\n<\/table>\n<table style=\"width: 100%;\">\n<tbody>\n<tr>\n<td style=\"width: 139.657%;\" colspan=\"3\"><b>A l&#8217;hora de completar la matriculaci\u00f3, l&#8217;alumnat que ha confirmat la matr\u00edcula en l\u00ednia pot presentar la documentaci\u00f3 al centre assignat:<\/b><\/td>\n<\/tr>\n<tr>\n<td style=\"width: 69.3694%;\"><span style=\"font-weight: 400;\">Per\u00edode per completar la matr\u00edcula al centre (<\/span><b>1a<\/b><span style=\"font-weight: 400;\"> tanda): Si t&#8217;han assignat la 1a opci\u00f3 en la 1a tanda d&#8217;assignaci\u00f3 i has confirmat la matr\u00edcula en l\u00ednia.<\/span><\/td>\n<td style=\"width: 70.2877%;\" colspan=\"2\"><b>Fins al 16 de juliol a les 14 h<\/b><\/td>\n<\/tr>\n<tr>\n<td style=\"width: 69.3694%;\"><span style=\"font-weight: 400;\">Per\u00edode per completar la matr\u00edcula al centre (<\/span><b>2a<\/b><span style=\"font-weight: 400;\"> tanda): S<\/span><span style=\"font-weight: 400;\">i has confirmat la matr\u00edcula en l\u00ednia de la pla\u00e7a assignada en la 2a tanda d&#8217;assignaci\u00f3.<\/span><\/td>\n<td style=\"width: 70.2877%;\" colspan=\"2\"><b>Entre l&#8217;1 i el 3 de setembre<\/b><\/td>\n<\/tr>\n<\/tbody>\n<\/table>\n<p>Codi de centre:\u00a0<b>08077174<\/b><\/p>\n<h4><strong>1. Com fer la preinscripci\u00f3 a cicles formatius<\/strong><\/h4>\n<p>La preinscripci\u00f3 de formaci\u00f3 professional de grau mitj\u00e0 es pot fer en format electr\u00f2nic si la persona que fa el tr\u00e0mit t\u00e9 una eina d\u2019identificaci\u00f3 digital, o en suport inform\u00e0tic si no en disposa. Les dues opcions es poden fer dins el mateix web de preinscripci\u00f3.<\/p>\n<p>Preinscripci\u00f3 en format electr\u00f2nic<\/p>\n<ol>\n<li aria-level=\"1\">Ves a l\u2019apartat Preinscripci\u00f3 del web del Departament d\u2019Educaci\u00f3 de la Generalitat de Catalunya i escull el formulari en format electr\u00f2nic. Per fer-ho necessitar\u00e0s una eina d\u2019identificaci\u00f3 digital com el DNI electr\u00f2nic, la T-CAT, el sistema Cl@ve o l\u2019idCAT M\u00f2bil.<\/li>\n<li aria-level=\"1\">Introdueix el n\u00famero identificador de l\u2019alumne, el RALC.<\/li>\n<li aria-level=\"1\">Obre el formulari de preinscripci\u00f3 i omple totes les dades personals que se\u2019t demanin.<\/li>\n<li aria-level=\"1\">Indica el codi dels cicles als quals voleu accedir. Trobareu els codis a la pestanya <em>Descripci\u00f3<\/em> de cada estudi.<\/li>\n<li aria-level=\"1\">Indica el llistat ordenat de centres, cicles o torns als quals t\u2019agradaria accedir ordenats per ordre de prefer\u00e8ncia.<\/li>\n<li aria-level=\"1\">Especifica totes les circumst\u00e0ncies especials que acreditin la teva sol\u00b7licitud (resid\u00e8ncia habitual, si t\u00e9 alguna necessitat educativa espec\u00edfica\u2026).<\/li>\n<li aria-level=\"1\">Adjunta tota la informaci\u00f3 escanejada o fotografiada que es requereixi.<\/li>\n<li aria-level=\"1\">Envia la sol\u00b7licitud de preinscripci\u00f3.<\/li>\n<\/ol>\n<p>Preinscripci\u00f3 en suport inform\u00e0tic<\/p>\n<ol>\n<li aria-level=\"1\">Ves a l\u2019apartat Preinscripci\u00f3 del web del Departament d\u2019Educaci\u00f3 de la Generalitat de Catalunya i escull el formulari en suport inform\u00e0tic.<\/li>\n<li aria-level=\"1\">Obre el formulari de preinscripci\u00f3 i omple totes les dades personals que se\u2019t demanin.<\/li>\n<li aria-level=\"1\">Indica el codi dels cicles als quals voleu accedir. Trobareu els codis a la pestanya <em>Descripci\u00f3<\/em> de cada estudi.<\/li>\n<li aria-level=\"1\">Indica el llistat ordenat de centres, cicles o torns als quals t\u2019agradaria accedir ordenats per ordre de prefer\u00e8ncia.<\/li>\n<li aria-level=\"1\">Especifica totes les circumst\u00e0ncies especials que acreditin la teva sol\u00b7licitud (resid\u00e8ncia habitual, si t\u00e9 alguna necessitat educativa espec\u00edfica\u2026).<\/li>\n<li aria-level=\"1\">Adjunta tota la informaci\u00f3 escanejada o fotografiada que es requereixi.<\/li>\n<li aria-level=\"1\">Envia la sol\u00b7licitud de preinscripci\u00f3.<\/li>\n<\/ol>\n<p>Un cop enviada la sol\u00b7licitud de preinscripci\u00f3 rebr\u00e0s un resguard per correu electr\u00f2nic. No cal que presentis f\u00edsicament la preinscripci\u00f3 al centre.<\/p>\n<p>Recorda: Nom\u00e9s es pot presentar una sol\u00b7licitud de preinscripci\u00f3 per alumne o alumna.<\/p>\n<p><a href=\"http:\/\/educacio.gencat.cat\/ca\/tramits\/tramits-temes\/9420-FP-grau-mitja?category=74447ed8-a82c-11e3-a972-000c29052e2c&amp;moda=1\">Presentar la sol\u00b7licitud de preinscripci\u00f3<\/a><\/p>\n<div>\n<div class=\"row\">\n<div class=\"basic_text_peq col-xs-1\">\n<div class=\"pd-1x link-dotted\">\n<h4>2. Criteris d&#8217;assignaci\u00f3 de pla\u00e7a<\/h4>\n<p>Les sol\u00b7licituds de preinscripci\u00f3 a la formaci\u00f3 professional s&#8217;ordenen segons els processos determinats i les diferents\u202f<strong>vies d&#8217;acc\u00e9s als cicles<\/strong>, i dins de cada via d&#8217;acc\u00e9s s&#8217;ordenen segons\u202fel\u00a0<strong>criteri de prioritat de la qualificaci\u00f3 mitjana\u00a0<\/strong>dels estudis, del curs o de la prova d&#8217;acc\u00e9s de cada alumne. A m\u00e9s, s&#8217;atorga un n\u00famero\u00a0a cada sol\u00b7licitud de forma aleat\u00f2ria. Aquest n\u00famero s&#8217;utilitzar\u00e0 en cas d&#8217;empat: s&#8217;obt\u00e9 un n\u00famero obtingut per sorteig, i a partir d&#8217;aquest s&#8217;ordenen les sol\u00b7licituds empatades.<\/p>\n<p>Com que hi ha una \u00fanica oferta, \u00e9s a dir, primer s&#8217;assignen, si \u00e9s possible, les sol\u00b7licituds admeses al proc\u00e9s per a l&#8217;alumnat de continu\u00eftat d&#8217;escolaritzaci\u00f3 i, posteriorment i amb les places resultants, s&#8217;assignen les sol\u00b7licituds del procediment per a la resta de l&#8217;alumnat.<\/p>\n<\/div>\n<\/div>\n<\/div>\n<\/div>\n<div>\n<div>\n<div class=\"row\">\n<div class=\"col-xs-12 columna_esquerra\">\n<div class=\"cos_bloc basic_text_peq pd-15 link-dotted\">\n<p>Hi ha 3 vies per proc\u00e9s per accedir a les places a cicles formatius:<\/p>\n<ol>\n<li><strong>Alumnat que est\u00e0 cursant 4t d&#8217;ESO<\/strong> o que est\u00e0 escolaritzat en un sistema educatiu estranger en un nivell equivalent a 4t d&#8217;ESO, o b\u00e9 com a t\u00e8cnic de grau b\u00e0sic d&#8217;FP. Es reserven per a les sol\u00b7licituds que arriben per aquesta via un 80% de les places.<\/li>\n<li><strong>Per a qui accedeix amb el CAM o ha superat la prova d&#8217;acc\u00e9s a grau mitj\u00e0<\/strong>. Es reserven per a les sol\u00b7licituds que arriben per aquesta via un 15% de les places.<\/li>\n<li><strong>Per a qui accedeix com a t\u00e8cnic de grau mitj\u00e0 i superior.<\/strong> Es reserven per a les sol\u00b7licituds que arriben per aquesta via un 5% de les places.<\/li>\n<\/ol>\n<p><b style=\"font-size: 1.4375em;\">3. Documentaci\u00f3 necess\u00e0ria per fer la preinscripci\u00f3:<\/b><\/p>\n<\/div>\n<\/div>\n<\/div>\n<\/div>\n<\/div>\n<ul>\n<li style=\"font-weight: 400;\" aria-level=\"1\"><span style=\"font-weight: 400;\">Codi identificador de l&#8217;alumne o l&#8217;alumna, RALC: Quan les sol\u00b7licituds de preinscripci\u00f3 es fan electr\u00f2nicament cal tenir preparat el codi identificador de l&#8217;alumne o l&#8217;alumna. Aquest codi es pot consultar en aquest mateix web, en l&#8217;apartat Consulta de l&#8217;identificador de l&#8217;alumne. <\/span><span style=\"font-weight: 400;\">Per fer la consulta i obtenir el n\u00famero d&#8217;identificador, el pare, la mare o el tutor o la tutora legal que faci el tr\u00e0mit s&#8217;ha d&#8217;autenticar electr\u00f2nicament<\/span><span style=\"font-weight: 400;\">. El portal sol\u00b7licita la data de naixement de l&#8217;alumne i, un cop validada, mostra la informaci\u00f3 en pantalla. \u00c9s important verificar tamb\u00e9 que tota la informaci\u00f3 que hi apareix \u00e9s correcta. En cas contrari, cal sol\u00b7licitar una rectificaci\u00f3 de les dades.<\/span><\/li>\n<li style=\"font-weight: 400;\" aria-level=\"1\"><span style=\"font-weight: 400;\">Documentaci\u00f3 identificativa. \u00c9s necess\u00e0ria quan l&#8217;alumne no t\u00e9 el codi identificador o si la sol\u00b7licitud es fa en suport inform\u00e0tic: El llibre de fam\u00edlia i DNI del pare, la mare o el tutor o tutora que fa la gesti\u00f3 si l&#8217;alumne \u00e9s menor. Si \u00e9s el cas, el passaport o document d&#8217;identitat d&#8217;un pa\u00eds membre de la Uni\u00f3 Europea. Si l&#8217;alumne \u00e9s major de 18 nom\u00e9s cal presentar el seu DNI. Cal escanejar o fotografiar aquesta documentaci\u00f3 i adjuntar-la.<\/span><\/li>\n<li style=\"font-weight: 400;\" aria-level=\"1\"><span style=\"font-weight: 400;\">Documentaci\u00f3 de criteris de prioritat: en general, nom\u00e9s cal adjuntar la documentaci\u00f3 acreditativa escanejada o fotografiada si n&#8217;ha pogut obtenir o verificar la informaci\u00f3 a trav\u00e9s de la consulta autom\u00e0tica. Tanmateix, hi ha casos en qu\u00e8 sempre cal adjuntar la documentaci\u00f3 acreditativa:<\/span>\n<ul>\n<li style=\"font-weight: 400;\" aria-level=\"2\"><span style=\"font-weight: 400;\">El contracte laboral, certificat d&#8217;empresa o document de l&#8217;Ag\u00e8ncia Tribut\u00e0ria per justificar la proximitat del lloc de treball del pare, la mare, el tutor o tutora al centre escollit en primer lloc.<\/span><\/li>\n<li style=\"font-weight: 400;\" aria-level=\"2\"><span style=\"font-weight: 400;\">L&#8217;acreditaci\u00f3 de la renda garantida de ciutadania.<\/span><\/li>\n<li style=\"font-weight: 400;\" aria-level=\"2\"><span style=\"font-weight: 400;\">L&#8217;acreditaci\u00f3 de la discapacitat quan s&#8217;hagi obtingut en una altra comunitat aut\u00f2noma.<\/span><\/li>\n<li style=\"font-weight: 400;\" aria-level=\"2\"><span style=\"font-weight: 400;\">El carnet de fam\u00edlia nombrosa o monoparental quan s&#8217;hagi obtingut en una altra comunitat aut\u00f2noma.<\/span><\/li>\n<\/ul>\n<\/li>\n<li style=\"font-weight: 400;\" aria-level=\"1\"><span style=\"font-weight: 400;\">Documentaci\u00f3 acreditativa de l&#8217;expedient acad\u00e8mic.<\/span><span style=\"font-weight: 400;\"><br \/><\/span><span style=\"font-weight: 400;\">Si es tracta d&#8217;alumnes que han finalitzat l&#8217;ESO a partir del curs 2017-2018 o estan cursant quart d&#8217;ESO actualment, no cal presentar cap acreditaci\u00f3 perqu\u00e8 s&#8217;obt\u00e9 autom\u00e0ticament del Departament d&#8217;Educaci\u00f3. En la resta de casos cal presentar:<\/span>\n<ul>\n<li style=\"font-weight: 400;\" aria-level=\"2\"><span style=\"font-weight: 400;\">Si es tracta d&#8217;estudis antics, cal anar a la p\u00e0gina 27 del llibre d&#8217;escolaritat d&#8217;ensenyament b\u00e0sic on apareix la qualificaci\u00f3 mitjana de l&#8217;etapa en forma num\u00e8rica.<\/span><\/li>\n<li style=\"font-weight: 400;\" aria-level=\"2\"><span style=\"font-weight: 400;\">Si es tracta d&#8217;estudis estrangers homologats, es necessita la qualificaci\u00f3 mitjana que apareix a la credencial d&#8217;homologaci\u00f3. Si no hi apareix, es pot demanar el c\u00e0lcul a la Direcci\u00f3 General d&#8217;Atenci\u00f3 a la Fam\u00edlia i a la Comunitat Educativa. Si no s&#8217;obt\u00e9 per qualsevol motiu, es considera que la puntuaci\u00f3 \u00e9s un 5.<\/span><\/li>\n<li style=\"font-weight: 400;\" aria-level=\"2\"><span style=\"font-weight: 400;\">Si es tracta d&#8217;estudis estrangers que encara s&#8217;estan cursant en el moment de preinscripci\u00f3, es pot presentar una declaraci\u00f3 responsable seguint el model que trobareu en aquest mateix web. En aquest cas la puntuaci\u00f3 es considera que \u00e9s un 5.<\/span><\/li>\n<\/ul>\n<\/li>\n<\/ul>\n<p><span style=\"font-weight: 400;\">Per a m\u00e9s informaci\u00f3 poden accedir a la seg\u00fcent p\u00e0gina:<\/span><\/p>\n<p><a href=\"https:\/\/preinscripcio.gencat.cat\/\"><b>https:\/\/preinscripcio.gencat.cat\/<\/b><\/a><\/p>\n<p><span style=\"font-weight: 400;\">Igualment, estem a la seva disposici\u00f3 per qualsevol dubte que puguin tenir a: <\/span><span style=\"font-weight: 400;\">secretaria@iesvalltenes.cat<\/span><span style=\"font-weight: 400;\"> o <\/span><b>938448225<\/b><\/p>\n\n\n<p><\/p>\n\n\n\n<h3 class=\"wp-block-heading\"><\/h3>\n\n\n\n<p><\/p>\n\n\n\n<p><\/p>\n\n\n\n<p><\/p>\n\n\n\n<p><\/p>\n\n\n\n<p><\/p>\n\n\n\n<p><\/p>\n\n\n\n<p><\/p>\n","protected":false},"excerpt":{"rendered":"<p>Preinscripci\u00f3 de cicles formatius de grau mitj\u00e0 Fases de la pr\u200bein\u200bscripci\u200b\u200b\u00f3\u200b\u200b Dates Difusi\u00f3 de l&#8217;oferta 22 de maig \u200b Presentaci\u00f3 de sol\u00b7licituds\u00a0(electr\u00f2nica o de suport inform\u00e0tic) Del 26 de maig a l&#8217;1 de juny Presentaci\u00f3 de documentaci\u00f3 Fins al 2 de juny Publicaci\u00f3 de la llista de sol\u00b7licituds amb la puntuaci\u00f3 provisional 29 de juny [&hellip;]<\/p>\n","protected":false},"author":1,"featured_media":0,"parent":81,"menu_order":40,"comment_status":"closed","ping_status":"closed","template":"","meta":{"_bbp_topic_count":0,"_bbp_reply_count":0,"_bbp_total_topic_count":0,"_bbp_total_reply_count":0,"_bbp_voice_count":0,"_bbp_anonymous_reply_count":0,"_bbp_topic_count_hidden":0,"_bbp_reply_count_hidden":0,"_bbp_forum_subforum_count":0,"site-sidebar-layout":"default","site-content-layout":"","ast-site-content-layout":"default","site-content-style":"default","site-sidebar-style":"default","ast-global-header-display":"","ast-banner-title-visibility":"","ast-main-header-display":"","ast-hfb-above-header-display":"","ast-hfb-below-header-display":"","ast-hfb-mobile-header-display":"","site-post-title":"","ast-breadcrumbs-content":"","ast-featured-img":"","footer-sml-layout":"","theme-transparent-header-meta":"","adv-header-id-meta":"","stick-header-meta":"","header-above-stick-meta":"","header-main-stick-meta":"","header-below-stick-meta":"","astra-migrate-meta-layouts":"set","ast-page-background-enabled":"default","ast-page-background-meta":{"desktop":{"background-color":"var(--ast-global-color-4)","background-image":"","background-repeat":"repeat","background-position":"center center","background-size":"auto","background-attachment":"scroll","background-type":"","background-media":"","overlay-type":"","overlay-color":"","overlay-opacity":"","overlay-gradient":""},"tablet":{"background-color":"","background-image":"","background-repeat":"repeat","background-position":"center center","background-size":"auto","background-attachment":"scroll","background-type":"","background-media":"","overlay-type":"","overlay-color":"","overlay-opacity":"","overlay-gradient":""},"mobile":{"background-color":"","background-image":"","background-repeat":"repeat","background-position":"center center","background-size":"auto","background-attachment":"scroll","background-type":"","background-media":"","overlay-type":"","overlay-color":"","overlay-opacity":"","overlay-gradient":""}},"ast-content-background-meta":{"desktop":{"background-color":"var(--ast-global-color-5)","background-image":"","background-repeat":"repeat","background-position":"center center","background-size":"auto","background-attachment":"scroll","background-type":"","background-media":"","overlay-type":"","overlay-color":"","overlay-opacity":"","overlay-gradient":""},"tablet":{"background-color":"var(--ast-global-color-5)","background-image":"","background-repeat":"repeat","background-position":"center center","background-size":"auto","background-attachment":"scroll","background-type":"","background-media":"","overlay-type":"","overlay-color":"","overlay-opacity":"","overlay-gradient":""},"mobile":{"background-color":"var(--ast-global-color-5)","background-image":"","background-repeat":"repeat","background-position":"center center","background-size":"auto","background-attachment":"scroll","background-type":"","background-media":"","overlay-type":"","overlay-color":"","overlay-opacity":"","overlay-gradient":""}},"footnotes":""},"class_list":["post-1973","page","type-page","status-publish","hentry"],"post_mailing_queue_ids":[],"_links":{"self":[{"href":"https:\/\/agora.xtec.cat\/insvalltenes\/wp-json\/wp\/v2\/pages\/1973","targetHints":{"allow":["GET"]}}],"collection":[{"href":"https:\/\/agora.xtec.cat\/insvalltenes\/wp-json\/wp\/v2\/pages"}],"about":[{"href":"https:\/\/agora.xtec.cat\/insvalltenes\/wp-json\/wp\/v2\/types\/page"}],"author":[{"embeddable":true,"href":"https:\/\/agora.xtec.cat\/insvalltenes\/wp-json\/wp\/v2\/users\/1"}],"replies":[{"embeddable":true,"href":"https:\/\/agora.xtec.cat\/insvalltenes\/wp-json\/wp\/v2\/comments?post=1973"}],"version-history":[{"count":5,"href":"https:\/\/agora.xtec.cat\/insvalltenes\/wp-json\/wp\/v2\/pages\/1973\/revisions"}],"predecessor-version":[{"id":5947,"href":"https:\/\/agora.xtec.cat\/insvalltenes\/wp-json\/wp\/v2\/pages\/1973\/revisions\/5947"}],"up":[{"embeddable":true,"href":"https:\/\/agora.xtec.cat\/insvalltenes\/wp-json\/wp\/v2\/pages\/81"}],"wp:attachment":[{"href":"https:\/\/agora.xtec.cat\/insvalltenes\/wp-json\/wp\/v2\/media?parent=1973"}],"curies":[{"name":"wp","href":"https:\/\/api.w.org\/{rel}","templated":true}]}}