{"id":1922,"date":"2020-05-07T20:47:17","date_gmt":"2020-05-07T18:47:17","guid":{"rendered":"https:\/\/agora.xtec.cat\/insvalltenes\/?page_id=1922"},"modified":"2026-03-11T19:38:06","modified_gmt":"2026-03-11T18:38:06","slug":"preinscripcio-batxillerat-2024-25","status":"publish","type":"page","link":"https:\/\/agora.xtec.cat\/insvalltenes\/secretaria\/preinscripcio-batxillerat-2024-25\/","title":{"rendered":"Preinscripci\u00f3 Batxillerat 2026-27"},"content":{"rendered":"<table class=\"ms-rteTable-7\" style=\"width: 100%; height: 878px;\" width=\"100%\" cellspacing=\"0\">\n<tbody>\n<tr style=\"height: 85px;\">\n<td style=\"width: 76.4569%; background-color: #1c7e87; height: 85px; border-color: #000000; border-style: solid;\">\n<h2><span class=\"ms-rteThemeForeColor-1-0\" style=\"color: #ffffff;\"><strong>Calendari de preinscripci\u00f3 del batxillerat<\/strong><\/span><\/h2>\n<\/td>\n<td style=\"width: 23.4266%; background-color: #1c7e87; height: 85px; border-color: #000000; border-style: solid;\"><span class=\"ms-rteThemeForeColor-1-0\"><strong>\u00a0<\/strong><\/span><\/td>\n<\/tr>\n<tr class=\"ms-rteTableHeaderRow-7\" style=\"height: 57px;\">\n<td class=\"ms-rteTableHeaderFirstCol-7\" style=\"width: 76.4569%; height: 57px; border-color: #000000; border-style: solid;\"><span class=\"ms-rteThemeForeColor-1-0\"><strong>Fases de la pr\u200beinscripci\u00f3\u200b\u200b<\/strong><\/span><\/td>\n<td class=\"ms-rteTableHeaderEvenCol-7\" style=\"width: 23.4266%; height: 57px; border-color: #000000; border-style: solid;\"><span class=\"ms-rteThemeForeColor-1-0\"><strong>Dates<\/strong><\/span><\/td>\n<\/tr>\n<tr class=\"ms-rteTableEvenRow-7\" style=\"height: 57px;\">\n<td class=\"ms-rteTableFirstCol-7\" style=\"width: 76.4569%; height: 57px; border-color: #000000; border-style: solid;\">Publicaci\u00f3 de l&#8217;oferta inicial<\/td>\n<td class=\"ms-rteTableEvenCol-7\" style=\"width: 23.4266%; height: 57px; border-color: #000000; border-style: solid;\">8 d&#8217;abril<\/td>\n<\/tr>\n<tr class=\"ms-rteTableOddRow-7\" style=\"height: 57px;\">\n<td class=\"ms-rteTableFirstCol-7\" style=\"width: 76.4569%; height: 57px; border-color: #000000; border-style: solid;\"><strong>Presentaci\u00f3 de sol\u00b7licituds\u00a0<\/strong><\/td>\n<td class=\"ms-rteTableEvenCol-7\" style=\"width: 23.4266%; height: 57px; border-color: #000000; border-style: solid;\"><strong>Del 9 al 16 d&#8217;abril<\/strong><\/td>\n<\/tr>\n<tr class=\"ms-rteTableEvenRow-7\" style=\"height: 57px;\">\n<td class=\"ms-rteTableFirstCol-7\" style=\"width: 76.4569%; height: 57px; border-color: #000000; border-style: solid;\">Presentaci\u00f3 de documentaci\u00f3<\/td>\n<td class=\"ms-rteTableEvenCol-7\" style=\"width: 23.4266%; height: 57px; border-color: #000000; border-style: solid;\">Fins a l&#8217;17 d&#8217;abril<\/td>\n<\/tr>\n<tr class=\"ms-rteTableOddRow-7\" style=\"height: 57px;\">\n<td class=\"ms-rteTableFirstCol-7\" style=\"width: 76.4569%; height: 52px; border-color: #000000; border-style: solid;\"><strong>Publicaci\u00f3 de la llista de sol\u00b7licituds amb la puntuaci\u00f3 provisional<\/strong><\/td>\n<td class=\"ms-rteTableEvenCol-7\" style=\"width: 23.4266%; height: 52px; border-color: #000000; border-style: solid;\"><strong>14 de maig<\/strong><\/td>\n<\/tr>\n<tr class=\"ms-rteTableEvenRow-7\" style=\"height: 57px;\">\n<td class=\"ms-rteTableFirstCol-7\" style=\"width: 76.4569%; height: 57px; border-color: #000000; border-style: solid;\">Presentaci\u00f3 de reclamacions al barem provisional<\/td>\n<td class=\"ms-rteTableEvenCol-7\" style=\"width: 23.4266%; height: 57px; border-color: #000000; border-style: solid;\">Del 14 al 20 de maig<\/td>\n<\/tr>\n<tr class=\"ms-rteTableOddRow-7\" style=\"height: 57px;\">\n<td class=\"ms-rteTableFirstCol-7\" style=\"width: 76.4569%; height: 57px; border-color: #000000; border-style: solid;\">Resoluci\u00f3 de\u00a0reclamacions<\/td>\n<td class=\"ms-rteTableEvenCol-7\" style=\"width: 23.4266%; height: 57px; border-color: #000000; border-style: solid;\">Del 14 al 21 de maig<\/td>\n<\/tr>\n<tr class=\"ms-rteTableEvenRow-7\" style=\"height: 57px;\">\n<td class=\"ms-rteTableFirstCol-7\" style=\"width: 76.4569%; height: 57px; border-color: #000000; border-style: solid;\"><strong>Publicaci\u00f3 de la llista amb la puntuaci\u00f3, un cop resoltes les reclamacions<\/strong><\/td>\n<td class=\"ms-rteTableEvenCol-7\" style=\"width: 23.4266%; height: 57px; border-color: #000000; border-style: solid;\"><strong>26 de maig<\/strong><\/td>\n<\/tr>\n<tr class=\"ms-rteTableOddRow-7\" style=\"height: 57px;\">\n<td class=\"ms-rteTableFirstCol-7\" style=\"width: 76.4569%; height: 57px; border-color: #000000; border-style: solid;\"><strong>Sorteig<\/strong><\/td>\n<td class=\"ms-rteTableEvenCol-7\" style=\"width: 23.4266%; height: 57px; border-color: #000000; border-style: solid;\"><strong>26 de maig<\/strong><\/td>\n<\/tr>\n<tr class=\"ms-rteTableOddRow-7\" style=\"height: 57px;\">\n<td class=\"ms-rteTableFirstCol-7\" style=\"width: 76.4569%; height: 57px; border-color: #000000; border-style: solid;\">Publicaci\u00f3 de la llista ordenada<\/td>\n<td class=\"ms-rteTableEvenCol-7\" style=\"width: 23.4266%; height: 57px; border-color: #000000; border-style: solid;\">29 de maig<\/td>\n<\/tr>\n<tr class=\"ms-rteTableEvenRow-7\" style=\"height: 57px;\">\n<td class=\"ms-rteTableFirstCol-7\" style=\"width: 76.4569%; height: 57px; border-color: #000000; border-style: solid;\">Publicaci\u00f3 de l&#8217;oferta final<\/td>\n<td class=\"ms-rteTableEvenCol-7\" style=\"width: 23.4266%; height: 57px; border-color: #000000; border-style: solid;\">17 de juny<\/td>\n<\/tr>\n<tr class=\"ms-rteTableOddRow-7\" style=\"height: 57px;\">\n<td class=\"ms-rteTableFirstCol-7\" style=\"width: 76.4569%; height: 57px; border-color: #000000; border-style: solid;\">Publicaci\u00f3 de la llista d&#8217;admesos i la llista d&#8217;espera<\/td>\n<td class=\"ms-rteTableEvenCol-7\" style=\"width: 23.4266%; height: 57px; border-color: #000000; border-style: solid;\">17 de juny<\/td>\n<\/tr>\n<tr class=\"ms-rteTableEvenRow-7\" style=\"height: 57px;\">\n<td class=\"ms-rteTableFirstCol-7\" style=\"width: 76.4569%; height: 57px; border-color: #000000; border-style: solid;\"><strong>Per\u00edode de matr\u00edcula ordin\u00e0ria<\/strong><\/td>\n<td class=\"ms-rteTableEvenCol-7\" style=\"width: 23.4266%; height: 57px; border-color: #000000; border-style: solid;\"><strong>Del 18 al 30 de juny<\/strong><\/td>\n<\/tr>\n<\/tbody>\n<\/table>\n<p><span style=\"font-weight: 400;\">Codi de centre: <\/span><b style=\"font-family: inherit; font-size: 1em;\">08077174<\/b><\/p>\n<h4><strong>1. Com fer la preinscripci\u00f3 a batxillerat<\/strong><\/h4>\n<p><span style=\"font-weight: 400;\">La preinscripci\u00f3 de batxillerat es pot fer en format electr\u00f2nic si la persona que fa el tr\u00e0mit t\u00e9 una eina d&#8217;identificaci\u00f3 digital, o en suport inform\u00e0tic si no en disposa. Les dues opcions es poden fer dins el mateix web de preinscripci\u00f3.<\/span><\/p>\n<p><span style=\"font-weight: 400;\">Preinscripci\u00f3 en format electr\u00f2nic<\/span><\/p>\n<ol>\n<li style=\"font-weight: 400;\" aria-level=\"1\"><span style=\"font-weight: 400;\">Ves a l&#8217;apartat Preinscripci\u00f3 del web del Departament d&#8217;Educaci\u00f3 de la Generalitat de Catalunya i escull el formulari en format electr\u00f2nic. Per fer-ho necessitar\u00e0s una eina d&#8217;identificaci\u00f3 digital com el DNI electr\u00f2nic, la T-CAT, el sistema Cl@ve o l&#8217;idCAT M\u00f2bil.<\/span><\/li>\n<li style=\"font-weight: 400;\" aria-level=\"1\"><span style=\"font-weight: 400;\">Introdueix el n\u00famero identificador de l&#8217;alumne, el RALC.<\/span><\/li>\n<li style=\"font-weight: 400;\" aria-level=\"1\"><span style=\"font-weight: 400;\">Obre el formulari de preinscripci\u00f3 i omple totes les dades personals que se&#8217;t demanin.<\/span><\/li>\n<li style=\"font-weight: 400;\" aria-level=\"1\"><span style=\"font-weight: 400;\">Indica el llistat ordenat de centres on t&#8217;agradaria obtenir pla\u00e7a.<\/span><\/li>\n<li style=\"font-weight: 400;\" aria-level=\"1\"><span style=\"font-weight: 400;\">Indica si els centres escollits per a la preinscripci\u00f3 s\u00f3n centres adscrits al teu centre anterior.<\/span><\/li>\n<li style=\"font-weight: 400;\" aria-level=\"1\"><span style=\"font-weight: 400;\">Especifica totes les circumst\u00e0ncies especials que acreditin la teva sol\u00b7licitud (resid\u00e8ncia habitual, si l&#8217;infant t\u00e9 germans al mateix centre, si t\u00e9 alguna necessitat educativa espec\u00edfica&#8230;).<\/span><\/li>\n<li style=\"font-weight: 400;\" aria-level=\"1\"><span style=\"font-weight: 400;\">Adjunta tota la informaci\u00f3 escanejada o fotografiada que es requereixi.<\/span><\/li>\n<li style=\"font-weight: 400;\" aria-level=\"1\"><span style=\"font-weight: 400;\">Envia la sol\u00b7licitud de preinscripci\u00f3.<\/span><\/li>\n<\/ol>\n<p><span style=\"font-weight: 400;\">Preinscripci\u00f3 en suport inform\u00e0tic<\/span><\/p>\n<ol>\n<li style=\"font-weight: 400;\" aria-level=\"1\"><span style=\"font-weight: 400;\">Ves a l&#8217;apartat Preinscripci\u00f3 del web del Departament d&#8217;Educaci\u00f3 de la Generalitat de Catalunya i escull el formulari en format inform\u00e0tic.<\/span><\/li>\n<li style=\"font-weight: 400;\" aria-level=\"1\"><span style=\"font-weight: 400;\">Obre el formulari de preinscripci\u00f3 i omple totes les dades personals que se&#8217;t demanin.<\/span><\/li>\n<li style=\"font-weight: 400;\" aria-level=\"1\"><span style=\"font-weight: 400;\">Indica el llistat ordenat de centres on t&#8217;agradaria obtenir pla\u00e7a.<\/span><\/li>\n<li style=\"font-weight: 400;\" aria-level=\"1\"><span style=\"font-weight: 400;\">Indica si els centres escollits per a la preinscripci\u00f3 s\u00f3n centres adscrits al teu centre anterior.<\/span><\/li>\n<li style=\"font-weight: 400;\" aria-level=\"1\"><span style=\"font-weight: 400;\">Especifica totes les circumst\u00e0ncies especials que acreditin la teva sol\u00b7licitud (resid\u00e8ncia habitual, si l&#8217;infant t\u00e9 germans al mateix centre, si t\u00e9 alguna necessitat educativa espec\u00edfica&#8230;).<\/span><\/li>\n<li style=\"font-weight: 400;\" aria-level=\"1\"><span style=\"font-weight: 400;\">Adjunta tota la informaci\u00f3 escanejada o fotografiada que es requereixi.<\/span><\/li>\n<li style=\"font-weight: 400;\" aria-level=\"1\"><span style=\"font-weight: 400;\">Envia la sol\u00b7licitud de preinscripci\u00f3.<\/span><\/li>\n<\/ol>\n<p><span style=\"font-weight: 400;\">Un cop enviada la sol\u00b7licitud de preinscripci\u00f3 rebr\u00e0s un resguard per correu electr\u00f2nic. No cal que presentis f\u00edsicament la preinscripci\u00f3 al centre.<\/span><\/p>\n<p><span style=\"font-weight: 400;\">Recorda: Nom\u00e9s es pot presentar una sol\u00b7licitud de preinscripci\u00f3 per alumne o alumna.<\/span><\/p>\n<p><span style=\"font-weight: 400;\">\u00a0\u00a0\u00a0\u00a0<\/span><a href=\"http:\/\/educacio.gencat.cat\/ca\/tramits\/tramits-temes\/9388-batxillerat?moda=1\"><span style=\"font-weight: 400;\">Presentar la sol\u00b7licitud de preinscripci\u00f3<\/span><\/a><span style=\"font-weight: 400;\">\u00a0\u00a0\u00a0\u00a0<\/span><\/p>\n<div class=\"blocs blocs-ancores\">\n<div class=\"row\">\n<h2 class=\"basic_title col-sm-12 pd-10\">2. L&#8217;adscripci\u00f3 dels centres<\/h2>\n<div class=\"col-xs-12 columna_esquerra\">\n<div class=\"cos_bloc basic_text_peq pd-15 link-dotted\">\n<p>L&#8217;adscripci\u00f3 t\u00e9 com a objectiu garantir la continu\u00eftat dels estudis per cursar el batxillerat. Aquest sistema permet que els centres que imparteixen l&#8217;educaci\u00f3 secund\u00e0ria obligat\u00f2ria tinguin un o m\u00e9s centres de batxillerat de continu\u00eftat, amb els quals poder coordinar tant el pas de l&#8217;alumnat a l&#8217;institut com la continu\u00eftat pedag\u00f2gica entre les dues etapes educatives.<\/p>\n<p>L&#8217;adscripci\u00f3 possibilita que\u00a0totes les sol\u00b7licituds de preinscripci\u00f3 en un centre de batxillerat d&#8217;alumnes que hagin estudiat la secund\u00e0ria en un centre adscrit, tinguin prioritat en l&#8217;assignaci\u00f3 de places per davant dels que provinguin d&#8217;altres centres no adscrits, amb independ\u00e8ncia de la puntuaci\u00f3 obtinguda per la resta de criteris. <span style=\"color: #993366;\">Tanmateix, no aplica per a la modalitat d&#8217;arts.<\/span><\/p>\n<p>Nom\u00e9s en el cas que el nombre de sol\u00b7licituds d&#8217;alumnes de centres adscrits sigui superior al nombre de places de l&#8217;institut, entraran en joc els criteris prioritaris i complementaris.<\/p>\n<\/div>\n<\/div>\n<\/div>\n<\/div>\n<div>\n<div class=\"row\">\n<p class=\"ancores pd-10\"><span style=\"font-size: 2.3125em; font-weight: bold;\">3. Criteris prioritaris i criteris complementaris<\/span><\/p>\n<\/div>\n<\/div>\n<div class=\"blocs blocs-ancores\">\n<div class=\"row\">\n<div class=\"col-xs-12 columna_dreta\">\n<div class=\"cos_bloc basic_text_peq pd-15 link-dotted\">\n<p>Els\u00a0<strong>criteris prioritaris<\/strong>\u00a0s\u00f3n els seg\u00fcents:<\/p>\n<ol>\n<li><strong>Quan el jove que opta a la pla\u00e7a t\u00e9 germans o germanes que ja estudien al mateix centre educatiu. Se sumen 50 punts.<\/strong><br \/>Aquest \u00e9s el criteri que suma m\u00e9s puntuaci\u00f3. Si el jove est\u00e0 en situaci\u00f3 d&#8217;acolliment familiar i els fills o les filles de la fam\u00edlia acollidora estan escolaritzats en el centre, tamb\u00e9 rebr\u00e0 aquesta puntuaci\u00f3.<\/li>\n<li><strong>Proximitat geogr\u00e0fica del domicili habitual o del lloc de treball del pare o la mare a l&#8217;escola.<\/strong>\u00a0Cada centre t\u00e9 una zona educativa que estableix el criteri de proximitat, i aix\u00f2 permet sumar puntuacions diferents segons les circumst\u00e0ncies:\n<ul>\n<li>Quan el domicili habitual de la fam\u00edlia es troba dins la zona educativa del centre escolar que es demana en primer lloc se sumen <strong>30 punts<\/strong>.<\/li>\n<li>Quan la ubicaci\u00f3 del lloc de feina del pare, la mare, el tutor o la tutora est\u00e0 dins la zona educativa del centre triat en primer lloc se sumen <strong>20 punts<\/strong>.<\/li>\n<\/ul>\n<\/li>\n<li><strong>Si la fam\u00edlia percep la renda garantida de ciutadania, se sumen 15 punts.<\/strong><br \/>Quan un membre de la unitat familiar rep l&#8217;ajut de la renda garantida de ciutadania.<\/li>\n<li><strong>Expedient acad\u00e8mic. Se suma la qualificaci\u00f3 mitjana dels estudis que permeten l&#8217;acc\u00e9s a batxillerat:\u00a0<\/strong>qualificaci\u00f3 mitjana, calculada amb dos decimals. Si l&#8217;alumne encara est\u00e0 cursant els estudis previs en el moment de la sol\u00b7licitud, s&#8217;utilitza la qualificaci\u00f3 mitjana dels cursos d&#8217;aquests estudis ja avaluats definitivament, calculada tamb\u00e9 amb dos decimals.<\/li>\n<\/ol>\n<p>Pel que fa als\u00a0<strong>criteris complementaris<\/strong>:<\/p>\n<ol>\n<li><strong>Criteri del pare, mare o el tutor o la tutora legal treballant al centre educatiu.\u00a0<\/strong>Quan el pare, la mare o el tutor o tutora legal treballen al centre en el moment en qu\u00e8 es presenta la sol\u00b7licitud de preinscripci\u00f3, se sumen\u00a0<strong>10 punts<\/strong>.<\/li>\n<li><strong>Fam\u00edlia nombrosa.<\/strong>\u202f Quan l&#8217;infant forma part d&#8217;una fam\u00edlia nombrosa, se sumen\u00a0<strong>10 punts<\/strong>.<\/li>\n<li><strong>Fam\u00edlia monoparental.<\/strong>\u00a0Quan l&#8217;infant forma part d&#8217;una fam\u00edlia monoparental, se sumen\u00a0<strong>10 punts<\/strong>.<\/li>\n<li><strong>Ser bess\u00f3 o trigemin.<\/strong>\u00a0Quan l&#8217;alumne o alumna hagi nascut en un part m\u00faltiple, se sumen\u00a0<strong>10 punts<\/strong>.<\/li>\n<li>Quan l&#8217;alumne o alumna es troba en\u00a0<strong>situaci\u00f3 d&#8217;acolliment familiar<\/strong>, se sumen\u00a0<strong>10 punts<\/strong>.<\/li>\n<li><strong>Si algun membre de la fam\u00edlia t\u00e9 una discapacitat<\/strong>, se sumen\u00a0<strong>15 punts<\/strong>.\u00a0Quan el jove mateix, el pare o la mare, o b\u00e9 algun germ\u00e0 o germana t\u00e9 una discapacitat igual o superior al 33 %.<\/li>\n<li>Se sumen\u00a0<strong>10 punts<\/strong>\u00a0si s&#8217;acredita la\u00a0<strong>condici\u00f3 de v\u00edctima de viol\u00e8ncia de g\u00e8nere o de terrorisme.<\/strong><\/li>\n<\/ol>\n<\/div>\n<\/div>\n<\/div>\n<div class=\"row\">\n<div class=\"col-xs-12 columna_dreta\">\n<h3>\u00a0<\/h3>\n<\/div>\n<\/div>\n<\/div>\n\n\n<p><\/p>\n","protected":false},"excerpt":{"rendered":"<p>Calendari de preinscripci\u00f3 del batxillerat \u00a0 Fases de la pr\u200beinscripci\u00f3\u200b\u200b Dates Publicaci\u00f3 de l&#8217;oferta inicial 8 d&#8217;abril Presentaci\u00f3 de sol\u00b7licituds\u00a0 Del 9 al 16 d&#8217;abril Presentaci\u00f3 de documentaci\u00f3 Fins a l&#8217;17 d&#8217;abril Publicaci\u00f3 de la llista de sol\u00b7licituds amb la puntuaci\u00f3 provisional 14 de maig Presentaci\u00f3 de reclamacions al barem provisional Del 14 al 20 [&hellip;]<\/p>\n","protected":false},"author":1,"featured_media":0,"parent":81,"menu_order":20,"comment_status":"closed","ping_status":"closed","template":"","meta":{"_bbp_topic_count":0,"_bbp_reply_count":0,"_bbp_total_topic_count":0,"_bbp_total_reply_count":0,"_bbp_voice_count":0,"_bbp_anonymous_reply_count":0,"_bbp_topic_count_hidden":0,"_bbp_reply_count_hidden":0,"_bbp_forum_subforum_count":0,"site-sidebar-layout":"default","site-content-layout":"","ast-site-content-layout":"default","site-content-style":"default","site-sidebar-style":"default","ast-global-header-display":"","ast-banner-title-visibility":"","ast-main-header-display":"","ast-hfb-above-header-display":"","ast-hfb-below-header-display":"","ast-hfb-mobile-header-display":"","site-post-title":"","ast-breadcrumbs-content":"","ast-featured-img":"","footer-sml-layout":"","theme-transparent-header-meta":"","adv-header-id-meta":"","stick-header-meta":"","header-above-stick-meta":"","header-main-stick-meta":"","header-below-stick-meta":"","astra-migrate-meta-layouts":"set","ast-page-background-enabled":"default","ast-page-background-meta":{"desktop":{"background-color":"var(--ast-global-color-4)","background-image":"","background-repeat":"repeat","background-position":"center center","background-size":"auto","background-attachment":"scroll","background-type":"","background-media":"","overlay-type":"","overlay-color":"","overlay-opacity":"","overlay-gradient":""},"tablet":{"background-color":"","background-image":"","background-repeat":"repeat","background-position":"center center","background-size":"auto","background-attachment":"scroll","background-type":"","background-media":"","overlay-type":"","overlay-color":"","overlay-opacity":"","overlay-gradient":""},"mobile":{"background-color":"","background-image":"","background-repeat":"repeat","background-position":"center center","background-size":"auto","background-attachment":"scroll","background-type":"","background-media":"","overlay-type":"","overlay-color":"","overlay-opacity":"","overlay-gradient":""}},"ast-content-background-meta":{"desktop":{"background-color":"var(--ast-global-color-5)","background-image":"","background-repeat":"repeat","background-position":"center center","background-size":"auto","background-attachment":"scroll","background-type":"","background-media":"","overlay-type":"","overlay-color":"","overlay-opacity":"","overlay-gradient":""},"tablet":{"background-color":"var(--ast-global-color-5)","background-image":"","background-repeat":"repeat","background-position":"center center","background-size":"auto","background-attachment":"scroll","background-type":"","background-media":"","overlay-type":"","overlay-color":"","overlay-opacity":"","overlay-gradient":""},"mobile":{"background-color":"var(--ast-global-color-5)","background-image":"","background-repeat":"repeat","background-position":"center center","background-size":"auto","background-attachment":"scroll","background-type":"","background-media":"","overlay-type":"","overlay-color":"","overlay-opacity":"","overlay-gradient":""}},"footnotes":""},"class_list":["post-1922","page","type-page","status-publish","hentry"],"post_mailing_queue_ids":[],"_links":{"self":[{"href":"https:\/\/agora.xtec.cat\/insvalltenes\/wp-json\/wp\/v2\/pages\/1922","targetHints":{"allow":["GET"]}}],"collection":[{"href":"https:\/\/agora.xtec.cat\/insvalltenes\/wp-json\/wp\/v2\/pages"}],"about":[{"href":"https:\/\/agora.xtec.cat\/insvalltenes\/wp-json\/wp\/v2\/types\/page"}],"author":[{"embeddable":true,"href":"https:\/\/agora.xtec.cat\/insvalltenes\/wp-json\/wp\/v2\/users\/1"}],"replies":[{"embeddable":true,"href":"https:\/\/agora.xtec.cat\/insvalltenes\/wp-json\/wp\/v2\/comments?post=1922"}],"version-history":[{"count":5,"href":"https:\/\/agora.xtec.cat\/insvalltenes\/wp-json\/wp\/v2\/pages\/1922\/revisions"}],"predecessor-version":[{"id":5797,"href":"https:\/\/agora.xtec.cat\/insvalltenes\/wp-json\/wp\/v2\/pages\/1922\/revisions\/5797"}],"up":[{"embeddable":true,"href":"https:\/\/agora.xtec.cat\/insvalltenes\/wp-json\/wp\/v2\/pages\/81"}],"wp:attachment":[{"href":"https:\/\/agora.xtec.cat\/insvalltenes\/wp-json\/wp\/v2\/media?parent=1922"}],"curies":[{"name":"wp","href":"https:\/\/api.w.org\/{rel}","templated":true}]}}