{"id":1919,"date":"2020-05-07T20:46:09","date_gmt":"2020-05-07T18:46:09","guid":{"rendered":"https:\/\/agora.xtec.cat\/insvalltenes\/?page_id=1919"},"modified":"2026-03-22T17:39:46","modified_gmt":"2026-03-22T16:39:46","slug":"preinscripcio-batxibac-2024-25","status":"publish","type":"page","link":"https:\/\/agora.xtec.cat\/insvalltenes\/secretaria\/preinscripcio-batxibac-2024-25\/","title":{"rendered":"Preinscripci\u00f3 Batxibac 2026-27"},"content":{"rendered":"<table class=\"ms-rteTable-10 aligncenter\" style=\"width: 79.4828%;\" width=\"80%\" cellspacing=\"0\">\n<tbody>\n<tr>\n<td style=\"background-color: #1c7e87; width: 72.6365%; border-color: #000000; border-style: solid;\" colspan=\"2\">\n<h2 style=\"text-align: center;\"><span style=\"color: #ffffff;\"><strong>Calendari de preinscripci\u00f3 de Batxibac<\/strong><\/span><\/h2>\n<\/td>\n<\/tr>\n<tr class=\"ms-rteTableHeaderRow-10\">\n<td class=\"ms-rteTableHeaderFirstCol-10\" style=\"background-color: #ababab; width: 52.4881%; border-color: #000000; border-style: solid;\"><strong>Fases de la preinscripci\u00f3<\/strong><\/td>\n<td class=\"ms-rteTableHeaderOddCol-10\" style=\"background-color: #ababab; width: 20.1484%; border-color: #000000; border-style: solid;\"><strong>Dates\u200b<\/strong><\/td>\n<\/tr>\n<tr class=\"ms-rteTableEvenRow-10\">\n<td class=\"ms-rteTableFirstCol-10\" style=\"width: 52.4881%; border-color: #000000; border-style: solid;\">Publicaci\u00f3 de l&#8217;oferta al centre<\/td>\n<td class=\"ms-rteTableOddCol-10\" style=\"width: 20.1484%; border-color: #000000; border-style: solid;\">19 de mar\u00e7<\/td>\n<\/tr>\n<tr class=\"ms-rteTableOddRow-10\">\n<td class=\"ms-rteTableFirstCol-10\" style=\"width: 52.4881%; border-color: #000000; border-style: solid;\">Presentaci\u00f3 i gesti\u00f3 de sol\u00b7licituds<\/td>\n<td class=\"ms-rteTableOddCol-10\" style=\"width: 20.1484%; border-color: #000000; border-style: solid;\">Del 20 al 27 de mar\u00e7<\/td>\n<\/tr>\n<tr class=\"ms-rteTableEvenRow-10\">\n<td class=\"ms-rteTableFirstCol-10\" style=\"width: 52.4881%; border-color: #000000; border-style: solid;\">Publicaci\u00f3 de la llista admesos<\/td>\n<td class=\"ms-rteTableOddCol-10\" style=\"width: 20.1484%; border-color: #000000; border-style: solid;\">8 d&#8217;abril<\/td>\n<\/tr>\n<\/tbody>\n<\/table>\n<h5><\/h5>\n<ul>\n<li>Codi de l\u2019Institut La Vall del Tenes:\u00a0<strong>08077174<\/strong><\/li>\n<li>Oferta de places: 18<\/li>\n<li>Dates:\n<ul>\n<li>Presentaci\u00f3 de sol\u00b7licituds: del<strong> 20 al 27 de mar\u00e7<\/strong>. \u200bLa sol\u00b7licitud de preinscripci\u00f3 per cursar ambd\u00f3s curr\u00edculums mixts\u200b es presenta al centre\u00a0 adjuntant el model de <strong>sol\u00b7licitud<\/strong> \u200bdegudament emplenat (en format PDF), amb la documentaci\u00f3 que correspongui (identificativa o de criteris).\u200b Podeu fer arribar la vostra sol\u00b7licitud per correu electr\u00f2nic a <strong>secretaria@iesvalltenes.cat<\/strong>\u00a0 o presencialment en l&#8217;horari d&#8217;atenci\u00f3 al p\u00fablic de l&#8217;administraci\u00f3 de l&#8217;Institut.<\/li>\n<li>En el cas d&#8217;enviar la sol\u00b7licitud per correu electr\u00f2nic, el centre us respondr\u00e0 el correu electr\u00f2nic justificant la recepci\u00f3 de la sol\u00b7licitud i la documentaci\u00f3.<\/li>\n<li>Publicaci\u00f3 llistes alumnat adm\u00e8s (reserva+preinscripci\u00f3): <strong>8\u00a0d&#8217;abril<\/strong><\/li>\n<\/ul>\n<\/li>\n<li>Documentaci\u00f3 que cal presentar:\n<ul>\n<li><a href=\"https:\/\/documents.espai.educacio.gencat.cat\/FormularisModels\/CentresGestioAdministrativa\/A71.pdf\" target=\"_blank\" rel=\"noopener noreferrer\">Formulari de <strong>sol\u00b7licitud<\/strong><\/a><\/li>\n<li>DNI, NIE o passaport de l&#8217;alumne sol\u00b7licitant<\/li>\n<li>Si l&#8217;alumne \u00e9s menor de 18 anys cal tamb\u00e9:\n<ul>\n<li>DNI, NIE o passaport del pare, mare o tutor que fa la sol\u00b7licitud<\/li>\n<li>Llibre de fam\u00edlia<\/li>\n<\/ul>\n<\/li>\n<li>Certificat amb la qualificaci\u00f3 mitjana de l&#8217;ESO o dels tres primers cursos en cas que s&#8217;estigui cursant 4t d&#8217;ESO.<\/li>\n<li>Documentaci\u00f3 acreditativa del nivell B1 de franc\u00e8s. En cas de no disposar-ne caldr\u00e0 fer una prova de nivell amb cita pr\u00e8viament concertada a secretaria@iesvalltenes.cat o a l&#8217;administraci\u00f3 de l&#8217;Institut.<\/li>\n<\/ul>\n<\/li>\n<\/ul>\n","protected":false},"excerpt":{"rendered":"<p>Calendari de preinscripci\u00f3 de Batxibac Fases de la preinscripci\u00f3 Dates\u200b Publicaci\u00f3 de l&#8217;oferta al centre 19 de mar\u00e7 Presentaci\u00f3 i gesti\u00f3 de sol\u00b7licituds Del 20 al 27 de mar\u00e7 Publicaci\u00f3 de la llista admesos 8 d&#8217;abril Codi de l\u2019Institut La Vall del Tenes:\u00a008077174 Oferta de places: 18 Dates: Presentaci\u00f3 de sol\u00b7licituds: del 20 al 27 [&hellip;]<\/p>\n","protected":false},"author":1,"featured_media":0,"parent":81,"menu_order":10,"comment_status":"closed","ping_status":"closed","template":"","meta":{"_bbp_topic_count":0,"_bbp_reply_count":0,"_bbp_total_topic_count":0,"_bbp_total_reply_count":0,"_bbp_voice_count":0,"_bbp_anonymous_reply_count":0,"_bbp_topic_count_hidden":0,"_bbp_reply_count_hidden":0,"_bbp_forum_subforum_count":0,"site-sidebar-layout":"default","site-content-layout":"","ast-site-content-layout":"default","site-content-style":"default","site-sidebar-style":"default","ast-global-header-display":"","ast-banner-title-visibility":"","ast-main-header-display":"","ast-hfb-above-header-display":"","ast-hfb-below-header-display":"","ast-hfb-mobile-header-display":"","site-post-title":"","ast-breadcrumbs-content":"","ast-featured-img":"","footer-sml-layout":"","theme-transparent-header-meta":"","adv-header-id-meta":"","stick-header-meta":"","header-above-stick-meta":"","header-main-stick-meta":"","header-below-stick-meta":"","astra-migrate-meta-layouts":"set","ast-page-background-enabled":"default","ast-page-background-meta":{"desktop":{"background-color":"var(--ast-global-color-4)","background-image":"","background-repeat":"repeat","background-position":"center center","background-size":"auto","background-attachment":"scroll","background-type":"","background-media":"","overlay-type":"","overlay-color":"","overlay-opacity":"","overlay-gradient":""},"tablet":{"background-color":"","background-image":"","background-repeat":"repeat","background-position":"center center","background-size":"auto","background-attachment":"scroll","background-type":"","background-media":"","overlay-type":"","overlay-color":"","overlay-opacity":"","overlay-gradient":""},"mobile":{"background-color":"","background-image":"","background-repeat":"repeat","background-position":"center center","background-size":"auto","background-attachment":"scroll","background-type":"","background-media":"","overlay-type":"","overlay-color":"","overlay-opacity":"","overlay-gradient":""}},"ast-content-background-meta":{"desktop":{"background-color":"var(--ast-global-color-5)","background-image":"","background-repeat":"repeat","background-position":"center center","background-size":"auto","background-attachment":"scroll","background-type":"","background-media":"","overlay-type":"","overlay-color":"","overlay-opacity":"","overlay-gradient":""},"tablet":{"background-color":"var(--ast-global-color-5)","background-image":"","background-repeat":"repeat","background-position":"center center","background-size":"auto","background-attachment":"scroll","background-type":"","background-media":"","overlay-type":"","overlay-color":"","overlay-opacity":"","overlay-gradient":""},"mobile":{"background-color":"var(--ast-global-color-5)","background-image":"","background-repeat":"repeat","background-position":"center center","background-size":"auto","background-attachment":"scroll","background-type":"","background-media":"","overlay-type":"","overlay-color":"","overlay-opacity":"","overlay-gradient":""}},"footnotes":""},"class_list":["post-1919","page","type-page","status-publish","hentry"],"post_mailing_queue_ids":[],"_links":{"self":[{"href":"https:\/\/agora.xtec.cat\/insvalltenes\/wp-json\/wp\/v2\/pages\/1919","targetHints":{"allow":["GET"]}}],"collection":[{"href":"https:\/\/agora.xtec.cat\/insvalltenes\/wp-json\/wp\/v2\/pages"}],"about":[{"href":"https:\/\/agora.xtec.cat\/insvalltenes\/wp-json\/wp\/v2\/types\/page"}],"author":[{"embeddable":true,"href":"https:\/\/agora.xtec.cat\/insvalltenes\/wp-json\/wp\/v2\/users\/1"}],"replies":[{"embeddable":true,"href":"https:\/\/agora.xtec.cat\/insvalltenes\/wp-json\/wp\/v2\/comments?post=1919"}],"version-history":[{"count":6,"href":"https:\/\/agora.xtec.cat\/insvalltenes\/wp-json\/wp\/v2\/pages\/1919\/revisions"}],"predecessor-version":[{"id":5834,"href":"https:\/\/agora.xtec.cat\/insvalltenes\/wp-json\/wp\/v2\/pages\/1919\/revisions\/5834"}],"up":[{"embeddable":true,"href":"https:\/\/agora.xtec.cat\/insvalltenes\/wp-json\/wp\/v2\/pages\/81"}],"wp:attachment":[{"href":"https:\/\/agora.xtec.cat\/insvalltenes\/wp-json\/wp\/v2\/media?parent=1919"}],"curies":[{"name":"wp","href":"https:\/\/api.w.org\/{rel}","templated":true}]}}