{"id":1702,"date":"2020-04-20T12:47:46","date_gmt":"2020-04-20T10:47:46","guid":{"rendered":"https:\/\/agora.xtec.cat\/insvalltenes\/?page_id=1702"},"modified":"2020-04-25T11:24:58","modified_gmt":"2020-04-25T09:24:58","slug":"enllacos","status":"publish","type":"page","link":"https:\/\/agora.xtec.cat\/insvalltenes\/projecte-educatiu\/sant-jordi\/enllacos\/","title":{"rendered":"Enlla\u00e7os"},"content":{"rendered":"<ul>\n<li>Llibres<\/li>\n<\/ul>\n<table>\n<tbody>\n<tr>\n<td><a href=\"https:\/\/agora.xtec.cat\/insvalltenes\/wp-content\/uploads\/usu399\/2020\/04\/llibreriesobertes.png\"><img loading=\"lazy\" decoding=\"async\" class=\"alignleft wp-image-1709\" src=\"https:\/\/agora.xtec.cat\/insvalltenes\/wp-content\/uploads\/usu399\/2020\/04\/llibreriesobertes.png\" alt=\"\" width=\"164\" height=\"72\" \/><\/a><\/td>\n<td><a href=\"https:\/\/llibreriesobertes.cat\/\" target=\"_blank\" rel=\"noopener noreferrer\">Llibreries obertes<\/a><\/td>\n<\/tr>\n<tr>\n<td><a href=\"https:\/\/agora.xtec.cat\/insvalltenes\/wp-content\/uploads\/usu399\/2020\/04\/canferrer.png\"><img loading=\"lazy\" decoding=\"async\" class=\"wp-image-1715 aligncenter\" src=\"https:\/\/agora.xtec.cat\/insvalltenes\/wp-content\/uploads\/usu399\/2020\/04\/canferrer.png\" alt=\"\" width=\"115\" height=\"114\" srcset=\"https:\/\/agora.xtec.cat\/insvalltenes\/wp-content\/uploads\/usu399\/2020\/04\/canferrer.png 174w, https:\/\/agora.xtec.cat\/insvalltenes\/wp-content\/uploads\/usu399\/2020\/04\/canferrer-150x150.png 150w\" sizes=\"auto, (max-width: 115px) 100vw, 115px\" \/><\/a><\/td>\n<td><a href=\"https:\/\/www.instagram.com\/p\/B_MnrM5lJV3\/\" target=\"_blank\" rel=\"noopener noreferrer\">Can Ferrer<\/a> (Santa Eul\u00e0lia de Ron\u00e7ana)<\/td>\n<\/tr>\n<tr>\n<td><a href=\"https:\/\/agora.xtec.cat\/insvalltenes\/wp-content\/uploads\/usu399\/2020\/04\/lagralla.png\"><img loading=\"lazy\" decoding=\"async\" class=\"wp-image-1708 aligncenter\" src=\"https:\/\/agora.xtec.cat\/insvalltenes\/wp-content\/uploads\/usu399\/2020\/04\/lagralla.png\" alt=\"\" width=\"172\" height=\"50\" \/><\/a><\/td>\n<td><a href=\"https:\/\/www.llibrerialagralla.cat\/\" target=\"_blank\" rel=\"noopener noreferrer\">La Gralla<\/a> (Granollers)<\/td>\n<\/tr>\n<tr>\n<td><a href=\"https:\/\/agora.xtec.cat\/insvalltenes\/wp-content\/uploads\/usu399\/2020\/04\/strogoff.png\"><img loading=\"lazy\" decoding=\"async\" class=\"size-full wp-image-1707 aligncenter\" src=\"https:\/\/agora.xtec.cat\/insvalltenes\/wp-content\/uploads\/usu399\/2020\/04\/strogoff.png\" alt=\"\" width=\"168\" height=\"76\" \/><\/a><\/td>\n<td><a href=\"https:\/\/strogoff.cat\" target=\"_blank\" rel=\"noopener noreferrer\">Strogoff<\/a> (la Garriga)<\/td>\n<\/tr>\n<tr>\n<td><a href=\"https:\/\/agora.xtec.cat\/insvalltenes\/wp-content\/uploads\/usu399\/2020\/04\/espolsada.png\"><img loading=\"lazy\" decoding=\"async\" class=\"size-full wp-image-1706 aligncenter\" src=\"https:\/\/agora.xtec.cat\/insvalltenes\/wp-content\/uploads\/usu399\/2020\/04\/espolsada.png\" alt=\"\" width=\"168\" height=\"76\" \/><\/a><\/td>\n<td><a href=\"http:\/\/www.lespolsada.cat\" target=\"_blank\" rel=\"noopener noreferrer\">L&#8217;Espolsada<\/a> (les Franqueses del Vall\u00e8s)<\/td>\n<\/tr>\n<\/tbody>\n<\/table>\n<ul>\n<li style=\"list-style-type: none;\"><\/li>\n<li>Roses<\/li>\n<\/ul>\n<table>\n<tbody>\n<tr>\n<td><a href=\"https:\/\/agora.xtec.cat\/insvalltenes\/wp-content\/uploads\/usu399\/2020\/04\/gual.png\"><img loading=\"lazy\" decoding=\"async\" class=\"alignleft size-full wp-image-1712\" src=\"https:\/\/agora.xtec.cat\/insvalltenes\/wp-content\/uploads\/usu399\/2020\/04\/gual.png\" alt=\"\" width=\"140\" height=\"66\" \/><\/a><\/td>\n<td><a href=\"http:\/\/www.gualgarden.eu\/sant-jordi-2020\/\" target=\"_blank\" rel=\"noopener noreferrer\">Gual<\/a><\/td>\n<\/tr>\n<tr>\n<td><a href=\"https:\/\/agora.xtec.cat\/insvalltenes\/wp-content\/uploads\/usu399\/2020\/04\/viversernest.png\"><img loading=\"lazy\" decoding=\"async\" class=\"alignleft size-full wp-image-1713\" src=\"https:\/\/agora.xtec.cat\/insvalltenes\/wp-content\/uploads\/usu399\/2020\/04\/viversernest.png\" alt=\"\" width=\"200\" height=\"33\" \/><\/a><\/td>\n<td><a href=\"https:\/\/www.viversernest.com\/\" target=\"_blank\" rel=\"noopener noreferrer\">Vivers Ernest<\/a><\/td>\n<\/tr>\n<\/tbody>\n<\/table>\n<ul>\n<li>Altres\n<ul>\n<li><a href=\"https:\/\/www.naciodigital.cat\/naciogranollers\/noticia\/16343\/agenda\/sant\/jordi\/al\/valles\/oriental\" target=\"_blank\" rel=\"noopener noreferrer\">Agenda d&#8217;actes de Sant Jordi al Vall\u00e8s Oriental<\/a><\/li>\n<li><a href=\"http:\/\/xtec.gencat.cat\/ca\/centres\/celebracions\/2020\/sant-jordi\/\" target=\"_blank\" rel=\"noopener noreferrer\">Sant Jordi a la XTEC<\/a> (Xarxa Telem\u00e0tica Educativa de Catalunya)<\/li>\n<li><a href=\"https:\/\/www.biguesiriells.cat\/ca\/actualitat-2\/noticies-2\/sant-jordi-casa-594.htm\" target=\"_blank\" rel=\"noopener noreferrer\">Sant Jordi a Bigues i Riells<\/a><\/li>\n<li><a href=\"https:\/\/maresipares.cat\/descobriu-videos-contes-cancons-i-curtmetratges-de-sant-jordi\/\" target=\"_blank\" rel=\"noopener noreferrer\">V\u00eddeos, contes, can\u00e7ons i curtmetratges de Sant Jordi<\/a><\/li>\n<li><a href=\"https:\/\/diadasantjordi.cat\/\" target=\"_blank\" rel=\"noopener noreferrer\">Roses virtuals<\/a><\/li>\n<li><a href=\"https:\/\/beteve.cat\/artic\/activitats-sant-jordi-2020-virtual\/\" target=\"_blank\" rel=\"noopener noreferrer\">Propostes de Sant Jordi de Betev\u00e9<\/a><\/li>\n<\/ul>\n<\/li>\n<\/ul>\n","protected":false},"excerpt":{"rendered":"<p>Llibres Llibreries obertes Can Ferrer (Santa Eul\u00e0lia de Ron\u00e7ana) La Gralla (Granollers) Strogoff (la Garriga) L&#8217;Espolsada (les Franqueses del Vall\u00e8s) Roses Gual Vivers Ernest Altres Agenda d&#8217;actes de Sant Jordi al Vall\u00e8s Oriental Sant Jordi a la XTEC (Xarxa Telem\u00e0tica Educativa de Catalunya) Sant Jordi a Bigues i Riells V\u00eddeos, contes, can\u00e7ons i curtmetratges de [&hellip;]<\/p>\n","protected":false},"author":1,"featured_media":0,"parent":1700,"menu_order":10,"comment_status":"closed","ping_status":"closed","template":"page-templates\/side-menu.php","meta":{"_bbp_topic_count":0,"_bbp_reply_count":0,"_bbp_total_topic_count":0,"_bbp_total_reply_count":0,"_bbp_voice_count":0,"_bbp_anonymous_reply_count":0,"_bbp_topic_count_hidden":0,"_bbp_reply_count_hidden":0,"_bbp_forum_subforum_count":0,"site-sidebar-layout":"default","site-content-layout":"","ast-site-content-layout":"","site-content-style":"default","site-sidebar-style":"default","ast-global-header-display":"","ast-banner-title-visibility":"","ast-main-header-display":"","ast-hfb-above-header-display":"","ast-hfb-below-header-display":"","ast-hfb-mobile-header-display":"","site-post-title":"","ast-breadcrumbs-content":"","ast-featured-img":"","footer-sml-layout":"","theme-transparent-header-meta":"","adv-header-id-meta":"","stick-header-meta":"","header-above-stick-meta":"","header-main-stick-meta":"","header-below-stick-meta":"","astra-migrate-meta-layouts":"default","ast-page-background-enabled":"default","ast-page-background-meta":{"desktop":{"background-color":"var(--ast-global-color-4)","background-image":"","background-repeat":"repeat","background-position":"center center","background-size":"auto","background-attachment":"scroll","background-type":"","background-media":"","overlay-type":"","overlay-color":"","overlay-opacity":"","overlay-gradient":""},"tablet":{"background-color":"","background-image":"","background-repeat":"repeat","background-position":"center center","background-size":"auto","background-attachment":"scroll","background-type":"","background-media":"","overlay-type":"","overlay-color":"","overlay-opacity":"","overlay-gradient":""},"mobile":{"background-color":"","background-image":"","background-repeat":"repeat","background-position":"center center","background-size":"auto","background-attachment":"scroll","background-type":"","background-media":"","overlay-type":"","overlay-color":"","overlay-opacity":"","overlay-gradient":""}},"ast-content-background-meta":{"desktop":{"background-color":"var(--ast-global-color-5)","background-image":"","background-repeat":"repeat","background-position":"center center","background-size":"auto","background-attachment":"scroll","background-type":"","background-media":"","overlay-type":"","overlay-color":"","overlay-opacity":"","overlay-gradient":""},"tablet":{"background-color":"var(--ast-global-color-5)","background-image":"","background-repeat":"repeat","background-position":"center center","background-size":"auto","background-attachment":"scroll","background-type":"","background-media":"","overlay-type":"","overlay-color":"","overlay-opacity":"","overlay-gradient":""},"mobile":{"background-color":"var(--ast-global-color-5)","background-image":"","background-repeat":"repeat","background-position":"center center","background-size":"auto","background-attachment":"scroll","background-type":"","background-media":"","overlay-type":"","overlay-color":"","overlay-opacity":"","overlay-gradient":""}},"footnotes":""},"class_list":["post-1702","page","type-page","status-publish","hentry"],"post_mailing_queue_ids":[],"_links":{"self":[{"href":"https:\/\/agora.xtec.cat\/insvalltenes\/wp-json\/wp\/v2\/pages\/1702","targetHints":{"allow":["GET"]}}],"collection":[{"href":"https:\/\/agora.xtec.cat\/insvalltenes\/wp-json\/wp\/v2\/pages"}],"about":[{"href":"https:\/\/agora.xtec.cat\/insvalltenes\/wp-json\/wp\/v2\/types\/page"}],"author":[{"embeddable":true,"href":"https:\/\/agora.xtec.cat\/insvalltenes\/wp-json\/wp\/v2\/users\/1"}],"replies":[{"embeddable":true,"href":"https:\/\/agora.xtec.cat\/insvalltenes\/wp-json\/wp\/v2\/comments?post=1702"}],"version-history":[{"count":3,"href":"https:\/\/agora.xtec.cat\/insvalltenes\/wp-json\/wp\/v2\/pages\/1702\/revisions"}],"predecessor-version":[{"id":1718,"href":"https:\/\/agora.xtec.cat\/insvalltenes\/wp-json\/wp\/v2\/pages\/1702\/revisions\/1718"}],"up":[{"embeddable":true,"href":"https:\/\/agora.xtec.cat\/insvalltenes\/wp-json\/wp\/v2\/pages\/1700"}],"wp:attachment":[{"href":"https:\/\/agora.xtec.cat\/insvalltenes\/wp-json\/wp\/v2\/media?parent=1702"}],"curies":[{"name":"wp","href":"https:\/\/api.w.org\/{rel}","templated":true}]}}