{"id":1487,"date":"2020-01-03T11:23:14","date_gmt":"2020-01-03T10:23:14","guid":{"rendered":"https:\/\/agora.xtec.cat\/insvalltenes\/?page_id=1487"},"modified":"2020-01-03T11:28:33","modified_gmt":"2020-01-03T10:28:33","slug":"premi-sambori","status":"publish","type":"page","link":"https:\/\/agora.xtec.cat\/insvalltenes\/projecte-educatiu\/premi-sambori\/","title":{"rendered":"Premi Sambori \u00d2mnium"},"content":{"rendered":"<p>Cada any l&#8217;institut presenta alguns alumnes al <a href=\"https:\/\/www.omnium.cat\/ca\/projectes\/el-tinter\/premi-sambori\/\" target=\"_blank\" rel=\"noopener noreferrer\">Premi Sambori<\/a>, organitzat per <a href=\"https:\/\/www.omnium.cat\/ca\/\" target=\"_blank\" rel=\"noopener noreferrer\">\u00d2mnium Cultural<\/a>.<\/p>\n<p><em><a href=\"https:\/\/agora.xtec.cat\/insvalltenes\/wp-content\/uploads\/usu399\/2020\/01\/Sambori2020.png\"><img loading=\"lazy\" decoding=\"async\" class=\"alignleft size-full wp-image-1489\" src=\"https:\/\/agora.xtec.cat\/insvalltenes\/wp-content\/uploads\/usu399\/2020\/01\/Sambori2020.png\" alt=\"\" width=\"295\" height=\"600\" srcset=\"https:\/\/agora.xtec.cat\/insvalltenes\/wp-content\/uploads\/usu399\/2020\/01\/Sambori2020.png 295w, https:\/\/agora.xtec.cat\/insvalltenes\/wp-content\/uploads\/usu399\/2020\/01\/Sambori2020-148x300.png 148w\" sizes=\"auto, (max-width: 295px) 100vw, 295px\" \/><\/a>El\u00a0<strong>Premi Sambori<\/strong>\u00a0\u00e9s l\u2019\u00fanic premi de narrativa en catal\u00e0 dirigit als centres educatius dels Pa\u00efsos Catalans.<\/em><\/p>\n<p><em>Va dirigit als alumnes de\u00a0prim\u00e0ria, secund\u00e0ria i batxillerat\u00a0de tots els Pa\u00efsos Catalans i t\u00e9 com a objectius promoure la participaci\u00f3 en un projecte com\u00fa i difondre l\u2019\u00fas del catal\u00e0 dins de l\u2019\u00e0mbit escolar, tot incentivant la\u00a0imaginaci\u00f3, la\u00a0creativitat\u00a0i aquells\u00a0valors pedag\u00f2gics\u00a0que es treballen en cadascun dels centres.<\/em><\/p>\n<p><em>Des del 2006,\u00a0\u00d2mnium Cultural\u00a0organitza i impulsa\u00a0el\u00a0<strong>Premi Sambori \u00d2mnium a Catalunya, Andorra i la Catalunya Nord,<\/strong>\u00a0tot coordinant-se amb la\u00a0Fundaci\u00f3 Sambori,\u00a0que organitza aquest concurs des del 1998 al Pa\u00eds Valenci\u00e0.<\/em><\/p>\n<p><em>La participaci\u00f3, en aquest premi, ha anat en augment any rere any i en l\u2019edici\u00f3 passada es va arribar a la participaci\u00f3 total de 130.000 alumnes, una xifra que el converteix en\u00a0<strong>el premi literari escolar amb m\u00e9s participaci\u00f3 d\u2019Europa<\/strong>.<\/em><\/p>\n","protected":false},"excerpt":{"rendered":"<p>Cada any l&#8217;institut presenta alguns alumnes al Premi Sambori, organitzat per \u00d2mnium Cultural. El\u00a0Premi Sambori\u00a0\u00e9s l\u2019\u00fanic premi de narrativa en catal\u00e0 dirigit als centres educatius dels Pa\u00efsos Catalans. Va dirigit als alumnes de\u00a0prim\u00e0ria, secund\u00e0ria i batxillerat\u00a0de tots els Pa\u00efsos Catalans i t\u00e9 com a objectius promoure la participaci\u00f3 en un projecte com\u00fa i difondre l\u2019\u00fas [&hellip;]<\/p>\n","protected":false},"author":1,"featured_media":0,"parent":57,"menu_order":20,"comment_status":"closed","ping_status":"closed","template":"page-templates\/side-menu.php","meta":{"_bbp_topic_count":0,"_bbp_reply_count":0,"_bbp_total_topic_count":0,"_bbp_total_reply_count":0,"_bbp_voice_count":0,"_bbp_anonymous_reply_count":0,"_bbp_topic_count_hidden":0,"_bbp_reply_count_hidden":0,"_bbp_forum_subforum_count":0,"site-sidebar-layout":"default","site-content-layout":"","ast-site-content-layout":"","site-content-style":"default","site-sidebar-style":"default","ast-global-header-display":"","ast-banner-title-visibility":"","ast-main-header-display":"","ast-hfb-above-header-display":"","ast-hfb-below-header-display":"","ast-hfb-mobile-header-display":"","site-post-title":"","ast-breadcrumbs-content":"","ast-featured-img":"","footer-sml-layout":"","theme-transparent-header-meta":"","adv-header-id-meta":"","stick-header-meta":"","header-above-stick-meta":"","header-main-stick-meta":"","header-below-stick-meta":"","astra-migrate-meta-layouts":"default","ast-page-background-enabled":"default","ast-page-background-meta":{"desktop":{"background-color":"var(--ast-global-color-4)","background-image":"","background-repeat":"repeat","background-position":"center center","background-size":"auto","background-attachment":"scroll","background-type":"","background-media":"","overlay-type":"","overlay-color":"","overlay-opacity":"","overlay-gradient":""},"tablet":{"background-color":"","background-image":"","background-repeat":"repeat","background-position":"center center","background-size":"auto","background-attachment":"scroll","background-type":"","background-media":"","overlay-type":"","overlay-color":"","overlay-opacity":"","overlay-gradient":""},"mobile":{"background-color":"","background-image":"","background-repeat":"repeat","background-position":"center center","background-size":"auto","background-attachment":"scroll","background-type":"","background-media":"","overlay-type":"","overlay-color":"","overlay-opacity":"","overlay-gradient":""}},"ast-content-background-meta":{"desktop":{"background-color":"var(--ast-global-color-5)","background-image":"","background-repeat":"repeat","background-position":"center center","background-size":"auto","background-attachment":"scroll","background-type":"","background-media":"","overlay-type":"","overlay-color":"","overlay-opacity":"","overlay-gradient":""},"tablet":{"background-color":"var(--ast-global-color-5)","background-image":"","background-repeat":"repeat","background-position":"center center","background-size":"auto","background-attachment":"scroll","background-type":"","background-media":"","overlay-type":"","overlay-color":"","overlay-opacity":"","overlay-gradient":""},"mobile":{"background-color":"var(--ast-global-color-5)","background-image":"","background-repeat":"repeat","background-position":"center center","background-size":"auto","background-attachment":"scroll","background-type":"","background-media":"","overlay-type":"","overlay-color":"","overlay-opacity":"","overlay-gradient":""}},"footnotes":""},"class_list":["post-1487","page","type-page","status-publish","hentry"],"post_mailing_queue_ids":[],"_links":{"self":[{"href":"https:\/\/agora.xtec.cat\/insvalltenes\/wp-json\/wp\/v2\/pages\/1487","targetHints":{"allow":["GET"]}}],"collection":[{"href":"https:\/\/agora.xtec.cat\/insvalltenes\/wp-json\/wp\/v2\/pages"}],"about":[{"href":"https:\/\/agora.xtec.cat\/insvalltenes\/wp-json\/wp\/v2\/types\/page"}],"author":[{"embeddable":true,"href":"https:\/\/agora.xtec.cat\/insvalltenes\/wp-json\/wp\/v2\/users\/1"}],"replies":[{"embeddable":true,"href":"https:\/\/agora.xtec.cat\/insvalltenes\/wp-json\/wp\/v2\/comments?post=1487"}],"version-history":[{"count":3,"href":"https:\/\/agora.xtec.cat\/insvalltenes\/wp-json\/wp\/v2\/pages\/1487\/revisions"}],"predecessor-version":[{"id":1492,"href":"https:\/\/agora.xtec.cat\/insvalltenes\/wp-json\/wp\/v2\/pages\/1487\/revisions\/1492"}],"up":[{"embeddable":true,"href":"https:\/\/agora.xtec.cat\/insvalltenes\/wp-json\/wp\/v2\/pages\/57"}],"wp:attachment":[{"href":"https:\/\/agora.xtec.cat\/insvalltenes\/wp-json\/wp\/v2\/media?parent=1487"}],"curies":[{"name":"wp","href":"https:\/\/api.w.org\/{rel}","templated":true}]}}