{"id":57,"date":"2014-09-17T17:01:07","date_gmt":"2014-09-17T17:01:07","guid":{"rendered":"http:\/\/agora.xtec.cat\/insvaleriahaline\/?page_id=57"},"modified":"2024-07-09T11:26:33","modified_gmt":"2024-07-09T09:26:33","slug":"projecte-educatiu","status":"publish","type":"page","link":"https:\/\/agora.xtec.cat\/insvaleriahaline\/projecte-educatiu\/","title":{"rendered":"Projecte Educatiu de Centre"},"content":{"rendered":"<p>&nbsp;<\/p>\n<hr \/>\n<p style=\"text-align: justify;\">\n<p>L&#8217;actual Projecte Educatiu es pot consultar al seg\u00fcent enlla\u00e7: <a href=\"https:\/\/agora.xtec.cat\/insvaleriahaline\/wp-content\/uploads\/usu1263\/2020\/03\/PEC_Ins-Val%C3%A8ria-Halin%C3%A9.pdf\">PEC<\/a><\/p>\n<hr \/>\n<p>D&#8217;acord amb la <a title=\"Article 91 LEC\" href=\"http:\/\/www20.gencat.cat\/portal\/site\/portaljuridic\/menuitem.d15a4e5dfb99396dc366ec10b0c0e1a0\/?vgnextoid=b85297b5a87d6210VgnVCM1000000b0c1e0aRCRD&amp;vgnextchannel=b85297b5a87d6210VgnVCM1000000b0c1e0aRCRD&amp;vgnextfmt=default&amp;action=fitxa&amp;portalId=1&amp;documentId=480169&amp;newLang=ca_ES#fragment-1182442\" target=\"_blank\" rel=\"noopener noreferrer\">Llei d&#8217;Educaci\u00f3 de Catalunya<\/a>, el Projecte Educatiu de Centre ( PEC ) incorpora el car\u00e0cter propi del centre:<\/p>\n<p>L&#8217;Institut va n\u00e9ixer el curs 2012-2013. Des del 30 de gener de 2017 el centre es troba ja a la seva ubicaci\u00f3 definitiva de Cam\u00ed Fondo de Ca n&#8217;Aymerich, 4 de Castelldefels. Des del curs 2017-2018 disposa de 3 l\u00ednies completes d&#8217;ESO.<\/p>\n<p>La missi\u00f3 de tot l&#8217;equip docent de l&#8217;Institut \u00e9s formar, orientar i acreditar al nostre alumnat d&#8217;ESO\u00a0 amb una educaci\u00f3 global i equilibrada, treballant per l&#8217;equitat i la inclusi\u00f3 de tot l&#8217;alumnat. Per aconseguir-ho :<\/p>\n<ul>\n<li>Acompanyem a l&#8217;alumne en l\u2019esfor\u00e7 personal continu, per a l\u2019adquisici\u00f3 de les compet\u00e8ncies b\u00e0siques del curr\u00edculum d&#8217;ESO<\/li>\n<li>Realitzem un seguiment, atenci\u00f3 individual i grupal, per a la cohesi\u00f3 social.<\/li>\n<li>Disposem d&#8217;una Comissi\u00f3 de Conviv\u00e8ncia, \u00f2rgan derivat del Consell Escolar del Centre, que realitza el seguiment dels conflictes entre iguals, regula el r\u00e8gim disciplinari, etc.<\/li>\n<li>Fomentem la cultura catalana i personal per a la millora de la seva integraci\u00f3 amb el seu entorn sociocultural.<\/li>\n<\/ul>\n<ul>\n<li>En els criteris d&#8217;ordenaci\u00f3 pedag\u00f2gica, la prioritat \u00e9s donar resposta educativa a totes les necessitats educatives dels alumnes i per aix\u00f2 :\n<ul>\n<li>S&#8217;adequa el tractament de les lleng\u00fces per a la millora del proc\u00e9s d&#8217;aprenentatge de tot l&#8217;alumnat.\n<ul>\n<li>Veieu el <a href=\"https:\/\/agora.xtec.cat\/insvaleriahaline\/wp-content\/uploads\/usu1263\/bp-attachments\/2301\/Institut-Val\u00e8ria-Halin\u00e9-08064911-Projecte-ling\u00fc\u00edstic2019.pdf\">Projecte Ling\u00fc\u00edstic del Centre<\/a>.<\/li>\n<\/ul>\n<\/li>\n<li>Realitzem agrupaments flexibles de nivell competencial dels grups a les mat\u00e8ries instrumentals, essencials per a l&#8217;assoliment de les compet\u00e8ncies b\u00e0siques ( Cb ) :\n<ul>\n<li>Llengua Catalana<\/li>\n<li>Llengua Castellana<\/li>\n<li>Matem\u00e0tiques<\/li>\n<li>I a m\u00e9s, afegim la Llengua Anglesa dins d&#8217;aquests agrupaments flexibles.<\/li>\n<li>Incorporem la llengua anglesa ( Projecte GEP ) dins del curr\u00edculum a d&#8217;altres mat\u00e8ries ( Educaci\u00f3 F\u00edsica i Cultura i Valors \u00c8tics ) i d&#8217;una manera gradual ( optatives, refor\u00e7os, &#8230; )<\/li>\n<\/ul>\n<\/li>\n<li>Diversifiquem els recursos metodol\u00f2gics ( metodologies actives, participatives, obertes a les tecnologies de la informaci\u00f3 ) i fomentem la participaci\u00f3 en grups redu\u00efts, el treball cooperatiu, &#8230;<\/li>\n<\/ul>\n<\/li>\n<li>Establim i millorem els indicadors de progr\u00e9s, tot considerant els resultats acad\u00e8mics interns i externs.<\/li>\n<li>En la concreci\u00f3 i desenvolupament del curr\u00edculum de l&#8217;ESO de l&#8217;alumne, analitzem el trasp\u00e0s d&#8217;informaci\u00f3 de l&#8217;etapa de Prim\u00e0ria, per tal d&#8217;adequar-lo des del 1r curs ( agrupament flexible, mat\u00e8ries optatives, grup classe ). Prioritzem les activitats curriculars que es desenvolupen dins i fora del Centre ( xerrades, confer\u00e8ncies, excursions, tallers, treballs de s\u00edntesi, &#8230; ).<\/li>\n<li>Orientem acad\u00e8micament i professionalment als nostres alumnes al llarg de tota l&#8217;etapa d&#8217;ESO pel seu futur \u00e8xit personal.<\/li>\n<\/ul>\n<p>&nbsp;<\/p>\n","protected":false},"excerpt":{"rendered":"<p>&nbsp; L&#8217;actual Projecte Educatiu es pot consultar al seg\u00fcent enlla\u00e7: PEC D&#8217;acord amb la Llei d&#8217;Educaci\u00f3 de Catalunya, el Projecte Educatiu de Centre ( PEC ) incorpora el car\u00e0cter propi del centre: L&#8217;Institut va n\u00e9ixer el curs 2012-2013. Des del 30 de gener de 2017 el centre es troba ja a la seva ubicaci\u00f3 definitiva [&hellip;]<\/p>\n","protected":false},"author":1,"featured_media":0,"parent":0,"menu_order":0,"comment_status":"closed","ping_status":"closed","template":"page-templates\/side-menu.php","meta":{"_bbp_topic_count":0,"_bbp_reply_count":0,"_bbp_total_topic_count":0,"_bbp_total_reply_count":0,"_bbp_voice_count":0,"_bbp_anonymous_reply_count":0,"_bbp_topic_count_hidden":0,"_bbp_reply_count_hidden":0,"_bbp_forum_subforum_count":0,"site-sidebar-layout":"default","site-content-layout":"","ast-site-content-layout":"","site-content-style":"default","site-sidebar-style":"default","ast-global-header-display":"","ast-banner-title-visibility":"","ast-main-header-display":"","ast-hfb-above-header-display":"","ast-hfb-below-header-display":"","ast-hfb-mobile-header-display":"","site-post-title":"","ast-breadcrumbs-content":"","ast-featured-img":"","footer-sml-layout":"","theme-transparent-header-meta":"","adv-header-id-meta":"","stick-header-meta":"","header-above-stick-meta":"","header-main-stick-meta":"","header-below-stick-meta":"","astra-migrate-meta-layouts":"default","ast-page-background-enabled":"default","ast-page-background-meta":{"desktop":{"background-color":"var(--ast-global-color-4)","background-image":"","background-repeat":"repeat","background-position":"center center","background-size":"auto","background-attachment":"scroll","background-type":"","background-media":"","overlay-type":"","overlay-color":"","overlay-opacity":"","overlay-gradient":""},"tablet":{"background-color":"","background-image":"","background-repeat":"repeat","background-position":"center center","background-size":"auto","background-attachment":"scroll","background-type":"","background-media":"","overlay-type":"","overlay-color":"","overlay-opacity":"","overlay-gradient":""},"mobile":{"background-color":"","background-image":"","background-repeat":"repeat","background-position":"center center","background-size":"auto","background-attachment":"scroll","background-type":"","background-media":"","overlay-type":"","overlay-color":"","overlay-opacity":"","overlay-gradient":""}},"ast-content-background-meta":{"desktop":{"background-color":"var(--ast-global-color-5)","background-image":"","background-repeat":"repeat","background-position":"center center","background-size":"auto","background-attachment":"scroll","background-type":"","background-media":"","overlay-type":"","overlay-color":"","overlay-opacity":"","overlay-gradient":""},"tablet":{"background-color":"var(--ast-global-color-5)","background-image":"","background-repeat":"repeat","background-position":"center center","background-size":"auto","background-attachment":"scroll","background-type":"","background-media":"","overlay-type":"","overlay-color":"","overlay-opacity":"","overlay-gradient":""},"mobile":{"background-color":"var(--ast-global-color-5)","background-image":"","background-repeat":"repeat","background-position":"center center","background-size":"auto","background-attachment":"scroll","background-type":"","background-media":"","overlay-type":"","overlay-color":"","overlay-opacity":"","overlay-gradient":""}},"footnotes":""},"class_list":["post-57","page","type-page","status-publish","hentry"],"post_mailing_queue_ids":[],"_links":{"self":[{"href":"https:\/\/agora.xtec.cat\/insvaleriahaline\/wp-json\/wp\/v2\/pages\/57","targetHints":{"allow":["GET"]}}],"collection":[{"href":"https:\/\/agora.xtec.cat\/insvaleriahaline\/wp-json\/wp\/v2\/pages"}],"about":[{"href":"https:\/\/agora.xtec.cat\/insvaleriahaline\/wp-json\/wp\/v2\/types\/page"}],"author":[{"embeddable":true,"href":"https:\/\/agora.xtec.cat\/insvaleriahaline\/wp-json\/wp\/v2\/users\/1"}],"replies":[{"embeddable":true,"href":"https:\/\/agora.xtec.cat\/insvaleriahaline\/wp-json\/wp\/v2\/comments?post=57"}],"version-history":[{"count":6,"href":"https:\/\/agora.xtec.cat\/insvaleriahaline\/wp-json\/wp\/v2\/pages\/57\/revisions"}],"predecessor-version":[{"id":4358,"href":"https:\/\/agora.xtec.cat\/insvaleriahaline\/wp-json\/wp\/v2\/pages\/57\/revisions\/4358"}],"wp:attachment":[{"href":"https:\/\/agora.xtec.cat\/insvaleriahaline\/wp-json\/wp\/v2\/media?parent=57"}],"curies":[{"name":"wp","href":"https:\/\/api.w.org\/{rel}","templated":true}]}}