{"id":4719,"date":"2026-01-26T13:08:35","date_gmt":"2026-01-26T12:08:35","guid":{"rendered":"https:\/\/agora.xtec.cat\/insvaleriahaline\/?page_id=4719"},"modified":"2026-05-04T16:27:05","modified_gmt":"2026-05-04T14:27:05","slug":"preinscripcio-26-27","status":"publish","type":"page","link":"https:\/\/agora.xtec.cat\/insvaleriahaline\/preinscripcio-26-27\/","title":{"rendered":"PREINSCRIPCI\u00d3 26-27"},"content":{"rendered":"<p><a href=\"https:\/\/agora.xtec.cat\/insvaleriahaline\/wp-content\/uploads\/usu1263\/2026\/03\/Preinscripcio_baners_Web_educacio__Preinscripcio_web_educacio_1900x372_3imatges.jpg\"><img loading=\"lazy\" decoding=\"async\" class=\"alignnone size-large wp-image-4748\" src=\"https:\/\/agora.xtec.cat\/insvaleriahaline\/wp-content\/uploads\/usu1263\/2026\/03\/Preinscripcio_baners_Web_educacio__Preinscripcio_web_educacio_1900x372_3imatges-1024x200.jpg\" alt=\"\" width=\"1024\" height=\"200\" srcset=\"https:\/\/agora.xtec.cat\/insvaleriahaline\/wp-content\/uploads\/usu1263\/2026\/03\/Preinscripcio_baners_Web_educacio__Preinscripcio_web_educacio_1900x372_3imatges-1024x200.jpg 1024w, https:\/\/agora.xtec.cat\/insvaleriahaline\/wp-content\/uploads\/usu1263\/2026\/03\/Preinscripcio_baners_Web_educacio__Preinscripcio_web_educacio_1900x372_3imatges-300x59.jpg 300w, https:\/\/agora.xtec.cat\/insvaleriahaline\/wp-content\/uploads\/usu1263\/2026\/03\/Preinscripcio_baners_Web_educacio__Preinscripcio_web_educacio_1900x372_3imatges-768x150.jpg 768w, https:\/\/agora.xtec.cat\/insvaleriahaline\/wp-content\/uploads\/usu1263\/2026\/03\/Preinscripcio_baners_Web_educacio__Preinscripcio_web_educacio_1900x372_3imatges-1536x301.jpg 1536w, https:\/\/agora.xtec.cat\/insvaleriahaline\/wp-content\/uploads\/usu1263\/2026\/03\/Preinscripcio_baners_Web_educacio__Preinscripcio_web_educacio_1900x372_3imatges.jpg 1900w\" sizes=\"auto, (max-width: 1024px) 100vw, 1024px\" \/><\/a><\/p>\n<p>La preinscripci\u00f3 per al curs seg\u00fcent es realitzar\u00e0 <strong>del 6 al 18 de mar\u00e7<\/strong>. Aquesta p\u00e0gina l&#8217;actualitzarem amb els enlla\u00e7os i informacions necess\u00e0ries:<\/p>\n<p><a href=\"https:\/\/preinscripcio.gencat.cat\/ca\/detalls\/noticia\/dates-preinscripcio-2026-2027\">Calendari de preinscripci\u00f3<\/a><\/p>\n<p>Quant al Val\u00e8ria Halin\u00e8,<strong> les portes obertes seran el 25 de febrer a les 17:30 i el 28 de febrer a les 12:00<\/strong>. No cal cita pr\u00e8via, es far\u00e0 una breu rebuda a les fam\u00edlies i s&#8217;organitzaran grups. Per con\u00e8ixer millor el centre podeu entrar a l&#8217;enlla\u00e7 seg\u00fcent:<\/p>\n<p><a href=\"https:\/\/drive.google.com\/drive\/folders\/12HGjDvQpHoKaprpRjc7cl2GB41wFzMYl?usp=drive_link\">Con\u00e8ixer el Val\u00e8ria<\/a><\/p>\n<p>&nbsp;<\/p>\n<p>P\u00e0gina del departament amb tota la informaci\u00f3 de\u00a0<a href=\"https:\/\/preinscripcio.gencat.cat\/ca\/estudis\/eso\/inici\/\" target=\"_blank\" rel=\"noopener\">la preinscripci\u00f3 escolar a l\u2019educaci\u00f3 secund\u00e0ria obligat\u00f2ria (ESO)<\/a><\/p>\n<h1 tabindex=\"0\" role=\"button\" aria-label=\"Edita el codi de la reuni\u00f3\" aria-disabled=\"false\" data-tooltip=\"Edita\" data-tooltip-vertical-offset=\"-12\" data-tooltip-horizontal-offset=\"0\"><\/h1>\n<h1 tabindex=\"0\" role=\"button\" aria-label=\"Edita el codi de la reuni\u00f3\" aria-disabled=\"false\" data-tooltip=\"Edita\" data-tooltip-vertical-offset=\"-12\" data-tooltip-horizontal-offset=\"0\"><strong>Actualitzaci\u00f3 calendari:<\/strong><\/h1>\n<div tabindex=\"0\" role=\"button\" aria-label=\"Edita el codi de la reuni\u00f3\" aria-disabled=\"false\" data-tooltip=\"Edita\" data-tooltip-vertical-offset=\"-12\" data-tooltip-horizontal-offset=\"0\">03\/03\/26: <a href=\"https:\/\/agora.xtec.cat\/insvaleriahaline\/wp-content\/uploads\/usu1263\/2026\/03\/INFORME_OFERTA_OME_INFORME_OFERTA.pdf\">Oferta inicial del centre<\/a><\/div>\n<div tabindex=\"0\" role=\"button\" aria-label=\"Edita el codi de la reuni\u00f3\" aria-disabled=\"false\" data-tooltip=\"Edita\" data-tooltip-vertical-offset=\"-12\" data-tooltip-horizontal-offset=\"0\"><span style=\"font-size: 16px; font-style: normal; font-weight: 400;\">del 6 al 18 de mar\u00e7&#8217;26:\u00a0<\/span><a style=\"font-size: 16px; font-style: normal; font-weight: 400; background-color: #ffffff;\" href=\"https:\/\/preinscripcio.gencat.cat\/ca\/estudis\/eso\/inici\/\">presenta la sol\u00b7licitud de preinscripci\u00f3<\/a><\/div>\n<div tabindex=\"0\" role=\"button\" aria-label=\"Edita el codi de la reuni\u00f3\" aria-disabled=\"false\" data-tooltip=\"Edita\" data-tooltip-vertical-offset=\"-12\" data-tooltip-horizontal-offset=\"0\"><span style=\"font-size: 16px; font-style: normal; font-weight: 400;\">15\/04\/26: <a href=\"https:\/\/agora.xtec.cat\/insvaleriahaline\/wp-content\/uploads\/usu1263\/2026\/04\/INFORME_BAREM_PROVISIONAL_BAREM.pdf\" target=\"_blank\" rel=\"noopener\">barem provisional de puntuaci\u00f3<\/a>. En cas de que vulgueu fer alguna reclamaci\u00f3 ho poder fer telem\u00e0ticament. Tamb\u00e9 us podeu adre\u00e7ar al centre educatiu, en cas de necessitar ajuda. Per saber m\u00e9s sobre la consulta i\/o reclamaci\u00f3, consulta la web de preinscripci\u00f3 del departament<\/span><\/div>\n<div tabindex=\"0\" role=\"button\" aria-label=\"Edita el codi de la reuni\u00f3\" aria-disabled=\"false\" data-tooltip=\"Edita\" data-tooltip-vertical-offset=\"-12\" data-tooltip-horizontal-offset=\"0\">23\/04\/26: <a href=\"https:\/\/agora.xtec.cat\/insvaleriahaline\/wp-content\/uploads\/usu1263\/2026\/04\/INFORME_BAREM_RESOLTES_BAREM-Preins.-25-26.pdf\" target=\"_blank\" rel=\"noopener\">llista amb la puntuaci\u00f3 despr\u00e9s de les reclamacions<\/a><\/div>\n<div tabindex=\"0\" role=\"button\" aria-label=\"Edita el codi de la reuni\u00f3\" aria-disabled=\"false\" data-tooltip=\"Edita\" data-tooltip-vertical-offset=\"-12\" data-tooltip-horizontal-offset=\"0\">28\/04\/26: <span style=\"font-size: 16px;\"><a href=\"https:\/\/preinscripcio.gencat.cat\/ca\/estudis\/eso\/preinscriute\/seguiment-sollicitud\/sorteig-desempat\/\">Sorteig<\/a> per resoldre les sol\u00b7licituds empatades en punts. <\/span><span style=\"font-size: 16px;\">El n\u00famero de desempat: 42.129<\/span><\/div>\n<div tabindex=\"0\" role=\"button\" aria-label=\"Edita el codi de la reuni\u00f3\" aria-disabled=\"false\" data-tooltip=\"Edita\" data-tooltip-vertical-offset=\"-12\" data-tooltip-horizontal-offset=\"0\">29\/04\/26: Publicaci\u00f3 de la llista de sol\u00b7licituds que han demanat el centre i l&#8217;ensenyament en <a href=\"https:\/\/agora.xtec.cat\/insvaleriahaline\/wp-content\/uploads\/usu1263\/2026\/05\/INFORME_BAREM_DEFINITIU_BAREM.pdf\" target=\"_blank\" rel=\"noopener\">primera petici\u00f3 ordenada<\/a><\/div>\n<div tabindex=\"0\" role=\"button\" aria-label=\"Edita el codi de la reuni\u00f3\" aria-disabled=\"false\" data-tooltip=\"Edita\" data-tooltip-vertical-offset=\"-12\" data-tooltip-horizontal-offset=\"0\"><\/div>\n<div tabindex=\"0\" role=\"button\" aria-label=\"Edita el codi de la reuni\u00f3\" aria-disabled=\"false\" data-tooltip=\"Edita\" data-tooltip-vertical-offset=\"-12\" data-tooltip-horizontal-offset=\"0\"><strong>Properes dates clau:<\/strong><\/div>\n<div tabindex=\"0\" role=\"button\" aria-label=\"Edita el codi de la reuni\u00f3\" aria-disabled=\"false\" data-tooltip=\"Edita\" data-tooltip-vertical-offset=\"-12\" data-tooltip-horizontal-offset=\"0\">\n<div tabindex=\"0\" role=\"button\" aria-label=\"Edita el codi de la reuni\u00f3\" aria-disabled=\"false\" data-tooltip=\"Edita\" data-tooltip-vertical-offset=\"-12\" data-tooltip-horizontal-offset=\"0\">properament: Oferta de places definitiva<\/div>\n<div tabindex=\"0\" role=\"button\" aria-label=\"Edita el codi de la reuni\u00f3\" aria-disabled=\"false\" data-tooltip=\"Edita\" data-tooltip-vertical-offset=\"-12\" data-tooltip-horizontal-offset=\"0\">\n<p>properament: publicaci\u00f3 de:<\/p>\n<ul>\n<li>\n<ul>\n<li>llistat definitiu d\u2019alumnat assignat al centre: Les fam\u00edlies dels alumnes assignats al centre rebreu properament un correu amb les instruccions per a realitzar la matr\u00edcula.<\/li>\n<li>llista d\u2019espera<\/li>\n<\/ul>\n<\/li>\n<\/ul>\n<\/div>\n<p><strong>properament: FORMALITZA LA MATRICULACI\u00d3<\/strong>: entra a l\u2019enlla\u00e7 i segueix les instruccions<\/p>\n<\/div>\n","protected":false},"excerpt":{"rendered":"<p>La preinscripci\u00f3 per al curs seg\u00fcent es realitzar\u00e0 del 6 al 18 de mar\u00e7. Aquesta p\u00e0gina l&#8217;actualitzarem amb els enlla\u00e7os i informacions necess\u00e0ries: Calendari de preinscripci\u00f3 Quant al Val\u00e8ria Halin\u00e8, les portes obertes seran el 25 de febrer a les 17:30 i el 28 de febrer a les 12:00. No cal cita pr\u00e8via, es far\u00e0 [&hellip;]<\/p>\n","protected":false},"author":1,"featured_media":0,"parent":0,"menu_order":0,"comment_status":"closed","ping_status":"closed","template":"","meta":{"_bbp_topic_count":0,"_bbp_reply_count":0,"_bbp_total_topic_count":0,"_bbp_total_reply_count":0,"_bbp_voice_count":0,"_bbp_anonymous_reply_count":0,"_bbp_topic_count_hidden":0,"_bbp_reply_count_hidden":0,"_bbp_forum_subforum_count":0,"site-sidebar-layout":"default","site-content-layout":"","ast-site-content-layout":"default","site-content-style":"default","site-sidebar-style":"default","ast-global-header-display":"","ast-banner-title-visibility":"","ast-main-header-display":"","ast-hfb-above-header-display":"","ast-hfb-below-header-display":"","ast-hfb-mobile-header-display":"","site-post-title":"","ast-breadcrumbs-content":"","ast-featured-img":"","footer-sml-layout":"","theme-transparent-header-meta":"default","adv-header-id-meta":"","stick-header-meta":"","header-above-stick-meta":"","header-main-stick-meta":"","header-below-stick-meta":"","astra-migrate-meta-layouts":"set","ast-page-background-enabled":"default","ast-page-background-meta":{"desktop":{"background-color":"var(--ast-global-color-4)","background-image":"","background-repeat":"repeat","background-position":"center center","background-size":"auto","background-attachment":"scroll","background-type":"","background-media":"","overlay-type":"","overlay-color":"","overlay-opacity":"","overlay-gradient":""},"tablet":{"background-color":"","background-image":"","background-repeat":"repeat","background-position":"center center","background-size":"auto","background-attachment":"scroll","background-type":"","background-media":"","overlay-type":"","overlay-color":"","overlay-opacity":"","overlay-gradient":""},"mobile":{"background-color":"","background-image":"","background-repeat":"repeat","background-position":"center center","background-size":"auto","background-attachment":"scroll","background-type":"","background-media":"","overlay-type":"","overlay-color":"","overlay-opacity":"","overlay-gradient":""}},"ast-content-background-meta":{"desktop":{"background-color":"var(--ast-global-color-5)","background-image":"","background-repeat":"repeat","background-position":"center center","background-size":"auto","background-attachment":"scroll","background-type":"","background-media":"","overlay-type":"","overlay-color":"","overlay-opacity":"","overlay-gradient":""},"tablet":{"background-color":"var(--ast-global-color-5)","background-image":"","background-repeat":"repeat","background-position":"center center","background-size":"auto","background-attachment":"scroll","background-type":"","background-media":"","overlay-type":"","overlay-color":"","overlay-opacity":"","overlay-gradient":""},"mobile":{"background-color":"var(--ast-global-color-5)","background-image":"","background-repeat":"repeat","background-position":"center center","background-size":"auto","background-attachment":"scroll","background-type":"","background-media":"","overlay-type":"","overlay-color":"","overlay-opacity":"","overlay-gradient":""}},"footnotes":""},"class_list":["post-4719","page","type-page","status-publish","hentry"],"post_mailing_queue_ids":[],"_links":{"self":[{"href":"https:\/\/agora.xtec.cat\/insvaleriahaline\/wp-json\/wp\/v2\/pages\/4719","targetHints":{"allow":["GET"]}}],"collection":[{"href":"https:\/\/agora.xtec.cat\/insvaleriahaline\/wp-json\/wp\/v2\/pages"}],"about":[{"href":"https:\/\/agora.xtec.cat\/insvaleriahaline\/wp-json\/wp\/v2\/types\/page"}],"author":[{"embeddable":true,"href":"https:\/\/agora.xtec.cat\/insvaleriahaline\/wp-json\/wp\/v2\/users\/1"}],"replies":[{"embeddable":true,"href":"https:\/\/agora.xtec.cat\/insvaleriahaline\/wp-json\/wp\/v2\/comments?post=4719"}],"version-history":[{"count":6,"href":"https:\/\/agora.xtec.cat\/insvaleriahaline\/wp-json\/wp\/v2\/pages\/4719\/revisions"}],"predecessor-version":[{"id":4757,"href":"https:\/\/agora.xtec.cat\/insvaleriahaline\/wp-json\/wp\/v2\/pages\/4719\/revisions\/4757"}],"wp:attachment":[{"href":"https:\/\/agora.xtec.cat\/insvaleriahaline\/wp-json\/wp\/v2\/media?parent=4719"}],"curies":[{"name":"wp","href":"https:\/\/api.w.org\/{rel}","templated":true}]}}