{"id":4681,"date":"2026-01-19T17:55:22","date_gmt":"2026-01-19T16:55:22","guid":{"rendered":"https:\/\/agora.xtec.cat\/insvaleriahaline\/?page_id=4681"},"modified":"2026-01-19T18:46:13","modified_gmt":"2026-01-19T17:46:13","slug":"eslora","status":"publish","type":"page","link":"https:\/\/agora.xtec.cat\/insvaleriahaline\/eslora\/","title":{"rendered":"ESLORA"},"content":{"rendered":"<p>L&#8217;ESLORA \u00e9s un projecte de <strong>diversificaci\u00f3 curricular<\/strong> que va adre\u00e7at a alumnes de 3r i 4t d&#8217;ESO que han perdut la motivaci\u00f3 per seguir estudiant i que el centre creu que necessiten un <strong>est\u00edmul per continuar<\/strong> els seus estudis. Els i les alumnes que hi participen realitzen <strong>pr\u00e0ctiques en una entitat<\/strong> de Castelldefels que tant pot ser de l&#8217;Ajuntament o privat com un resid\u00e8ncia d&#8217;avis, un taller, etc. Per saber del projecte ESLORA, podeu visitar la web de l&#8217;Ajuntament on s&#8217;explica el projecte:<\/p>\n<p><a href=\"https:\/\/www.castelldefels.org\/ca\/serveis\/educacio\/transicio-escola-treball-sltet\/projecte-eslora\">SABER-NE M\u00c9S SOBRE L&#8217;ESLORA\u00a0<\/a><\/p>\n<p>&nbsp;<\/p>\n","protected":false},"excerpt":{"rendered":"<p>L&#8217;ESLORA \u00e9s un projecte de diversificaci\u00f3 curricular que va adre\u00e7at a alumnes de 3r i 4t d&#8217;ESO que han perdut la motivaci\u00f3 per seguir estudiant i que el centre creu que necessiten un est\u00edmul per continuar els seus estudis. Els i les alumnes que hi participen realitzen pr\u00e0ctiques en una entitat de Castelldefels que tant [&hellip;]<\/p>\n","protected":false},"author":1,"featured_media":0,"parent":0,"menu_order":0,"comment_status":"closed","ping_status":"closed","template":"","meta":{"_bbp_topic_count":0,"_bbp_reply_count":0,"_bbp_total_topic_count":0,"_bbp_total_reply_count":0,"_bbp_voice_count":0,"_bbp_anonymous_reply_count":0,"_bbp_topic_count_hidden":0,"_bbp_reply_count_hidden":0,"_bbp_forum_subforum_count":0,"site-sidebar-layout":"default","site-content-layout":"","ast-site-content-layout":"default","site-content-style":"default","site-sidebar-style":"default","ast-global-header-display":"","ast-banner-title-visibility":"","ast-main-header-display":"","ast-hfb-above-header-display":"","ast-hfb-below-header-display":"","ast-hfb-mobile-header-display":"","site-post-title":"","ast-breadcrumbs-content":"","ast-featured-img":"","footer-sml-layout":"","theme-transparent-header-meta":"default","adv-header-id-meta":"","stick-header-meta":"","header-above-stick-meta":"","header-main-stick-meta":"","header-below-stick-meta":"","astra-migrate-meta-layouts":"set","ast-page-background-enabled":"default","ast-page-background-meta":{"desktop":{"background-color":"var(--ast-global-color-4)","background-image":"","background-repeat":"repeat","background-position":"center center","background-size":"auto","background-attachment":"scroll","background-type":"","background-media":"","overlay-type":"","overlay-color":"","overlay-opacity":"","overlay-gradient":""},"tablet":{"background-color":"","background-image":"","background-repeat":"repeat","background-position":"center center","background-size":"auto","background-attachment":"scroll","background-type":"","background-media":"","overlay-type":"","overlay-color":"","overlay-opacity":"","overlay-gradient":""},"mobile":{"background-color":"","background-image":"","background-repeat":"repeat","background-position":"center center","background-size":"auto","background-attachment":"scroll","background-type":"","background-media":"","overlay-type":"","overlay-color":"","overlay-opacity":"","overlay-gradient":""}},"ast-content-background-meta":{"desktop":{"background-color":"var(--ast-global-color-5)","background-image":"","background-repeat":"repeat","background-position":"center center","background-size":"auto","background-attachment":"scroll","background-type":"","background-media":"","overlay-type":"","overlay-color":"","overlay-opacity":"","overlay-gradient":""},"tablet":{"background-color":"var(--ast-global-color-5)","background-image":"","background-repeat":"repeat","background-position":"center center","background-size":"auto","background-attachment":"scroll","background-type":"","background-media":"","overlay-type":"","overlay-color":"","overlay-opacity":"","overlay-gradient":""},"mobile":{"background-color":"var(--ast-global-color-5)","background-image":"","background-repeat":"repeat","background-position":"center center","background-size":"auto","background-attachment":"scroll","background-type":"","background-media":"","overlay-type":"","overlay-color":"","overlay-opacity":"","overlay-gradient":""}},"footnotes":""},"class_list":["post-4681","page","type-page","status-publish","hentry"],"post_mailing_queue_ids":[],"_links":{"self":[{"href":"https:\/\/agora.xtec.cat\/insvaleriahaline\/wp-json\/wp\/v2\/pages\/4681","targetHints":{"allow":["GET"]}}],"collection":[{"href":"https:\/\/agora.xtec.cat\/insvaleriahaline\/wp-json\/wp\/v2\/pages"}],"about":[{"href":"https:\/\/agora.xtec.cat\/insvaleriahaline\/wp-json\/wp\/v2\/types\/page"}],"author":[{"embeddable":true,"href":"https:\/\/agora.xtec.cat\/insvaleriahaline\/wp-json\/wp\/v2\/users\/1"}],"replies":[{"embeddable":true,"href":"https:\/\/agora.xtec.cat\/insvaleriahaline\/wp-json\/wp\/v2\/comments?post=4681"}],"version-history":[{"count":6,"href":"https:\/\/agora.xtec.cat\/insvaleriahaline\/wp-json\/wp\/v2\/pages\/4681\/revisions"}],"predecessor-version":[{"id":4694,"href":"https:\/\/agora.xtec.cat\/insvaleriahaline\/wp-json\/wp\/v2\/pages\/4681\/revisions\/4694"}],"wp:attachment":[{"href":"https:\/\/agora.xtec.cat\/insvaleriahaline\/wp-json\/wp\/v2\/media?parent=4681"}],"curies":[{"name":"wp","href":"https:\/\/api.w.org\/{rel}","templated":true}]}}