{"id":4675,"date":"2026-01-19T17:24:11","date_gmt":"2026-01-19T16:24:11","guid":{"rendered":"https:\/\/agora.xtec.cat\/insvaleriahaline\/?page_id=4675"},"modified":"2026-01-21T12:13:25","modified_gmt":"2026-01-21T11:13:25","slug":"escola-blava","status":"publish","type":"page","link":"https:\/\/agora.xtec.cat\/insvaleriahaline\/escola-blava\/","title":{"rendered":"Escola Blava"},"content":{"rendered":"<p>Per la inclusi\u00f3 d&#8217;<strong>activitats que fomenten el coneixement del mar i de l&#8217;aigua dol\u00e7a<\/strong>, el F\u00f2rum Mar\u00edtim Europeu ha reconegut l&#8217;institut Val\u00e8ria Halin\u00e9 com a Escola Blava. A m\u00e9s, aquest reconeixement implica formar part d&#8217;una <strong>xarxa d&#8217;escoles i instituts on es promauen noves activitats<\/strong> i col\u00b7laboracions. Per con\u00e8ixer millor el nostre projecte sobre el mar i l&#8217;aigua dol\u00e7a, cliqueu l&#8217;enlla\u00e7 seg\u00fcent:<\/p>\n<p><a href=\"https:\/\/maritime-forum.ec.europa.eu\/node\/8414_en\">EXPLICACI\u00d3 DEL PROJECTE<\/a><\/p>\n","protected":false},"excerpt":{"rendered":"<p>Per la inclusi\u00f3 d&#8217;activitats que fomenten el coneixement del mar i de l&#8217;aigua dol\u00e7a, el F\u00f2rum Mar\u00edtim Europeu ha reconegut l&#8217;institut Val\u00e8ria Halin\u00e9 com a Escola Blava. A m\u00e9s, aquest reconeixement implica formar part d&#8217;una xarxa d&#8217;escoles i instituts on es promauen noves activitats i col\u00b7laboracions. Per con\u00e8ixer millor el nostre projecte sobre el mar [&hellip;]<\/p>\n","protected":false},"author":1,"featured_media":0,"parent":0,"menu_order":0,"comment_status":"closed","ping_status":"closed","template":"","meta":{"_bbp_topic_count":0,"_bbp_reply_count":0,"_bbp_total_topic_count":0,"_bbp_total_reply_count":0,"_bbp_voice_count":0,"_bbp_anonymous_reply_count":0,"_bbp_topic_count_hidden":0,"_bbp_reply_count_hidden":0,"_bbp_forum_subforum_count":0,"site-sidebar-layout":"default","site-content-layout":"","ast-site-content-layout":"default","site-content-style":"default","site-sidebar-style":"default","ast-global-header-display":"","ast-banner-title-visibility":"","ast-main-header-display":"","ast-hfb-above-header-display":"","ast-hfb-below-header-display":"","ast-hfb-mobile-header-display":"","site-post-title":"","ast-breadcrumbs-content":"","ast-featured-img":"","footer-sml-layout":"","theme-transparent-header-meta":"default","adv-header-id-meta":"","stick-header-meta":"","header-above-stick-meta":"","header-main-stick-meta":"","header-below-stick-meta":"","astra-migrate-meta-layouts":"set","ast-page-background-enabled":"default","ast-page-background-meta":{"desktop":{"background-color":"var(--ast-global-color-4)","background-image":"","background-repeat":"repeat","background-position":"center center","background-size":"auto","background-attachment":"scroll","background-type":"","background-media":"","overlay-type":"","overlay-color":"","overlay-opacity":"","overlay-gradient":""},"tablet":{"background-color":"","background-image":"","background-repeat":"repeat","background-position":"center center","background-size":"auto","background-attachment":"scroll","background-type":"","background-media":"","overlay-type":"","overlay-color":"","overlay-opacity":"","overlay-gradient":""},"mobile":{"background-color":"","background-image":"","background-repeat":"repeat","background-position":"center center","background-size":"auto","background-attachment":"scroll","background-type":"","background-media":"","overlay-type":"","overlay-color":"","overlay-opacity":"","overlay-gradient":""}},"ast-content-background-meta":{"desktop":{"background-color":"var(--ast-global-color-5)","background-image":"","background-repeat":"repeat","background-position":"center center","background-size":"auto","background-attachment":"scroll","background-type":"","background-media":"","overlay-type":"","overlay-color":"","overlay-opacity":"","overlay-gradient":""},"tablet":{"background-color":"var(--ast-global-color-5)","background-image":"","background-repeat":"repeat","background-position":"center center","background-size":"auto","background-attachment":"scroll","background-type":"","background-media":"","overlay-type":"","overlay-color":"","overlay-opacity":"","overlay-gradient":""},"mobile":{"background-color":"var(--ast-global-color-5)","background-image":"","background-repeat":"repeat","background-position":"center center","background-size":"auto","background-attachment":"scroll","background-type":"","background-media":"","overlay-type":"","overlay-color":"","overlay-opacity":"","overlay-gradient":""}},"footnotes":""},"class_list":["post-4675","page","type-page","status-publish","hentry"],"post_mailing_queue_ids":[],"_links":{"self":[{"href":"https:\/\/agora.xtec.cat\/insvaleriahaline\/wp-json\/wp\/v2\/pages\/4675","targetHints":{"allow":["GET"]}}],"collection":[{"href":"https:\/\/agora.xtec.cat\/insvaleriahaline\/wp-json\/wp\/v2\/pages"}],"about":[{"href":"https:\/\/agora.xtec.cat\/insvaleriahaline\/wp-json\/wp\/v2\/types\/page"}],"author":[{"embeddable":true,"href":"https:\/\/agora.xtec.cat\/insvaleriahaline\/wp-json\/wp\/v2\/users\/1"}],"replies":[{"embeddable":true,"href":"https:\/\/agora.xtec.cat\/insvaleriahaline\/wp-json\/wp\/v2\/comments?post=4675"}],"version-history":[{"count":3,"href":"https:\/\/agora.xtec.cat\/insvaleriahaline\/wp-json\/wp\/v2\/pages\/4675\/revisions"}],"predecessor-version":[{"id":4708,"href":"https:\/\/agora.xtec.cat\/insvaleriahaline\/wp-json\/wp\/v2\/pages\/4675\/revisions\/4708"}],"wp:attachment":[{"href":"https:\/\/agora.xtec.cat\/insvaleriahaline\/wp-json\/wp\/v2\/media?parent=4675"}],"curies":[{"name":"wp","href":"https:\/\/api.w.org\/{rel}","templated":true}]}}